{"id":4624,"date":"2023-11-14T02:10:23","date_gmt":"2023-11-14T02:10:23","guid":{"rendered":"https:\/\/uoogear.com\/product\/hot-sale-outdoor-family-camping-tent-waterproof-glamping-big-inflatable-tent\/"},"modified":"2023-11-30T02:41:12","modified_gmt":"2023-11-30T02:41:12","slug":"hot-sale-outdoor-family-camping-tent-waterproof-glamping-big-inflatable-tent","status":"publish","type":"product","link":"https:\/\/uoogear.com\/es\/producto\/hot-sale-outdoor-family-camping-tent-waterproof-glamping-big-inflatable-tent\/","title":{"rendered":"Gran oferta, tienda de campa\u00f1a familiar para exteriores, tienda inflable grande glamping impermeable"},"content":{"rendered":"<ul>\n<li><strong>Tela : <\/strong> Poli\u00e9ster<\/li>\n<li><strong>\u00cdndice de impermeabilidad de la tienda exterior: <\/strong> &gt;3000 mil\u00edmetros<\/li>\n<li><strong>\u00cdndice de impermeabilidad inferior: <\/strong> &gt;3000 mil\u00edmetros<\/li>\n<li><strong>Tipo de construcci\u00f3n : <\/strong> Apertura autom\u00e1tica r\u00e1pida<\/li>\n<li><strong>Estilo de tienda: <\/strong> Estaca de tienda tipo tubo<\/li>\n<li><strong>Estaci\u00f3n : <\/strong> Tienda de campa\u00f1a de cuatro estaciones<\/li>\n<li><strong>Estructura : <\/strong> Un dormitorio y una sala de estar<\/li>\n<li><strong>Nombre del producto : <\/strong> Tienda de campa\u00f1a inflable<\/li>\n<li><strong>Uso: <\/strong> Entretenimiento al aire libre<\/li>\n<li><strong>Solicitud : <\/strong> Viajes al aire libre Camping<\/li>\n<li><strong>Cantidad m\u00ednima de pedido: <\/strong> 1 pieza<\/li>\n<li><strong>Material : <\/strong> Tubo de poli\u00e9ster+PVC<\/li>\n<li><strong>Accesorios : <\/strong> Bomba+ bolsa de transporte+ estacas+ cuerdas<\/li>\n<li><strong>Caracter\u00edstica : <\/strong> Impermeable<\/li>\n<li><strong>Logotipo: <\/strong> Logotipo personalizado aceptar<\/li>\n<li><strong>Polo : <\/strong> Polo a\u00e9reo<\/li>\n<li><strong>Tama\u00f1o : <\/strong> 12 Metros Cuadrados<\/li>\n<\/ul>\n<div>\n<div data-magic-global=\"%7B%22bizId%22%3A2212793521237%2C%22pageId%22%3A21245598777%2C%22siteId%22%3A10003212050%7D\">\n<div>\n<div data-section=\"AliMagic-rab3gu\" data-section-title=\"Products Description\">Descripci\u00f3n de productos<\/div>\n<\/div>\n<div>\n<div><img decoding=\"async\" src=\"\/\/sc04.alicdn.com\/kf\/Hd02a6200a35f49b3ad6d658f451aba282\/255148517\/Hd02a6200a35f49b3ad6d658f451aba282.jpg\" data-src=\"\/\/sc04.alicdn.com\/kf\/Hd02a6200a35f49b3ad6d658f451aba282\/255148517\/Hd02a6200a35f49b3ad6d658f451aba282.jpg\" \/><\/div>\n<div><img decoding=\"async\" src=\"\/\/sc04.alicdn.com\/kf\/H5ff1f50e95fd471ba75c93f886feb5dd2\/255148517\/H5ff1f50e95fd471ba75c93f886feb5dd2.jpg\" data-src=\"\/\/sc04.alicdn.com\/kf\/H5ff1f50e95fd471ba75c93f886feb5dd2\/255148517\/H5ff1f50e95fd471ba75c93f886feb5dd2.jpg\" \/><\/div>\n<div><img decoding=\"async\" src=\"\/\/sc04.alicdn.com\/kf\/Hdd68115b2183478a89ce16f03d26bf6fm\/255148517\/Hdd68115b2183478a89ce16f03d26bf6fm.jpg\" data-src=\"\/\/sc04.alicdn.com\/kf\/Hdd68115b2183478a89ce16f03d26bf6fm\/255148517\/Hdd68115b2183478a89ce16f03d26bf6fm.jpg\" \/><\/div>\n<div><img decoding=\"async\" src=\"\/\/sc04.alicdn.com\/kf\/H16f145f44a28426a8a5de6f0c42ddc26E\/255148517\/H16f145f44a28426a8a5de6f0c42ddc26E.jpg\" data-src=\"\/\/sc04.alicdn.com\/kf\/H16f145f44a28426a8a5de6f0c42ddc26E\/255148517\/H16f145f44a28426a8a5de6f0c42ddc26E.jpg\" \/><\/div>\n<div><img decoding=\"async\" src=\"\/\/sc04.alicdn.com\/kf\/H9737a208f54a44d99b55837f97ef230dI\/255148517\/H9737a208f54a44d99b55837f97ef230dI.jpg\" data-src=\"\/\/sc04.alicdn.com\/kf\/H9737a208f54a44d99b55837f97ef230dI\/255148517\/H9737a208f54a44d99b55837f97ef230dI.jpg\" \/><\/div>\n<div><img decoding=\"async\" src=\"\/\/sc04.alicdn.com\/kf\/Hee21bf6b609b46d2b0dc3e0806601ffdA\/255148517\/Hee21bf6b609b46d2b0dc3e0806601ffdA.jpg\" data-src=\"\/\/sc04.alicdn.com\/kf\/Hee21bf6b609b46d2b0dc3e0806601ffdA\/255148517\/Hee21bf6b609b46d2b0dc3e0806601ffdA.jpg\" \/><\/div>\n<div><img decoding=\"async\" src=\"\/\/sc04.alicdn.com\/kf\/Hc4d1cfb452ec45a9b4c5e77eff449d49L\/255148517\/Hc4d1cfb452ec45a9b4c5e77eff449d49L.jpg\" data-src=\"\/\/sc04.alicdn.com\/kf\/Hc4d1cfb452ec45a9b4c5e77eff449d49L\/255148517\/Hc4d1cfb452ec45a9b4c5e77eff449d49L.jpg\" \/><\/div>\n<div><img decoding=\"async\" src=\"\/\/sc04.alicdn.com\/kf\/H4f724a50baa94b7aaa3235a655a38a821\/255148517\/H4f724a50baa94b7aaa3235a655a38a821.jpg\" data-src=\"\/\/sc04.alicdn.com\/kf\/H4f724a50baa94b7aaa3235a655a38a821\/255148517\/H4f724a50baa94b7aaa3235a655a38a821.jpg\" \/><\/div>\n<div><\/div>\n<\/div>\n<\/div>\n<\/div>","protected":false},"excerpt":{"rendered":"<p>Tela: Poli\u00e9ster Carpa exterior \u00cdndice de impermeabilidad: &gt;3000 mm \u00cdndice de impermeabilidad inferior: &gt;3000 mm Tipo de construcci\u00f3n: Apertura autom\u00e1tica r\u00e1pida Estilo de carpa: Estaca de carpa tipo tubo Temporada: Carpa para cuatro estaciones Estructura: Un dormitorio y una sala de estar Nombre del producto: Camping inflable Uso de la tienda: Entretenimiento al aire libre Aplicaci\u00f3n: Viajes al aire libre<\/p>\n<div class=\"read-more\"><a class=\"btn btn-fill-out\" href=\"https:\/\/uoogear.com\/es\/producto\/hot-sale-outdoor-family-camping-tent-waterproof-glamping-big-inflatable-tent\/\">Leer m\u00e1s<\/a><\/div>","protected":false},"featured_media":4623,"template":"","meta":[],"product_brand":[],"product_cat":[15],"product_tag":[],"class_list":{"0":"post-4624","1":"product","2":"type-product","3":"status-publish","4":"has-post-thumbnail","6":"product_cat-uncategorized","7":"tm-no-options","9":"first","10":"instock","11":"shipping-taxable","12":"purchasable","13":"product-type-variable"},"_links":{"self":[{"href":"https:\/\/uoogear.com\/es\/wp-json\/wp\/v2\/product\/4624","targetHints":{"allow":["GET"]}}],"collection":[{"href":"https:\/\/uoogear.com\/es\/wp-json\/wp\/v2\/product"}],"about":[{"href":"https:\/\/uoogear.com\/es\/wp-json\/wp\/v2\/types\/product"}],"wp:featuredmedia":[{"embeddable":true,"href":"https:\/\/uoogear.com\/es\/wp-json\/wp\/v2\/media\/4623"}],"wp:attachment":[{"href":"https:\/\/uoogear.com\/es\/wp-json\/wp\/v2\/media?parent=4624"}],"wp:term":[{"taxonomy":"product_brand","embeddable":true,"href":"https:\/\/uoogear.com\/es\/wp-json\/wp\/v2\/product_brand?post=4624"},{"taxonomy":"product_cat","embeddable":true,"href":"https:\/\/uoogear.com\/es\/wp-json\/wp\/v2\/product_cat?post=4624"},{"taxonomy":"product_tag","embeddable":true,"href":"https:\/\/uoogear.com\/es\/wp-json\/wp\/v2\/product_tag?post=4624"}],"curies":[{"name":"wp","href":"https:\/\/api.w.org\/{rel}","templated":true}]}}