{"id":4632,"date":"2023-11-14T02:11:06","date_gmt":"2023-11-14T02:11:06","guid":{"rendered":"https:\/\/uoogear.com\/product\/family-tent-inflatable-camping-8-12-person-inflatable-tent-outdoor-camping\/"},"modified":"2023-11-30T02:27:55","modified_gmt":"2023-11-30T02:27:55","slug":"family-tent-inflatable-camping-8-12-person-inflatable-tent-outdoor-camping","status":"publish","type":"product","link":"https:\/\/uoogear.com\/es\/producto\/family-tent-inflatable-camping-8-12-person-inflatable-tent-outdoor-camping\/","title":{"rendered":"Tienda familiar inflable para acampar, tienda inflable para 8-12 personas, para acampar al aire libre"},"content":{"rendered":"<ul>\n<li><strong>Tela : <\/strong> Tubo Oxford + PVC<\/li>\n<li><strong>\u00cdndice de impermeabilidad de la tienda exterior: <\/strong> &gt;3000 mil\u00edmetros<\/li>\n<li><strong>\u00cdndice de impermeabilidad inferior: <\/strong> &gt;3000 mil\u00edmetros<\/li>\n<li><strong>Tipo de construcci\u00f3n : <\/strong> Construcci\u00f3n basada en la necesidad<\/li>\n<li><strong>Estilo de tienda: <\/strong> Estaca de tienda tipo tubo<\/li>\n<li><strong>Estaci\u00f3n : <\/strong> Tienda de campa\u00f1a de cuatro estaciones<\/li>\n<li><strong>Estructura : <\/strong> Dos dormitorios y una sala de estar<\/li>\n<li><strong>Nombre del producto : <\/strong> tienda de campa\u00f1a inflable para acampar al aire libre<\/li>\n<li><strong>Uso: <\/strong> Entretenimiento al aire libre<\/li>\n<li><strong>Solicitud : <\/strong> Viajes al aire libre Camping<\/li>\n<li><strong>Cantidad m\u00ednima de pedido: <\/strong> 1 pieza<\/li>\n<li><strong>Material : <\/strong> Tubo Oxford + PVC<\/li>\n<li><strong>Accesorios : <\/strong> Bomba+ bolsa de transporte+ estacas+ cuerdas<\/li>\n<li><strong>Caracter\u00edstica : <\/strong> Impermeable<\/li>\n<li><strong>Logotipo: <\/strong> Logotipo personalizado aceptar<\/li>\n<li><strong>Polo : <\/strong> Polo a\u00e9reo<\/li>\n<li><strong>Tama\u00f1o : <\/strong> 12 Metros Cuadrados<\/li>\n<\/ul>\n<div>\n<div data-magic-global=\"%7B%22bizId%22%3A2212793521237%2C%22pageId%22%3A21251627521%2C%22siteId%22%3A10003212050%7D\">\n<div>\n<div data-section=\"AliMagic-z1j9c4\" data-section-title=\"Products Description\">Descripci\u00f3n de productos<\/div>\n<\/div>\n<div>\n<div>\n<div><img decoding=\"async\" src=\"\/\/sc04.alicdn.com\/kf\/H9f93652591c8433bb72ee261d108b931h\/255148517\/H9f93652591c8433bb72ee261d108b931h.jpg\" data-src=\"\/\/sc04.alicdn.com\/kf\/H9f93652591c8433bb72ee261d108b931h\/255148517\/H9f93652591c8433bb72ee261d108b931h.jpg\" \/><\/div>\n<div><img decoding=\"async\" src=\"\/\/sc04.alicdn.com\/kf\/Hb755bbe945624176b347171e3ff87d7a0\/255148517\/Hb755bbe945624176b347171e3ff87d7a0.jpg\" data-src=\"\/\/sc04.alicdn.com\/kf\/Hb755bbe945624176b347171e3ff87d7a0\/255148517\/Hb755bbe945624176b347171e3ff87d7a0.jpg\" \/><\/div>\n<div><img decoding=\"async\" src=\"\/\/sc04.alicdn.com\/kf\/Hecfeb93c2d794f24b85275b4ab6a63805\/255148517\/Hecfeb93c2d794f24b85275b4ab6a63805.jpg\" data-src=\"\/\/sc04.alicdn.com\/kf\/Hecfeb93c2d794f24b85275b4ab6a63805\/255148517\/Hecfeb93c2d794f24b85275b4ab6a63805.jpg\" \/><\/div>\n<div><img decoding=\"async\" src=\"\/\/sc04.alicdn.com\/kf\/Hcbf44cef5c70412a9c22cbfbfbae4865P\/255148517\/Hcbf44cef5c70412a9c22cbfbfbae4865P.jpg\" data-src=\"\/\/sc04.alicdn.com\/kf\/Hcbf44cef5c70412a9c22cbfbfbae4865P\/255148517\/Hcbf44cef5c70412a9c22cbfbfbae4865P.jpg\" \/><\/div>\n<div><img decoding=\"async\" src=\"\/\/sc04.alicdn.com\/kf\/H3c248d01d6d544da89db2bbf223dd6f9W\/255148517\/H3c248d01d6d544da89db2bbf223dd6f9W.jpg\" data-src=\"\/\/sc04.alicdn.com\/kf\/H3c248d01d6d544da89db2bbf223dd6f9W\/255148517\/H3c248d01d6d544da89db2bbf223dd6f9W.jpg\" \/><\/div>\n<div><img decoding=\"async\" src=\"\/\/sc04.alicdn.com\/kf\/H33fe840adc304d7fb5758db1a09527628\/255148517\/H33fe840adc304d7fb5758db1a09527628.jpg\" data-src=\"\/\/sc04.alicdn.com\/kf\/H33fe840adc304d7fb5758db1a09527628\/255148517\/H33fe840adc304d7fb5758db1a09527628.jpg\" \/><\/div>\n<\/div>\n<\/div>\n<div><\/div>\n<div>\n<div>\n<div>\n<div>\n<div><\/div>\n<\/div>\n<\/div>\n<\/div>\n<\/div>\n<\/div>\n<\/div>","protected":false},"excerpt":{"rendered":"<p>Tela: Oxford + tubo de PVC Carpa exterior \u00cdndice de impermeabilidad: &gt;3000 mm \u00cdndice de impermeabilidad inferior: &gt;3000 mm Tipo de construcci\u00f3n: Construcci\u00f3n basada en la necesidad Estilo de carpa: Estaca de carpa tipo tubo Temporada: Estructura de carpa para cuatro estaciones: Dos dormitorios y una sala de estar Producto nombre: tienda de aire inflable para acampar al aire libre Uso: al aire libre<\/p>\n<div class=\"read-more\"><a class=\"btn btn-fill-out\" href=\"https:\/\/uoogear.com\/es\/producto\/family-tent-inflatable-camping-8-12-person-inflatable-tent-outdoor-camping\/\">Leer m\u00e1s<\/a><\/div>","protected":false},"featured_media":4630,"template":"","meta":[],"product_brand":[],"product_cat":[15],"product_tag":[],"class_list":{"0":"post-4632","1":"product","2":"type-product","3":"status-publish","4":"has-post-thumbnail","6":"product_cat-uncategorized","7":"tm-no-options","9":"first","10":"instock","11":"shipping-taxable","12":"purchasable","13":"product-type-variable"},"_links":{"self":[{"href":"https:\/\/uoogear.com\/es\/wp-json\/wp\/v2\/product\/4632","targetHints":{"allow":["GET"]}}],"collection":[{"href":"https:\/\/uoogear.com\/es\/wp-json\/wp\/v2\/product"}],"about":[{"href":"https:\/\/uoogear.com\/es\/wp-json\/wp\/v2\/types\/product"}],"wp:featuredmedia":[{"embeddable":true,"href":"https:\/\/uoogear.com\/es\/wp-json\/wp\/v2\/media\/4630"}],"wp:attachment":[{"href":"https:\/\/uoogear.com\/es\/wp-json\/wp\/v2\/media?parent=4632"}],"wp:term":[{"taxonomy":"product_brand","embeddable":true,"href":"https:\/\/uoogear.com\/es\/wp-json\/wp\/v2\/product_brand?post=4632"},{"taxonomy":"product_cat","embeddable":true,"href":"https:\/\/uoogear.com\/es\/wp-json\/wp\/v2\/product_cat?post=4632"},{"taxonomy":"product_tag","embeddable":true,"href":"https:\/\/uoogear.com\/es\/wp-json\/wp\/v2\/product_tag?post=4632"}],"curies":[{"name":"wp","href":"https:\/\/api.w.org\/{rel}","templated":true}]}}