{"id":4640,"date":"2023-11-14T02:11:42","date_gmt":"2023-11-14T02:11:42","guid":{"rendered":"https:\/\/uoogear.com\/product\/air-tube-outdoor-tent-house-thickened-large-luxury-inflatable-camping-tent-with-sun-and-rain-protection-house-tent-5-8-people\/"},"modified":"2023-11-30T02:54:24","modified_gmt":"2023-11-30T02:54:24","slug":"air-tube-outdoor-tent-house-thickened-large-luxury-inflatable-camping-tent-with-sun-and-rain-protection-house-tent-5-8-people","status":"publish","type":"product","link":"https:\/\/uoogear.com\/es\/producto\/air-tube-outdoor-tent-house-thickened-large-luxury-inflatable-camping-tent-with-sun-and-rain-protection-house-tent-5-8-people\/","title":{"rendered":"Tienda de campa\u00f1a para exteriores con tubo de aire, tienda de campa\u00f1a inflable grande y gruesa de lujo con protecci\u00f3n contra el sol y la lluvia, 5-8 personas"},"content":{"rendered":"<ul>\n<li><strong>\u00c1rea : <\/strong> 300*210<\/li>\n<li><strong>Tela : <\/strong> PVC+tela de algod\u00f3n+malla de poli\u00e9ster<\/li>\n<li><strong>\u00cdndice de impermeabilidad de la tienda exterior: <\/strong> &gt;3000 mil\u00edmetros<\/li>\n<li><strong>\u00cdndice de impermeabilidad inferior: <\/strong> &gt;3000 mil\u00edmetros<\/li>\n<li><strong>Tipo de construcci\u00f3n : <\/strong> Apertura autom\u00e1tica r\u00e1pida<\/li>\n<li><strong>Estilo de tienda: <\/strong> Estaca de tienda tipo tubo<\/li>\n<li><strong>Estaci\u00f3n : <\/strong> Tienda de campa\u00f1a de cuatro estaciones<\/li>\n<li><strong>Estructura : <\/strong> Dos dormitorios y una sala de estar<\/li>\n<li><strong>Nombre del producto : <\/strong> Tienda de campa\u00f1a inflable<\/li>\n<li><strong>Uso: <\/strong> Entretenimiento al aire libre<\/li>\n<li><strong>Estilo : <\/strong> Moderno<\/li>\n<li><strong>Color : <\/strong> Color Arena Dorada<\/li>\n<li><strong>Solicitud : <\/strong> Viajes al aire libre Camping<\/li>\n<li><strong>Cantidad m\u00ednima de pedido: <\/strong> 1 pieza<\/li>\n<li><strong>Material : <\/strong> CLORURO DE POLIVINILO<\/li>\n<li><strong>Accesorios : <\/strong> Bomba+ bolsa de transporte+ estacas+ cuerdas<\/li>\n<li><strong>Caracter\u00edstica : <\/strong> Impermeable<\/li>\n<li><strong>Palabra clave: <\/strong> Tienda de campa\u00f1a de aire<\/li>\n<\/ul>\n<div>\n<div data-magic-global=\"%7B%22bizId%22%3A2212793521237%2C%22pageId%22%3A21238606057%2C%22siteId%22%3A10003212050%7D\">\n<div>\n<div data-section=\"AliMagic-sw9w4v\" data-section-title=\"Products Description\">Descripci\u00f3n de productos<\/div>\n<\/div>\n<div>\n<div>\n<div><img decoding=\"async\" src=\"\/\/sc04.alicdn.com\/kf\/H06244c93f23646709f49ef10c932ef33k\/255148517\/H06244c93f23646709f49ef10c932ef33k.jpg\" data-src=\"\/\/sc04.alicdn.com\/kf\/H06244c93f23646709f49ef10c932ef33k\/255148517\/H06244c93f23646709f49ef10c932ef33k.jpg\" \/><\/div>\n<div><img decoding=\"async\" src=\"\/\/sc04.alicdn.com\/kf\/H23b90ba542404970ae8a9afd66e8be2c2\/255148517\/H23b90ba542404970ae8a9afd66e8be2c2.jpg\" data-src=\"\/\/sc04.alicdn.com\/kf\/H23b90ba542404970ae8a9afd66e8be2c2\/255148517\/H23b90ba542404970ae8a9afd66e8be2c2.jpg\" \/><\/div>\n<div><img decoding=\"async\" src=\"\/\/sc04.alicdn.com\/kf\/H0790707e7b82488c962b149dc65894653\/255148517\/H0790707e7b82488c962b149dc65894653.jpg\" data-src=\"\/\/sc04.alicdn.com\/kf\/H0790707e7b82488c962b149dc65894653\/255148517\/H0790707e7b82488c962b149dc65894653.jpg\" \/><\/div>\n<div><img decoding=\"async\" src=\"\/\/sc04.alicdn.com\/kf\/He9b35c7be9684d3a887c81b7fcd49469L\/255148517\/He9b35c7be9684d3a887c81b7fcd49469L.jpg\" data-src=\"\/\/sc04.alicdn.com\/kf\/He9b35c7be9684d3a887c81b7fcd49469L\/255148517\/He9b35c7be9684d3a887c81b7fcd49469L.jpg\" \/><\/div>\n<div><img decoding=\"async\" src=\"\/\/sc04.alicdn.com\/kf\/Hf611cc01ff934bd88851633989c47d4dQ\/255148517\/Hf611cc01ff934bd88851633989c47d4dQ.jpg\" data-src=\"\/\/sc04.alicdn.com\/kf\/Hf611cc01ff934bd88851633989c47d4dQ\/255148517\/Hf611cc01ff934bd88851633989c47d4dQ.jpg\" \/><\/div>\n<div><img decoding=\"async\" src=\"\/\/sc04.alicdn.com\/kf\/H09c831a4acdc4ca0ba41d1c15a99f583v\/255148517\/H09c831a4acdc4ca0ba41d1c15a99f583v.jpg\" data-src=\"\/\/sc04.alicdn.com\/kf\/H09c831a4acdc4ca0ba41d1c15a99f583v\/255148517\/H09c831a4acdc4ca0ba41d1c15a99f583v.jpg\" \/><\/div>\n<div><img decoding=\"async\" src=\"\/\/sc04.alicdn.com\/kf\/Hcf417f3199b64eada64d0b6c264b511eZ\/255148517\/Hcf417f3199b64eada64d0b6c264b511eZ.jpg\" data-src=\"\/\/sc04.alicdn.com\/kf\/Hcf417f3199b64eada64d0b6c264b511eZ\/255148517\/Hcf417f3199b64eada64d0b6c264b511eZ.jpg\" \/><\/div>\n<div><img decoding=\"async\" src=\"\/\/sc04.alicdn.com\/kf\/H361f5a78ed5348abb04698aa25bbe5dcW\/255148517\/H361f5a78ed5348abb04698aa25bbe5dcW.jpg\" data-src=\"\/\/sc04.alicdn.com\/kf\/H361f5a78ed5348abb04698aa25bbe5dcW\/255148517\/H361f5a78ed5348abb04698aa25bbe5dcW.jpg\" \/><\/div>\n<\/div>\n<\/div>\n<div><\/div>\n<div>\n<div>\n<div>\n<div>\n<div><\/div>\n<\/div>\n<\/div>\n<\/div>\n<\/div>\n<\/div>\n<\/div>","protected":false},"excerpt":{"rendered":"<p>\u00c1rea: 300*210 Tela: PVC+tela de algod\u00f3n+ malla de poli\u00e9ster \u00cdndice de impermeabilidad de la tienda exterior: &gt;3000 mm \u00cdndice de impermeabilidad inferior: &gt;3000 mm Tipo de construcci\u00f3n: Apertura autom\u00e1tica r\u00e1pida Estilo de la tienda: Estaca de la tienda tipo tubo Temporada: Estructura de la tienda de cuatro estaciones: Dos Dormitorios y una sala de estar Nombre del producto: Tienda de campa\u00f1a inflable Uso:<\/p>\n<div class=\"read-more\"><a class=\"btn btn-fill-out\" href=\"https:\/\/uoogear.com\/es\/producto\/air-tube-outdoor-tent-house-thickened-large-luxury-inflatable-camping-tent-with-sun-and-rain-protection-house-tent-5-8-people\/\">Leer m\u00e1s<\/a><\/div>","protected":false},"featured_media":4639,"template":"","meta":[],"product_brand":[],"product_cat":[15],"product_tag":[],"class_list":{"0":"post-4640","1":"product","2":"type-product","3":"status-publish","4":"has-post-thumbnail","6":"product_cat-uncategorized","7":"tm-no-options","9":"first","10":"instock","11":"shipping-taxable","12":"purchasable","13":"product-type-variable"},"_links":{"self":[{"href":"https:\/\/uoogear.com\/es\/wp-json\/wp\/v2\/product\/4640","targetHints":{"allow":["GET"]}}],"collection":[{"href":"https:\/\/uoogear.com\/es\/wp-json\/wp\/v2\/product"}],"about":[{"href":"https:\/\/uoogear.com\/es\/wp-json\/wp\/v2\/types\/product"}],"wp:featuredmedia":[{"embeddable":true,"href":"https:\/\/uoogear.com\/es\/wp-json\/wp\/v2\/media\/4639"}],"wp:attachment":[{"href":"https:\/\/uoogear.com\/es\/wp-json\/wp\/v2\/media?parent=4640"}],"wp:term":[{"taxonomy":"product_brand","embeddable":true,"href":"https:\/\/uoogear.com\/es\/wp-json\/wp\/v2\/product_brand?post=4640"},{"taxonomy":"product_cat","embeddable":true,"href":"https:\/\/uoogear.com\/es\/wp-json\/wp\/v2\/product_cat?post=4640"},{"taxonomy":"product_tag","embeddable":true,"href":"https:\/\/uoogear.com\/es\/wp-json\/wp\/v2\/product_tag?post=4640"}],"curies":[{"name":"wp","href":"https:\/\/api.w.org\/{rel}","templated":true}]}}