{"id":4658,"date":"2023-11-14T02:13:06","date_gmt":"2023-11-14T02:13:06","guid":{"rendered":"https:\/\/uoogear.com\/product\/good-quality-outdoor-oxford-waterproof-family-travel-camping-tent-inflatable-house-tent\/"},"modified":"2023-11-30T02:53:50","modified_gmt":"2023-11-30T02:53:50","slug":"good-quality-outdoor-oxford-waterproof-family-travel-camping-tent-inflatable-house-tent","status":"publish","type":"product","link":"https:\/\/uoogear.com\/es\/producto\/good-quality-outdoor-oxford-waterproof-family-travel-camping-tent-inflatable-house-tent\/","title":{"rendered":"Tienda de campa\u00f1a inflable para viajes familiares, impermeable, Oxford, para exteriores, de buena calidad"},"content":{"rendered":"<ul>\n<li><strong>N\u00famero de modelo : <\/strong> B08<\/li>\n<li><strong>Tela : <\/strong> Oxford<\/li>\n<li><strong>\u00cdndice de impermeabilidad de la tienda exterior: <\/strong> &gt;3000 mil\u00edmetros<\/li>\n<li><strong>\u00cdndice de impermeabilidad inferior: <\/strong> &gt;3000 mil\u00edmetros<\/li>\n<li><strong>Tipo de construcci\u00f3n : <\/strong> Apertura autom\u00e1tica r\u00e1pida<\/li>\n<li><strong>Estilo de tienda: <\/strong> Estaca de tienda tipo tubo<\/li>\n<li><strong>Estaci\u00f3n : <\/strong> Tienda de campa\u00f1a de cuatro estaciones<\/li>\n<li><strong>Estructura : <\/strong> Un dormitorio y una sala de estar<\/li>\n<li><strong>Nombre del producto : <\/strong> Tienda de campa\u00f1a inflable<\/li>\n<li><strong>Uso: <\/strong> Entretenimiento al aire libre<\/li>\n<li><strong>Estilo : <\/strong> Moderno<\/li>\n<li><strong>Color : <\/strong> Color personalizado<\/li>\n<li><strong>Solicitud : <\/strong> Viajes al aire libre Camping<\/li>\n<li><strong>Tama\u00f1o : <\/strong> Tama\u00f1o personalizado<\/li>\n<li><strong>Cantidad m\u00ednima de pedido: <\/strong> 1 pieza<\/li>\n<li><strong>Material : <\/strong> Oxford<\/li>\n<li><strong>Accesorios : <\/strong> Bomba+ bolsa de transporte+ estacas+ cuerdas<\/li>\n<li><strong>Caracter\u00edstica : <\/strong> Impermeable<\/li>\n<\/ul>\n<div>\n<div data-magic-global=\"%7B%22bizId%22%3A2212793521237%2C%22pageId%22%3A21234350211%2C%22siteId%22%3A10003212050%7D\">\n<div>\n<div data-section=\"AliMagic-51uxhm\" data-section-title=\"Products Description\">Descripci\u00f3n de productos<\/div>\n<\/div>\n<div>\n<div>\n<div><img decoding=\"async\" src=\"\/\/sc04.alicdn.com\/kf\/H0255d4cecc2c48acae9d1fca255f949dI\/255148517\/H0255d4cecc2c48acae9d1fca255f949dI.jpg\" data-src=\"\/\/sc04.alicdn.com\/kf\/H0255d4cecc2c48acae9d1fca255f949dI\/255148517\/H0255d4cecc2c48acae9d1fca255f949dI.jpg\" \/><\/div>\n<div><img decoding=\"async\" src=\"\/\/sc04.alicdn.com\/kf\/H71b50e6a116a4654bff0faab52b7b8cbh\/255148517\/H71b50e6a116a4654bff0faab52b7b8cbh.jpg\" data-src=\"\/\/sc04.alicdn.com\/kf\/H71b50e6a116a4654bff0faab52b7b8cbh\/255148517\/H71b50e6a116a4654bff0faab52b7b8cbh.jpg\" \/><\/div>\n<\/div>\n<\/div>\n<div><\/div>\n<div>\n<div>\n<div>\n<div>\n<div><\/div>\n<\/div>\n<\/div>\n<\/div>\n<\/div>\n<\/div>\n<\/div>","protected":false},"excerpt":{"rendered":"<p>N\u00famero de modelo: B08 Tela: Carpa exterior Oxford \u00cdndice de impermeabilidad: &gt;3000 mm \u00cdndice de impermeabilidad inferior: &gt;3000 mm Tipo de construcci\u00f3n: Apertura autom\u00e1tica r\u00e1pida Estilo de carpa: Estaca de carpa tipo tubo Temporada: Estructura de carpa para cuatro estaciones: Un dormitorio y una sala de estar Producto nombre: Tienda de campa\u00f1a inflable Uso: Entretenimiento al aire libre<\/p>\n<div class=\"read-more\"><a class=\"btn btn-fill-out\" href=\"https:\/\/uoogear.com\/es\/producto\/good-quality-outdoor-oxford-waterproof-family-travel-camping-tent-inflatable-house-tent\/\">Leer m\u00e1s<\/a><\/div>","protected":false},"featured_media":4657,"template":"","meta":[],"product_brand":[],"product_cat":[15],"product_tag":[],"class_list":{"0":"post-4658","1":"product","2":"type-product","3":"status-publish","4":"has-post-thumbnail","6":"product_cat-uncategorized","7":"tm-no-options","9":"first","10":"instock","11":"shipping-taxable","12":"purchasable","13":"product-type-variable"},"_links":{"self":[{"href":"https:\/\/uoogear.com\/es\/wp-json\/wp\/v2\/product\/4658","targetHints":{"allow":["GET"]}}],"collection":[{"href":"https:\/\/uoogear.com\/es\/wp-json\/wp\/v2\/product"}],"about":[{"href":"https:\/\/uoogear.com\/es\/wp-json\/wp\/v2\/types\/product"}],"wp:featuredmedia":[{"embeddable":true,"href":"https:\/\/uoogear.com\/es\/wp-json\/wp\/v2\/media\/4657"}],"wp:attachment":[{"href":"https:\/\/uoogear.com\/es\/wp-json\/wp\/v2\/media?parent=4658"}],"wp:term":[{"taxonomy":"product_brand","embeddable":true,"href":"https:\/\/uoogear.com\/es\/wp-json\/wp\/v2\/product_brand?post=4658"},{"taxonomy":"product_cat","embeddable":true,"href":"https:\/\/uoogear.com\/es\/wp-json\/wp\/v2\/product_cat?post=4658"},{"taxonomy":"product_tag","embeddable":true,"href":"https:\/\/uoogear.com\/es\/wp-json\/wp\/v2\/product_tag?post=4658"}],"curies":[{"name":"wp","href":"https:\/\/api.w.org\/{rel}","templated":true}]}}