{"id":4723,"date":"2023-11-14T02:20:18","date_gmt":"2023-11-14T02:20:18","guid":{"rendered":"https:\/\/uoogear.com\/product\/waterproof-and-windproof-ship-shape-luxury-camping-tent-for-resort-portable-camping-trailer-tent\/"},"modified":"2023-11-30T02:44:25","modified_gmt":"2023-11-30T02:44:25","slug":"waterproof-and-windproof-ship-shape-luxury-camping-tent-for-resort-portable-camping-trailer-tent","status":"publish","type":"product","link":"https:\/\/uoogear.com\/es\/producto\/waterproof-and-windproof-ship-shape-luxury-camping-tent-for-resort-portable-camping-trailer-tent\/","title":{"rendered":"Tienda de campa\u00f1a de lujo con forma de barco, resistente al agua y al viento, para complejo tur\u00edstico, tienda de campa\u00f1a port\u00e1til con remolque"},"content":{"rendered":"<ul>\n<li><strong>Tela : <\/strong> Poli\u00e9ster 190T<\/li>\n<li><strong>\u00cdndice de impermeabilidad de la tienda exterior: <\/strong> 2000-3000 mil\u00edmetros, 2000-3000 mil\u00edmetros<\/li>\n<li><strong>\u00cdndice de impermeabilidad inferior: <\/strong> 2000-3000 mil\u00edmetros, 2000-3000 mil\u00edmetros<\/li>\n<li><strong>Tipo de construcci\u00f3n : <\/strong> Construcci\u00f3n basada en la necesidad<\/li>\n<li><strong>Estilo de tienda: <\/strong> Tipo de refuerzo recto<\/li>\n<li><strong>Estaci\u00f3n : <\/strong> Tienda de campa\u00f1a de cuatro estaciones<\/li>\n<li><strong>Estructura : <\/strong> Un dormitorio y una sala de estar, dormitorios grandes<\/li>\n<li><strong>Color : <\/strong> Verde militar<\/li>\n<li><strong>Material del poste: <\/strong> Varilla de fibra de vidrio<\/li>\n<li><strong>Capacidad : <\/strong> 2 hombre<\/li>\n<li><strong>palabras clave: <\/strong> Tienda de playa<\/li>\n<li><strong>estilo : <\/strong> Tienda de playa<\/li>\n<li><strong>Peso del paquete : <\/strong> 2,6 kilos<\/li>\n<li><strong>Tama\u00f1o del paquete : <\/strong> 75*5*75cm<\/li>\n<\/ul>\n<div>\n<div data-magic-global=\"%7B%22bizId%22%3A2348173885%2C%22pageId%22%3A20177959845%2C%22siteId%22%3A5005127539%7D\">\n<div><\/div>\n<div><\/div>\n<div>\n<div data-section=\"AliMagic-cgqbrr\" data-section-title=\"Product Display\">Pantalla del producto<\/div>\n<\/div>\n<div>\n<div>\n<div><\/div>\n<div><img decoding=\"async\" src=\"\/\/sc04.alicdn.com\/kf\/H53d22aad7c3745618fef0101b229106dd\/222400006\/H53d22aad7c3745618fef0101b229106dd.jpg\" data-src=\"\/\/sc04.alicdn.com\/kf\/H53d22aad7c3745618fef0101b229106dd\/222400006\/H53d22aad7c3745618fef0101b229106dd.jpg\" \/><\/div>\n<div><img decoding=\"async\" src=\"\/\/sc04.alicdn.com\/kf\/H3d3e49d6ebf647b8888e012fc4d016ccG\/222400006\/H3d3e49d6ebf647b8888e012fc4d016ccG.jpg\" data-src=\"\/\/sc04.alicdn.com\/kf\/H3d3e49d6ebf647b8888e012fc4d016ccG\/222400006\/H3d3e49d6ebf647b8888e012fc4d016ccG.jpg\" \/><\/div>\n<div><img decoding=\"async\" src=\"\/\/sc04.alicdn.com\/kf\/H6c535855a7c64aa1b8afd8cc454f2d1cW\/222400006\/H6c535855a7c64aa1b8afd8cc454f2d1cW.jpg\" data-src=\"\/\/sc04.alicdn.com\/kf\/H6c535855a7c64aa1b8afd8cc454f2d1cW\/222400006\/H6c535855a7c64aa1b8afd8cc454f2d1cW.jpg\" \/><\/div>\n<div><img decoding=\"async\" src=\"\/\/sc04.alicdn.com\/kf\/Hf0b7253e8bd3442aba393ed4140342feP\/222400006\/Hf0b7253e8bd3442aba393ed4140342feP.jpg\" data-src=\"\/\/sc04.alicdn.com\/kf\/Hf0b7253e8bd3442aba393ed4140342feP\/222400006\/Hf0b7253e8bd3442aba393ed4140342feP.jpg\" \/><\/div>\n<div><img decoding=\"async\" src=\"\/\/sc04.alicdn.com\/kf\/Hac52e9e4250c4563bc97691c2ec0cf0fO\/222400006\/Hac52e9e4250c4563bc97691c2ec0cf0fO.jpg\" data-src=\"\/\/sc04.alicdn.com\/kf\/Hac52e9e4250c4563bc97691c2ec0cf0fO\/222400006\/Hac52e9e4250c4563bc97691c2ec0cf0fO.jpg\" \/><\/div>\n<div><img decoding=\"async\" src=\"\/\/sc04.alicdn.com\/kf\/Hfaefad9c0ed244c4aaa943f75766c7a89\/222400006\/Hfaefad9c0ed244c4aaa943f75766c7a89.jpg\" data-src=\"\/\/sc04.alicdn.com\/kf\/Hfaefad9c0ed244c4aaa943f75766c7a89\/222400006\/Hfaefad9c0ed244c4aaa943f75766c7a89.jpg\" \/><\/div>\n<\/div>\n<\/div>\n<div>\n<div>\n<div>\n<div>\n<div>\n<div><\/div>\n<\/div>\n<\/div>\n<\/div>\n<\/div>\n<\/div>\n<\/div>\n<\/div>","protected":false},"excerpt":{"rendered":"<p>Tela: Poli\u00e9ster 190T Carpa exterior \u00cdndice de impermeabilidad: 2000-3000 mm, 2000-3000 mm \u00cdndice de impermeabilidad inferior: 2000-3000 mm, 2000-3000 mm Tipo de construcci\u00f3n: Construcci\u00f3n basada en la necesidad Estilo de carpa: Tipo de refuerzo recto Temporada: Carpa de cuatro estaciones Estructura: Un dormitorio y una sala de estar, dormitorios grandes Color: Verde militar Material del poste:<\/p>\n<div class=\"read-more\"><a class=\"btn btn-fill-out\" href=\"https:\/\/uoogear.com\/es\/producto\/waterproof-and-windproof-ship-shape-luxury-camping-tent-for-resort-portable-camping-trailer-tent\/\">Leer m\u00e1s<\/a><\/div>","protected":false},"featured_media":4722,"template":"","meta":[],"product_brand":[],"product_cat":[15],"product_tag":[],"class_list":{"0":"post-4723","1":"product","2":"type-product","3":"status-publish","4":"has-post-thumbnail","6":"product_cat-uncategorized","7":"tm-no-options","9":"first","10":"instock","11":"shipping-taxable","12":"purchasable","13":"product-type-variable"},"_links":{"self":[{"href":"https:\/\/uoogear.com\/es\/wp-json\/wp\/v2\/product\/4723","targetHints":{"allow":["GET"]}}],"collection":[{"href":"https:\/\/uoogear.com\/es\/wp-json\/wp\/v2\/product"}],"about":[{"href":"https:\/\/uoogear.com\/es\/wp-json\/wp\/v2\/types\/product"}],"wp:featuredmedia":[{"embeddable":true,"href":"https:\/\/uoogear.com\/es\/wp-json\/wp\/v2\/media\/4722"}],"wp:attachment":[{"href":"https:\/\/uoogear.com\/es\/wp-json\/wp\/v2\/media?parent=4723"}],"wp:term":[{"taxonomy":"product_brand","embeddable":true,"href":"https:\/\/uoogear.com\/es\/wp-json\/wp\/v2\/product_brand?post=4723"},{"taxonomy":"product_cat","embeddable":true,"href":"https:\/\/uoogear.com\/es\/wp-json\/wp\/v2\/product_cat?post=4723"},{"taxonomy":"product_tag","embeddable":true,"href":"https:\/\/uoogear.com\/es\/wp-json\/wp\/v2\/product_tag?post=4723"}],"curies":[{"name":"wp","href":"https:\/\/api.w.org\/{rel}","templated":true}]}}