{"id":4731,"date":"2023-11-14T02:21:06","date_gmt":"2023-11-14T02:21:06","guid":{"rendered":"https:\/\/uoogear.com\/product\/double-layer-automatic-family-tent-outdoor-camping-portable-travelling-tents\/"},"modified":"2023-11-30T02:52:53","modified_gmt":"2023-11-30T02:52:53","slug":"double-layer-automatic-family-tent-outdoor-camping-portable-travelling-tents","status":"publish","type":"product","link":"https:\/\/uoogear.com\/es\/producto\/double-layer-automatic-family-tent-outdoor-camping-portable-travelling-tents\/","title":{"rendered":"Tienda familiar autom\u00e1tica de doble capa, tiendas de campa\u00f1a port\u00e1tiles para acampar al aire libre"},"content":{"rendered":"<ul>\n<li><strong>\u00c1rea : <\/strong> 3\u33a1<\/li>\n<li><strong>Tela : <\/strong> Poli\u00e9ster<\/li>\n<li><strong>\u00cdndice de impermeabilidad de la tienda exterior: <\/strong> 2000-3000 mil\u00edmetros<\/li>\n<li><strong>\u00cdndice de impermeabilidad inferior: <\/strong> 2000-3000 mil\u00edmetros<\/li>\n<li><strong>Tipo de construcci\u00f3n : <\/strong> Apertura autom\u00e1tica r\u00e1pida<\/li>\n<li><strong>Estilo de tienda: <\/strong> Estaca de tienda tipo tubo<\/li>\n<li><strong>Estaci\u00f3n : <\/strong> Tienda de campa\u00f1a de cuatro estaciones<\/li>\n<li><strong>Estructura : <\/strong> Una habitaci\u00f3n<\/li>\n<li><strong>Amarre : <\/strong> 3-4<\/li>\n<li><strong>Dormitorios : <\/strong> 1<\/li>\n<li><strong>Peso (kg): <\/strong> 3.7<\/li>\n<li><strong>Altura (cm) : <\/strong> 135<\/li>\n<li><strong>Longitud (cm) : <\/strong> 210<\/li>\n<li><strong>Ancho (cm) : <\/strong> 240<\/li>\n<li><strong>resistente al agua (mm) : <\/strong> 2000-3000<\/li>\n<li><strong>Material del poste: <\/strong> Fibra de Vidrio<\/li>\n<li><strong>Color : <\/strong> personalizaci\u00f3n<\/li>\n<li><strong>Uso recomendado : <\/strong> carpa para camping<\/li>\n<\/ul>\n<div>\n<div data-magic-global=\"%7B%22bizId%22%3A2348173885%2C%22pageId%22%3A21049659631%2C%22siteId%22%3A5005127539%7D\">\n<div>\n<div>\n<div>\n<div>\n<div>\n<div><\/div>\n<\/div>\n<\/div>\n<\/div>\n<\/div>\n<\/div>\n<div>\n<div>\n<table>\n<tbody>\n<tr>\n<td>\n<div>\n<div data-spm-anchor-id=\"0.0.0.i16.3eaf4f05ECnIkX\">Volar<\/div>\n<\/div>\n<\/td>\n<td>\n<div>\n<div data-spm-anchor-id=\"0.0.0.i33.3eaf4f05ECnIkX\">Poliuretano<\/div>\n<\/div>\n<\/td>\n<td>\n<div>\n<div>Interno<\/div>\n<\/div>\n<\/td>\n<td>\n<div>\n<div data-spm-anchor-id=\"0.0.0.i34.3eaf4f05ECnIkX\">Malla B3<\/div>\n<\/div>\n<\/td>\n<\/tr>\n<tr>\n<td>\n<div>\n<div>Capas<\/div>\n<\/div>\n<\/td>\n<td>\n<div>\n<div data-spm-anchor-id=\"0.0.0.i39.3eaf4f05ECnIkX\">2<\/div>\n<\/div>\n<\/td>\n<td>\n<div>\n<div>Impermeable<\/div>\n<\/div>\n<\/td>\n<td>\n<div>\n<div data-spm-anchor-id=\"0.0.0.i4.3eaf4f05uSBrU9\">2000-3000 mm<\/div>\n<\/div>\n<\/td>\n<\/tr>\n<tr>\n<td>\n<div>\n<div data-spm-anchor-id=\"a2700.siteadmin.0.i1.70a633332xVGCP\">galer\u00eda<\/div>\n<\/div>\n<\/td>\n<td>\n<div>\n<div data-spm-anchor-id=\"0.0.0.i13.3eaf4f05ECnIkX\">3-4<\/div>\n<\/div>\n<\/td>\n<td>\n<div>\n<div>Piso<\/div>\n<\/div>\n<\/td>\n<td>\n<div>\n<div data-spm-anchor-id=\"0.0.0.i42.3eaf4f05ECnIkX\">Oxford 150D<\/div>\n<\/div>\n<\/td>\n<\/tr>\n<tr>\n<td>\n<div>\n<div>Polo<\/div>\n<\/div>\n<\/td>\n<td>\n<div>\n<div data-spm-anchor-id=\"0.0.0.i44.3eaf4f05ECnIkX\">fibra de vidrio<\/div>\n<\/div>\n<\/td>\n<td>\n<div>\n<div>Peso<\/div>\n<\/div>\n<\/td>\n<td>\n<div>\n<div data-spm-anchor-id=\"0.0.0.i5.3eaf4f05uSBrU9\">3,7 kg<\/div>\n<\/div>\n<\/td>\n<\/tr>\n<tr>\n<td>\n<div>\n<div>Tama\u00f1o<\/div>\n<\/div>\n<\/td>\n<td>\n<div>\n<div data-spm-anchor-id=\"0.0.0.i41.3eaf4f05ECnIkX\">240*210*135cm (Ancho x Fondo x Alto)<\/div>\n<\/div>\n<\/td>\n<td>\n<div>\n<div>Superficie del piso<\/div>\n<\/div>\n<\/td>\n<td>\n<div>\n<div data-spm-anchor-id=\"0.0.0.i45.3eaf4f05ECnIkX\">5<\/div>\n<\/div>\n<\/td>\n<\/tr>\n<tr>\n<td>\n<div>\n<div>Embalaje<\/div>\n<\/div>\n<\/td>\n<td>\n<div>\n<div data-spm-anchor-id=\"0.0.0.i46.3eaf4f05ECnIkX\">68*33*22cm<\/div>\n<\/div>\n<\/td>\n<td>\n<div>\n<div data-spm-anchor-id=\"a2700.siteadmin.0.i2.65e43333ALmggU\">Accesorios<\/div>\n<\/div>\n<\/td>\n<td>\n<div>\n<div data-spm-anchor-id=\"0.0.0.i48.3eaf4f05ECnIkX\">YNS<\/div>\n<\/div>\n<\/td>\n<\/tr>\n<\/tbody>\n<\/table>\n<\/div>\n<\/div>\n<div>\n<div data-section=\"AliMagic-fbkogz\" data-section-title=\"Product Display\">Pantalla del producto<\/div>\n<\/div>\n<div>\n<div>\n<div><img decoding=\"async\" src=\"\/\/sc04.alicdn.com\/kf\/Hfe862935d6b64ef3beb632dcfcaeba59i\/222400006\/Hfe862935d6b64ef3beb632dcfcaeba59i.jpg\" data-src=\"\/\/sc04.alicdn.com\/kf\/Hfe862935d6b64ef3beb632dcfcaeba59i\/222400006\/Hfe862935d6b64ef3beb632dcfcaeba59i.jpg\" \/><\/div>\n<div><img decoding=\"async\" src=\"\/\/sc04.alicdn.com\/kf\/H9987112b7eca4683bca2a11c8d63c877A\/222400006\/H9987112b7eca4683bca2a11c8d63c877A.jpg\" data-src=\"\/\/sc04.alicdn.com\/kf\/H9987112b7eca4683bca2a11c8d63c877A\/222400006\/H9987112b7eca4683bca2a11c8d63c877A.jpg\" \/><\/div>\n<div><img decoding=\"async\" src=\"\/\/sc04.alicdn.com\/kf\/He920995853e640e1b6e2f5eaf2557712D\/222400006\/He920995853e640e1b6e2f5eaf2557712D.jpg\" data-src=\"\/\/sc04.alicdn.com\/kf\/He920995853e640e1b6e2f5eaf2557712D\/222400006\/He920995853e640e1b6e2f5eaf2557712D.jpg\" \/><\/div>\n<div><img decoding=\"async\" src=\"\/\/sc04.alicdn.com\/kf\/H50dcf3e6b57740f6963df6f06fc9552aw\/222400006\/H50dcf3e6b57740f6963df6f06fc9552aw.jpg\" data-src=\"\/\/sc04.alicdn.com\/kf\/H50dcf3e6b57740f6963df6f06fc9552aw\/222400006\/H50dcf3e6b57740f6963df6f06fc9552aw.jpg\" \/><\/div>\n<div><img decoding=\"async\" src=\"\/\/sc04.alicdn.com\/kf\/H188881ad6eb644e689006ed53a73166dF\/222400006\/H188881ad6eb644e689006ed53a73166dF.jpg\" data-src=\"\/\/sc04.alicdn.com\/kf\/H188881ad6eb644e689006ed53a73166dF\/222400006\/H188881ad6eb644e689006ed53a73166dF.jpg\" \/><\/div>\n<div><img decoding=\"async\" src=\"\/\/sc04.alicdn.com\/kf\/Hc924941301ba46f9ace0aabb74f1e79fs\/222400006\/Hc924941301ba46f9ace0aabb74f1e79fs.png\" data-src=\"\/\/sc04.alicdn.com\/kf\/Hc924941301ba46f9ace0aabb74f1e79fs\/222400006\/Hc924941301ba46f9ace0aabb74f1e79fs.png\" \/><\/div>\n<div><img decoding=\"async\" src=\"\/\/sc04.alicdn.com\/kf\/Hf477e6dc0f5f43a0ae294952dfe15ca7Y\/222400006\/Hf477e6dc0f5f43a0ae294952dfe15ca7Y.jpg\" data-src=\"\/\/sc04.alicdn.com\/kf\/Hf477e6dc0f5f43a0ae294952dfe15ca7Y\/222400006\/Hf477e6dc0f5f43a0ae294952dfe15ca7Y.jpg\" \/><\/div>\n<div><img decoding=\"async\" src=\"\/\/sc04.alicdn.com\/kf\/H00840482920648a487dc45d451dbe55dE\/222400006\/H00840482920648a487dc45d451dbe55dE.jpg\" data-src=\"\/\/sc04.alicdn.com\/kf\/H00840482920648a487dc45d451dbe55dE\/222400006\/H00840482920648a487dc45d451dbe55dE.jpg\" \/><\/div>\n<\/div>\n<\/div>\n<div>\n<div data-magic=\" \" data-magic-status=\"done\">\n<div data-reactroot=\"\"><\/div>\n<\/div>\n<\/div>\n<\/div>\n<\/div>","protected":false},"excerpt":{"rendered":"<p>\u00c1rea: 3 \u33a1 Tela: Poli\u00e9ster Carpa exterior \u00cdndice de impermeabilidad: 2000-3000 mm \u00cdndice de impermeabilidad inferior: 2000-3000 mm Tipo de construcci\u00f3n: Apertura autom\u00e1tica r\u00e1pida Estilo de carpa: Estaca de carpa tipo tubo Temporada: Carpa de cuatro estaciones Estructura: Un dormitorio Litera: 3 -4 Dormitorios : 1 Peso (kg) : 3.7 Alto (cm) : 135<\/p>\n<div class=\"read-more\"><a class=\"btn btn-fill-out\" href=\"https:\/\/uoogear.com\/es\/producto\/double-layer-automatic-family-tent-outdoor-camping-portable-travelling-tents\/\">Leer m\u00e1s<\/a><\/div>","protected":false},"featured_media":4730,"template":"","meta":[],"product_brand":[],"product_cat":[15],"product_tag":[],"class_list":{"0":"post-4731","1":"product","2":"type-product","3":"status-publish","4":"has-post-thumbnail","6":"product_cat-uncategorized","7":"tm-no-options","9":"first","10":"instock","11":"shipping-taxable","12":"purchasable","13":"product-type-variable"},"_links":{"self":[{"href":"https:\/\/uoogear.com\/es\/wp-json\/wp\/v2\/product\/4731","targetHints":{"allow":["GET"]}}],"collection":[{"href":"https:\/\/uoogear.com\/es\/wp-json\/wp\/v2\/product"}],"about":[{"href":"https:\/\/uoogear.com\/es\/wp-json\/wp\/v2\/types\/product"}],"wp:featuredmedia":[{"embeddable":true,"href":"https:\/\/uoogear.com\/es\/wp-json\/wp\/v2\/media\/4730"}],"wp:attachment":[{"href":"https:\/\/uoogear.com\/es\/wp-json\/wp\/v2\/media?parent=4731"}],"wp:term":[{"taxonomy":"product_brand","embeddable":true,"href":"https:\/\/uoogear.com\/es\/wp-json\/wp\/v2\/product_brand?post=4731"},{"taxonomy":"product_cat","embeddable":true,"href":"https:\/\/uoogear.com\/es\/wp-json\/wp\/v2\/product_cat?post=4731"},{"taxonomy":"product_tag","embeddable":true,"href":"https:\/\/uoogear.com\/es\/wp-json\/wp\/v2\/product_tag?post=4731"}],"curies":[{"name":"wp","href":"https:\/\/api.w.org\/{rel}","templated":true}]}}