{"id":4740,"date":"2023-11-14T02:22:01","date_gmt":"2023-11-14T02:22:01","guid":{"rendered":"https:\/\/uoogear.com\/product\/outdoor-waterproof-portable-camping-tents-4-person-glamping-hiking-automatic-tent\/"},"modified":"2023-11-30T02:52:35","modified_gmt":"2023-11-30T02:52:35","slug":"outdoor-waterproof-portable-camping-tents-4-person-glamping-hiking-automatic-tent","status":"publish","type":"product","link":"https:\/\/uoogear.com\/es\/producto\/outdoor-waterproof-portable-camping-tents-4-person-glamping-hiking-automatic-tent\/","title":{"rendered":"Tiendas de campa\u00f1a port\u00e1tiles impermeables al aire libre para 4 personas Glamping senderismo tienda autom\u00e1tica"},"content":{"rendered":"<ul>\n<li><strong>Tela : <\/strong> Poli\u00e9ster<\/li>\n<li><strong>\u00cdndice de impermeabilidad de la tienda exterior: <\/strong> 2000-3000 mil\u00edmetros<\/li>\n<li><strong>\u00cdndice de impermeabilidad inferior: <\/strong> 2000-3000 mil\u00edmetros<\/li>\n<li><strong>Tipo de construcci\u00f3n : <\/strong> Apertura autom\u00e1tica r\u00e1pida<\/li>\n<li><strong>Estilo de tienda: <\/strong> Estaca de tienda tipo tubo<\/li>\n<li><strong>Estaci\u00f3n : <\/strong> Tienda de campa\u00f1a de cuatro estaciones<\/li>\n<li><strong>Estructura : <\/strong> Una habitaci\u00f3n<\/li>\n<li><strong>Amarre : <\/strong> 4<\/li>\n<li><strong>Dormitorios : <\/strong> 1<\/li>\n<li><strong>Peso (kg): <\/strong> 5.2<\/li>\n<li><strong>Altura (cm) : <\/strong> 125<\/li>\n<li><strong>Longitud (cm) : <\/strong> 210<\/li>\n<li><strong>Ancho (cm) : <\/strong> 240<\/li>\n<li><strong>Material del poste: <\/strong> Fibra de Vidrio<\/li>\n<li><strong>Hoja de mosca: <\/strong> Tafet\u00e1n de poli\u00e9ster 190T<\/li>\n<li><strong>Apostar : <\/strong> 8 piezas<\/li>\n<li><strong>Soga : <\/strong> 4 piezas<\/li>\n<\/ul>\n<div>\n<div data-magic-global=\"%7B%22bizId%22%3A2348173885%2C%22pageId%22%3A21027794595%2C%22siteId%22%3A5005127539%7D\">\n<div>\n<div>\n<div>\n<div>\n<div>\n<div><\/div>\n<\/div>\n<\/div>\n<\/div>\n<\/div>\n<\/div>\n<div>\n<div>\n<table>\n<tbody>\n<tr>\n<td>\n<div>\n<div data-spm-anchor-id=\"0.0.0.i16.3eaf4f05ECnIkX\">Hoja de mosca<\/div>\n<\/div>\n<\/td>\n<td>\n<div>\n<div data-spm-anchor-id=\"0.0.0.i33.3eaf4f05ECnIkX\">Poli\u00e9ster 190T<\/div>\n<\/div>\n<\/td>\n<td>\n<div>\n<div>Interno<\/div>\n<\/div>\n<\/td>\n<td>\n<div>\n<div data-spm-anchor-id=\"0.0.0.i34.3eaf4f05ECnIkX\">Malla B3<\/div>\n<\/div>\n<\/td>\n<\/tr>\n<tr>\n<td>\n<div>\n<div>Capas<\/div>\n<\/div>\n<\/td>\n<td>\n<div>\n<div data-spm-anchor-id=\"0.0.0.i39.3eaf4f05ECnIkX\">1<\/div>\n<\/div>\n<\/td>\n<td>\n<div>\n<div>Impermeable<\/div>\n<\/div>\n<\/td>\n<td>\n<div>\n<div data-spm-anchor-id=\"0.0.0.i4.3eaf4f05uSBrU9\">2000-3000 mm<\/div>\n<\/div>\n<\/td>\n<\/tr>\n<tr>\n<td>\n<div>\n<div>capacidad<\/div>\n<\/div>\n<\/td>\n<td>\n<div>\n<div data-spm-anchor-id=\"0.0.0.i13.3eaf4f05ECnIkX\">3-4<\/div>\n<\/div>\n<\/td>\n<td>\n<div>\n<div>Piso<\/div>\n<\/div>\n<\/td>\n<td>\n<div>\n<div data-spm-anchor-id=\"0.0.0.i42.3eaf4f05ECnIkX\">Oxford 150D<\/div>\n<\/div>\n<\/td>\n<\/tr>\n<tr>\n<td>\n<div>\n<div>Polo<\/div>\n<\/div>\n<\/td>\n<td>\n<div>\n<div data-spm-anchor-id=\"0.0.0.i44.3eaf4f05ECnIkX\">Fibra de Vidrio<\/div>\n<\/div>\n<\/td>\n<td>\n<div>\n<div>Peso<\/div>\n<\/div>\n<\/td>\n<td>\n<div>\n<div data-spm-anchor-id=\"0.0.0.i5.3eaf4f05uSBrU9\">5,2 kg<\/div>\n<\/div>\n<\/td>\n<\/tr>\n<tr>\n<td>\n<div>\n<div>Tama\u00f1o<\/div>\n<\/div>\n<\/td>\n<td>\n<div>\n<div data-spm-anchor-id=\"0.0.0.i41.3eaf4f05ECnIkX\">240*210*125 cm (Ancho x Fondo x Alto)<\/div>\n<\/div>\n<\/td>\n<td>\n<div>\n<div data-spm-anchor-id=\"a2700.pc-decorate.0.i8.2c9a3333BkjTOa\">Estilo<\/div>\n<\/div>\n<\/td>\n<td>\n<div>\n<div data-spm-anchor-id=\"0.0.0.i45.3eaf4f05ECnIkX\">Autom\u00e1tico<\/div>\n<\/div>\n<\/td>\n<\/tr>\n<tr>\n<td>\n<div>\n<div>Embalaje<\/div>\n<\/div>\n<\/td>\n<td>\n<div>\n<div data-spm-anchor-id=\"0.0.0.i46.3eaf4f05ECnIkX\">Ancho 87 x Fondo 15 x Alto 15 cm<\/div>\n<\/div>\n<\/td>\n<td>\n<div>\n<div data-spm-anchor-id=\"a2700.siteadmin.0.i2.65e43333ALmggU\">Accesorios<\/div>\n<\/div>\n<\/td>\n<td>\n<div>\n<div data-spm-anchor-id=\"0.0.0.i48.3eaf4f05ECnIkX\">YNS<\/div>\n<\/div>\n<\/td>\n<\/tr>\n<\/tbody>\n<\/table>\n<\/div>\n<\/div>\n<div>\n<div data-section=\"AliMagic-ld6hwv\" data-section-title=\"Product Display\">Pantalla del producto<\/div>\n<\/div>\n<div>\n<div>\n<div><\/div>\n<div><\/div>\n<div><\/div>\n<div><img decoding=\"async\" src=\"\/\/sc04.alicdn.com\/kf\/H856ef7e5714642b49db4cf70b3e9adb0E\/222400006\/H856ef7e5714642b49db4cf70b3e9adb0E.jpg\" data-src=\"\/\/sc04.alicdn.com\/kf\/H856ef7e5714642b49db4cf70b3e9adb0E\/222400006\/H856ef7e5714642b49db4cf70b3e9adb0E.jpg\" \/><\/div>\n<div><img decoding=\"async\" src=\"\/\/sc04.alicdn.com\/kf\/H8c0993d71e8a4c1cbc59a6f51bab9cff9\/222400006\/H8c0993d71e8a4c1cbc59a6f51bab9cff9.jpg\" data-src=\"\/\/sc04.alicdn.com\/kf\/H8c0993d71e8a4c1cbc59a6f51bab9cff9\/222400006\/H8c0993d71e8a4c1cbc59a6f51bab9cff9.jpg\" \/><\/div>\n<div><img decoding=\"async\" src=\"\/\/sc04.alicdn.com\/kf\/Hffd9146525f54b97ac2fd270bf08c841c\/222400006\/Hffd9146525f54b97ac2fd270bf08c841c.jpg\" data-src=\"\/\/sc04.alicdn.com\/kf\/Hffd9146525f54b97ac2fd270bf08c841c\/222400006\/Hffd9146525f54b97ac2fd270bf08c841c.jpg\" \/><\/div>\n<\/div>\n<\/div>\n<div>\n<div data-magic=\" \" data-magic-status=\"done\">\n<div data-reactroot=\"\"><\/div>\n<\/div>\n<\/div>\n<\/div>\n<\/div>","protected":false},"excerpt":{"rendered":"<p>Tela: Poli\u00e9ster Carpa exterior \u00cdndice de impermeabilidad: 2000-3000 mm \u00cdndice de impermeabilidad inferior: 2000-3000 mm Tipo de construcci\u00f3n: Apertura autom\u00e1tica r\u00e1pida Estilo de carpa: Estaca de carpa tipo tubo Temporada: Cuatro estaciones Estructura de carpa: Un dormitorio Litera: 4 dormitorios: 1 Peso (kg) : 5.2 Altura (cm) : 125 Longitud (cm) : 210<\/p>\n<div class=\"read-more\"><a class=\"btn btn-fill-out\" href=\"https:\/\/uoogear.com\/es\/producto\/outdoor-waterproof-portable-camping-tents-4-person-glamping-hiking-automatic-tent\/\">Leer m\u00e1s<\/a><\/div>","protected":false},"featured_media":4739,"template":"","meta":[],"product_brand":[],"product_cat":[15],"product_tag":[],"class_list":{"0":"post-4740","1":"product","2":"type-product","3":"status-publish","4":"has-post-thumbnail","6":"product_cat-uncategorized","7":"tm-no-options","9":"first","10":"instock","11":"shipping-taxable","12":"purchasable","13":"product-type-variable"},"_links":{"self":[{"href":"https:\/\/uoogear.com\/es\/wp-json\/wp\/v2\/product\/4740","targetHints":{"allow":["GET"]}}],"collection":[{"href":"https:\/\/uoogear.com\/es\/wp-json\/wp\/v2\/product"}],"about":[{"href":"https:\/\/uoogear.com\/es\/wp-json\/wp\/v2\/types\/product"}],"wp:featuredmedia":[{"embeddable":true,"href":"https:\/\/uoogear.com\/es\/wp-json\/wp\/v2\/media\/4739"}],"wp:attachment":[{"href":"https:\/\/uoogear.com\/es\/wp-json\/wp\/v2\/media?parent=4740"}],"wp:term":[{"taxonomy":"product_brand","embeddable":true,"href":"https:\/\/uoogear.com\/es\/wp-json\/wp\/v2\/product_brand?post=4740"},{"taxonomy":"product_cat","embeddable":true,"href":"https:\/\/uoogear.com\/es\/wp-json\/wp\/v2\/product_cat?post=4740"},{"taxonomy":"product_tag","embeddable":true,"href":"https:\/\/uoogear.com\/es\/wp-json\/wp\/v2\/product_tag?post=4740"}],"curies":[{"name":"wp","href":"https:\/\/api.w.org\/{rel}","templated":true}]}}