{"id":4767,"date":"2023-11-14T02:26:09","date_gmt":"2023-11-14T02:26:09","guid":{"rendered":"https:\/\/uoogear.com\/product\/4-6-person-large-glamping-family-automatic-camping-tent-portable-backpacking-tent-outdoor-dome-tents\/"},"modified":"2023-11-30T02:33:57","modified_gmt":"2023-11-30T02:33:57","slug":"4-6-person-large-glamping-family-automatic-camping-tent-portable-backpacking-tent-outdoor-dome-tents","status":"publish","type":"product","link":"https:\/\/uoogear.com\/es\/producto\/4-6-person-large-glamping-family-automatic-camping-tent-portable-backpacking-tent-outdoor-dome-tents\/","title":{"rendered":"Tienda de campa\u00f1a autom\u00e1tica familiar para 4-6 personas, tienda de campa\u00f1a port\u00e1til para mochilero, tiendas tipo c\u00fapula para exteriores"},"content":{"rendered":"<ul>\n<li><strong>\u00c1rea : <\/strong> 2,4*2,2M<\/li>\n<li><strong>Tela : <\/strong> poli\u00e9ster<\/li>\n<li><strong>\u00cdndice de impermeabilidad de la tienda exterior: <\/strong> 2000-3000 mil\u00edmetros, 3000 mil\u00edmetros<\/li>\n<li><strong>\u00cdndice de impermeabilidad inferior: <\/strong> 2000-3000 mil\u00edmetros, 3000 mil\u00edmetros<\/li>\n<li><strong>Tipo de construcci\u00f3n : <\/strong> Apertura autom\u00e1tica r\u00e1pida<\/li>\n<li><strong>Estilo de tienda: <\/strong> Tipo de refuerzo diagonal, estaca para tienda tipo tubo<\/li>\n<li><strong>Estaci\u00f3n : <\/strong> Tienda de campa\u00f1a de cuatro estaciones<\/li>\n<li><strong>Estructura : <\/strong> Un dormitorio y una sala de estar, dormitorios\/sala de estar grandes<\/li>\n<li><strong>Color : <\/strong> Personalizado<\/li>\n<li><strong>Material del poste: <\/strong> postes de aluminio<\/li>\n<li><strong>Capacidad : <\/strong> 4-6 personas<\/li>\n<li><strong>Peso del paquete : <\/strong> 6,5 kg (14,33 libras)<\/li>\n<li><strong>Tama\u00f1o del paquete : <\/strong> 110*20*20 CM<\/li>\n<li><strong>palabras clave: <\/strong> tienda familiar<\/li>\n<li><strong>estilo : <\/strong> tienda instant\u00e1nea<\/li>\n<\/ul>\n<div>\n<div data-magic-global=\"%7B%22bizId%22%3A2348173885%2C%22pageId%22%3A5049777473%2C%22siteId%22%3A5005127539%7D\">\n<div><\/div>\n<div>\n<div data-section=\"AliMagic-vkgkdu\" data-section-title=\"Product Display\">Pantalla del producto<\/div>\n<\/div>\n<div>\n<div>\n<div>\n<div>\n<div>\n<div><a href=\"https:\/\/cnhomestar.en.alibaba.com\/product\/60708146656-805607772\/factory_supplier_Iron_pole_large_family_camping_high_quality_5_8_people_waterproof_party_tent.html\" target=\"_blank\" rel=\"noopener\"><img decoding=\"async\" src=\"\/\/sc02.alicdn.com\/kf\/H3373b1a9655345c89c23d89ff080acd5N\/222400006\/H3373b1a9655345c89c23d89ff080acd5N.jpg\" data-src=\"\/\/sc02.alicdn.com\/kf\/H3373b1a9655345c89c23d89ff080acd5N\/222400006\/H3373b1a9655345c89c23d89ff080acd5N.jpg\" \/><\/a><\/div>\n<\/div>\n<\/div>\n<\/div>\n<\/div>\n<\/div>\n<div>\n<div>\n<div>\n<div>\n<div>\n<div><img decoding=\"async\" src=\"\/\/sc01.alicdn.com\/kf\/Hb55d8d7feef34118ab05a7e926191416y\/222400006\/Hb55d8d7feef34118ab05a7e926191416y.jpg\" data-src=\"\/\/sc01.alicdn.com\/kf\/Hb55d8d7feef34118ab05a7e926191416y\/222400006\/Hb55d8d7feef34118ab05a7e926191416y.jpg\" \/><\/div>\n<\/div>\n<\/div>\n<\/div>\n<\/div>\n<\/div>\n<div>\n<div>\n<div>\n<div>\n<div>\n<div><img decoding=\"async\" src=\"\/\/sc01.alicdn.com\/kf\/H5d0f88298fe64f3fbb1e3fb167d802c1F\/222400006\/H5d0f88298fe64f3fbb1e3fb167d802c1F.jpg\" data-src=\"\/\/sc01.alicdn.com\/kf\/H5d0f88298fe64f3fbb1e3fb167d802c1F\/222400006\/H5d0f88298fe64f3fbb1e3fb167d802c1F.jpg\" \/><\/div>\n<\/div>\n<\/div>\n<\/div>\n<\/div>\n<\/div>\n<div>\n<div>\n<div>\n<div>\n<div>\n<div><img decoding=\"async\" src=\"\/\/sc01.alicdn.com\/kf\/H2096738b758843a08e2b8ff6521dc225H\/222400006\/H2096738b758843a08e2b8ff6521dc225H.jpg\" data-src=\"\/\/sc01.alicdn.com\/kf\/H2096738b758843a08e2b8ff6521dc225H\/222400006\/H2096738b758843a08e2b8ff6521dc225H.jpg\" \/><\/div>\n<\/div>\n<\/div>\n<\/div>\n<\/div>\n<\/div>\n<div><\/div>\n<\/div>\n<\/div>","protected":false},"excerpt":{"rendered":"<p>\u00c1rea: 2,4*2,2 M Tela: poli\u00e9ster \u00cdndice de impermeabilidad de la tienda exterior: 2000-3000 mm, 3000 mm \u00cdndice de impermeabilidad inferior: 2000-3000 mm, 3000 mm Tipo de construcci\u00f3n: apertura autom\u00e1tica r\u00e1pida Estilo de la tienda: tipo de refuerzo diagonal, estaca de tienda tipo tubo Temporada : Estructura de tienda de campa\u00f1a para cuatro estaciones : Un dormitorio y una sala de estar, dormitorios\/sala de estar grandes<\/p>\n<div class=\"read-more\"><a class=\"btn btn-fill-out\" href=\"https:\/\/uoogear.com\/es\/producto\/4-6-person-large-glamping-family-automatic-camping-tent-portable-backpacking-tent-outdoor-dome-tents\/\">Leer m\u00e1s<\/a><\/div>","protected":false},"featured_media":4766,"template":"","meta":[],"product_brand":[],"product_cat":[15],"product_tag":[],"class_list":{"0":"post-4767","1":"product","2":"type-product","3":"status-publish","4":"has-post-thumbnail","6":"product_cat-uncategorized","7":"tm-no-options","9":"first","10":"instock","11":"shipping-taxable","12":"purchasable","13":"product-type-variable"},"_links":{"self":[{"href":"https:\/\/uoogear.com\/es\/wp-json\/wp\/v2\/product\/4767","targetHints":{"allow":["GET"]}}],"collection":[{"href":"https:\/\/uoogear.com\/es\/wp-json\/wp\/v2\/product"}],"about":[{"href":"https:\/\/uoogear.com\/es\/wp-json\/wp\/v2\/types\/product"}],"wp:featuredmedia":[{"embeddable":true,"href":"https:\/\/uoogear.com\/es\/wp-json\/wp\/v2\/media\/4766"}],"wp:attachment":[{"href":"https:\/\/uoogear.com\/es\/wp-json\/wp\/v2\/media?parent=4767"}],"wp:term":[{"taxonomy":"product_brand","embeddable":true,"href":"https:\/\/uoogear.com\/es\/wp-json\/wp\/v2\/product_brand?post=4767"},{"taxonomy":"product_cat","embeddable":true,"href":"https:\/\/uoogear.com\/es\/wp-json\/wp\/v2\/product_cat?post=4767"},{"taxonomy":"product_tag","embeddable":true,"href":"https:\/\/uoogear.com\/es\/wp-json\/wp\/v2\/product_tag?post=4767"}],"curies":[{"name":"wp","href":"https:\/\/api.w.org\/{rel}","templated":true}]}}