{"id":4776,"date":"2023-11-14T02:26:57","date_gmt":"2023-11-14T02:26:57","guid":{"rendered":"https:\/\/uoogear.com\/product\/waterproof-glamping-travelling-tent-for-outdoor-camping-2-person-automatic-beach-tent\/"},"modified":"2023-11-30T02:34:15","modified_gmt":"2023-11-30T02:34:15","slug":"waterproof-glamping-travelling-tent-for-outdoor-camping-2-person-automatic-beach-tent","status":"publish","type":"product","link":"https:\/\/uoogear.com\/es\/producto\/waterproof-glamping-travelling-tent-for-outdoor-camping-2-person-automatic-beach-tent\/","title":{"rendered":"Tienda de campa\u00f1a impermeable Glamping para acampar al aire libre, tienda de playa autom\u00e1tica para 2 personas"},"content":{"rendered":"<ul>\n<li><strong>Tela : <\/strong> Oxford, Oxford 150D<\/li>\n<li><strong>\u00cdndice de impermeabilidad de la tienda exterior: <\/strong> 1500-2000 mil\u00edmetros<\/li>\n<li><strong>\u00cdndice de impermeabilidad inferior: <\/strong> 1500-2000 mil\u00edmetros<\/li>\n<li><strong>Tipo de construcci\u00f3n : <\/strong> Apertura autom\u00e1tica r\u00e1pida<\/li>\n<li><strong>Estilo de tienda: <\/strong> Estaca de tienda tipo tubo<\/li>\n<li><strong>Estaci\u00f3n : <\/strong> Tienda de campa\u00f1a de cuatro estaciones<\/li>\n<li><strong>Estructura : <\/strong> Una habitaci\u00f3n<\/li>\n<li><strong>apostar : <\/strong> 8 piezas<\/li>\n<li><strong>soga : <\/strong> 4 piezas<\/li>\n<li><strong>Material del poste: <\/strong> Fibra de Vidrio<\/li>\n<li><strong>impermeable : <\/strong> PU2000mm<\/li>\n<li><strong>peso neto : <\/strong> 3 kilos<\/li>\n<li><strong>tama\u00f1o : <\/strong> 225*145*120cm<\/li>\n<li><strong>tama\u00f1o de embalaje : <\/strong> 81*16*16<\/li>\n<\/ul>\n<div>\n<div data-magic-global=\"%7B%22bizId%22%3A2348173885%2C%22pageId%22%3A21026621679%2C%22siteId%22%3A5005127539%7D\">\n<div>\n<div>\n<div>\n<div>\n<div>\n<div><\/div>\n<\/div>\n<\/div>\n<\/div>\n<\/div>\n<\/div>\n<div>\n<div>\n<table>\n<tbody>\n<tr>\n<td>\n<div>\n<div data-spm-anchor-id=\"0.0.0.i16.3eaf4f05ECnIkX\">Hoja de mosca<\/div>\n<\/div>\n<\/td>\n<td>\n<div>\n<div data-spm-anchor-id=\"0.0.0.i33.3eaf4f05ECnIkX\">Poli\u00e9ster 190T<\/div>\n<\/div>\n<\/td>\n<td>\n<div>\n<div>Interno<\/div>\n<\/div>\n<\/td>\n<td>\n<div>\n<div data-spm-anchor-id=\"0.0.0.i34.3eaf4f05ECnIkX\">Malla B3<\/div>\n<\/div>\n<\/td>\n<\/tr>\n<tr>\n<td>\n<div>\n<div>Capas<\/div>\n<\/div>\n<\/td>\n<td>\n<div>\n<div data-spm-anchor-id=\"0.0.0.i39.3eaf4f05ECnIkX\">1<\/div>\n<\/div>\n<\/td>\n<td>\n<div>\n<div>Impermeable<\/div>\n<\/div>\n<\/td>\n<td>\n<div>\n<div data-spm-anchor-id=\"0.0.0.i4.3eaf4f05uSBrU9\">2000 mm<\/div>\n<\/div>\n<\/td>\n<\/tr>\n<tr>\n<td>\n<div>\n<div data-spm-anchor-id=\"a2700.siteadmin.0.i1.70a633332xVGCP\">galer\u00eda<\/div>\n<\/div>\n<\/td>\n<td>\n<div>\n<div data-spm-anchor-id=\"0.0.0.i13.3eaf4f05ECnIkX\">2<\/div>\n<\/div>\n<\/td>\n<td>\n<div>\n<div data-spm-anchor-id=\"a2700.pc-decorate.0.i37.6bb33333rkQfT1\">Cantidad m\u00ednima de pedido<\/div>\n<\/div>\n<\/td>\n<td>\n<div>\n<div data-spm-anchor-id=\"0.0.0.i42.3eaf4f05ECnIkX\">300<\/div>\n<\/div>\n<\/td>\n<\/tr>\n<tr>\n<td>\n<div>\n<div>Polo<\/div>\n<\/div>\n<\/td>\n<td>\n<div>\n<div>fibra de vidrio<\/div>\n<\/div>\n<\/td>\n<td>\n<div>\n<div data-spm-anchor-id=\"a2700.pc-decorate.0.i0.6bb33333mf4yOX\">piso<\/div>\n<\/div>\n<\/td>\n<td>\n<div>\n<div data-spm-anchor-id=\"0.0.0.i5.3eaf4f05uSBrU9\">Oxford<\/div>\n<\/div>\n<\/td>\n<\/tr>\n<tr>\n<td>\n<div>\n<div>Tama\u00f1o<\/div>\n<\/div>\n<\/td>\n<td>\n<div>\n<div data-spm-anchor-id=\"0.0.0.i41.3eaf4f05ECnIkX\">225*145*120 cm (ancho x profundidad x alto)<\/div>\n<\/div>\n<\/td>\n<td>\n<div>\n<div data-spm-anchor-id=\"a2700.pc-decorate.0.i35.6bb33333rkQfT1\">apostar<\/div>\n<\/div>\n<\/td>\n<td>\n<div>\n<div data-spm-anchor-id=\"0.0.0.i45.3eaf4f05ECnIkX\">8 piezas<\/div>\n<\/div>\n<\/td>\n<\/tr>\n<tr>\n<td>\n<div>\n<div>Embalaje<\/div>\n<\/div>\n<\/td>\n<td>\n<div>\n<div data-spm-anchor-id=\"0.0.0.i46.3eaf4f05ECnIkX\">81*16*16cm<\/div>\n<\/div>\n<\/td>\n<td>\n<div>\n<div data-spm-anchor-id=\"a2700.siteadmin.0.i2.65e43333ALmggU\">soga<\/div>\n<\/div>\n<\/td>\n<td>\n<div>\n<div data-spm-anchor-id=\"0.0.0.i48.3eaf4f05ECnIkX\">4 piezas<\/div>\n<\/div>\n<\/td>\n<\/tr>\n<\/tbody>\n<\/table>\n<\/div>\n<\/div>\n<div>\n<div data-section=\"AliMagic-nrcn3x\" data-section-title=\"Product Display\">Pantalla del producto<\/div>\n<\/div>\n<div>\n<div>\n<div><img decoding=\"async\" src=\"\/\/sc04.alicdn.com\/kf\/H66d44bfa529c4deca5bb320db0d955cdF\/222400006\/H66d44bfa529c4deca5bb320db0d955cdF.jpg\" data-src=\"\/\/sc04.alicdn.com\/kf\/H66d44bfa529c4deca5bb320db0d955cdF\/222400006\/H66d44bfa529c4deca5bb320db0d955cdF.jpg\" \/><\/div>\n<div><img decoding=\"async\" src=\"\/\/sc04.alicdn.com\/kf\/Hf31f6b479e6e4cdb980bf13a70437e30j\/222400006\/Hf31f6b479e6e4cdb980bf13a70437e30j.jpg\" data-src=\"\/\/sc04.alicdn.com\/kf\/Hf31f6b479e6e4cdb980bf13a70437e30j\/222400006\/Hf31f6b479e6e4cdb980bf13a70437e30j.jpg\" \/><\/div>\n<div><\/div>\n<div><img decoding=\"async\" src=\"\/\/sc04.alicdn.com\/kf\/Hc174bf694a784cd4866058cf56d44d28T\/222400006\/Hc174bf694a784cd4866058cf56d44d28T.jpg\" data-src=\"\/\/sc04.alicdn.com\/kf\/Hc174bf694a784cd4866058cf56d44d28T\/222400006\/Hc174bf694a784cd4866058cf56d44d28T.jpg\" \/><\/div>\n<div><img decoding=\"async\" src=\"\/\/sc04.alicdn.com\/kf\/H273345d97c344d6bbe2aff82a13330d6b\/222400006\/H273345d97c344d6bbe2aff82a13330d6b.jpg\" data-src=\"\/\/sc04.alicdn.com\/kf\/H273345d97c344d6bbe2aff82a13330d6b\/222400006\/H273345d97c344d6bbe2aff82a13330d6b.jpg\" \/><\/div>\n<div><img decoding=\"async\" src=\"\/\/sc04.alicdn.com\/kf\/Heff7fafd7461428c85fc1f8bfbb8e095s\/222400006\/Heff7fafd7461428c85fc1f8bfbb8e095s.jpg\" data-src=\"\/\/sc04.alicdn.com\/kf\/Heff7fafd7461428c85fc1f8bfbb8e095s\/222400006\/Heff7fafd7461428c85fc1f8bfbb8e095s.jpg\" \/><\/div>\n<\/div>\n<\/div>\n<div>\n<div data-magic=\" \" data-magic-status=\"done\">\n<div data-reactroot=\"\"><\/div>\n<\/div>\n<\/div>\n<\/div>\n<\/div>","protected":false},"excerpt":{"rendered":"<p>Tela: Oxford, Oxford 150D \u00cdndice de impermeabilidad de la tienda exterior: 1500-2000 mm \u00cdndice de impermeabilidad inferior: 1500-2000 mm Tipo de construcci\u00f3n: Apertura autom\u00e1tica r\u00e1pida Estilo de la tienda: Estaca de la tienda tipo tubo Temporada: Estructura de la tienda de cuatro estaciones: Estaca de un dormitorio: cuerda de 8 piezas : Material del poste de 4 piezas : Fibra de vidrio resistente al agua : Peso neto de PU2000 mm<\/p>\n<div class=\"read-more\"><a class=\"btn btn-fill-out\" href=\"https:\/\/uoogear.com\/es\/producto\/waterproof-glamping-travelling-tent-for-outdoor-camping-2-person-automatic-beach-tent\/\">Leer m\u00e1s<\/a><\/div>","protected":false},"featured_media":4775,"template":"","meta":[],"product_brand":[],"product_cat":[15],"product_tag":[],"class_list":{"0":"post-4776","1":"product","2":"type-product","3":"status-publish","4":"has-post-thumbnail","6":"product_cat-uncategorized","7":"tm-no-options","9":"first","10":"instock","11":"shipping-taxable","12":"purchasable","13":"product-type-variable"},"_links":{"self":[{"href":"https:\/\/uoogear.com\/es\/wp-json\/wp\/v2\/product\/4776","targetHints":{"allow":["GET"]}}],"collection":[{"href":"https:\/\/uoogear.com\/es\/wp-json\/wp\/v2\/product"}],"about":[{"href":"https:\/\/uoogear.com\/es\/wp-json\/wp\/v2\/types\/product"}],"wp:featuredmedia":[{"embeddable":true,"href":"https:\/\/uoogear.com\/es\/wp-json\/wp\/v2\/media\/4775"}],"wp:attachment":[{"href":"https:\/\/uoogear.com\/es\/wp-json\/wp\/v2\/media?parent=4776"}],"wp:term":[{"taxonomy":"product_brand","embeddable":true,"href":"https:\/\/uoogear.com\/es\/wp-json\/wp\/v2\/product_brand?post=4776"},{"taxonomy":"product_cat","embeddable":true,"href":"https:\/\/uoogear.com\/es\/wp-json\/wp\/v2\/product_cat?post=4776"},{"taxonomy":"product_tag","embeddable":true,"href":"https:\/\/uoogear.com\/es\/wp-json\/wp\/v2\/product_tag?post=4776"}],"curies":[{"name":"wp","href":"https:\/\/api.w.org\/{rel}","templated":true}]}}