{"id":4786,"date":"2023-11-14T02:27:42","date_gmt":"2023-11-14T02:27:42","guid":{"rendered":"https:\/\/uoogear.com\/product\/automatic-outdoor-camping-tent-oxford-pop-up-high-quality-tents\/"},"modified":"2023-11-30T02:34:51","modified_gmt":"2023-11-30T02:34:51","slug":"automatic-outdoor-camping-tent-oxford-pop-up-high-quality-tents","status":"publish","type":"product","link":"https:\/\/uoogear.com\/es\/producto\/automatic-outdoor-camping-tent-oxford-pop-up-high-quality-tents\/","title":{"rendered":"Tienda de campa\u00f1a al aire libre autom\u00e1tica Oxford Pop Up tiendas de campa\u00f1a de alta calidad"},"content":{"rendered":"<ul>\n<li><strong>Tela : <\/strong> Oxford<\/li>\n<li><strong>\u00cdndice de impermeabilidad de la tienda exterior: <\/strong> 2000-3000 mil\u00edmetros<\/li>\n<li><strong>\u00cdndice de impermeabilidad inferior: <\/strong> 2000-3000 mil\u00edmetros<\/li>\n<li><strong>Tipo de construcci\u00f3n : <\/strong> Apertura autom\u00e1tica r\u00e1pida<\/li>\n<li><strong>Estilo de tienda: <\/strong> Estaca de tienda tipo tubo<\/li>\n<li><strong>Estaci\u00f3n : <\/strong> Tienda de campa\u00f1a de cuatro estaciones<\/li>\n<li><strong>Estructura : <\/strong> Una habitaci\u00f3n<\/li>\n<li><strong>Amarre : <\/strong> 3-4<\/li>\n<li><strong>Dormitorios : <\/strong> 1<\/li>\n<li><strong>Peso (kg): <\/strong> 6<\/li>\n<li><strong>Tama\u00f1o : <\/strong> 210*210*120CM<\/li>\n<li><strong>Impermeable : <\/strong> 2000-3000<\/li>\n<li><strong>Material de la tela: <\/strong> Oxford 150D<\/li>\n<li><strong>Estilo : <\/strong> Tienda autom\u00e1tica<\/li>\n<\/ul>\n<div>\n<div data-magic-global=\"%7B%22bizId%22%3A2348173885%2C%22pageId%22%3A21030964139%2C%22siteId%22%3A5005127539%7D\">\n<div>\n<div>\n<div>\n<div>\n<div>\n<div><\/div>\n<\/div>\n<\/div>\n<\/div>\n<\/div>\n<\/div>\n<div>\n<div>\n<table>\n<tbody>\n<tr>\n<td>\n<div>\n<div data-spm-anchor-id=\"0.0.0.i16.3eaf4f05ECnIkX\">Hoja de mosca<\/div>\n<\/div>\n<\/td>\n<td>\n<div>\n<div data-spm-anchor-id=\"0.0.0.i33.3eaf4f05ECnIkX\">Oxford 150D<\/div>\n<\/div>\n<\/td>\n<td>\n<div>\n<div>Interno<\/div>\n<\/div>\n<\/td>\n<td>\n<div>\n<div data-spm-anchor-id=\"0.0.0.i34.3eaf4f05ECnIkX\">Malla B3<\/div>\n<\/div>\n<\/td>\n<\/tr>\n<tr>\n<td>\n<div>\n<div>Capas<\/div>\n<\/div>\n<\/td>\n<td>\n<div>\n<div data-spm-anchor-id=\"0.0.0.i39.3eaf4f05ECnIkX\">1<\/div>\n<\/div>\n<\/td>\n<td>\n<div>\n<div>Impermeable<\/div>\n<\/div>\n<\/td>\n<td>\n<div>\n<div data-spm-anchor-id=\"0.0.0.i4.3eaf4f05uSBrU9\">2000-3000 mm<\/div>\n<\/div>\n<\/td>\n<\/tr>\n<tr>\n<td>\n<div>\n<div data-spm-anchor-id=\"a2700.siteadmin.0.i1.70a633332xVGCP\">Capacidad<\/div>\n<\/div>\n<\/td>\n<td>\n<div>\n<div data-spm-anchor-id=\"0.0.0.i13.3eaf4f05ECnIkX\">3-4<\/div>\n<\/div>\n<\/td>\n<td>\n<div>\n<div>Piso<\/div>\n<\/div>\n<\/td>\n<td>\n<div>\n<div data-spm-anchor-id=\"0.0.0.i42.3eaf4f05ECnIkX\">Oxford 150D<\/div>\n<\/div>\n<\/td>\n<\/tr>\n<tr>\n<td>\n<div>\n<div>Polo<\/div>\n<\/div>\n<\/td>\n<td>\n<div>\n<div data-spm-anchor-id=\"0.0.0.i44.3eaf4f05ECnIkX\">Hierro<\/div>\n<\/div>\n<\/td>\n<td>\n<div>\n<div>Peso<\/div>\n<\/div>\n<\/td>\n<td>\n<div>\n<div data-spm-anchor-id=\"0.0.0.i5.3eaf4f05uSBrU9\">6kg<\/div>\n<\/div>\n<\/td>\n<\/tr>\n<tr>\n<td>\n<div>\n<div>Tama\u00f1o<\/div>\n<\/div>\n<\/td>\n<td>\n<div>\n<div data-spm-anchor-id=\"0.0.0.i41.3eaf4f05ECnIkX\">210*210*120CM (Ancho x Fondo x Alto)<\/div>\n<\/div>\n<\/td>\n<td>\n<div>\n<div data-spm-anchor-id=\"a2700.pc-decorate.0.i7.620a3333cDXuJj\">Tipo<\/div>\n<\/div>\n<\/td>\n<td>\n<div>\n<div data-spm-anchor-id=\"0.0.0.i45.3eaf4f05ECnIkX\">Tienda autom\u00e1tica<\/div>\n<\/div>\n<\/td>\n<\/tr>\n<tr>\n<td>\n<div>\n<div>Embalaje<\/div>\n<\/div>\n<\/td>\n<td>\n<div>\n<div data-spm-anchor-id=\"0.0.0.i46.3eaf4f05ECnIkX\">68*33*22cm<\/div>\n<\/div>\n<\/td>\n<td>\n<div>\n<div data-spm-anchor-id=\"a2700.siteadmin.0.i2.65e43333ALmggU\">Estilo<\/div>\n<\/div>\n<\/td>\n<td>\n<div>\n<div data-spm-anchor-id=\"0.0.0.i48.3eaf4f05ECnIkX\">tienda de campa\u00f1a impermeable<\/div>\n<\/div>\n<\/td>\n<\/tr>\n<\/tbody>\n<\/table>\n<\/div>\n<\/div>\n<div>\n<div data-section=\"AliMagic-rzzj53\" data-section-title=\"Product Display\">Pantalla del producto<\/div>\n<\/div>\n<div>\n<div>\n<div><img decoding=\"async\" src=\"\/\/sc04.alicdn.com\/kf\/H653be6caae5445ae80173ba4074a998aG\/222400006\/H653be6caae5445ae80173ba4074a998aG.jpg\" data-src=\"\/\/sc04.alicdn.com\/kf\/H653be6caae5445ae80173ba4074a998aG\/222400006\/H653be6caae5445ae80173ba4074a998aG.jpg\" \/><\/div>\n<div><img decoding=\"async\" src=\"\/\/sc04.alicdn.com\/kf\/H74feb26da27b420a94203e1dabdfb5c3g\/222400006\/H74feb26da27b420a94203e1dabdfb5c3g.jpg\" data-src=\"\/\/sc04.alicdn.com\/kf\/H74feb26da27b420a94203e1dabdfb5c3g\/222400006\/H74feb26da27b420a94203e1dabdfb5c3g.jpg\" \/><\/div>\n<div><img decoding=\"async\" src=\"\/\/sc04.alicdn.com\/kf\/H7ddec77284264c039d283ce94aedac86h\/222400006\/H7ddec77284264c039d283ce94aedac86h.jpg\" data-src=\"\/\/sc04.alicdn.com\/kf\/H7ddec77284264c039d283ce94aedac86h\/222400006\/H7ddec77284264c039d283ce94aedac86h.jpg\" \/><\/div>\n<div><img decoding=\"async\" src=\"\/\/sc04.alicdn.com\/kf\/Hb476b02098114050af5fe97a36c166ebX\/222400006\/Hb476b02098114050af5fe97a36c166ebX.jpg\" data-src=\"\/\/sc04.alicdn.com\/kf\/Hb476b02098114050af5fe97a36c166ebX\/222400006\/Hb476b02098114050af5fe97a36c166ebX.jpg\" \/><\/div>\n<div><img decoding=\"async\" src=\"\/\/sc04.alicdn.com\/kf\/H52b89160de85462b81b7f9d9a1b4a913L\/222400006\/H52b89160de85462b81b7f9d9a1b4a913L.jpg\" data-src=\"\/\/sc04.alicdn.com\/kf\/H52b89160de85462b81b7f9d9a1b4a913L\/222400006\/H52b89160de85462b81b7f9d9a1b4a913L.jpg\" \/><\/div>\n<div><img decoding=\"async\" src=\"\/\/sc04.alicdn.com\/kf\/Hdad6ef9c12844447a875369e425483deS\/222400006\/Hdad6ef9c12844447a875369e425483deS.jpg\" data-src=\"\/\/sc04.alicdn.com\/kf\/Hdad6ef9c12844447a875369e425483deS\/222400006\/Hdad6ef9c12844447a875369e425483deS.jpg\" \/><\/div>\n<\/div>\n<\/div>\n<div>\n<div data-magic=\" \" data-magic-status=\"done\">\n<div data-reactroot=\"\"><\/div>\n<\/div>\n<\/div>\n<\/div>\n<\/div>","protected":false},"excerpt":{"rendered":"<p>Tela: Oxford \u00cdndice de impermeabilidad de la tienda exterior: 2000-3000 mm \u00cdndice de impermeabilidad inferior: 2000-3000 mm Tipo de construcci\u00f3n: Apertura autom\u00e1tica r\u00e1pida Estilo de la tienda: Estaca de la tienda tipo tubo Temporada: Estructura de la tienda de cuatro estaciones: Litera de un dormitorio: 3-4 dormitorios: 1 Peso (kg): 6 Tama\u00f1o: 210*210*120CM Resistente al agua: 2000-3000 Material de la tela<\/p>\n<div class=\"read-more\"><a class=\"btn btn-fill-out\" href=\"https:\/\/uoogear.com\/es\/producto\/automatic-outdoor-camping-tent-oxford-pop-up-high-quality-tents\/\">Leer m\u00e1s<\/a><\/div>","protected":false},"featured_media":4785,"template":"","meta":[],"product_brand":[],"product_cat":[15],"product_tag":[],"class_list":{"0":"post-4786","1":"product","2":"type-product","3":"status-publish","4":"has-post-thumbnail","6":"product_cat-uncategorized","7":"tm-no-options","9":"first","10":"instock","11":"shipping-taxable","12":"purchasable","13":"product-type-variable"},"_links":{"self":[{"href":"https:\/\/uoogear.com\/es\/wp-json\/wp\/v2\/product\/4786","targetHints":{"allow":["GET"]}}],"collection":[{"href":"https:\/\/uoogear.com\/es\/wp-json\/wp\/v2\/product"}],"about":[{"href":"https:\/\/uoogear.com\/es\/wp-json\/wp\/v2\/types\/product"}],"wp:featuredmedia":[{"embeddable":true,"href":"https:\/\/uoogear.com\/es\/wp-json\/wp\/v2\/media\/4785"}],"wp:attachment":[{"href":"https:\/\/uoogear.com\/es\/wp-json\/wp\/v2\/media?parent=4786"}],"wp:term":[{"taxonomy":"product_brand","embeddable":true,"href":"https:\/\/uoogear.com\/es\/wp-json\/wp\/v2\/product_brand?post=4786"},{"taxonomy":"product_cat","embeddable":true,"href":"https:\/\/uoogear.com\/es\/wp-json\/wp\/v2\/product_cat?post=4786"},{"taxonomy":"product_tag","embeddable":true,"href":"https:\/\/uoogear.com\/es\/wp-json\/wp\/v2\/product_tag?post=4786"}],"curies":[{"name":"wp","href":"https:\/\/api.w.org\/{rel}","templated":true}]}}