{"id":4825,"date":"2023-11-14T02:32:23","date_gmt":"2023-11-14T02:32:23","guid":{"rendered":"https:\/\/uoogear.com\/product\/4-person-double-layers-heated-automatic-camping-outdoor-tent\/"},"modified":"2023-11-30T02:36:43","modified_gmt":"2023-11-30T02:36:43","slug":"4-person-double-layers-heated-automatic-camping-outdoor-tent","status":"publish","type":"product","link":"https:\/\/uoogear.com\/es\/producto\/4-person-double-layers-heated-automatic-camping-outdoor-tent\/","title":{"rendered":"Tienda de campa\u00f1a autom\u00e1tica para acampar al aire libre con calefacci\u00f3n de doble capa para 4 personas"},"content":{"rendered":"<ul>\n<li><strong>\u00c1rea : <\/strong> 4.41<\/li>\n<li><strong>Tela : <\/strong> poli\u00e9ster 190T<\/li>\n<li><strong>Estilo de tienda: <\/strong> Camuflaje\/Juego de campo<\/li>\n<li><strong>Estaci\u00f3n : <\/strong> Tienda de campa\u00f1a de tres estaciones<\/li>\n<li><strong>Estructura : <\/strong> Una habitaci\u00f3n<\/li>\n<li><strong>Interno : <\/strong> poli\u00e9ster 190T<\/li>\n<li><strong>impermeable : <\/strong> PU2000<\/li>\n<li><strong>Piso : <\/strong> Oxford 210D<\/li>\n<li><strong>Tama\u00f1o : <\/strong> 200cm*180cm*130cm<\/li>\n<li><strong>capa : <\/strong> Doble<\/li>\n<li><strong>estaci\u00f3n : <\/strong> cuatro<\/li>\n<li><strong>Peso : <\/strong> 4,35 kilos<\/li>\n<li><strong>Nombre : <\/strong> Tienda de campa\u00f1a autom\u00e1tica para acampar al aire libre con calefacci\u00f3n de doble capa para 4 personas<\/li>\n<li><strong>Servicio postventa : <\/strong> A tiempo<\/li>\n<li><strong>Color : <\/strong> Azul<\/li>\n<\/ul>\n<p>&nbsp;<\/p>\n<p>Descripci\u00f3n del Producto<\/p>\n<div data-section=\"AliPostDhMb-t5fp0\" data-section-title=\"Product Description\">\n<div>\n<p>\u00a0<img loading=\"lazy\" decoding=\"async\" src=\"\/\/sc01.alicdn.com\/kf\/HTB1oDKpLXXXXXaoXpXXq6xXFXXXc\/222400006\/HTB1oDKpLXXXXXaoXpXXq6xXFXXXc.jpg\" alt=\"Tienda de campa\u00f1a autom\u00e1tica para acampar al aire libre con calefacci\u00f3n de doble capa para 4 personas\" width=\"750\" height=\"750\" data-src=\"\/\/sc01.alicdn.com\/kf\/HTB1oDKpLXXXXXaoXpXXq6xXFXXXc\/222400006\/HTB1oDKpLXXXXXaoXpXXq6xXFXXXc.jpg\" data-alt=\"4 person Double layers heated automatic camping outdoor tent\" \/><img loading=\"lazy\" decoding=\"async\" src=\"\/\/sc01.alicdn.com\/kf\/HTB1ko1gLXXXXXbaXFXXq6xXFXXXz\/222400006\/HTB1ko1gLXXXXXbaXFXXq6xXFXXXz.jpg\" alt=\"Tienda de campa\u00f1a autom\u00e1tica para acampar al aire libre con calefacci\u00f3n de doble capa para 4 personas\" width=\"750\" height=\"750\" data-src=\"\/\/sc01.alicdn.com\/kf\/HTB1ko1gLXXXXXbaXFXXq6xXFXXXz\/222400006\/HTB1ko1gLXXXXXbaXFXXq6xXFXXXz.jpg\" data-alt=\"4 person Double layers heated automatic camping outdoor tent\" \/><img loading=\"lazy\" decoding=\"async\" src=\"\/\/sc02.alicdn.com\/kf\/HTB1m0uxLXXXXXbnXXXXq6xXFXXX9\/222400006\/HTB1m0uxLXXXXXbnXXXXq6xXFXXX9.jpg\" alt=\"Tienda de campa\u00f1a autom\u00e1tica para acampar al aire libre con calefacci\u00f3n de doble capa para 4 personas\" width=\"750\" height=\"750\" data-src=\"\/\/sc02.alicdn.com\/kf\/HTB1m0uxLXXXXXbnXXXXq6xXFXXX9\/222400006\/HTB1m0uxLXXXXXbnXXXXq6xXFXXX9.jpg\" data-alt=\"4 person Double layers heated automatic camping outdoor tent\" \/><img loading=\"lazy\" decoding=\"async\" src=\"\/\/sc02.alicdn.com\/kf\/HTB1ISWkLXXXXXXkXXXXq6xXFXXXx\/222400006\/HTB1ISWkLXXXXXXkXXXXq6xXFXXXx.jpg\" alt=\"Tienda de campa\u00f1a autom\u00e1tica para acampar al aire libre con calefacci\u00f3n de doble capa para 4 personas\" width=\"750\" height=\"750\" data-src=\"\/\/sc02.alicdn.com\/kf\/HTB1ISWkLXXXXXXkXXXXq6xXFXXXx\/222400006\/HTB1ISWkLXXXXXXkXXXXq6xXFXXXx.jpg\" data-alt=\"4 person Double layers heated automatic camping outdoor tent\" \/><img loading=\"lazy\" decoding=\"async\" src=\"\/\/sc01.alicdn.com\/kf\/HTB1dfijLXXXXXc2XpXXq6xXFXXXG\/222400006\/HTB1dfijLXXXXXc2XpXXq6xXFXXXG.jpg\" alt=\"Tienda de campa\u00f1a autom\u00e1tica para acampar al aire libre con calefacci\u00f3n de doble capa para 4 personas\" width=\"750\" height=\"750\" data-src=\"\/\/sc01.alicdn.com\/kf\/HTB1dfijLXXXXXc2XpXXq6xXFXXXG\/222400006\/HTB1dfijLXXXXXc2XpXXq6xXFXXXG.jpg\" data-alt=\"4 person Double layers heated automatic camping outdoor tent\" \/><\/p>\n<p>&nbsp;<\/p>\n<p>&nbsp;<\/p>\n<\/div>\n<\/div>","protected":false},"excerpt":{"rendered":"<p>\u00c1rea: 4.41 Tela: poli\u00e9ster 190T Estilo de la tienda: Camuflaje\/Juego de campo Temporada: Estructura de la tienda de tres estaciones: Un dormitorio Interior: Poli\u00e9ster 190T impermeable: PU2000 Piso: Oxford 210D Tama\u00f1o: Capa de 200 cm * 180 cm * 130 cm: Doble temporada: cuatro Peso: 4,35 kg Nombre: Tienda de campa\u00f1a al aire libre autom\u00e1tica con calefacci\u00f3n de doble capa para 4 personas<\/p>\n<div class=\"read-more\"><a class=\"btn btn-fill-out\" href=\"https:\/\/uoogear.com\/es\/producto\/4-person-double-layers-heated-automatic-camping-outdoor-tent\/\">Leer m\u00e1s<\/a><\/div>","protected":false},"featured_media":4824,"template":"","meta":[],"product_brand":[],"product_cat":[15],"product_tag":[],"class_list":{"0":"post-4825","1":"product","2":"type-product","3":"status-publish","4":"has-post-thumbnail","6":"product_cat-uncategorized","7":"tm-no-options","9":"first","10":"instock","11":"shipping-taxable","12":"purchasable","13":"product-type-variable"},"_links":{"self":[{"href":"https:\/\/uoogear.com\/es\/wp-json\/wp\/v2\/product\/4825","targetHints":{"allow":["GET"]}}],"collection":[{"href":"https:\/\/uoogear.com\/es\/wp-json\/wp\/v2\/product"}],"about":[{"href":"https:\/\/uoogear.com\/es\/wp-json\/wp\/v2\/types\/product"}],"wp:featuredmedia":[{"embeddable":true,"href":"https:\/\/uoogear.com\/es\/wp-json\/wp\/v2\/media\/4824"}],"wp:attachment":[{"href":"https:\/\/uoogear.com\/es\/wp-json\/wp\/v2\/media?parent=4825"}],"wp:term":[{"taxonomy":"product_brand","embeddable":true,"href":"https:\/\/uoogear.com\/es\/wp-json\/wp\/v2\/product_brand?post=4825"},{"taxonomy":"product_cat","embeddable":true,"href":"https:\/\/uoogear.com\/es\/wp-json\/wp\/v2\/product_cat?post=4825"},{"taxonomy":"product_tag","embeddable":true,"href":"https:\/\/uoogear.com\/es\/wp-json\/wp\/v2\/product_tag?post=4825"}],"curies":[{"name":"wp","href":"https:\/\/api.w.org\/{rel}","templated":true}]}}