{"id":4852,"date":"2023-11-14T02:34:28","date_gmt":"2023-11-14T02:34:28","guid":{"rendered":"https:\/\/uoogear.com\/product\/large-throw-tent-outdoor-3-4-persons-automatic-speed-open-throwing-pop-up-windproof-waterproof-beach-camping-tent-large-space\/"},"modified":"2023-11-30T02:37:17","modified_gmt":"2023-11-30T02:37:17","slug":"large-throw-tent-outdoor-3-4-persons-automatic-speed-open-throwing-pop-up-windproof-waterproof-beach-camping-tent-large-space","status":"publish","type":"product","link":"https:\/\/uoogear.com\/es\/producto\/large-throw-tent-outdoor-3-4-persons-automatic-speed-open-throwing-pop-up-windproof-waterproof-beach-camping-tent-large-space\/","title":{"rendered":"Tienda de campa\u00f1a grande para exteriores, 3-4 personas, velocidad autom\u00e1tica, lanzamiento abierto, pop-up, resistente al viento, impermeable, tienda de campa\u00f1a para playa, gran espacio"},"content":{"rendered":"<ul>\n<li><strong>Material del poste: <\/strong> fibra de vidrio<\/li>\n<li><strong>Tipo : <\/strong> Tienda de campa\u00f1a para 3 o 4 personas<\/li>\n<li><strong>Tela : <\/strong> tela Oxford<\/li>\n<li><strong>Capas : <\/strong> Doble<\/li>\n<\/ul>\n<div>\n<p>Tienda de campa\u00f1a grande para exteriores, 3-4 personas, velocidad autom\u00e1tica, lanzamiento abierto, pop-up, resistente al viento, impermeable, tienda de campa\u00f1a para playa, gran espacio<\/p>\n<p>1. Las tiendas de campa\u00f1a familiares tienen un dise\u00f1o emergente, se abren en 5 segundos; son plegables, f\u00e1ciles de transportar, solo pesan 3,7 KG.<\/p>\n<p>2, puertas y ventanas de malla, cuatro lados de ventilaci\u00f3n, antimosquitos e insectos; se puede utilizar en 3 estaciones.<\/p>\n<p>3. Dise\u00f1o de doble puerta, f\u00e1cil de entrar y salir; tiendas de campa\u00f1a familiares. Las puertas y ventanas se pueden cerrar completamente para proteger el tiempo de privacidad.<\/p>\n<p>4. Tiendas de campa\u00f1a familiares con gran espacio, adecuadas para que 3-4 personas, amigos de la familia, las usen al aire libre.<\/p>\n<p>5. Alta calidad y durabilidad, las tiendas de campa\u00f1a familiares Star Home funcionar\u00e1n bien para viajes de campamento cortos con una familia peque\u00f1a, una pareja o un individuo. Las tiendas de campa\u00f1a familiares Star Home te permiten disfrutar de los buenos momentos.<\/p>\n<p>&nbsp;<\/p>\n<p><img decoding=\"async\" src=\"\/\/sc02.alicdn.com\/kf\/HTB1nNN1aubviK0jSZFNq6yApXXat\/222400006\/HTB1nNN1aubviK0jSZFNq6yApXXat.jpg\" alt=\"Tienda de campa\u00f1a grande para exteriores, 3-4 personas, velocidad autom\u00e1tica, lanzamiento abierto, pop-up, resistente al viento, impermeable, tienda de campa\u00f1a para playa, gran espacio\" width=\"750\" height=\"671.25\" data-src=\"\/\/sc02.alicdn.com\/kf\/HTB1nNN1aubviK0jSZFNq6yApXXat\/222400006\/HTB1nNN1aubviK0jSZFNq6yApXXat.jpg\" data-alt=\"Large throw tent outdoor 3-4 persons automatic speed open throwing pop up windproof waterproof beach camping tent large space\" \/><img decoding=\"async\" src=\"\/\/sc01.alicdn.com\/kf\/HTB1Fy3za1H2gK0jSZJnq6yT1FXaw\/222400006\/HTB1Fy3za1H2gK0jSZJnq6yT1FXaw.jpg\" alt=\"Tienda de campa\u00f1a grande para exteriores, 3-4 personas, velocidad autom\u00e1tica, lanzamiento abierto, pop-up, resistente al viento, impermeable, tienda de campa\u00f1a para playa, gran espacio\" width=\"750\" height=\"648.75\" data-src=\"\/\/sc01.alicdn.com\/kf\/HTB1Fy3za1H2gK0jSZJnq6yT1FXaw\/222400006\/HTB1Fy3za1H2gK0jSZJnq6yT1FXaw.jpg\" data-alt=\"Large throw tent outdoor 3-4 persons automatic speed open throwing pop up windproof waterproof beach camping tent large space\" \/><img decoding=\"async\" src=\"\/\/sc01.alicdn.com\/kf\/HTB1LwZza7L0gK0jSZFAq6AA9pXaD\/222400006\/HTB1LwZza7L0gK0jSZFAq6AA9pXaD.jpg\" alt=\"Tienda de campa\u00f1a grande para exteriores, 3-4 personas, velocidad autom\u00e1tica, lanzamiento abierto, pop-up, resistente al viento, impermeable, tienda de campa\u00f1a para playa, gran espacio\" width=\"750\" height=\"881.25\" data-src=\"\/\/sc01.alicdn.com\/kf\/HTB1LwZza7L0gK0jSZFAq6AA9pXaD\/222400006\/HTB1LwZza7L0gK0jSZFAq6AA9pXaD.jpg\" data-alt=\"Large throw tent outdoor 3-4 persons automatic speed open throwing pop up windproof waterproof beach camping tent large space\" \/><img decoding=\"async\" src=\"\/\/sc01.alicdn.com\/kf\/HTB1zyUya.D1gK0jSZFGq6zd3FXab\/222400006\/HTB1zyUya.D1gK0jSZFGq6zd3FXab.jpg\" alt=\"Tienda de campa\u00f1a grande para exteriores, 3-4 personas, velocidad autom\u00e1tica, lanzamiento abierto, pop-up, resistente al viento, impermeable, tienda de campa\u00f1a para playa, gran espacio\" width=\"750\" height=\"534.375\" data-src=\"\/\/sc01.alicdn.com\/kf\/HTB1zyUya.D1gK0jSZFGq6zd3FXab\/222400006\/HTB1zyUya.D1gK0jSZFGq6zd3FXab.jpg\" data-alt=\"Large throw tent outdoor 3-4 persons automatic speed open throwing pop up windproof waterproof beach camping tent large space\" \/><img loading=\"lazy\" decoding=\"async\" src=\"\/\/sc01.alicdn.com\/kf\/HTB1Ko3ya5_1gK0jSZFqq6ApaXXa8\/222400006\/HTB1Ko3ya5_1gK0jSZFqq6ApaXXa8.jpg\" alt=\"Tienda de campa\u00f1a grande para exteriores, 3-4 personas, velocidad autom\u00e1tica, lanzamiento abierto, pop-up, resistente al viento, impermeable, tienda de campa\u00f1a para playa, gran espacio\" width=\"750\" height=\"600\" data-src=\"\/\/sc01.alicdn.com\/kf\/HTB1Ko3ya5_1gK0jSZFqq6ApaXXa8\/222400006\/HTB1Ko3ya5_1gK0jSZFqq6ApaXXa8.jpg\" data-alt=\"Large throw tent outdoor 3-4 persons automatic speed open throwing pop up windproof waterproof beach camping tent large space\" \/><img decoding=\"async\" src=\"\/\/sc02.alicdn.com\/kf\/HTB1Hi7ya.T1gK0jSZFrq6ANCXXaS\/222400006\/HTB1Hi7ya.T1gK0jSZFrq6ANCXXaS.jpg\" alt=\"Tienda de campa\u00f1a grande para exteriores, 3-4 personas, velocidad autom\u00e1tica, lanzamiento abierto, pop-up, resistente al viento, impermeable, tienda de campa\u00f1a para playa, gran espacio\" width=\"750\" height=\"678.75\" data-src=\"\/\/sc02.alicdn.com\/kf\/HTB1Hi7ya.T1gK0jSZFrq6ANCXXaS\/222400006\/HTB1Hi7ya.T1gK0jSZFrq6ANCXXaS.jpg\" data-alt=\"Large throw tent outdoor 3-4 persons automatic speed open throwing pop up windproof waterproof beach camping tent large space\" \/><img decoding=\"async\" src=\"\/\/sc01.alicdn.com\/kf\/HTB1bxR1aubviK0jSZFNq6yApXXaI\/222400006\/HTB1bxR1aubviK0jSZFNq6yApXXaI.jpg\" alt=\"Tienda de campa\u00f1a grande para exteriores, 3-4 personas, velocidad autom\u00e1tica, lanzamiento abierto, pop-up, resistente al viento, impermeable, tienda de campa\u00f1a para playa, gran espacio\" width=\"750\" height=\"736.875\" data-src=\"\/\/sc01.alicdn.com\/kf\/HTB1bxR1aubviK0jSZFNq6yApXXaI\/222400006\/HTB1bxR1aubviK0jSZFNq6yApXXaI.jpg\" data-alt=\"Large throw tent outdoor 3-4 persons automatic speed open throwing pop up windproof waterproof beach camping tent large space\" \/><img decoding=\"async\" src=\"\/\/sc01.alicdn.com\/kf\/HTB1rewya2b2gK0jSZK9q6yEgFXae\/222400006\/HTB1rewya2b2gK0jSZK9q6yEgFXae.jpg\" alt=\"Tienda de campa\u00f1a grande para exteriores, 3-4 personas, velocidad autom\u00e1tica, lanzamiento abierto, pop-up, resistente al viento, impermeable, tienda de campa\u00f1a para playa, gran espacio\" width=\"750\" height=\"786.5625\" data-src=\"\/\/sc01.alicdn.com\/kf\/HTB1rewya2b2gK0jSZK9q6yEgFXae\/222400006\/HTB1rewya2b2gK0jSZK9q6yEgFXae.jpg\" data-alt=\"Large throw tent outdoor 3-4 persons automatic speed open throwing pop up windproof waterproof beach camping tent large space\" \/><img decoding=\"async\" src=\"\/\/sc01.alicdn.com\/kf\/HTB1lMEAaYH1gK0jSZFwq6A7aXXaG\/222400006\/HTB1lMEAaYH1gK0jSZFwq6A7aXXaG.jpg\" alt=\"Tienda de campa\u00f1a grande para exteriores, 3-4 personas, velocidad autom\u00e1tica, lanzamiento abierto, pop-up, resistente al viento, impermeable, tienda de campa\u00f1a para playa, gran espacio\" width=\"750\" height=\"676.875\" data-src=\"\/\/sc01.alicdn.com\/kf\/HTB1lMEAaYH1gK0jSZFwq6A7aXXaG\/222400006\/HTB1lMEAaYH1gK0jSZFwq6A7aXXaG.jpg\" data-alt=\"Large throw tent outdoor 3-4 persons automatic speed open throwing pop up windproof waterproof beach camping tent large space\" \/><img decoding=\"async\" src=\"\/\/sc01.alicdn.com\/kf\/HTB1U4wya7Y2gK0jSZFgq6A5OFXaP\/222400006\/HTB1U4wya7Y2gK0jSZFgq6A5OFXaP.jpg\" alt=\"Tienda de campa\u00f1a grande para exteriores, 3-4 personas, velocidad autom\u00e1tica, lanzamiento abierto, pop-up, resistente al viento, impermeable, tienda de campa\u00f1a para playa, gran espacio\" width=\"750\" height=\"725.6250000000001\" data-src=\"\/\/sc01.alicdn.com\/kf\/HTB1U4wya7Y2gK0jSZFgq6A5OFXaP\/222400006\/HTB1U4wya7Y2gK0jSZFgq6A5OFXaP.jpg\" data-alt=\"Large throw tent outdoor 3-4 persons automatic speed open throwing pop up windproof waterproof beach camping tent large space\" \/><img decoding=\"async\" src=\"\/\/sc01.alicdn.com\/kf\/HTB1ZuMya2b2gK0jSZK9q6yEgFXad\/222400006\/HTB1ZuMya2b2gK0jSZK9q6yEgFXad.jpg\" alt=\"Tienda de campa\u00f1a grande para exteriores, 3-4 personas, velocidad autom\u00e1tica, lanzamiento abierto, pop-up, resistente al viento, impermeable, tienda de campa\u00f1a para playa, gran espacio\" width=\"750\" height=\"684.375\" data-src=\"\/\/sc01.alicdn.com\/kf\/HTB1ZuMya2b2gK0jSZK9q6yEgFXad\/222400006\/HTB1ZuMya2b2gK0jSZK9q6yEgFXad.jpg\" data-alt=\"Large throw tent outdoor 3-4 persons automatic speed open throwing pop up windproof waterproof beach camping tent large space\" \/><img decoding=\"async\" src=\"\/\/sc02.alicdn.com\/kf\/HTB1cgUya7P2gK0jSZPxq6ycQpXaD\/222400006\/HTB1cgUya7P2gK0jSZPxq6ycQpXaD.jpg\" alt=\"Tienda de campa\u00f1a grande para exteriores, 3-4 personas, velocidad autom\u00e1tica, lanzamiento abierto, pop-up, resistente al viento, impermeable, tienda de campa\u00f1a para playa, gran espacio\" width=\"750\" height=\"1042.5\" data-src=\"\/\/sc02.alicdn.com\/kf\/HTB1cgUya7P2gK0jSZPxq6ycQpXaD\/222400006\/HTB1cgUya7P2gK0jSZPxq6ycQpXaD.jpg\" data-alt=\"Large throw tent outdoor 3-4 persons automatic speed open throwing pop up windproof waterproof beach camping tent large space\" \/><img decoding=\"async\" src=\"\/\/sc02.alicdn.com\/kf\/HTB1v_ZzaYr1gK0jSZR0q6zP8XXaj\/222400006\/HTB1v_ZzaYr1gK0jSZR0q6zP8XXaj.jpg\" alt=\"Tienda de campa\u00f1a grande para exteriores, 3-4 personas, velocidad autom\u00e1tica, lanzamiento abierto, pop-up, resistente al viento, impermeable, tienda de campa\u00f1a para playa, gran espacio\" width=\"750\" height=\"935.625\" data-src=\"\/\/sc02.alicdn.com\/kf\/HTB1v_ZzaYr1gK0jSZR0q6zP8XXaj\/222400006\/HTB1v_ZzaYr1gK0jSZR0q6zP8XXaj.jpg\" data-alt=\"Large throw tent outdoor 3-4 persons automatic speed open throwing pop up windproof waterproof beach camping tent large space\" \/><img decoding=\"async\" src=\"\/\/sc01.alicdn.com\/kf\/HTB1KH7BaYj1gK0jSZFOq6A7GpXag\/222400006\/HTB1KH7BaYj1gK0jSZFOq6A7GpXag.jpg\" alt=\"Tienda de campa\u00f1a grande para exteriores, 3-4 personas, velocidad autom\u00e1tica, lanzamiento abierto, pop-up, resistente al viento, impermeable, tienda de campa\u00f1a para playa, gran espacio\" width=\"750\" height=\"736.875\" data-src=\"\/\/sc01.alicdn.com\/kf\/HTB1KH7BaYj1gK0jSZFOq6A7GpXag\/222400006\/HTB1KH7BaYj1gK0jSZFOq6A7GpXag.jpg\" data-alt=\"Large throw tent outdoor 3-4 persons automatic speed open throwing pop up windproof waterproof beach camping tent large space\" \/><\/p>\n<\/div>","protected":false},"excerpt":{"rendered":"<p>Material del poste: fibra de vidrio Tipo: tienda de campa\u00f1a para 3 a 4 personas Tela: tela Oxford Capas: tienda de campa\u00f1a doble grande para exteriores 3-4 personas velocidad autom\u00e1tica lanzamiento abierto pop-up a prueba de viento impermeable tienda de campa\u00f1a para la playa gran espacio 1, las tiendas de campa\u00f1a familiares tienen un dise\u00f1o emergente , se abre en 5 segundos; plegable, f\u00e1cil de transportar, solo 3,7 KG. 2, puertas de malla<\/p>\n<div class=\"read-more\"><a class=\"btn btn-fill-out\" href=\"https:\/\/uoogear.com\/es\/producto\/large-throw-tent-outdoor-3-4-persons-automatic-speed-open-throwing-pop-up-windproof-waterproof-beach-camping-tent-large-space\/\">Leer m\u00e1s<\/a><\/div>","protected":false},"featured_media":4850,"template":"","meta":[],"product_brand":[],"product_cat":[15],"product_tag":[],"class_list":{"0":"post-4852","1":"product","2":"type-product","3":"status-publish","4":"has-post-thumbnail","6":"product_cat-uncategorized","7":"tm-no-options","9":"first","10":"instock","11":"shipping-taxable","12":"purchasable","13":"product-type-variable"},"_links":{"self":[{"href":"https:\/\/uoogear.com\/es\/wp-json\/wp\/v2\/product\/4852","targetHints":{"allow":["GET"]}}],"collection":[{"href":"https:\/\/uoogear.com\/es\/wp-json\/wp\/v2\/product"}],"about":[{"href":"https:\/\/uoogear.com\/es\/wp-json\/wp\/v2\/types\/product"}],"wp:featuredmedia":[{"embeddable":true,"href":"https:\/\/uoogear.com\/es\/wp-json\/wp\/v2\/media\/4850"}],"wp:attachment":[{"href":"https:\/\/uoogear.com\/es\/wp-json\/wp\/v2\/media?parent=4852"}],"wp:term":[{"taxonomy":"product_brand","embeddable":true,"href":"https:\/\/uoogear.com\/es\/wp-json\/wp\/v2\/product_brand?post=4852"},{"taxonomy":"product_cat","embeddable":true,"href":"https:\/\/uoogear.com\/es\/wp-json\/wp\/v2\/product_cat?post=4852"},{"taxonomy":"product_tag","embeddable":true,"href":"https:\/\/uoogear.com\/es\/wp-json\/wp\/v2\/product_tag?post=4852"}],"curies":[{"name":"wp","href":"https:\/\/api.w.org\/{rel}","templated":true}]}}