{"id":4884,"date":"2023-11-14T02:58:45","date_gmt":"2023-11-14T02:58:45","guid":{"rendered":"https:\/\/uoogear.com\/product\/camping-waterproof-triangular-tent-box-rooftop-aluminum-hard-shell-car-roof-top-tent-with-roof-rack\/"},"modified":"2023-11-30T08:58:14","modified_gmt":"2023-11-30T08:58:14","slug":"camping-waterproof-triangular-tent-box-rooftop-aluminum-hard-shell-car-roof-top-tent-with-roof-rack","status":"publish","type":"product","link":"https:\/\/uoogear.com\/es\/producto\/camping-waterproof-triangular-tent-box-rooftop-aluminum-hard-shell-car-roof-top-tent-with-roof-rack\/","title":{"rendered":"Tienda de campa\u00f1a Triangular impermeable para acampar, carpa de techo dura de aluminio para techo de coche con portaequipajes"},"content":{"rendered":"<ul>\n<li><strong>\u00c1rea : <\/strong> 36 pies cuadrados<\/li>\n<li><strong>Tela : <\/strong> Lienzo<\/li>\n<li><strong>\u00cdndice de impermeabilidad de la tienda exterior: <\/strong> 2000-3000 mil\u00edmetros, &gt;3000 mil\u00edmetros<\/li>\n<li><strong>\u00cdndice de impermeabilidad inferior: <\/strong> &gt;3000 mil\u00edmetros<\/li>\n<li><strong>Tipo de construcci\u00f3n : <\/strong> Apertura autom\u00e1tica r\u00e1pida<\/li>\n<li><strong>Estilo de tienda: <\/strong> Tipo de refuerzo recto<\/li>\n<li><strong>Estaci\u00f3n : <\/strong> Tienda de campa\u00f1a de cuatro estaciones<\/li>\n<li><strong>Estructura : <\/strong> Una habitaci\u00f3n<\/li>\n<li><strong>Color : <\/strong> Negro<\/li>\n<li><strong>Ampliar tama\u00f1o : <\/strong> 211*131*160cm<\/li>\n<li><strong>Tama\u00f1o cerrado: <\/strong> 211*131*18cm<\/li>\n<li><strong>Tama\u00f1o de embalaje : <\/strong> 226*145*24,5 cm<\/li>\n<li><strong>Peso : <\/strong> 77 kilos<\/li>\n<li><strong>Preguntas frecuentes sobre el uso: <\/strong> Consulta siuhaau.com<\/li>\n<li><strong>Paquete : <\/strong> Cart\u00f3n de alta calidad<\/li>\n<li><strong>Accesorios : <\/strong> Escalera<\/li>\n<\/ul>\n<div>\n<div>\n<div data-magic-global=\"%7B%22bizId%22%3A2207117785596%2C%22pageId%22%3A21105462019%2C%22siteId%22%3A5005940078%7D\">\n<div>\n<div>\n<div>\n<div>\n<div>\n<div><\/div>\n<\/div>\n<\/div>\n<\/div>\n<\/div>\n<\/div>\n<div>\n<div>\n<div><\/div>\n<div><img decoding=\"async\" src=\"https:\/\/uoogear.com\/wp-content\/uploads\/2023\/11\/H548c7211e3304ea49f2cab003ee88757p.webp\" data-src=\"https:\/\/uoogear.com\/wp-content\/uploads\/2023\/11\/H548c7211e3304ea49f2cab003ee88757p.webp\" \/><\/div>\n<div><\/div>\n<div><img decoding=\"async\" src=\"https:\/\/uoogear.com\/wp-content\/uploads\/2023\/11\/H8d78135980314e898bd1db72fc4cc64dC.webp\" data-src=\"https:\/\/uoogear.com\/wp-content\/uploads\/2023\/11\/H8d78135980314e898bd1db72fc4cc64dC.webp\" \/><\/div>\n<div><img decoding=\"async\" src=\"https:\/\/uoogear.com\/wp-content\/uploads\/2023\/11\/H5edd07b0762d4d4f93a05a20991f0c7b5.webp\" data-src=\"https:\/\/uoogear.com\/wp-content\/uploads\/2023\/11\/H5edd07b0762d4d4f93a05a20991f0c7b5.webp\" \/><\/div>\n<div><img decoding=\"async\" src=\"https:\/\/uoogear.com\/wp-content\/uploads\/2023\/11\/H89feb526c81b4f2c92e3b011a49a3499z.webp\" data-src=\"https:\/\/uoogear.com\/wp-content\/uploads\/2023\/11\/H89feb526c81b4f2c92e3b011a49a3499z.webp\" \/><\/div>\n<div><img decoding=\"async\" src=\"https:\/\/uoogear.com\/wp-content\/uploads\/2023\/11\/H3934439b22a3493383e363605a816a2ez.webp\" data-src=\"https:\/\/uoogear.com\/wp-content\/uploads\/2023\/11\/H3934439b22a3493383e363605a816a2ez.webp\" \/><\/div>\n<div><img decoding=\"async\" src=\"https:\/\/uoogear.com\/wp-content\/uploads\/2023\/11\/He77909c4dab0412f9fd2cba1f4ae19b8y.webp\" data-src=\"https:\/\/uoogear.com\/wp-content\/uploads\/2023\/11\/He77909c4dab0412f9fd2cba1f4ae19b8y.webp\" \/><\/div>\n<div><img decoding=\"async\" src=\"https:\/\/uoogear.com\/wp-content\/uploads\/2023\/11\/Hbc9dc13fe851467e956ca71b9fdb7d31P.webp\" data-src=\"https:\/\/uoogear.com\/wp-content\/uploads\/2023\/11\/Hbc9dc13fe851467e956ca71b9fdb7d31P.webp\" \/><\/div>\n<div><img decoding=\"async\" src=\"https:\/\/uoogear.com\/wp-content\/uploads\/2023\/11\/H23698b3ece2d475ca6978e757c788a9f3.webp\" data-src=\"https:\/\/uoogear.com\/wp-content\/uploads\/2023\/11\/H23698b3ece2d475ca6978e757c788a9f3.webp\" \/><\/div>\n<\/div>\n<\/div>\n<div>\n<div><\/div>\n<\/div>\n<\/div>\n<\/div>\n<div>\n<div>\n<div>\n<div>\n<div>\n<div><\/div>\n<\/div>\n<\/div>\n<\/div>\n<\/div>\n<\/div>\n<\/div>","protected":false},"excerpt":{"rendered":"<p>\u00c1rea: 36 pies cuadrados Tela: Lona Carpa exterior \u00cdndice de impermeabilidad: 2000-3000 mm, &gt;3000 mm \u00cdndice de impermeabilidad inferior: &gt;3000 mm Tipo de construcci\u00f3n: Apertura autom\u00e1tica r\u00e1pida Estilo de carpa: Tipo de refuerzo recto Temporada: Carpa para cuatro estaciones Estructura: Un dormitorio Color: Negro Ampliar tama\u00f1o: 211*131*160 cm Tama\u00f1o cerrado: 211*131*18 cm Embalaje<\/p>\n<div class=\"read-more\"><a class=\"btn btn-fill-out\" href=\"https:\/\/uoogear.com\/es\/producto\/camping-waterproof-triangular-tent-box-rooftop-aluminum-hard-shell-car-roof-top-tent-with-roof-rack\/\">Leer m\u00e1s<\/a><\/div>","protected":false},"featured_media":4883,"template":"","meta":[],"product_brand":[],"product_cat":[15],"product_tag":[],"class_list":{"0":"post-4884","1":"product","2":"type-product","3":"status-publish","4":"has-post-thumbnail","6":"product_cat-uncategorized","7":"tm-no-options","9":"first","10":"instock","11":"shipping-taxable","12":"purchasable","13":"product-type-variable"},"_links":{"self":[{"href":"https:\/\/uoogear.com\/es\/wp-json\/wp\/v2\/product\/4884","targetHints":{"allow":["GET"]}}],"collection":[{"href":"https:\/\/uoogear.com\/es\/wp-json\/wp\/v2\/product"}],"about":[{"href":"https:\/\/uoogear.com\/es\/wp-json\/wp\/v2\/types\/product"}],"wp:featuredmedia":[{"embeddable":true,"href":"https:\/\/uoogear.com\/es\/wp-json\/wp\/v2\/media\/4883"}],"wp:attachment":[{"href":"https:\/\/uoogear.com\/es\/wp-json\/wp\/v2\/media?parent=4884"}],"wp:term":[{"taxonomy":"product_brand","embeddable":true,"href":"https:\/\/uoogear.com\/es\/wp-json\/wp\/v2\/product_brand?post=4884"},{"taxonomy":"product_cat","embeddable":true,"href":"https:\/\/uoogear.com\/es\/wp-json\/wp\/v2\/product_cat?post=4884"},{"taxonomy":"product_tag","embeddable":true,"href":"https:\/\/uoogear.com\/es\/wp-json\/wp\/v2\/product_tag?post=4884"}],"curies":[{"name":"wp","href":"https:\/\/api.w.org\/{rel}","templated":true}]}}