{"id":4901,"date":"2023-11-14T03:01:01","date_gmt":"2023-11-14T03:01:01","guid":{"rendered":"https:\/\/uoogear.com\/product\/abs-shell-outdoor-fishing-hiking-waterproof-self-driving-3-4-people-hard-shell-car-rooftop-tent\/"},"modified":"2023-11-30T09:44:09","modified_gmt":"2023-11-30T09:44:09","slug":"abs-shell-outdoor-fishing-hiking-waterproof-self-driving-3-4-people-hard-shell-car-rooftop-tent","status":"publish","type":"product","link":"https:\/\/uoogear.com\/es\/producto\/abs-shell-outdoor-fishing-hiking-waterproof-self-driving-3-4-people-hard-shell-car-rooftop-tent\/","title":{"rendered":"Carcasa de ABS para pesca al aire libre, senderismo, impermeable, conducci\u00f3n autom\u00e1tica, 3-4 personas, carcasa dura, tienda de campa\u00f1a en la azotea para coche"},"content":{"rendered":"<ul>\n<li><strong>Tela : <\/strong> Oxford<\/li>\n<li><strong>\u00cdndice de impermeabilidad de la tienda exterior: <\/strong> &gt;3000 mil\u00edmetros<\/li>\n<li><strong>\u00cdndice de impermeabilidad inferior: <\/strong> &gt;3000 mil\u00edmetros<\/li>\n<li><strong>Tipo de construcci\u00f3n : <\/strong> Apertura autom\u00e1tica r\u00e1pida<\/li>\n<li><strong>Estilo de tienda: <\/strong> Tipo extendido<\/li>\n<li><strong>Estaci\u00f3n : <\/strong> Tienda de campa\u00f1a de cuatro estaciones<\/li>\n<li><strong>Estructura : <\/strong> Una habitaci\u00f3n<\/li>\n<\/ul>\n<div>\n<div><\/div>\n<div data-section=\"AliMagic-hrd3pr\" data-section-title=\"Product Description\">\n<div>Descripci\u00f3n del Producto<\/div>\n<\/div>\n<div>\n<div>\n<div><\/div>\n<div><img decoding=\"async\" src=\"https:\/\/uoogear.com\/wp-content\/uploads\/2023\/11\/H029fb630ca0341d8846da96c169d17236.webp\" data-src=\"https:\/\/uoogear.com\/wp-content\/uploads\/2023\/11\/H029fb630ca0341d8846da96c169d17236.webp\" \/><\/div>\n<div><\/div>\n<div><img decoding=\"async\" src=\"https:\/\/uoogear.com\/wp-content\/uploads\/2023\/11\/H72de8f0cdf5542eb8d20950522075a96V.webp\" data-src=\"https:\/\/uoogear.com\/wp-content\/uploads\/2023\/11\/H72de8f0cdf5542eb8d20950522075a96V.webp\" \/><\/div>\n<div><img decoding=\"async\" src=\"https:\/\/uoogear.com\/wp-content\/uploads\/2023\/11\/Hd756f10a2e2f434f906ce361b29347316.webp\" data-src=\"https:\/\/uoogear.com\/wp-content\/uploads\/2023\/11\/Hd756f10a2e2f434f906ce361b29347316.webp\" \/><\/div>\n<div><\/div>\n<div><img decoding=\"async\" src=\"https:\/\/uoogear.com\/wp-content\/uploads\/2023\/11\/Hdd89b6562c6d4a8aa04a2d38578d2c798.webp\" data-src=\"https:\/\/uoogear.com\/wp-content\/uploads\/2023\/11\/Hdd89b6562c6d4a8aa04a2d38578d2c798.webp\" \/><\/div>\n<div><\/div>\n<div><\/div>\n<div><\/div>\n<\/div>\n<\/div>\n<div>\n<div>\n<div>\n<div>\n<div>\n<div><img decoding=\"async\" src=\"https:\/\/uoogear.com\/wp-content\/uploads\/2023\/11\/H26b68f626c434dd8b6346b00ce432d78V.webp\" data-src=\"https:\/\/uoogear.com\/wp-content\/uploads\/2023\/11\/H26b68f626c434dd8b6346b00ce432d78V.webp\" \/><\/div>\n<div><img decoding=\"async\" src=\"https:\/\/uoogear.com\/wp-content\/uploads\/2023\/11\/He80caa00c7fc4cbaa44939ba3e710f87b.webp\" data-src=\"https:\/\/uoogear.com\/wp-content\/uploads\/2023\/11\/He80caa00c7fc4cbaa44939ba3e710f87b.webp\" \/><\/div>\n<div><img decoding=\"async\" src=\"https:\/\/uoogear.com\/wp-content\/uploads\/2023\/11\/Heaf9d79c28cb48079459a43826f6d4d61.webp\" data-src=\"https:\/\/uoogear.com\/wp-content\/uploads\/2023\/11\/Heaf9d79c28cb48079459a43826f6d4d61.webp\" \/><\/div>\n<\/div>\n<\/div>\n<\/div>\n<\/div>\n<\/div>\n<div>\n<div>\n<div>\n<div>\n<div>\n<div><img decoding=\"async\" src=\"https:\/\/uoogear.com\/wp-content\/uploads\/2023\/11\/H332a10f8a41f43d3b50d3be4aed2fe9di.webp\" data-src=\"https:\/\/uoogear.com\/wp-content\/uploads\/2023\/11\/H332a10f8a41f43d3b50d3be4aed2fe9di.webp\" \/><\/div>\n<div><img decoding=\"async\" src=\"https:\/\/uoogear.com\/wp-content\/uploads\/2023\/11\/H47a6974a2806436cb2af7964a6f7842cF.webp\" data-src=\"https:\/\/uoogear.com\/wp-content\/uploads\/2023\/11\/H47a6974a2806436cb2af7964a6f7842cF.webp\" \/><\/div>\n<\/div>\n<\/div>\n<\/div>\n<\/div>\n<\/div>\n<div>\n<div>\n<div>\n<div>\n<div>\n<div><img decoding=\"async\" src=\"https:\/\/uoogear.com\/wp-content\/uploads\/2023\/11\/H328f276e1be54b80a126fc9fb1ae1ba3A.webp\" data-src=\"https:\/\/uoogear.com\/wp-content\/uploads\/2023\/11\/H328f276e1be54b80a126fc9fb1ae1ba3A.webp\" \/><\/div>\n<\/div>\n<\/div>\n<\/div>\n<\/div>\n<\/div>\n<div>\n<div>\n<div>\n<div>\n<div>\n<div><img decoding=\"async\" src=\"https:\/\/uoogear.com\/wp-content\/uploads\/2023\/11\/H16389549341546f59bff3275ff30a259B.webp\" data-src=\"https:\/\/uoogear.com\/wp-content\/uploads\/2023\/11\/H16389549341546f59bff3275ff30a259B.webp\" \/><\/div>\n<\/div>\n<\/div>\n<\/div>\n<\/div>\n<\/div>\n<div>\n<div>\n<div>\n<div>\n<div>\n<div><\/div>\n<div><\/div>\n<\/div>\n<\/div>\n<\/div>\n<\/div>\n<\/div>\n<div>\n<div>\n<div>\n<div>\n<div>\n<div><img decoding=\"async\" src=\"https:\/\/uoogear.com\/wp-content\/uploads\/2023\/11\/H135d81af71d0429185aa815af762bdf2J.webp\" data-src=\"https:\/\/uoogear.com\/wp-content\/uploads\/2023\/11\/H135d81af71d0429185aa815af762bdf2J.webp\" \/><\/div>\n<\/div>\n<\/div>\n<\/div>\n<\/div>\n<\/div>\n<div data-section=\"AliPostDhMb-2cuo4\" data-section-title=\"Company Information\">\n<div><\/div>\n<\/div>\n<div>\n<div>\n<div>\n<div>\n<div><\/div>\n<\/div>\n<\/div>\n<\/div>\n<\/div>\n<\/div>","protected":false},"excerpt":{"rendered":"<p>Tela: Oxford \u00cdndice de impermeabilidad de la tienda exterior: &gt;3000 mm \u00cdndice de impermeabilidad inferior: &gt;3000 mm Tipo de construcci\u00f3n: Apertura autom\u00e1tica r\u00e1pida Estilo de la tienda: Tipo extendido Temporada: Cuatro estaciones Estructura de la tienda: Un dormitorio Descripci\u00f3n del producto<\/p>","protected":false},"featured_media":4900,"template":"","meta":[],"product_brand":[],"product_cat":[15],"product_tag":[],"class_list":{"0":"post-4901","1":"product","2":"type-product","3":"status-publish","4":"has-post-thumbnail","6":"product_cat-uncategorized","7":"tm-no-options","9":"first","10":"instock","11":"shipping-taxable","12":"purchasable","13":"product-type-variable"},"_links":{"self":[{"href":"https:\/\/uoogear.com\/es\/wp-json\/wp\/v2\/product\/4901","targetHints":{"allow":["GET"]}}],"collection":[{"href":"https:\/\/uoogear.com\/es\/wp-json\/wp\/v2\/product"}],"about":[{"href":"https:\/\/uoogear.com\/es\/wp-json\/wp\/v2\/types\/product"}],"wp:featuredmedia":[{"embeddable":true,"href":"https:\/\/uoogear.com\/es\/wp-json\/wp\/v2\/media\/4900"}],"wp:attachment":[{"href":"https:\/\/uoogear.com\/es\/wp-json\/wp\/v2\/media?parent=4901"}],"wp:term":[{"taxonomy":"product_brand","embeddable":true,"href":"https:\/\/uoogear.com\/es\/wp-json\/wp\/v2\/product_brand?post=4901"},{"taxonomy":"product_cat","embeddable":true,"href":"https:\/\/uoogear.com\/es\/wp-json\/wp\/v2\/product_cat?post=4901"},{"taxonomy":"product_tag","embeddable":true,"href":"https:\/\/uoogear.com\/es\/wp-json\/wp\/v2\/product_tag?post=4901"}],"curies":[{"name":"wp","href":"https:\/\/api.w.org\/{rel}","templated":true}]}}