{"id":4912,"date":"2023-11-14T03:01:40","date_gmt":"2023-11-14T03:01:40","guid":{"rendered":"https:\/\/uoogear.com\/product\/wholesale-high-quality-600d-heavy-duty-270-degree-annex-awnings-2-0m-radius-car-side-tent\/"},"modified":"2023-11-30T13:00:53","modified_gmt":"2023-11-30T13:00:53","slug":"wholesale-high-quality-600d-heavy-duty-270-degree-annex-awnings-2-0m-radius-car-side-tent","status":"publish","type":"product","link":"https:\/\/uoogear.com\/es\/producto\/wholesale-high-quality-600d-heavy-duty-270-degree-annex-awnings-2-0m-radius-car-side-tent\/","title":{"rendered":"Venta al por mayor de alta calidad 600D resistente 270 grados anexo toldos 2,0 m radio tienda lateral del coche"},"content":{"rendered":"<ul>\n<li><strong>Tela : <\/strong> Lienzo<\/li>\n<li><strong>\u00cdndice de impermeabilidad de la tienda exterior: <\/strong> &gt;3000 mil\u00edmetros<\/li>\n<li><strong>\u00cdndice de impermeabilidad inferior: <\/strong> &gt;3000 mil\u00edmetros<\/li>\n<li><strong>Tipo de construcci\u00f3n : <\/strong> Apertura autom\u00e1tica r\u00e1pida<\/li>\n<li><strong>Estilo de tienda: <\/strong> Tipo extendido<\/li>\n<li><strong>Estaci\u00f3n : <\/strong> Tienda de campa\u00f1a de cuatro estaciones<\/li>\n<li><strong>Estructura : <\/strong> Una habitaci\u00f3n<\/li>\n<li><strong>Logotipo: <\/strong> Logotipo personalizado<\/li>\n<li><strong>Material : <\/strong> Tela Oxford 420D.<\/li>\n<li><strong>Tama\u00f1o : <\/strong> Radio de 2,0 m.<\/li>\n<li><strong>Material de la c\u00e1scara : <\/strong> Revestimiento de PU+<\/li>\n<li><strong>PESO : <\/strong> 18 kilos<\/li>\n<li><strong>Color : <\/strong> Color personalizado<\/li>\n<li><strong>Accesorios : <\/strong> Instalar herramientas<\/li>\n<\/ul>\n<div>\n<div><\/div>\n<div data-section=\"AliMagic-yr3krd\" data-section-title=\"Product Description\">\n<div>Descripci\u00f3n del Producto<\/div>\n<\/div>\n<div>\n<div><\/div>\n<\/div>\n<div>\n<div>\n<div><img decoding=\"async\" src=\"https:\/\/uoogear.com\/wp-content\/uploads\/2023\/11\/H386e17b125d547299ef28d583c6ba4a60.webp\" data-src=\"https:\/\/uoogear.com\/wp-content\/uploads\/2023\/11\/H386e17b125d547299ef28d583c6ba4a60.webp\" \/><\/div>\n<div><img decoding=\"async\" src=\"https:\/\/uoogear.com\/wp-content\/uploads\/2023\/11\/Heec4a9a8011a4adf9c48e3551eebb3d3e.webp\" data-src=\"https:\/\/uoogear.com\/wp-content\/uploads\/2023\/11\/Heec4a9a8011a4adf9c48e3551eebb3d3e.webp\" \/><\/div>\n<div><img decoding=\"async\" src=\"https:\/\/uoogear.com\/wp-content\/uploads\/2023\/11\/Hb655f27e50804cc8a9cd6602dbd44efcM.webp\" data-src=\"https:\/\/uoogear.com\/wp-content\/uploads\/2023\/11\/Hb655f27e50804cc8a9cd6602dbd44efcM.webp\" \/><\/div>\n<div><img decoding=\"async\" src=\"https:\/\/uoogear.com\/wp-content\/uploads\/2023\/11\/Hf3ab00c00e444b0f860487d59666dc31y.webp\" data-src=\"https:\/\/uoogear.com\/wp-content\/uploads\/2023\/11\/Hf3ab00c00e444b0f860487d59666dc31y.webp\" \/><\/div>\n<div><img decoding=\"async\" src=\"https:\/\/uoogear.com\/wp-content\/uploads\/2023\/11\/H341c3698dad14bbd87678bc6294fb397W.webp\" data-src=\"https:\/\/uoogear.com\/wp-content\/uploads\/2023\/11\/H341c3698dad14bbd87678bc6294fb397W.webp\" \/><\/div>\n<div><img decoding=\"async\" src=\"https:\/\/uoogear.com\/wp-content\/uploads\/2023\/11\/H1ff7bdcd2eb4434a95df486d233d1fc8o.webp\" data-src=\"https:\/\/uoogear.com\/wp-content\/uploads\/2023\/11\/H1ff7bdcd2eb4434a95df486d233d1fc8o.webp\" \/><\/div>\n<div><img decoding=\"async\" src=\"https:\/\/uoogear.com\/wp-content\/uploads\/2023\/11\/H37764f16193549108462366602eda40aM.webp\" data-src=\"https:\/\/uoogear.com\/wp-content\/uploads\/2023\/11\/H37764f16193549108462366602eda40aM.webp\" \/><\/div>\n<div><\/div>\n<div><\/div>\n<\/div>\n<\/div>\n<div>\n<div>\n<div>\n<div>\n<div>\n<div><img decoding=\"async\" src=\"https:\/\/uoogear.com\/wp-content\/uploads\/2023\/11\/H008af11f9b364f9295cba811f4584d60B.webp\" data-src=\"https:\/\/uoogear.com\/wp-content\/uploads\/2023\/11\/H008af11f9b364f9295cba811f4584d60B.webp\" \/><\/div>\n<div><img decoding=\"async\" src=\"https:\/\/uoogear.com\/wp-content\/uploads\/2023\/11\/Hd322d8506ecc447bac6d135caef28c04X.webp\" data-src=\"https:\/\/uoogear.com\/wp-content\/uploads\/2023\/11\/Hd322d8506ecc447bac6d135caef28c04X.webp\" \/><\/div>\n<\/div>\n<\/div>\n<\/div>\n<\/div>\n<\/div>\n<div><\/div>\n<div data-section=\"AliPostDhMb-fmdut\" data-section-title=\"Company Information\">\n<div><\/div>\n<div><\/div>\n<\/div>\n<\/div>","protected":false},"excerpt":{"rendered":"<p>Tela: Lona \u00cdndice de impermeabilidad de la tienda exterior: &gt;3000 mm \u00cdndice de impermeabilidad inferior: &gt;3000 mm Tipo de construcci\u00f3n: Apertura autom\u00e1tica r\u00e1pida Estilo de la tienda: Tipo extendido Temporada: Estructura de la tienda de cuatro estaciones: Un dormitorio Logotipo: Logotipo personalizado Material: Tela Oxford 420D Tama\u00f1o: Radio de 2,0 m Material de la carcasa: PU+revestimiento PESO: 18 kg<\/p>\n<div class=\"read-more\"><a class=\"btn btn-fill-out\" href=\"https:\/\/uoogear.com\/es\/producto\/wholesale-high-quality-600d-heavy-duty-270-degree-annex-awnings-2-0m-radius-car-side-tent\/\">Leer m\u00e1s<\/a><\/div>","protected":false},"featured_media":4910,"template":"","meta":[],"product_brand":[],"product_cat":[15],"product_tag":[],"class_list":{"0":"post-4912","1":"product","2":"type-product","3":"status-publish","4":"has-post-thumbnail","6":"product_cat-uncategorized","7":"tm-no-options","9":"first","10":"instock","11":"shipping-taxable","12":"purchasable","13":"product-type-variable"},"_links":{"self":[{"href":"https:\/\/uoogear.com\/es\/wp-json\/wp\/v2\/product\/4912","targetHints":{"allow":["GET"]}}],"collection":[{"href":"https:\/\/uoogear.com\/es\/wp-json\/wp\/v2\/product"}],"about":[{"href":"https:\/\/uoogear.com\/es\/wp-json\/wp\/v2\/types\/product"}],"wp:featuredmedia":[{"embeddable":true,"href":"https:\/\/uoogear.com\/es\/wp-json\/wp\/v2\/media\/4910"}],"wp:attachment":[{"href":"https:\/\/uoogear.com\/es\/wp-json\/wp\/v2\/media?parent=4912"}],"wp:term":[{"taxonomy":"product_brand","embeddable":true,"href":"https:\/\/uoogear.com\/es\/wp-json\/wp\/v2\/product_brand?post=4912"},{"taxonomy":"product_cat","embeddable":true,"href":"https:\/\/uoogear.com\/es\/wp-json\/wp\/v2\/product_cat?post=4912"},{"taxonomy":"product_tag","embeddable":true,"href":"https:\/\/uoogear.com\/es\/wp-json\/wp\/v2\/product_tag?post=4912"}],"curies":[{"name":"wp","href":"https:\/\/api.w.org\/{rel}","templated":true}]}}