{"id":5005,"date":"2023-11-14T03:13:24","date_gmt":"2023-11-14T03:13:24","guid":{"rendered":"https:\/\/uoogear.com\/product\/2022-new-hard-shell-aluminum-suv-car-roof-top-tent-aluminum-shell-waterproof-camping-rooftop-tent\/"},"modified":"2024-04-02T22:25:23","modified_gmt":"2024-04-02T14:25:23","slug":"2022-new-hard-shell-aluminum-suv-car-roof-top-tent-aluminum-shell-waterproof-camping-rooftop-tent","status":"publish","type":"product","link":"https:\/\/uoogear.com\/es\/producto\/2022-new-hard-shell-aluminum-suv-car-roof-top-tent-aluminum-shell-waterproof-camping-rooftop-tent\/","title":{"rendered":"Tienda de aluminio dura del tejado del coche del SUV de la nueva c\u00e1scara 2022 tienda impermeable de aluminio del tejado que acampa"},"content":{"rendered":"<ul>\n<li><strong>\u00c1rea : <\/strong> 217*130*155CM<\/li>\n<li><strong>Tela : <\/strong> Lienzo<\/li>\n<li><strong>\u00cdndice de impermeabilidad de la tienda exterior: <\/strong> &gt;3000 mil\u00edmetros<\/li>\n<li><strong>\u00cdndice de impermeabilidad inferior: <\/strong> 2000-3000 mil\u00edmetros<\/li>\n<li><strong>Tipo de construcci\u00f3n : <\/strong> Apertura autom\u00e1tica r\u00e1pida<\/li>\n<li><strong>Estilo de tienda: <\/strong> Tipo extendido<\/li>\n<li><strong>Estaci\u00f3n : <\/strong> Tienda de campa\u00f1a de tres estaciones<\/li>\n<li><strong>Estructura : <\/strong> Una habitaci\u00f3n<\/li>\n<li><strong>Tama\u00f1o : <\/strong> 217*130*155CM<\/li>\n<li><strong>Cubrir : <\/strong> Cubierta de carcasa de aluminio<\/li>\n<li><strong>Abajo : <\/strong> Aluminio<\/li>\n<li><strong>Escalera : <\/strong> Escalera telesc\u00f3pica de aluminio<\/li>\n<li><strong>Colch\u00f3n : <\/strong> Colch\u00f3n de esponja que no se deforma<\/li>\n<li><strong>1 unidad\/caja GW: <\/strong> 82 kg, 225 x 137 x 33 cm.<\/li>\n<\/ul>\n<div>\n<div>\n<div data-magic-global=\"%7B%22bizId%22%3A3034306692%2C%22pageId%22%3A21077026857%2C%22siteId%22%3A5005259191%7D\">\n<div>\n<div>\n<div>\n<div>\n<div>\n<div><img decoding=\"async\" src=\"https:\/\/uoogear.com\/wp-content\/uploads\/2023\/11\/H08b8e51067574043bbe7ea9e5255ab78K.webp\" data-src=\"https:\/\/uoogear.com\/wp-content\/uploads\/2023\/11\/H08b8e51067574043bbe7ea9e5255ab78K.webp\" \/><\/div>\n<\/div>\n<\/div>\n<\/div>\n<\/div>\n<\/div>\n<div><\/div>\n<div>\n<div>\n<div>\n<div>\n<div>\n<div><\/div>\n<\/div>\n<\/div>\n<\/div>\n<\/div>\n<\/div>\n<div><\/div>\n<\/div>\n<\/div>\n<div data-section=\"AliMagic-ruejez\" data-section-title=\"Specification\">\n<div>Especificaci\u00f3n<\/div>\n<p>Especificaci\u00f3n<\/p>\n<\/div>\n<div>\n<div>\n<div>\n<h3>Funci\u00f3n clave:<\/h3>\n<div>\n<div>\n<div>1.F\u00e1cil de abrir y cerrar, nunca te preocupes por la calidad. 2.Mant\u00e9ngase alejado de la lluvia, el viento, la humedad, el fr\u00edo y los insectos. 3.Haga que su recorrido sin conductor sea m\u00e1s conveniente. 4. La cubierta de ABS resistente proporciona una protecci\u00f3n eficaz para la tienda. 5. Las ventanas grandes ofrecen buena ventilaci\u00f3n y permiten un mayor flujo de aire en toda la tienda. 6. La instalaci\u00f3n es simple, una persona puede completarla. 7.No hay ruido cuando el veh\u00edculo est\u00e1 en marcha. 8.El producto tiene un precio bajo y puede reemplazar los viajes en veh\u00edculos recreativos.<\/div>\n<\/div>\n<\/div>\n<\/div>\n<\/div>\n<\/div>\n<div>\n<div>\n<div>\n<div>\n<div>\n<div><img decoding=\"async\" src=\"https:\/\/uoogear.com\/wp-content\/uploads\/2023\/11\/H70e73017a8f44a34864eb3e765c9c39e0.webp\" data-src=\"https:\/\/uoogear.com\/wp-content\/uploads\/2023\/11\/H70e73017a8f44a34864eb3e765c9c39e0.webp\" \/><\/div>\n<\/div>\n<\/div>\n<div>\n<div>\n<div>\n<table>\n<tbody>\n<tr>\n<td>\n<div>Estaci\u00f3n<\/div>\n<\/td>\n<td>\n<div>Tienda de campa\u00f1a de tres estaciones<\/div>\n<\/td>\n<\/tr>\n<tr>\n<td>\n<div>Estructura<\/div>\n<\/td>\n<td>\n<div>Una habitaci\u00f3n<\/div>\n<\/td>\n<\/tr>\n<tr>\n<td>\n<div>Tama\u00f1o<\/div>\n<\/td>\n<td>\n<div>217*130*155CM<\/div>\n<\/td>\n<\/tr>\n<tr>\n<td>\n<div>Cubrir<\/div>\n<\/td>\n<td>\n<div>Cubierta de carcasa de aluminio<\/div>\n<\/td>\n<\/tr>\n<tr>\n<td>\n<div>Abajo<\/div>\n<\/td>\n<td>\n<div>Aluminio<\/div>\n<\/td>\n<\/tr>\n<tr>\n<td>\n<div>Escalera<\/div>\n<\/td>\n<td>\n<div>Escalera telesc\u00f3pica de aluminio<\/div>\n<\/td>\n<\/tr>\n<tr>\n<td>\n<div>Colch\u00f3n<\/div>\n<\/td>\n<td>\n<div>Colch\u00f3n de esponja que no se deforma<\/div>\n<\/td>\n<\/tr>\n<tr>\n<td>\n<div>1 unidad\/caja GW<\/div>\n<\/td>\n<td>\n<div>82 kg, 225 x 137 x 33 cm.<\/div>\n<\/td>\n<\/tr>\n<\/tbody>\n<\/table>\n<\/div>\n<\/div>\n<\/div>\n<\/div>\n<\/div>\n<\/div>\n<div>\n<div>\n<div><img decoding=\"async\" src=\"https:\/\/uoogear.com\/wp-content\/uploads\/2023\/11\/H43f42d0819a349b3a7659abec1bcb41dN.webp\" data-src=\"https:\/\/uoogear.com\/wp-content\/uploads\/2023\/11\/H43f42d0819a349b3a7659abec1bcb41dN.webp\" \/><\/div>\n<div><img decoding=\"async\" src=\"https:\/\/uoogear.com\/wp-content\/uploads\/2023\/11\/H828fcd72b34d4752b7e38a1a80d01505A.webp\" data-src=\"https:\/\/uoogear.com\/wp-content\/uploads\/2023\/11\/H828fcd72b34d4752b7e38a1a80d01505A.webp\" \/><\/div>\n<div><img decoding=\"async\" src=\"https:\/\/uoogear.com\/wp-content\/uploads\/2023\/11\/H64ae03066acd4d80a995b990565ee575Y.webp\" data-src=\"https:\/\/uoogear.com\/wp-content\/uploads\/2023\/11\/H64ae03066acd4d80a995b990565ee575Y.webp\" \/><\/div>\n<div><img decoding=\"async\" src=\"https:\/\/uoogear.com\/wp-content\/uploads\/2023\/11\/H5a45ba0a7b204f12bba19123bbc8f9adU.webp\" data-src=\"https:\/\/uoogear.com\/wp-content\/uploads\/2023\/11\/H5a45ba0a7b204f12bba19123bbc8f9adU.webp\" \/><\/div>\n<div><img decoding=\"async\" src=\"https:\/\/uoogear.com\/wp-content\/uploads\/2023\/11\/H9cd6a2826cf84a7d99381369d8d2e22bL.webp\" data-src=\"https:\/\/uoogear.com\/wp-content\/uploads\/2023\/11\/H9cd6a2826cf84a7d99381369d8d2e22bL.webp\" \/><\/div>\n<div><img decoding=\"async\" src=\"https:\/\/uoogear.com\/wp-content\/uploads\/2023\/11\/H70e73017a8f44a34864eb3e765c9c39e0.webp\" data-src=\"https:\/\/uoogear.com\/wp-content\/uploads\/2023\/11\/H70e73017a8f44a34864eb3e765c9c39e0.webp\" \/><\/div>\n<div><\/div>\n<\/div>\n<\/div>\n<\/div>","protected":false},"excerpt":{"rendered":"<p>\u00c1rea: 217*130*155 CM Tela: Lona Carpa exterior \u00cdndice de impermeabilidad: &gt;3000 mm \u00cdndice de impermeabilidad inferior: 2000-3000 mm Tipo de construcci\u00f3n: Apertura autom\u00e1tica r\u00e1pida Estilo de carpa: Tipo extendido Temporada: Carpa de tres estaciones Estructura: Un dormitorio Tama\u00f1o: 217 *130*155CM Cubierta: Cubierta de carcasa de aluminio Parte inferior: Escalera de aluminio: Colch\u00f3n de escalera telesc\u00f3pica de aluminio<\/p>\n<div class=\"read-more\"><a class=\"btn btn-fill-out\" href=\"https:\/\/uoogear.com\/es\/producto\/2022-new-hard-shell-aluminum-suv-car-roof-top-tent-aluminum-shell-waterproof-camping-rooftop-tent\/\">Leer m\u00e1s<\/a><\/div>","protected":false},"featured_media":5004,"template":"","meta":[],"product_brand":[],"product_cat":[15],"product_tag":[],"class_list":{"0":"post-5005","1":"product","2":"type-product","3":"status-publish","4":"has-post-thumbnail","6":"product_cat-uncategorized","7":"tm-no-options","9":"first","10":"instock","11":"shipping-taxable","12":"purchasable","13":"product-type-variable"},"_links":{"self":[{"href":"https:\/\/uoogear.com\/es\/wp-json\/wp\/v2\/product\/5005","targetHints":{"allow":["GET"]}}],"collection":[{"href":"https:\/\/uoogear.com\/es\/wp-json\/wp\/v2\/product"}],"about":[{"href":"https:\/\/uoogear.com\/es\/wp-json\/wp\/v2\/types\/product"}],"wp:featuredmedia":[{"embeddable":true,"href":"https:\/\/uoogear.com\/es\/wp-json\/wp\/v2\/media\/5004"}],"wp:attachment":[{"href":"https:\/\/uoogear.com\/es\/wp-json\/wp\/v2\/media?parent=5005"}],"wp:term":[{"taxonomy":"product_brand","embeddable":true,"href":"https:\/\/uoogear.com\/es\/wp-json\/wp\/v2\/product_brand?post=5005"},{"taxonomy":"product_cat","embeddable":true,"href":"https:\/\/uoogear.com\/es\/wp-json\/wp\/v2\/product_cat?post=5005"},{"taxonomy":"product_tag","embeddable":true,"href":"https:\/\/uoogear.com\/es\/wp-json\/wp\/v2\/product_tag?post=5005"}],"curies":[{"name":"wp","href":"https:\/\/api.w.org\/{rel}","templated":true}]}}