{"id":5033,"date":"2023-11-14T03:16:39","date_gmt":"2023-11-14T03:16:39","guid":{"rendered":"https:\/\/uoogear.com\/product\/hard-shell-roof-top-tent-camper-for-car-roof-top-tent-rooftop-tent\/"},"modified":"2023-12-02T06:02:05","modified_gmt":"2023-12-02T06:02:05","slug":"hard-shell-roof-top-tent-camper-for-car-roof-top-tent-rooftop-tent","status":"publish","type":"product","link":"https:\/\/uoogear.com\/es\/producto\/hard-shell-roof-top-tent-camper-for-car-roof-top-tent-rooftop-tent\/","title":{"rendered":"Camper de carpa dura en la azotea para coche Carpa en la azotea Carpa en la azotea"},"content":{"rendered":"<ul>\n<li><strong>\u00c1rea : <\/strong> 2.8<\/li>\n<li><strong>Tela : <\/strong> Oxford<\/li>\n<li><strong>\u00cdndice de impermeabilidad de la tienda exterior: <\/strong> &gt;3000 mil\u00edmetros<\/li>\n<li><strong>\u00cdndice de impermeabilidad inferior: <\/strong> &gt;3000 mil\u00edmetros<\/li>\n<li><strong>Estilo de tienda: <\/strong> Tipo de refuerzo recto<\/li>\n<li><strong>Estaci\u00f3n : <\/strong> Tienda de campa\u00f1a de cuatro estaciones<\/li>\n<li><strong>Estructura : <\/strong> Una habitaci\u00f3n<\/li>\n<li><strong>Nombre del producto : <\/strong> Tienda de campa\u00f1a en la azotea<\/li>\n<li><strong>Color : <\/strong> gris, ej\u00e9rcito, naranja, negro<\/li>\n<li><strong>Tama\u00f1o : <\/strong> 216cm*130cm*105cm<\/li>\n<li><strong>Logotipo: <\/strong> Aceptar logotipo personalizado<\/li>\n<li><strong>Peso : <\/strong> 79 kilos<\/li>\n<li><strong>Escalera : <\/strong> Escalera telesc\u00f3pica de aleaci\u00f3n de aluminio de 2,2 m.<\/li>\n<li><strong>Material del marco : <\/strong> Pl\u00e1stico ABS<\/li>\n<li><strong>Tama\u00f1o de embalaje : <\/strong> 225*145*39cm<\/li>\n<li><strong>Colch\u00f3n : <\/strong> 5cm<\/li>\n<li><strong>OEM\/ODM: <\/strong> Aceptable<\/li>\n<\/ul>\n<div>\n<div>\n<div data-magic-global=\"%7B%22bizId%22%3A2849203320%2C%22pageId%22%3A20118148475%2C%22siteId%22%3A5004976044%7D\">\n<div>\n<div>\n<div>\n<div>\n<div>\n<div><img decoding=\"async\" src=\"https:\/\/uoogear.com\/wp-content\/uploads\/2023\/11\/Hf606e0171374489382ae6e606f174e7aH.webp\" data-src=\"https:\/\/uoogear.com\/wp-content\/uploads\/2023\/11\/Hf606e0171374489382ae6e606f174e7aH.webp\" \/><\/div>\n<\/div>\n<\/div>\n<\/div>\n<\/div>\n<\/div>\n<div>\n<div>\n<div>\n<div>\n<div>\n<div><img decoding=\"async\" src=\"https:\/\/uoogear.com\/wp-content\/uploads\/2023\/11\/Hdf3e68c8884b48edbe0a99d308075c9ac.webp\" data-src=\"https:\/\/uoogear.com\/wp-content\/uploads\/2023\/11\/Hdf3e68c8884b48edbe0a99d308075c9ac.webp\" \/><\/div>\n<\/div>\n<\/div>\n<\/div>\n<\/div>\n<\/div>\n<div>\n<div>\n<div>\n<div>\n<div>\n<div><img decoding=\"async\" src=\"https:\/\/uoogear.com\/wp-content\/uploads\/2023\/11\/H863622b8be0d42b599950ea55cb5382ct.webp\" data-src=\"https:\/\/uoogear.com\/wp-content\/uploads\/2023\/11\/H863622b8be0d42b599950ea55cb5382ct.webp\" \/><\/div>\n<\/div>\n<\/div>\n<\/div>\n<\/div>\n<\/div>\n<div>\n<div>\n<table>\n<tbody>\n<tr>\n<td>\n<div>nombre del producto<\/div>\n<\/td>\n<td>\n<div>Tienda de techo<\/div>\n<\/td>\n<td>\n<div>Tipos<\/div>\n<\/td>\n<td>\n<div>2-4 personas<\/div>\n<\/td>\n<\/tr>\n<tr>\n<td>\n<div>Tama\u00f1o del cart\u00f3n<\/div>\n<\/td>\n<td>\n<div>225*138*37cm<\/div>\n<\/td>\n<td>\n<div>Peso de carga<\/div>\n<\/td>\n<td>\n<div>300KG<\/div>\n<\/td>\n<\/tr>\n<tr>\n<td>\n<div>Tama\u00f1o plegable<\/div>\n<\/td>\n<td>\n<div>218cm*130cm*33cm<\/div>\n<\/td>\n<td>\n<div>peso<\/div>\n<\/td>\n<td>\n<div>Peso neto 79 KG, peso bruto 110 KG<\/div>\n<\/td>\n<\/tr>\n<tr>\n<td>\n<div>Tama\u00f1o desplegado<\/div>\n<\/td>\n<td>\n<div>218cm*130cm*108cm<\/div>\n<\/td>\n<td>\n<div>Textura<\/div>\n<\/td>\n<td>\n<div>Carcasa de pl\u00e1stico ABS + lona a cuadros impermeable + tablero de madera ecol\u00f3gico<\/div>\n<\/td>\n<\/tr>\n<tr>\n<td>\n<div>Color<\/div>\n<\/td>\n<td>\n<div>Blanco gris claro, blanco verde militar, blanco naranja, blanco caqui, negro gris claro, negro verde militar, negro caqui, negro naranja<\/div>\n<\/td>\n<td>\n<div>Modelo aplicable<\/div>\n<\/td>\n<td>\n<div>La barra transversal de carga se puede instalar en el techo de SUV, veh\u00edculos todoterreno, veh\u00edculos de estaci\u00f3n y veh\u00edculos comerciales.<\/div>\n<\/td>\n<\/tr>\n<\/tbody>\n<\/table>\n<\/div>\n<\/div>\n<div>\n<div>\n<div>\n<div>\n<div>\n<div><img decoding=\"async\" src=\"https:\/\/uoogear.com\/wp-content\/uploads\/2023\/11\/H38ea71b4cd274ebaadc3404c7ff2c9f1e.webp\" data-src=\"https:\/\/uoogear.com\/wp-content\/uploads\/2023\/11\/H38ea71b4cd274ebaadc3404c7ff2c9f1e.webp\" \/><\/div>\n<\/div>\n<\/div>\n<\/div>\n<\/div>\n<\/div>\n<div>\n<div>\n<div>\n<div>\n<div>\n<div><img decoding=\"async\" src=\"https:\/\/uoogear.com\/wp-content\/uploads\/2023\/11\/Ha12f40b86dc34c568dd06e368a9d0591v.webp\" data-src=\"https:\/\/uoogear.com\/wp-content\/uploads\/2023\/11\/Ha12f40b86dc34c568dd06e368a9d0591v.webp\" \/><\/div>\n<\/div>\n<\/div>\n<\/div>\n<\/div>\n<\/div>\n<div>\n<div>\n<div>\n<div>\n<div>\n<div><img decoding=\"async\" src=\"https:\/\/uoogear.com\/wp-content\/uploads\/2023\/11\/Heb3b328ae01e4b38889e96959597543f8.webp\" data-src=\"https:\/\/uoogear.com\/wp-content\/uploads\/2023\/11\/Heb3b328ae01e4b38889e96959597543f8.webp\" \/><\/div>\n<\/div>\n<\/div>\n<\/div>\n<\/div>\n<\/div>\n<div>\n<div>\n<div>\n<div>\n<div>\n<div><\/div>\n<\/div>\n<\/div>\n<\/div>\n<\/div>\n<\/div>\n<div><\/div>\n<div>\n<div>\n<div>\n<div>\n<div><\/div>\n<\/div>\n<\/div>\n<\/div>\n<\/div>\n<div><\/div>\n<\/div>\n<\/div>\n<div data-section=\"AliPostDhMb-8cqjr\" data-section-title=\"Company Information\">\n<div><\/div>\n<\/div>\n<div>\n<div>\n<div>\n<div>\n<div>\n<div>\n<div><\/div>\n<\/div>\n<\/div>\n<\/div>\n<\/div>\n<\/div>\n<\/div>\n<\/div>","protected":false},"excerpt":{"rendered":"<p>\u00c1rea: 2,8 Tela: Oxford \u00cdndice de impermeabilidad de la tienda exterior: &gt;3000 mm \u00cdndice de impermeabilidad inferior: &gt;3000 mm Estilo de la tienda: Tipo de refuerzo recto Temporada: Estructura de la tienda para cuatro estaciones: Un dormitorio Nombre del producto: Tienda en la azotea Color: gris, militar, naranja , negro Tama\u00f1o: 216 cm * 130 cm * 105 cm Logotipo: Aceptar logotipo personalizado Peso: 79 kg Escalera:<\/p>\n<div class=\"read-more\"><a class=\"btn btn-fill-out\" href=\"https:\/\/uoogear.com\/es\/producto\/hard-shell-roof-top-tent-camper-for-car-roof-top-tent-rooftop-tent\/\">Leer m\u00e1s<\/a><\/div>","protected":false},"featured_media":5032,"template":"","meta":[],"product_brand":[],"product_cat":[15],"product_tag":[],"class_list":{"0":"post-5033","1":"product","2":"type-product","3":"status-publish","4":"has-post-thumbnail","6":"product_cat-uncategorized","7":"tm-no-options","9":"first","10":"instock","11":"shipping-taxable","12":"purchasable","13":"product-type-variable"},"_links":{"self":[{"href":"https:\/\/uoogear.com\/es\/wp-json\/wp\/v2\/product\/5033","targetHints":{"allow":["GET"]}}],"collection":[{"href":"https:\/\/uoogear.com\/es\/wp-json\/wp\/v2\/product"}],"about":[{"href":"https:\/\/uoogear.com\/es\/wp-json\/wp\/v2\/types\/product"}],"wp:featuredmedia":[{"embeddable":true,"href":"https:\/\/uoogear.com\/es\/wp-json\/wp\/v2\/media\/5032"}],"wp:attachment":[{"href":"https:\/\/uoogear.com\/es\/wp-json\/wp\/v2\/media?parent=5033"}],"wp:term":[{"taxonomy":"product_brand","embeddable":true,"href":"https:\/\/uoogear.com\/es\/wp-json\/wp\/v2\/product_brand?post=5033"},{"taxonomy":"product_cat","embeddable":true,"href":"https:\/\/uoogear.com\/es\/wp-json\/wp\/v2\/product_cat?post=5033"},{"taxonomy":"product_tag","embeddable":true,"href":"https:\/\/uoogear.com\/es\/wp-json\/wp\/v2\/product_tag?post=5033"}],"curies":[{"name":"wp","href":"https:\/\/api.w.org\/{rel}","templated":true}]}}