{"id":5052,"date":"2023-11-14T03:18:21","date_gmt":"2023-11-14T03:18:21","guid":{"rendered":"https:\/\/uoogear.com\/product\/aluminum-honeycomb-board-hard-shell-pickup-truck-suv-car-rooftop-tent\/"},"modified":"2023-12-02T05:58:42","modified_gmt":"2023-12-02T05:58:42","slug":"aluminum-honeycomb-board-hard-shell-pickup-truck-suv-car-rooftop-tent","status":"publish","type":"product","link":"https:\/\/uoogear.com\/es\/producto\/aluminum-honeycomb-board-hard-shell-pickup-truck-suv-car-rooftop-tent\/","title":{"rendered":"Tablero de nido de abeja de aluminio, carcasa dura, camioneta, SUV, tienda de campa\u00f1a en la azotea para coche"},"content":{"rendered":"<ul>\n<li><strong>Tela : <\/strong> Oxford<\/li>\n<li><strong>\u00cdndice de impermeabilidad de la tienda exterior: <\/strong> &gt;3000 mil\u00edmetros<\/li>\n<li><strong>\u00cdndice de impermeabilidad inferior: <\/strong> &gt;3000 mil\u00edmetros<\/li>\n<li><strong>Tipo de construcci\u00f3n : <\/strong> Apertura autom\u00e1tica r\u00e1pida<\/li>\n<li><strong>Estilo de tienda: <\/strong> Tipo de refuerzo diagonal<\/li>\n<li><strong>Estaci\u00f3n : <\/strong> Tienda de campa\u00f1a de cuatro estaciones<\/li>\n<li><strong>Estructura : <\/strong> Una habitaci\u00f3n<\/li>\n<li><strong>Color : <\/strong> Color personalizado<\/li>\n<li><strong>Logotipo: <\/strong> Logotipo personalizado<\/li>\n<li><strong>Material : <\/strong> Aleaci\u00f3n de aluminio y magnesio<\/li>\n<li><strong>Escalera : <\/strong> Escalera telesc\u00f3pica de aluminio de 2,3 m<\/li>\n<li><strong>Colch\u00f3n : <\/strong> Colch\u00f3n de 50 mm.<\/li>\n<\/ul>\n<div>\n<div data-section=\"AliMagic-w1nf0p\" data-section-title=\"Product Description\">\n<p>Descripci\u00f3n del Producto<\/p>\n<\/div>\n<div>\n<div>\n<div>\n<div>\n<div>\n<div><img decoding=\"async\" src=\"https:\/\/uoogear.com\/wp-content\/uploads\/2023\/11\/H7f34fe0b39d94c9aba7bac1786e616a82.webp\" data-src=\"https:\/\/uoogear.com\/wp-content\/uploads\/2023\/11\/H7f34fe0b39d94c9aba7bac1786e616a82.webp\" \/><\/div>\n<\/div>\n<\/div>\n<\/div>\n<\/div>\n<\/div>\n<div>\n<div>\n<div><img decoding=\"async\" src=\"https:\/\/uoogear.com\/wp-content\/uploads\/2023\/11\/Ha2a0faf0a1f84f6ca81cfd7af1b91963G.webp\" data-src=\"https:\/\/uoogear.com\/wp-content\/uploads\/2023\/11\/Ha2a0faf0a1f84f6ca81cfd7af1b91963G.webp\" \/><\/div>\n<div><img decoding=\"async\" src=\"https:\/\/uoogear.com\/wp-content\/uploads\/2023\/11\/H245cec7ab07c447da5034950962aa639n.webp\" data-src=\"https:\/\/uoogear.com\/wp-content\/uploads\/2023\/11\/H245cec7ab07c447da5034950962aa639n.webp\" \/><\/div>\n<div><img decoding=\"async\" src=\"https:\/\/uoogear.com\/wp-content\/uploads\/2023\/11\/H2af6516fda85469688a0b2b5fc74a850m.webp\" data-src=\"https:\/\/uoogear.com\/wp-content\/uploads\/2023\/11\/H2af6516fda85469688a0b2b5fc74a850m.webp\" \/><\/div>\n<div><img decoding=\"async\" src=\"https:\/\/uoogear.com\/wp-content\/uploads\/2023\/11\/Hc6b61db2e3514dc7a8af79eab72e5c3dk.webp\" data-src=\"https:\/\/uoogear.com\/wp-content\/uploads\/2023\/11\/Hc6b61db2e3514dc7a8af79eab72e5c3dk.webp\" \/><\/div>\n<div><img decoding=\"async\" src=\"https:\/\/uoogear.com\/wp-content\/uploads\/2023\/11\/Hfe8f9a466d6040beb5ca038ecd6b97b2o.webp\" data-src=\"https:\/\/uoogear.com\/wp-content\/uploads\/2023\/11\/Hfe8f9a466d6040beb5ca038ecd6b97b2o.webp\" \/><\/div>\n<div><img decoding=\"async\" src=\"https:\/\/uoogear.com\/wp-content\/uploads\/2023\/11\/Hc708e9517a4243efbc26f65469ab7f17r.webp\" data-src=\"https:\/\/uoogear.com\/wp-content\/uploads\/2023\/11\/Hc708e9517a4243efbc26f65469ab7f17r.webp\" \/><\/div>\n<div><img decoding=\"async\" src=\"https:\/\/uoogear.com\/wp-content\/uploads\/2023\/11\/H90e43da2e25949be8ca22af3c8837628o.webp\" data-src=\"https:\/\/uoogear.com\/wp-content\/uploads\/2023\/11\/H90e43da2e25949be8ca22af3c8837628o.webp\" \/><\/div>\n<div><\/div>\n<div><img decoding=\"async\" src=\"https:\/\/uoogear.com\/wp-content\/uploads\/2023\/11\/Hcc481265eaf94929bff9b347f0d12907B.webp\" data-src=\"https:\/\/uoogear.com\/wp-content\/uploads\/2023\/11\/Hcc481265eaf94929bff9b347f0d12907B.webp\" \/><\/div>\n<div><img decoding=\"async\" src=\"https:\/\/uoogear.com\/wp-content\/uploads\/2023\/11\/H6d66213237d34b909268a7da7e3ae7121.webp\" data-src=\"https:\/\/uoogear.com\/wp-content\/uploads\/2023\/11\/H6d66213237d34b909268a7da7e3ae7121.webp\" \/><\/div>\n<\/div>\n<\/div>\n<div>\n<div>\n<div>\n<div>\n<div>\n<div><img decoding=\"async\" src=\"https:\/\/uoogear.com\/wp-content\/uploads\/2023\/11\/H7fd399f806d8408b9658e452d336d403z.webp\" data-src=\"https:\/\/uoogear.com\/wp-content\/uploads\/2023\/11\/H7fd399f806d8408b9658e452d336d403z.webp\" \/><\/div>\n<\/div>\n<\/div>\n<\/div>\n<\/div>\n<\/div>\n<div><\/div>\n<div data-section=\"AliMagic-y1y5fa\" data-section-title=\"Product packaging\">\n<div><\/div>\n<\/div>\n<div>\n<div>\n<div>\n<div>\n<div><\/div>\n<\/div>\n<\/div>\n<\/div>\n<\/div>\n<\/div>","protected":false},"excerpt":{"rendered":"<p>Tela: Oxford \u00cdndice de impermeabilidad de la tienda exterior: &gt;3000 mm \u00cdndice de impermeabilidad inferior: &gt;3000 mm Tipo de construcci\u00f3n: Apertura autom\u00e1tica r\u00e1pida Estilo de la tienda: Tipo de refuerzo diagonal Temporada: Estructura de la tienda para cuatro estaciones: Un dormitorio Color: Color personalizado Logotipo: Logotipo personalizado Material: Escalera de aleaci\u00f3n de aluminio y magnesio: Colch\u00f3n de escalera telesc\u00f3pica de aluminio de 2,3 m<\/p>\n<div class=\"read-more\"><a class=\"btn btn-fill-out\" href=\"https:\/\/uoogear.com\/es\/producto\/aluminum-honeycomb-board-hard-shell-pickup-truck-suv-car-rooftop-tent\/\">Leer m\u00e1s<\/a><\/div>","protected":false},"featured_media":5051,"template":"","meta":[],"product_brand":[],"product_cat":[15],"product_tag":[],"class_list":{"0":"post-5052","1":"product","2":"type-product","3":"status-publish","4":"has-post-thumbnail","6":"product_cat-uncategorized","7":"tm-has-options","9":"first","10":"instock","11":"shipping-taxable","12":"purchasable","13":"product-type-variable"},"_links":{"self":[{"href":"https:\/\/uoogear.com\/es\/wp-json\/wp\/v2\/product\/5052","targetHints":{"allow":["GET"]}}],"collection":[{"href":"https:\/\/uoogear.com\/es\/wp-json\/wp\/v2\/product"}],"about":[{"href":"https:\/\/uoogear.com\/es\/wp-json\/wp\/v2\/types\/product"}],"wp:featuredmedia":[{"embeddable":true,"href":"https:\/\/uoogear.com\/es\/wp-json\/wp\/v2\/media\/5051"}],"wp:attachment":[{"href":"https:\/\/uoogear.com\/es\/wp-json\/wp\/v2\/media?parent=5052"}],"wp:term":[{"taxonomy":"product_brand","embeddable":true,"href":"https:\/\/uoogear.com\/es\/wp-json\/wp\/v2\/product_brand?post=5052"},{"taxonomy":"product_cat","embeddable":true,"href":"https:\/\/uoogear.com\/es\/wp-json\/wp\/v2\/product_cat?post=5052"},{"taxonomy":"product_tag","embeddable":true,"href":"https:\/\/uoogear.com\/es\/wp-json\/wp\/v2\/product_tag?post=5052"}],"curies":[{"name":"wp","href":"https:\/\/api.w.org\/{rel}","templated":true}]}}