{"id":3184,"date":"2023-08-07T04:44:27","date_gmt":"2023-08-07T04:44:27","guid":{"rendered":"https:\/\/uoogear.com\/?page_id=3184"},"modified":"2023-08-07T04:53:58","modified_gmt":"2023-08-07T04:53:58","slug":"delivery-information-usa","status":"publish","type":"page","link":"https:\/\/uoogear.com\/fi\/delivery-information-usa\/","title":{"rendered":"Toimitustiedot USA"},"content":{"rendered":"<div data-elementor-type=\"wp-page\" data-elementor-id=\"3184\" class=\"elementor elementor-3184\">\n\t\t\t\t\t\t\t\t\t<section class=\"elementor-section elementor-top-section elementor-element elementor-element-8e54cfa elementor-section-boxed elementor-section-height-default elementor-section-height-default\" data-id=\"8e54cfa\" data-element_type=\"section\">\n\t\t\t\t\t\t<div class=\"elementor-container elementor-column-gap-default\">\n\t\t\t\t\t<div class=\"elementor-column elementor-col-100 elementor-top-column elementor-element elementor-element-e6f784e\" data-id=\"e6f784e\" data-element_type=\"column\">\n\t\t\t<div class=\"elementor-widget-wrap elementor-element-populated\">\n\t\t\t\t\t\t\t\t<div class=\"elementor-element elementor-element-80b3083 elementor-widget elementor-widget-heading\" data-id=\"80b3083\" data-element_type=\"widget\" data-widget_type=\"heading.default\">\n\t\t\t\t<div class=\"elementor-widget-container\">\n\t\t\t<style>\/*! elementor - v3.14.0 - 26-06-2023 *\/\n.elementor-heading-title{padding:0;margin:0;line-height:1}.elementor-widget-heading .elementor-heading-title[class*=elementor-size-]>a{color:inherit;font-size:inherit;line-height:inherit}.elementor-widget-heading .elementor-heading-title.elementor-size-small{font-size:15px}.elementor-widget-heading .elementor-heading-title.elementor-size-medium{font-size:19px}.elementor-widget-heading .elementor-heading-title.elementor-size-large{font-size:29px}.elementor-widget-heading .elementor-heading-title.elementor-size-xl{font-size:39px}.elementor-widget-heading .elementor-heading-title.elementor-size-xxl{font-size:59px}<\/style><h2 class=\"elementor-heading-title elementor-size-default\">Toimitustiedot<\/h2>\t\t<\/div>\n\t\t\t\t<\/div>\n\t\t\t\t<div class=\"elementor-element elementor-element-c061480 elementor-widget elementor-widget-spacer\" data-id=\"c061480\" data-element_type=\"widget\" data-widget_type=\"spacer.default\">\n\t\t\t\t<div class=\"elementor-widget-container\">\n\t\t\t<style>\/*! elementor - v3.14.0 - 26-06-2023 *\/\n.elementor-column .elementor-spacer-inner{height:var(--spacer-size)}.e-con{--container-widget-width:100%}.e-con-inner>.elementor-widget-spacer,.e-con>.elementor-widget-spacer{width:var(--container-widget-width,var(--spacer-size));--align-self:var(--container-widget-align-self,initial);--flex-shrink:0}.e-con-inner>.elementor-widget-spacer>.elementor-widget-container,.e-con-inner>.elementor-widget-spacer>.elementor-widget-container>.elementor-spacer,.e-con>.elementor-widget-spacer>.elementor-widget-container,.e-con>.elementor-widget-spacer>.elementor-widget-container>.elementor-spacer{height:100%}.e-con-inner>.elementor-widget-spacer>.elementor-widget-container>.elementor-spacer>.elementor-spacer-inner,.e-con>.elementor-widget-spacer>.elementor-widget-container>.elementor-spacer>.elementor-spacer-inner{height:var(--container-widget-height,var(--spacer-size))}<\/style>\t\t<div class=\"elementor-spacer\">\n\t\t\t<div class=\"elementor-spacer-inner\"><\/div>\n\t\t<\/div>\n\t\t\t\t<\/div>\n\t\t\t\t<\/div>\n\t\t\t\t<div class=\"elementor-element elementor-element-924eb59 elementor-widget elementor-widget-heading\" data-id=\"924eb59\" data-element_type=\"widget\" data-widget_type=\"heading.default\">\n\t\t\t\t<div class=\"elementor-widget-container\">\n\t\t\t<h4 class=\"elementor-heading-title elementor-size-default\">Pikatoimitus - 1-2 ty\u00f6p\u00e4iv\u00e4\u00e4 - (voimassa maanantaista perjantaihin)<\/h4>\t\t<\/div>\n\t\t\t\t<\/div>\n\t\t\t\t<div class=\"elementor-element elementor-element-4108b66 elementor-widget elementor-widget-text-editor\" data-id=\"4108b66\" data-element_type=\"widget\" data-widget_type=\"text-editor.default\">\n\t\t\t\t<div class=\"elementor-widget-container\">\n\t\t\t<style>\/*! elementor - v3.14.0 - 26-06-2023 *\/\n.elementor-widget-text-editor.elementor-drop-cap-view-stacked .elementor-drop-cap{background-color:#69727d;color:#fff}.elementor-widget-text-editor.elementor-drop-cap-view-framed .elementor-drop-cap{color:#69727d;border:3px solid;background-color:transparent}.elementor-widget-text-editor:not(.elementor-drop-cap-view-default) .elementor-drop-cap{margin-top:8px}.elementor-widget-text-editor:not(.elementor-drop-cap-view-default) .elementor-drop-cap-letter{width:1em;height:1em}.elementor-widget-text-editor .elementor-drop-cap{float:left;text-align:center;line-height:1;font-size:50px}.elementor-widget-text-editor .elementor-drop-cap-letter{display:inline-block}<\/style>\t\t\t\t<p>Tilaus tulee tehd\u00e4 ennen klo 14.00. TNT-l\u00e4hetyksiss\u00e4 on joskus 24 tunnin kuljetusviive niiden verkon suurista m\u00e4\u00e4rist\u00e4 johtuen \u2013 joten yli 30 kg painavilla tuotteilla saattaa olla hitaampi kuljetusaika. Tavalliset alle 30kg tuotteet toimitetaan seuraavana ty\u00f6p\u00e4iv\u00e4n\u00e4 DPD:n kautta normaalisti. Voit tarkistaa teltan painon katsomalla tuotteen lis\u00e4tietov\u00e4lilehte\u00e4 ja tarkistamalla painon.<\/p><p>Huomaa: lauantait ja sunnuntait eiv\u00e4t ole &quot;ty\u00f6p\u00e4ivi\u00e4&quot;. Vaikka DPD toimittaa usein viikonlopun aikana, emme voi taata sit\u00e4.<br \/>Huomaathan, ett\u00e4 toimitukset eiv\u00e4t tapahdu arkipyhin\u00e4, koska se ei ole ty\u00f6p\u00e4iv\u00e4.<\/p>\t\t\t\t\t\t<\/div>\n\t\t\t\t<\/div>\n\t\t\t\t<div class=\"elementor-element elementor-element-bf4d141 elementor-widget elementor-widget-heading\" data-id=\"bf4d141\" data-element_type=\"widget\" data-widget_type=\"heading.default\">\n\t\t\t\t<div class=\"elementor-widget-container\">\n\t\t\t<h4 class=\"elementor-heading-title elementor-size-default\">Express Pre 12 \/ Pre 10:30 - Seuraava ty\u00f6p\u00e4iv\u00e4 ennen m\u00e4\u00e4ritetty\u00e4 aikaa (koskee maanantaista perjantaihin)<\/h4>\t\t<\/div>\n\t\t\t\t<\/div>\n\t\t\t\t<div class=\"elementor-element elementor-element-dfdb92d elementor-widget elementor-widget-text-editor\" data-id=\"dfdb92d\" data-element_type=\"widget\" data-widget_type=\"text-editor.default\">\n\t\t\t\t<div class=\"elementor-widget-container\">\n\t\t\t\t\t\t\t<p>Tilaus tulee tehd\u00e4 klo 14 menness\u00e4. Pakkaamme ja l\u00e4het\u00e4mme tilauksesi seuraavana p\u00e4iv\u00e4n\u00e4, ennen klo 10.30 tai klo 12, riippuen valitsemastasi vaihtoehdosta.<\/p><p>Lauantaina ja sunnuntaina tehty tilaus saapuu tiistaina.<\/p>\t\t\t\t\t\t<\/div>\n\t\t\t\t<\/div>\n\t\t\t\t<div class=\"elementor-element elementor-element-14ca262 elementor-widget elementor-widget-heading\" data-id=\"14ca262\" data-element_type=\"widget\" data-widget_type=\"heading.default\">\n\t\t\t\t<div class=\"elementor-widget-container\">\n\t\t\t<h4 class=\"elementor-heading-title elementor-size-default\">Normaali toimitus - 2 - 4 ty\u00f6p\u00e4iv\u00e4\u00e4 (voimassa maanantaista perjantaihin)<\/h4>\t\t<\/div>\n\t\t\t\t<\/div>\n\t\t\t\t<div class=\"elementor-element elementor-element-800aee5 elementor-widget elementor-widget-text-editor\" data-id=\"800aee5\" data-element_type=\"widget\" data-widget_type=\"text-editor.default\">\n\t\t\t\t<div class=\"elementor-widget-container\">\n\t\t\t\t\t\t\t<p>Vakiotoimitus \u2013 paketit l\u00e4hetet\u00e4\u00e4n edelleen y\u00f6n yli, mutta suosimme ensin pikatilauksia ja sitten tavallisia tilauksia. T\u00e4m\u00e4n palvelun tuotteet toimitetaan 2-4 ty\u00f6p\u00e4iv\u00e4n kuluessa.<\/p>\t\t\t\t\t\t<\/div>\n\t\t\t\t<\/div>\n\t\t\t\t<div class=\"elementor-element elementor-element-9e8f9bf elementor-widget elementor-widget-heading\" data-id=\"9e8f9bf\" data-element_type=\"widget\" data-widget_type=\"heading.default\">\n\t\t\t\t<div class=\"elementor-widget-container\">\n\t\t\t<h4 class=\"elementor-heading-title elementor-size-default\">Ilmainen toimitus Yhdistyneeseen kuningaskuntaan * Sovella ehtoja<\/h4>\t\t<\/div>\n\t\t\t\t<\/div>\n\t\t\t\t<div class=\"elementor-element elementor-element-aa8445a elementor-widget elementor-widget-text-editor\" data-id=\"aa8445a\" data-element_type=\"widget\" data-widget_type=\"text-editor.default\">\n\t\t\t\t<div class=\"elementor-widget-container\">\n\t\t\t\t\t\t\t<p>K\u00e4yt\u00e4 yli 50 puntaa, niin toimitamme ilmaiseksi. Ei sis\u00e4ll\u00e4 valitut alueet Skotlannissa ja koko Pohjois-Irlannissa. Voit tarkistaa postikulut Ostoskorisivun Postitusarvion avulla lis\u00e4\u00e4m\u00e4ll\u00e4 postinumerosi.<\/p>\t\t\t\t\t\t<\/div>\n\t\t\t\t<\/div>\n\t\t\t\t<div class=\"elementor-element elementor-element-8bfcdd0 elementor-widget elementor-widget-text-editor\" data-id=\"8bfcdd0\" data-element_type=\"widget\" data-widget_type=\"text-editor.default\">\n\t\t\t\t<div class=\"elementor-widget-container\">\n\t\t\t\t\t\t\tEurooppalainen palvelu \u2013 tilap\u00e4isesti keskeytetty.\t\t\t\t\t\t<\/div>\n\t\t\t\t<\/div>\n\t\t\t\t\t<\/div>\n\t\t<\/div>\n\t\t\t\t\t\t\t<\/div>\n\t\t<\/section>\n\t\t\t\t\t\t\t<\/div>","protected":false},"excerpt":{"rendered":"<p>Toimitustiedot Pikatoimitus \u2013 1-2 ty\u00f6p\u00e4iv\u00e4\u00e4 \u2013 (voimassa maanantaista perjantaihin) Tilaus tulee tehd\u00e4 ennen klo 14.00. TNT-l\u00e4hetyksiss\u00e4 on joskus 24 tunnin kuljetusviive niiden verkon suurista m\u00e4\u00e4rist\u00e4 johtuen \u2013 joten kaikilla yli 30 kg painavilla product:ill\u00e4 voi olla hitaampi kuljetusaika. Tavallinen product alle<\/p>\n<div class=\"read-more\"><a class=\"btn btn-fill-out\" href=\"https:\/\/uoogear.com\/fi\/delivery-information-usa\/\">Lue lis\u00e4\u00e4<\/a><\/div>","protected":false},"author":1,"featured_media":0,"parent":0,"menu_order":0,"comment_status":"closed","ping_status":"closed","template":"","meta":{"footnotes":""},"class_list":["post-3184","page","type-page","status-publish","hentry"],"_links":{"self":[{"href":"https:\/\/uoogear.com\/fi\/wp-json\/wp\/v2\/pages\/3184","targetHints":{"allow":["GET"]}}],"collection":[{"href":"https:\/\/uoogear.com\/fi\/wp-json\/wp\/v2\/pages"}],"about":[{"href":"https:\/\/uoogear.com\/fi\/wp-json\/wp\/v2\/types\/page"}],"author":[{"embeddable":true,"href":"https:\/\/uoogear.com\/fi\/wp-json\/wp\/v2\/users\/1"}],"replies":[{"embeddable":true,"href":"https:\/\/uoogear.com\/fi\/wp-json\/wp\/v2\/comments?post=3184"}],"version-history":[{"count":22,"href":"https:\/\/uoogear.com\/fi\/wp-json\/wp\/v2\/pages\/3184\/revisions"}],"predecessor-version":[{"id":3206,"href":"https:\/\/uoogear.com\/fi\/wp-json\/wp\/v2\/pages\/3184\/revisions\/3206"}],"wp:attachment":[{"href":"https:\/\/uoogear.com\/fi\/wp-json\/wp\/v2\/media?parent=3184"}],"curies":[{"name":"wp","href":"https:\/\/api.w.org\/{rel}","templated":true}]}}