{"id":3378,"date":"2023-08-07T06:22:41","date_gmt":"2023-08-07T06:22:41","guid":{"rendered":"https:\/\/uoogear.com\/?page_id=3378"},"modified":"2023-08-07T06:30:04","modified_gmt":"2023-08-07T06:30:04","slug":"returns-policy","status":"publish","type":"page","link":"https:\/\/uoogear.com\/fi\/returns-policy\/","title":{"rendered":"Palautusk\u00e4yt\u00e4nt\u00f6"},"content":{"rendered":"<div data-elementor-type=\"wp-page\" data-elementor-id=\"3378\" class=\"elementor elementor-3378\">\n\t\t\t\t\t\t\t\t\t<section class=\"elementor-section elementor-top-section elementor-element elementor-element-4a9feaf elementor-section-boxed elementor-section-height-default elementor-section-height-default\" data-id=\"4a9feaf\" data-element_type=\"section\">\n\t\t\t\t\t\t<div class=\"elementor-container elementor-column-gap-default\">\n\t\t\t\t\t<div class=\"elementor-column elementor-col-100 elementor-top-column elementor-element elementor-element-049edf5\" data-id=\"049edf5\" data-element_type=\"column\">\n\t\t\t<div class=\"elementor-widget-wrap elementor-element-populated\">\n\t\t\t\t\t\t\t\t<div class=\"elementor-element elementor-element-3977164 elementor-widget elementor-widget-heading\" data-id=\"3977164\" data-element_type=\"widget\" data-widget_type=\"heading.default\">\n\t\t\t\t<div class=\"elementor-widget-container\">\n\t\t\t<style>\/*! elementor - v3.14.0 - 26-06-2023 *\/\n.elementor-heading-title{padding:0;margin:0;line-height:1}.elementor-widget-heading .elementor-heading-title[class*=elementor-size-]>a{color:inherit;font-size:inherit;line-height:inherit}.elementor-widget-heading .elementor-heading-title.elementor-size-small{font-size:15px}.elementor-widget-heading .elementor-heading-title.elementor-size-medium{font-size:19px}.elementor-widget-heading .elementor-heading-title.elementor-size-large{font-size:29px}.elementor-widget-heading .elementor-heading-title.elementor-size-xl{font-size:39px}.elementor-widget-heading .elementor-heading-title.elementor-size-xxl{font-size:59px}<\/style><h2 class=\"elementor-heading-title elementor-size-default\">Palautusk\u00e4yt\u00e4nt\u00f6<\/h2>\t\t<\/div>\n\t\t\t\t<\/div>\n\t\t\t\t<div class=\"elementor-element elementor-element-6fc9a4f elementor-widget elementor-widget-spacer\" data-id=\"6fc9a4f\" data-element_type=\"widget\" data-widget_type=\"spacer.default\">\n\t\t\t\t<div class=\"elementor-widget-container\">\n\t\t\t<style>\/*! elementor - v3.14.0 - 26-06-2023 *\/\n.elementor-column .elementor-spacer-inner{height:var(--spacer-size)}.e-con{--container-widget-width:100%}.e-con-inner>.elementor-widget-spacer,.e-con>.elementor-widget-spacer{width:var(--container-widget-width,var(--spacer-size));--align-self:var(--container-widget-align-self,initial);--flex-shrink:0}.e-con-inner>.elementor-widget-spacer>.elementor-widget-container,.e-con-inner>.elementor-widget-spacer>.elementor-widget-container>.elementor-spacer,.e-con>.elementor-widget-spacer>.elementor-widget-container,.e-con>.elementor-widget-spacer>.elementor-widget-container>.elementor-spacer{height:100%}.e-con-inner>.elementor-widget-spacer>.elementor-widget-container>.elementor-spacer>.elementor-spacer-inner,.e-con>.elementor-widget-spacer>.elementor-widget-container>.elementor-spacer>.elementor-spacer-inner{height:var(--container-widget-height,var(--spacer-size))}<\/style>\t\t<div class=\"elementor-spacer\">\n\t\t\t<div class=\"elementor-spacer-inner\"><\/div>\n\t\t<\/div>\n\t\t\t\t<\/div>\n\t\t\t\t<\/div>\n\t\t\t\t<div class=\"elementor-element elementor-element-1c367a8 elementor-widget elementor-widget-heading\" data-id=\"1c367a8\" data-element_type=\"widget\" data-widget_type=\"heading.default\">\n\t\t\t\t<div class=\"elementor-widget-container\">\n\t\t\t<h4 class=\"elementor-heading-title elementor-size-default\">Ei-toivotut tuotteet ostettu kaupasta<\/h4>\t\t<\/div>\n\t\t\t\t<\/div>\n\t\t\t\t<div class=\"elementor-element elementor-element-161f077 elementor-widget elementor-widget-text-editor\" data-id=\"161f077\" data-element_type=\"widget\" data-widget_type=\"text-editor.default\">\n\t\t\t\t<div class=\"elementor-widget-container\">\n\t\t\t<style>\/*! elementor - v3.14.0 - 26-06-2023 *\/\n.elementor-widget-text-editor.elementor-drop-cap-view-stacked .elementor-drop-cap{background-color:#69727d;color:#fff}.elementor-widget-text-editor.elementor-drop-cap-view-framed .elementor-drop-cap{color:#69727d;border:3px solid;background-color:transparent}.elementor-widget-text-editor:not(.elementor-drop-cap-view-default) .elementor-drop-cap{margin-top:8px}.elementor-widget-text-editor:not(.elementor-drop-cap-view-default) .elementor-drop-cap-letter{width:1em;height:1em}.elementor-widget-text-editor .elementor-drop-cap{float:left;text-align:center;line-height:1;font-size:50px}.elementor-widget-text-editor .elementor-drop-cap-letter{display:inline-block}<\/style>\t\t\t\tUooGearilta ostetut ei-toivotut tuotteet voidaan palauttaa t\u00e4ydellisess\u00e4 j\u00e4lleenmyyntikunnossa (mukaan lukien pakkaus ja etiketit) 30 p\u00e4iv\u00e4n kuluessa ostosta, jolloin saat t\u00e4yden hyvityksen tai vaihdon. T\u00e4m\u00e4 ei sis\u00e4ll\u00e4 k\u00e4ytettyj\u00e4, likaantuneita, haisevia tai v\u00e4\u00e4rink\u00e4yt\u00f6n seurauksena vaurioituneita tavaroita.\t\t\t\t\t\t<\/div>\n\t\t\t\t<\/div>\n\t\t\t\t<div class=\"elementor-element elementor-element-b913df6 elementor-widget elementor-widget-heading\" data-id=\"b913df6\" data-element_type=\"widget\" data-widget_type=\"heading.default\">\n\t\t\t\t<div class=\"elementor-widget-container\">\n\t\t\t<h4 class=\"elementor-heading-title elementor-size-default\">Ei-toivotut tuotteet osoitteesta uoogear.com<\/h4>\t\t<\/div>\n\t\t\t\t<\/div>\n\t\t\t\t<div class=\"elementor-element elementor-element-c7c6ddc elementor-widget elementor-widget-text-editor\" data-id=\"c7c6ddc\" data-element_type=\"widget\" data-widget_type=\"text-editor.default\">\n\t\t\t\t<div class=\"elementor-widget-container\">\n\t\t\t\t\t\t\tEi-toivotut tuotteet, jotka on ostettu osoitteesta uoogear.com, voidaan palauttaa t\u00e4ydellisess\u00e4 j\u00e4lleenmyyntikunnossa (mukaan lukien pakkaus ja etiketit) 30 p\u00e4iv\u00e4n kuluessa toimituksesta. Jos haluat meid\u00e4n noutavan n\u00e4m\u00e4 tuotteet, voimme j\u00e4rjest\u00e4\u00e4 kuriirimme noutamaan n\u00e4m\u00e4 tuotteet valitsemastasi osoitteesta hintaan 10,00 puntaa per laatikko (yli 30 kg painavien tuotteiden hinta nousee, mink\u00e4 ilmoitamme tarjouksessa kuriiri). Jos haluat mieluummin l\u00e4hett\u00e4\u00e4 tuotteet takaisin omalla kustannuksellasi, niiden on oltava takaisin meill\u00e4 28 p\u00e4iv\u00e4n kuluessa. Olet kuitenkin vastuussa n\u00e4ist\u00e4 tavaroista, kunnes ne saapuvat meille. T\u00e4st\u00e4 syyst\u00e4 suosittelemme k\u00e4ytt\u00e4m\u00e4\u00e4n turvallista toimitusta.\t\t\t\t\t\t<\/div>\n\t\t\t\t<\/div>\n\t\t\t\t<div class=\"elementor-element elementor-element-5f45aa1 elementor-widget elementor-widget-heading\" data-id=\"5f45aa1\" data-element_type=\"widget\" data-widget_type=\"heading.default\">\n\t\t\t\t<div class=\"elementor-widget-container\">\n\t\t\t<h4 class=\"elementor-heading-title elementor-size-default\">Vialliset kohteet<\/h4>\t\t<\/div>\n\t\t\t\t<\/div>\n\t\t\t\t<div class=\"elementor-element elementor-element-5771ea0 elementor-widget elementor-widget-text-editor\" data-id=\"5771ea0\" data-element_type=\"widget\" data-widget_type=\"text-editor.default\">\n\t\t\t\t<div class=\"elementor-widget-container\">\n\t\t\t\t\t\t\tVialliset tuotteet, joissa on ilmeinen, aito vika, voidaan palauttaa t\u00e4yden hyvityksen, vaihdon tai vaihdon saamiseksi 30 p\u00e4iv\u00e4n kuluessa. Vialliset tuotteet, jotka palautetaan 30 p\u00e4iv\u00e4n kuluttua tai tuotteet, joissa ei ole ilmeist\u00e4 vikaa (esim. vuoto), voidaan palauttaa; saatamme kuitenkin joutua l\u00e4hett\u00e4m\u00e4\u00e4n tuotteen kolmannelle osapuolelle vian tarkistamiseksi. (T\u00e4m\u00e4 voi kest\u00e4\u00e4 useita viikkoja kolmannesta osapuolesta riippuen). Tarvitsemme kaikki viat kirjallisesti s\u00e4hk\u00f6postitse. Jos tuotteessasi ilmenee vika kolmen ensimm\u00e4isen kuukauden aikana, voit halutessasi hakea rahan palautusta, kun olemme tarkistaneet vian.\t\t\t\t\t\t<\/div>\n\t\t\t\t<\/div>\n\t\t\t\t<div class=\"elementor-element elementor-element-bebd1d5 elementor-widget elementor-widget-heading\" data-id=\"bebd1d5\" data-element_type=\"widget\" data-widget_type=\"heading.default\">\n\t\t\t\t<div class=\"elementor-widget-container\">\n\t\t\t<h4 class=\"elementor-heading-title elementor-size-default\">Vaatteet<\/h4>\t\t<\/div>\n\t\t\t\t<\/div>\n\t\t\t\t<div class=\"elementor-element elementor-element-930100e elementor-widget elementor-widget-text-editor\" data-id=\"930100e\" data-element_type=\"widget\" data-widget_type=\"text-editor.default\">\n\t\t\t\t<div class=\"elementor-widget-container\">\n\t\t\t\t\t\t\tJos tavarat palautetaan meille aiottuun k\u00e4ytt\u00f6tarkoitukseensa sopimattomina, varmista, ett\u00e4 ilmoitat meille aikomuksestasi palauttaa ne meille 7 p\u00e4iv\u00e4n kuluessa ostosta. Jos haluat, ett\u00e4 noutamme ja\/tai vaihdamme tavarat puolestasi, teemme sen mielell\u00e4mme 10,00 punnan maksua vastaan. Vaihtoehtoisesti voit palauttaa tavarat meille omatoimisesti, mutta meid\u00e4n on palautettava tavarat meille 28 p\u00e4iv\u00e4n kuluessa ostop\u00e4iv\u00e4st\u00e4.\t\t\t\t\t\t<\/div>\n\t\t\t\t<\/div>\n\t\t\t\t<div class=\"elementor-element elementor-element-8796eb8 elementor-widget elementor-widget-text-editor\" data-id=\"8796eb8\" data-element_type=\"widget\" data-widget_type=\"text-editor.default\">\n\t\t\t\t<div class=\"elementor-widget-container\">\n\t\t\t\t\t\t\tHuomaa: sopimattomat tavarat tulee palauttaa K\u00c4YTT\u00c4M\u00c4TT\u00d6M\u00c4N\u00c4, puhtaina, raikkaalta tuoksuvina, ilman koirankarvoja jne. eik\u00e4 muita todisteita yleisest\u00e4 v\u00e4\u00e4rink\u00e4yt\u00f6st\u00e4. Kaikissa vaatteissa on oltava valmistajan etiketti ja keinulipukkeet. Kaikki meille palautetut tuotteet, jotka eiv\u00e4t t\u00e4yt\u00e4 yll\u00e4 olevia vaatimuksia, voivat vaikuttaa kykyymme my\u00f6nt\u00e4\u00e4 t\u00e4ysi hyvitys.\t\t\t\t\t\t<\/div>\n\t\t\t\t<\/div>\n\t\t\t\t<div class=\"elementor-element elementor-element-79185b2 elementor-widget elementor-widget-heading\" data-id=\"79185b2\" data-element_type=\"widget\" data-widget_type=\"heading.default\">\n\t\t\t\t<div class=\"elementor-widget-container\">\n\t\t\t<h4 class=\"elementor-heading-title elementor-size-default\">Teltan palautukset<\/h4>\t\t<\/div>\n\t\t\t\t<\/div>\n\t\t\t\t<div class=\"elementor-element elementor-element-33eb9aa elementor-widget elementor-widget-text-editor\" data-id=\"33eb9aa\" data-element_type=\"widget\" data-widget_type=\"text-editor.default\">\n\t\t\t\t<div class=\"elementor-widget-container\">\n\t\t\t\t\t\t\tOn ehdottoman t\u00e4rke\u00e4\u00e4, ett\u00e4 tarkistat telttasi ennen lomalle l\u00e4ht\u00f6\u00e4. Emme voi olla vastuussa siit\u00e4, ettemme ole tarkistaneet telttaa ennen lomaasi varmistaaksemme, ett\u00e4 kaikki osat ovat teltassa. Jokaisen teltan paino tarkistetaan valmistuksen yhteydess\u00e4, jotta varmistetaan, ett\u00e4 kaikki osat ovat siell\u00e4. On kuitenkin tarpeen tarkistaa ja tutustua telttaan ennen l\u00e4ht\u00f6\u00e4.\t\t\t\t\t\t<\/div>\n\t\t\t\t<\/div>\n\t\t\t\t<div class=\"elementor-element elementor-element-44506a9 elementor-widget elementor-widget-text-editor\" data-id=\"44506a9\" data-element_type=\"widget\" data-widget_type=\"text-editor.default\">\n\t\t\t\t<div class=\"elementor-widget-container\">\n\t\t\t\t\t\t\tKun teltta on pystytetty ulos, sit\u00e4 ei en\u00e4\u00e4 pidet\u00e4 t\u00e4ydellisess\u00e4 j\u00e4lleenmyyntikunnossa. Kaikilla teltoilla on 2 vuoden valmistajan takuu ja Outdoor World kattaa teltan saman ajan. Ostotodistus vaaditaan. Huomaa, ett\u00e4 takuu ei kata teltan, sen tankojen tai muiden komponenttien aiheuttamia vaurioita\t\t\t\t\t\t<\/div>\n\t\t\t\t<\/div>\n\t\t\t\t<div class=\"elementor-element elementor-element-afc5129 elementor-widget elementor-widget-text-editor\" data-id=\"afc5129\" data-element_type=\"widget\" data-widget_type=\"text-editor.default\">\n\t\t\t\t<div class=\"elementor-widget-container\">\n\t\t\t\t\t\t\t<p>Ankarat s\u00e4\u00e4varoitusolosuhteet (myrskyvahingot)<br \/>Onnettomuuksia<br \/>V\u00e4\u00e4rink\u00e4ytt\u00f6<br \/>Kuluminen<br \/>UV-hajoaminen<br \/>Home, joka johtuu m\u00e4rk\u00e4n\u00e4 pakkaamisesta tai v\u00e4\u00e4r\u00e4st\u00e4 varastoinnista<\/p>\t\t\t\t\t\t<\/div>\n\t\t\t\t<\/div>\n\t\t\t\t<div class=\"elementor-element elementor-element-4fac535 elementor-widget elementor-widget-text-editor\" data-id=\"4fac535\" data-element_type=\"widget\" data-widget_type=\"text-editor.default\">\n\t\t\t\t<div class=\"elementor-widget-container\">\n\t\t\t\t\t\t\tJos uskot, ett\u00e4 teltassasi on valmistusvirhe, ota ensin yhteytt\u00e4 telttojen palautuslinjaan numeroon 01924 265457.\t\t\t\t\t\t<\/div>\n\t\t\t\t<\/div>\n\t\t\t\t<div class=\"elementor-element elementor-element-ab871b1 elementor-widget elementor-widget-text-editor\" data-id=\"ab871b1\" data-element_type=\"widget\" data-widget_type=\"text-editor.default\">\n\t\t\t\t<div class=\"elementor-widget-container\">\n\t\t\t\t\t\t\tMik\u00e4li joudut palauttamaan telttasi myym\u00e4l\u00e4ss\u00e4 tai verkossa, ota huomioon:\t\t\t\t\t\t<\/div>\n\t\t\t\t<\/div>\n\t\t\t\t<div class=\"elementor-element elementor-element-9cf37f6 elementor-widget elementor-widget-text-editor\" data-id=\"9cf37f6\" data-element_type=\"widget\" data-widget_type=\"text-editor.default\">\n\t\t\t\t<div class=\"elementor-widget-container\">\n\t\t\t\t\t\t\t<p>Telttaa ei voida ottaa vastaan, jos teltta on m\u00e4rk\u00e4 tai eritt\u00e4in likainen terveys- ja turvallisuussyist\u00e4 \u2013 teltan tulee olla 100% kuiva, tai se palautetaan sinulle ilman huomiota.<br \/>Jotkut teltat on ehk\u00e4 my\u00f6s l\u00e4hetett\u00e4v\u00e4 kolmannelle osapuolelle arvioitavaksi<br \/>Vango-telttojen takuuta voi pident\u00e4\u00e4 3 vuoteen siirtym\u00e4ll\u00e4 Vangon nettisivuille ja rekister\u00f6im\u00e4ll\u00e4 ostoksen.<br \/>Jos palautat telttasi ilmoittamalla, ett\u00e4 se on aivan uusi ja k\u00e4ytt\u00e4m\u00e4t\u00f6n, ja avaamme sen ja huomaamme, ett\u00e4 se on selv\u00e4sti k\u00e4ytetty ja siin\u00e4 on merkkej\u00e4 mudasta, lintujen kakasta, puiden mahlasta, se kuvataan ja palautetaan sinulle v\u00e4litt\u00f6m\u00e4sti, eik\u00e4 rahaa palauteta. k\u00e4sitelty. Valitettavasti t\u00e4t\u00e4 tapahtuu monta kertaa kauden aikana, koska ihmiset k\u00e4ytt\u00e4v\u00e4t tuotetta lomallaan ja yritt\u00e4v\u00e4t palauttaa sen j\u00e4lkeenp\u00e4in.<\/p>\t\t\t\t\t\t<\/div>\n\t\t\t\t<\/div>\n\t\t\t\t<div class=\"elementor-element elementor-element-43e2398 elementor-widget elementor-widget-text-editor\" data-id=\"43e2398\" data-element_type=\"widget\" data-widget_type=\"text-editor.default\">\n\t\t\t\t<div class=\"elementor-widget-container\">\n\t\t\t\t\t\t\tT\u00e4m\u00e4 huomautus t\u00e4ydent\u00e4\u00e4 lakis\u00e4\u00e4teisi\u00e4 oikeuksiasi.\t\t\t\t\t\t<\/div>\n\t\t\t\t<\/div>\n\t\t\t\t\t<\/div>\n\t\t<\/div>\n\t\t\t\t\t\t\t<\/div>\n\t\t<\/section>\n\t\t\t\t\t\t\t<\/div>","protected":false},"excerpt":{"rendered":"<p>Palautusk\u00e4yt\u00e4nt\u00f6 Kaupassa ostetut ei-toivotut tuotteet UooGearilta ostetut ei-toivotut tuotteet voidaan palauttaa t\u00e4ydellisess\u00e4 j\u00e4lleenmyyntikunnossa (mukaan lukien pakkaus ja tarrat) 30 p\u00e4iv\u00e4n kuluessa ostosta, jolloin saat t\u00e4yden hyvityksen tai vaihdon. T\u00e4m\u00e4 ei sis\u00e4ll\u00e4 k\u00e4ytettyj\u00e4, likaantuneita, haisevia tai v\u00e4\u00e4rink\u00e4yt\u00f6n seurauksena vaurioituneita tavaroita. Ei-toivotut tuotteet osoitteesta uoogear.com<\/p>\n<div class=\"read-more\"><a class=\"btn btn-fill-out\" href=\"https:\/\/uoogear.com\/fi\/returns-policy\/\">Lue lis\u00e4\u00e4<\/a><\/div>","protected":false},"author":1,"featured_media":0,"parent":0,"menu_order":0,"comment_status":"closed","ping_status":"closed","template":"","meta":{"footnotes":""},"class_list":["post-3378","page","type-page","status-publish","hentry"],"_links":{"self":[{"href":"https:\/\/uoogear.com\/fi\/wp-json\/wp\/v2\/pages\/3378","targetHints":{"allow":["GET"]}}],"collection":[{"href":"https:\/\/uoogear.com\/fi\/wp-json\/wp\/v2\/pages"}],"about":[{"href":"https:\/\/uoogear.com\/fi\/wp-json\/wp\/v2\/types\/page"}],"author":[{"embeddable":true,"href":"https:\/\/uoogear.com\/fi\/wp-json\/wp\/v2\/users\/1"}],"replies":[{"embeddable":true,"href":"https:\/\/uoogear.com\/fi\/wp-json\/wp\/v2\/comments?post=3378"}],"version-history":[{"count":10,"href":"https:\/\/uoogear.com\/fi\/wp-json\/wp\/v2\/pages\/3378\/revisions"}],"predecessor-version":[{"id":3388,"href":"https:\/\/uoogear.com\/fi\/wp-json\/wp\/v2\/pages\/3378\/revisions\/3388"}],"wp:attachment":[{"href":"https:\/\/uoogear.com\/fi\/wp-json\/wp\/v2\/media?parent=3378"}],"curies":[{"name":"wp","href":"https:\/\/api.w.org\/{rel}","templated":true}]}}