{"id":4108,"date":"2023-11-13T10:46:57","date_gmt":"2023-11-13T10:46:57","guid":{"rendered":"https:\/\/uoogear.com\/product\/competitive-price-hot-sale-car-top-roof-tent-rooftop-tent\/"},"modified":"2023-11-28T05:59:54","modified_gmt":"2023-11-28T05:59:54","slug":"competitive-price-hot-sale-car-top-roof-tent-rooftop-tent","status":"publish","type":"product","link":"https:\/\/uoogear.com\/fi\/tuote\/competitive-price-hot-sale-car-top-roof-tent-rooftop-tent\/","title":{"rendered":"Kilpailukykyinen hinta kuuma myynti auton kattoteltta kattoteltta"},"content":{"rendered":"<ul>\n<li><strong>Alue: <\/strong> 8CBM<\/li>\n<li><strong>Kangas: <\/strong> Kangas<\/li>\n<li><strong>Ulkoteltan vedenpit\u00e4vyysindeksi: <\/strong> &lt;1000 mm<\/li>\n<li><strong>Alin vedenpit\u00e4vyysindeksi: <\/strong> &gt; 3000 mm<\/li>\n<li><strong>Rakennustyyppi: <\/strong> Nopea automaattinen avaus<\/li>\n<li><strong>Teltan tyyli: <\/strong> Diagonaalinen j\u00e4ykistystyyppi<\/li>\n<li><strong>Kausi: <\/strong> Nelj\u00e4n vuodenajan teltta<\/li>\n<li><strong>Rakenne: <\/strong> Yksi makuuhuone<\/li>\n<li><strong>Tuotteen nimi : <\/strong> Camping Teltta<\/li>\n<li><strong>K\u00e4ytt\u00f6: <\/strong> Outdoor Camping Wild Teltta<\/li>\n<li><strong>Avainsana : <\/strong> kattoteltta<\/li>\n<li><strong>Koko : <\/strong> 210cmx(150+240)cm<\/li>\n<li><strong>Materiaali: <\/strong> Kangas<\/li>\n<li><strong>Sovellus: <\/strong> Outdoor Camping Perheteltta<\/li>\n<li><strong>Toiminto: <\/strong> Leirint\u00e4alue ulkona<\/li>\n<li><strong>MOQ: <\/strong> 1 kpl<\/li>\n<li><strong>Kehyksen materiaali: <\/strong> 16mm alumiinitanko<\/li>\n<li><strong>Ominaisuus: <\/strong> Vesipuhdas<\/li>\n<\/ul>","protected":false},"excerpt":{"rendered":"<p>Pinta-ala : 8CBM Kangas : Kangas Ulkoteltan vedenpit\u00e4v\u00e4 indeksi : &lt;1000 mm Pohja Vedenpit\u00e4v\u00e4 Indeksi : &gt;3000 mm Rakennustyyppi : Nopeasti avautuva teltta Tyyli : Diagonaalinen j\u00e4ykistystyyppi Kausi : Nelj\u00e4n vuodenajan telttarakenne : Yhden makuuhuoneen tuotenimi : Teltta Us : Teltta Outdoor Camping Wild Teltta Avainsana : kattoteltta<\/p>\n<div class=\"read-more\"><a class=\"btn btn-fill-out\" href=\"https:\/\/uoogear.com\/fi\/tuote\/competitive-price-hot-sale-car-top-roof-tent-rooftop-tent\/\">Lue lis\u00e4\u00e4<\/a><\/div>","protected":false},"featured_media":4107,"template":"","meta":[],"product_brand":[],"product_cat":[15],"product_tag":[140,141,142],"class_list":{"0":"post-4108","1":"product","2":"type-product","3":"status-publish","4":"has-post-thumbnail","6":"product_cat-uncategorized","7":"product_tag-camping-hiking","8":"product_tag-outdoor-tents","9":"product_tag-roof-tent","10":"tm-no-options","12":"first","13":"instock","14":"shipping-taxable","15":"purchasable","16":"product-type-variable"},"_links":{"self":[{"href":"https:\/\/uoogear.com\/fi\/wp-json\/wp\/v2\/product\/4108","targetHints":{"allow":["GET"]}}],"collection":[{"href":"https:\/\/uoogear.com\/fi\/wp-json\/wp\/v2\/product"}],"about":[{"href":"https:\/\/uoogear.com\/fi\/wp-json\/wp\/v2\/types\/product"}],"wp:featuredmedia":[{"embeddable":true,"href":"https:\/\/uoogear.com\/fi\/wp-json\/wp\/v2\/media\/4107"}],"wp:attachment":[{"href":"https:\/\/uoogear.com\/fi\/wp-json\/wp\/v2\/media?parent=4108"}],"wp:term":[{"taxonomy":"product_brand","embeddable":true,"href":"https:\/\/uoogear.com\/fi\/wp-json\/wp\/v2\/product_brand?post=4108"},{"taxonomy":"product_cat","embeddable":true,"href":"https:\/\/uoogear.com\/fi\/wp-json\/wp\/v2\/product_cat?post=4108"},{"taxonomy":"product_tag","embeddable":true,"href":"https:\/\/uoogear.com\/fi\/wp-json\/wp\/v2\/product_tag?post=4108"}],"curies":[{"name":"wp","href":"https:\/\/api.w.org\/{rel}","templated":true}]}}