{"id":4152,"date":"2023-11-13T12:13:22","date_gmt":"2023-11-13T12:13:22","guid":{"rendered":"https:\/\/uoogear.com\/product\/car-roof-top-tent-2-3-person-camping-tent-family-tent\/"},"modified":"2023-11-30T06:07:45","modified_gmt":"2023-11-30T06:07:45","slug":"car-roof-top-tent-2-3-person-camping-tent-family-tent","status":"publish","type":"product","link":"https:\/\/uoogear.com\/fi\/tuote\/car-roof-top-tent-2-3-person-camping-tent-family-tent\/","title":{"rendered":"Auton kattoteltta 2-3 hengen retkeilyteltta perheteltta"},"content":{"rendered":"<ul>\n<li><strong>Alue: <\/strong> 5,89 CBM<\/li>\n<li><strong>Kangas: <\/strong> Kangas<\/li>\n<li><strong>Ulkoteltan vedenpit\u00e4vyysindeksi: <\/strong> 2000-3000 mm, &lt;1000 mm<\/li>\n<li><strong>Alin vedenpit\u00e4vyysindeksi: <\/strong> &gt; 3000 mm<\/li>\n<li><strong>Teltan tyyli: <\/strong> Diagonaalinen j\u00e4ykistystyyppi<\/li>\n<li><strong>Kausi: <\/strong> Nelj\u00e4n vuodenajan teltta<\/li>\n<li><strong>Rakenne: <\/strong> Yksi makuuhuone<\/li>\n<li><strong>Tuotteen nimi : <\/strong> Isokokoinen auton kattoteltta<\/li>\n<li><strong>K\u00e4ytt\u00f6: <\/strong> Outdoor Camping Wild Teltta<\/li>\n<li><strong>Avainsana : <\/strong> kattoteltta<\/li>\n<li><strong>Koko : <\/strong> 193cm x 312cm x 121cm<\/li>\n<li><strong>Materiaali: <\/strong> Oxford &amp; Canvas<\/li>\n<li><strong>Sovellus: <\/strong> Outdoor Camping Perheteltta<\/li>\n<li><strong>Toiminto: <\/strong> Leirint\u00e4alue ulkona<\/li>\n<li><strong>MOQ: <\/strong> 1 kpl<\/li>\n<li><strong>Kehyksen materiaali: <\/strong> 16mm alumiinitanko<\/li>\n<li><strong>Ominaisuus: <\/strong> Vesipuhdas<\/li>\n<\/ul>\n<div>\n<div data-magic-global=\"%7B%22bizId%22%3A2206962912116%2C%22pageId%22%3A21197573815%2C%22siteId%22%3A5005786273%7D\">\n<div>\n<div>\n<div>\n<div>\n<div>\n<div><\/div>\n<\/div>\n<\/div>\n<\/div>\n<\/div>\n<\/div>\n<div>\n<div data-section=\"AliMagic-kaat09\" data-section-title=\"Product Description\">Tuotteen Kuvaus<\/div>\n<\/div>\n<div>\n<div>\n<div><img decoding=\"async\" src=\"\/\/sc04.alicdn.com\/kf\/H96646391c55a4b9cb89aa7ddd5778d537\/240056294\/H96646391c55a4b9cb89aa7ddd5778d537.jpg\" data-src=\"\/\/sc04.alicdn.com\/kf\/H96646391c55a4b9cb89aa7ddd5778d537\/240056294\/H96646391c55a4b9cb89aa7ddd5778d537.jpg\" \/><\/div>\n<div><img decoding=\"async\" src=\"\/\/sc04.alicdn.com\/kf\/H09edf5aa1ebb43eb83ceab228f820e3f1\/240056294\/H09edf5aa1ebb43eb83ceab228f820e3f1.jpg\" data-src=\"\/\/sc04.alicdn.com\/kf\/H09edf5aa1ebb43eb83ceab228f820e3f1\/240056294\/H09edf5aa1ebb43eb83ceab228f820e3f1.jpg\" \/><\/div>\n<div><\/div>\n<div><img decoding=\"async\" src=\"\/\/sc04.alicdn.com\/kf\/H7e54408e61be4f308dad149c5c5e4908m\/240056294\/H7e54408e61be4f308dad149c5c5e4908m.jpg\" data-src=\"\/\/sc04.alicdn.com\/kf\/H7e54408e61be4f308dad149c5c5e4908m\/240056294\/H7e54408e61be4f308dad149c5c5e4908m.jpg\" \/><\/div>\n<\/div>\n<\/div>\n<div>\n<div data-section=\"AliMagic-kx40oy\" data-section-title=\"Specification\"><\/div>\n<\/div>\n<\/div>\n<\/div>","protected":false},"excerpt":{"rendered":"<p>Pinta-ala: 5.89CBM Kangas: Kangas Ulkoteltan vedenpit\u00e4v\u00e4 indeksi: 2000-3000 mm, &lt;1000 mm Pohja Vedenpit\u00e4v\u00e4 Indeksi: &gt;3000 mm Teltan tyyli: Diagonaalinen j\u00e4ykistystyyppi Kausi: Nelj\u00e4n vuodenajan telttarakenne Tuotteen nimi: Yhden makuuhuoneen auto kattoteltta K\u00e4ytt\u00f6 : Outdoor Camping Wild Teltta Avainsana : kattoteltta<\/p>\n<div class=\"read-more\"><a class=\"btn btn-fill-out\" href=\"https:\/\/uoogear.com\/fi\/tuote\/car-roof-top-tent-2-3-person-camping-tent-family-tent\/\">Lue lis\u00e4\u00e4<\/a><\/div>","protected":false},"featured_media":4151,"template":"","meta":[],"product_brand":[],"product_cat":[15],"product_tag":[],"class_list":{"0":"post-4152","1":"product","2":"type-product","3":"status-publish","4":"has-post-thumbnail","6":"product_cat-uncategorized","7":"tm-no-options","9":"first","10":"instock","11":"shipping-taxable","12":"purchasable","13":"product-type-variable"},"_links":{"self":[{"href":"https:\/\/uoogear.com\/fi\/wp-json\/wp\/v2\/product\/4152","targetHints":{"allow":["GET"]}}],"collection":[{"href":"https:\/\/uoogear.com\/fi\/wp-json\/wp\/v2\/product"}],"about":[{"href":"https:\/\/uoogear.com\/fi\/wp-json\/wp\/v2\/types\/product"}],"wp:featuredmedia":[{"embeddable":true,"href":"https:\/\/uoogear.com\/fi\/wp-json\/wp\/v2\/media\/4151"}],"wp:attachment":[{"href":"https:\/\/uoogear.com\/fi\/wp-json\/wp\/v2\/media?parent=4152"}],"wp:term":[{"taxonomy":"product_brand","embeddable":true,"href":"https:\/\/uoogear.com\/fi\/wp-json\/wp\/v2\/product_brand?post=4152"},{"taxonomy":"product_cat","embeddable":true,"href":"https:\/\/uoogear.com\/fi\/wp-json\/wp\/v2\/product_cat?post=4152"},{"taxonomy":"product_tag","embeddable":true,"href":"https:\/\/uoogear.com\/fi\/wp-json\/wp\/v2\/product_tag?post=4152"}],"curies":[{"name":"wp","href":"https:\/\/api.w.org\/{rel}","templated":true}]}}