{"id":4163,"date":"2023-11-13T12:16:12","date_gmt":"2023-11-13T12:16:12","guid":{"rendered":"https:\/\/uoogear.com\/product\/super-quality-aluminum-camping-canvas-roof-top-tent\/"},"modified":"2023-11-30T06:07:29","modified_gmt":"2023-11-30T06:07:29","slug":"super-quality-aluminum-camping-canvas-roof-top-tent","status":"publish","type":"product","link":"https:\/\/uoogear.com\/fi\/tuote\/super-quality-aluminum-camping-canvas-roof-top-tent\/","title":{"rendered":"Superlaatuinen alumiininen camping canvas kattoteltta"},"content":{"rendered":"<ul>\n<li><strong>Alue: <\/strong> 3,5 CBM<\/li>\n<li><strong>Kangas: <\/strong> Kangas<\/li>\n<li><strong>Ulkoteltan vedenpit\u00e4vyysindeksi: <\/strong> &lt;1000 mm<\/li>\n<li><strong>Alin vedenpit\u00e4vyysindeksi: <\/strong> &gt; 3000 mm<\/li>\n<li><strong>Teltan tyyli: <\/strong> Diagonaalinen j\u00e4ykistystyyppi<\/li>\n<li><strong>Kausi: <\/strong> Nelj\u00e4n vuodenajan teltta<\/li>\n<li><strong>Rakenne: <\/strong> Yksi makuuhuone<\/li>\n<li><strong>Tuotteen nimi : <\/strong> Camping Teltta<\/li>\n<li><strong>K\u00e4ytt\u00f6: <\/strong> Ulkoteltta<\/li>\n<li><strong>Avainsana : <\/strong> kattoteltta<\/li>\n<li><strong>Koko : <\/strong> 143cm x 310cm<\/li>\n<li><strong>Materiaali: <\/strong> Kangas<\/li>\n<li><strong>Sovellus: <\/strong> Outdoor Camping Perheteltta<\/li>\n<li><strong>Toiminto: <\/strong> Leirint\u00e4alue ulkona<\/li>\n<li><strong>MOQ: <\/strong> 1 kpl<\/li>\n<li><strong>Kehyksen materiaali: <\/strong> 16mm alumiinitanko<\/li>\n<li><strong>Ominaisuus: <\/strong> Vesipuhdas<\/li>\n<\/ul>\n<div>\n<div data-magic-global=\"%7B%22bizId%22%3A2206962912116%2C%22pageId%22%3A21231044023%2C%22siteId%22%3A5005786273%7D\">\n<div>\n<div>\n<div>\n<div>\n<div>\n<div><\/div>\n<\/div>\n<\/div>\n<\/div>\n<\/div>\n<\/div>\n<div>\n<div data-section=\"AliMagic-p61azc\" data-section-title=\"Product Description\">Tuotteen Kuvaus<\/div>\n<\/div>\n<div>\n<div>\n<div><img loading=\"lazy\" decoding=\"async\" class=\"alignnone size-full wp-image-5317\" src=\"https:\/\/uoogear.com\/wp-content\/uploads\/2023\/11\/Hefb1e3279aa147d0b8a9598885ae4c3fg.jpg\" width=\"800\" height=\"800\" srcset=\"https:\/\/uoogear.com\/wp-content\/uploads\/2023\/11\/Hefb1e3279aa147d0b8a9598885ae4c3fg.jpg 800w, https:\/\/uoogear.com\/wp-content\/uploads\/2023\/11\/Hefb1e3279aa147d0b8a9598885ae4c3fg-300x300.jpg 300w, https:\/\/uoogear.com\/wp-content\/uploads\/2023\/11\/Hefb1e3279aa147d0b8a9598885ae4c3fg-150x150.jpg 150w, https:\/\/uoogear.com\/wp-content\/uploads\/2023\/11\/Hefb1e3279aa147d0b8a9598885ae4c3fg-768x768.jpg 768w, https:\/\/uoogear.com\/wp-content\/uploads\/2023\/11\/Hefb1e3279aa147d0b8a9598885ae4c3fg-450x450.jpg 450w, https:\/\/uoogear.com\/wp-content\/uploads\/2023\/11\/Hefb1e3279aa147d0b8a9598885ae4c3fg-90x90.jpg 90w, https:\/\/uoogear.com\/wp-content\/uploads\/2023\/11\/Hefb1e3279aa147d0b8a9598885ae4c3fg-600x600.jpg 600w, https:\/\/uoogear.com\/wp-content\/uploads\/2023\/11\/Hefb1e3279aa147d0b8a9598885ae4c3fg-54x54.jpg 54w, https:\/\/uoogear.com\/wp-content\/uploads\/2023\/11\/Hefb1e3279aa147d0b8a9598885ae4c3fg-50x50.jpg 50w, https:\/\/uoogear.com\/wp-content\/uploads\/2023\/11\/Hefb1e3279aa147d0b8a9598885ae4c3fg-100x100.jpg 100w\" sizes=\"auto, (max-width: 800px) 100vw, 800px\" \/><\/div>\n<div><img loading=\"lazy\" decoding=\"async\" class=\"alignnone size-full wp-image-5318\" src=\"https:\/\/uoogear.com\/wp-content\/uploads\/2023\/11\/H7270045d169a4289b36937b7aeb88ffb2.jpg\" width=\"800\" height=\"800\" srcset=\"https:\/\/uoogear.com\/wp-content\/uploads\/2023\/11\/H7270045d169a4289b36937b7aeb88ffb2.jpg 800w, https:\/\/uoogear.com\/wp-content\/uploads\/2023\/11\/H7270045d169a4289b36937b7aeb88ffb2-300x300.jpg 300w, https:\/\/uoogear.com\/wp-content\/uploads\/2023\/11\/H7270045d169a4289b36937b7aeb88ffb2-150x150.jpg 150w, https:\/\/uoogear.com\/wp-content\/uploads\/2023\/11\/H7270045d169a4289b36937b7aeb88ffb2-768x768.jpg 768w, https:\/\/uoogear.com\/wp-content\/uploads\/2023\/11\/H7270045d169a4289b36937b7aeb88ffb2-450x450.jpg 450w, https:\/\/uoogear.com\/wp-content\/uploads\/2023\/11\/H7270045d169a4289b36937b7aeb88ffb2-90x90.jpg 90w, https:\/\/uoogear.com\/wp-content\/uploads\/2023\/11\/H7270045d169a4289b36937b7aeb88ffb2-600x600.jpg 600w, https:\/\/uoogear.com\/wp-content\/uploads\/2023\/11\/H7270045d169a4289b36937b7aeb88ffb2-54x54.jpg 54w, https:\/\/uoogear.com\/wp-content\/uploads\/2023\/11\/H7270045d169a4289b36937b7aeb88ffb2-50x50.jpg 50w, https:\/\/uoogear.com\/wp-content\/uploads\/2023\/11\/H7270045d169a4289b36937b7aeb88ffb2-100x100.jpg 100w\" sizes=\"auto, (max-width: 800px) 100vw, 800px\" \/><\/div>\n<div><img loading=\"lazy\" decoding=\"async\" class=\"alignnone size-full wp-image-5319\" src=\"https:\/\/uoogear.com\/wp-content\/uploads\/2023\/11\/Hfcb246a7a8634eedab03cb0cd3b7414bP.jpg\" width=\"800\" height=\"800\" srcset=\"https:\/\/uoogear.com\/wp-content\/uploads\/2023\/11\/Hfcb246a7a8634eedab03cb0cd3b7414bP.jpg 800w, https:\/\/uoogear.com\/wp-content\/uploads\/2023\/11\/Hfcb246a7a8634eedab03cb0cd3b7414bP-300x300.jpg 300w, https:\/\/uoogear.com\/wp-content\/uploads\/2023\/11\/Hfcb246a7a8634eedab03cb0cd3b7414bP-150x150.jpg 150w, https:\/\/uoogear.com\/wp-content\/uploads\/2023\/11\/Hfcb246a7a8634eedab03cb0cd3b7414bP-768x768.jpg 768w, https:\/\/uoogear.com\/wp-content\/uploads\/2023\/11\/Hfcb246a7a8634eedab03cb0cd3b7414bP-450x450.jpg 450w, https:\/\/uoogear.com\/wp-content\/uploads\/2023\/11\/Hfcb246a7a8634eedab03cb0cd3b7414bP-90x90.jpg 90w, https:\/\/uoogear.com\/wp-content\/uploads\/2023\/11\/Hfcb246a7a8634eedab03cb0cd3b7414bP-600x600.jpg 600w, https:\/\/uoogear.com\/wp-content\/uploads\/2023\/11\/Hfcb246a7a8634eedab03cb0cd3b7414bP-54x54.jpg 54w, https:\/\/uoogear.com\/wp-content\/uploads\/2023\/11\/Hfcb246a7a8634eedab03cb0cd3b7414bP-50x50.jpg 50w, https:\/\/uoogear.com\/wp-content\/uploads\/2023\/11\/Hfcb246a7a8634eedab03cb0cd3b7414bP-100x100.jpg 100w\" sizes=\"auto, (max-width: 800px) 100vw, 800px\" \/><\/div>\n<div><img loading=\"lazy\" decoding=\"async\" class=\"alignnone size-full wp-image-5320\" src=\"https:\/\/uoogear.com\/wp-content\/uploads\/2023\/11\/H2f2720fa569b4fc38a0978f955168544u.jpg\" width=\"800\" height=\"800\" srcset=\"https:\/\/uoogear.com\/wp-content\/uploads\/2023\/11\/H2f2720fa569b4fc38a0978f955168544u.jpg 800w, https:\/\/uoogear.com\/wp-content\/uploads\/2023\/11\/H2f2720fa569b4fc38a0978f955168544u-300x300.jpg 300w, https:\/\/uoogear.com\/wp-content\/uploads\/2023\/11\/H2f2720fa569b4fc38a0978f955168544u-150x150.jpg 150w, https:\/\/uoogear.com\/wp-content\/uploads\/2023\/11\/H2f2720fa569b4fc38a0978f955168544u-768x768.jpg 768w, https:\/\/uoogear.com\/wp-content\/uploads\/2023\/11\/H2f2720fa569b4fc38a0978f955168544u-450x450.jpg 450w, https:\/\/uoogear.com\/wp-content\/uploads\/2023\/11\/H2f2720fa569b4fc38a0978f955168544u-90x90.jpg 90w, https:\/\/uoogear.com\/wp-content\/uploads\/2023\/11\/H2f2720fa569b4fc38a0978f955168544u-600x600.jpg 600w, https:\/\/uoogear.com\/wp-content\/uploads\/2023\/11\/H2f2720fa569b4fc38a0978f955168544u-54x54.jpg 54w, https:\/\/uoogear.com\/wp-content\/uploads\/2023\/11\/H2f2720fa569b4fc38a0978f955168544u-50x50.jpg 50w, https:\/\/uoogear.com\/wp-content\/uploads\/2023\/11\/H2f2720fa569b4fc38a0978f955168544u-100x100.jpg 100w\" sizes=\"auto, (max-width: 800px) 100vw, 800px\" \/><\/div>\n<div><\/div>\n<div><img loading=\"lazy\" decoding=\"async\" class=\"alignnone size-full wp-image-5321\" src=\"https:\/\/uoogear.com\/wp-content\/uploads\/2023\/11\/H8d7a389cf447492bbe6d179de8827aeew.jpg\" width=\"960\" height=\"680\" \/><\/div>\n<\/div>\n<\/div>\n<div>\n<div data-section=\"AliMagic-zwuelr\" data-section-title=\"Specification\"><\/div>\n<\/div>\n<\/div>\n<\/div>","protected":false},"excerpt":{"rendered":"<p>Pinta-ala: 3,5 CBM Kangas: Kangas Ulkoteltan vedenpit\u00e4v\u00e4 indeksi: &lt;1000 mm Pohja Vedenpit\u00e4v\u00e4 Indeksi: &gt;3000 mm Teltan tyyli: Diagonaalinen j\u00e4ykistystyyppi Kausi: Nelj\u00e4n vuodenajan telttarakenne: Yhden makuuhuoneen tuotenimi: Leirint\u00e4teltan k\u00e4ytt\u00f6: Teltta Avainsana: Teltan k\u00e4ytt\u00f6: Teltta kattoteltta Koko: 143cmx310cm Materiaali: Kangas<\/p>\n<div class=\"read-more\"><a class=\"btn btn-fill-out\" href=\"https:\/\/uoogear.com\/fi\/tuote\/super-quality-aluminum-camping-canvas-roof-top-tent\/\">Lue lis\u00e4\u00e4<\/a><\/div>","protected":false},"featured_media":4162,"template":"","meta":[],"product_brand":[],"product_cat":[15],"product_tag":[],"class_list":{"0":"post-4163","1":"product","2":"type-product","3":"status-publish","4":"has-post-thumbnail","6":"product_cat-uncategorized","7":"tm-no-options","9":"first","10":"instock","11":"shipping-taxable","12":"purchasable","13":"product-type-variable"},"_links":{"self":[{"href":"https:\/\/uoogear.com\/fi\/wp-json\/wp\/v2\/product\/4163","targetHints":{"allow":["GET"]}}],"collection":[{"href":"https:\/\/uoogear.com\/fi\/wp-json\/wp\/v2\/product"}],"about":[{"href":"https:\/\/uoogear.com\/fi\/wp-json\/wp\/v2\/types\/product"}],"wp:featuredmedia":[{"embeddable":true,"href":"https:\/\/uoogear.com\/fi\/wp-json\/wp\/v2\/media\/4162"}],"wp:attachment":[{"href":"https:\/\/uoogear.com\/fi\/wp-json\/wp\/v2\/media?parent=4163"}],"wp:term":[{"taxonomy":"product_brand","embeddable":true,"href":"https:\/\/uoogear.com\/fi\/wp-json\/wp\/v2\/product_brand?post=4163"},{"taxonomy":"product_cat","embeddable":true,"href":"https:\/\/uoogear.com\/fi\/wp-json\/wp\/v2\/product_cat?post=4163"},{"taxonomy":"product_tag","embeddable":true,"href":"https:\/\/uoogear.com\/fi\/wp-json\/wp\/v2\/product_tag?post=4163"}],"curies":[{"name":"wp","href":"https:\/\/api.w.org\/{rel}","templated":true}]}}