{"id":4172,"date":"2023-11-13T12:17:26","date_gmt":"2023-11-13T12:17:26","guid":{"rendered":"https:\/\/uoogear.com\/product\/outdoor-folding-off-road-camping-pickup-camper-trailer-truck-bed-tents\/"},"modified":"2023-11-30T07:31:23","modified_gmt":"2023-11-30T07:31:23","slug":"outdoor-folding-off-road-camping-pickup-camper-trailer-truck-bed-tents","status":"publish","type":"product","link":"https:\/\/uoogear.com\/fi\/tuote\/outdoor-folding-off-road-camping-pickup-camper-trailer-truck-bed-tents\/","title":{"rendered":"ulkona taitettava off road camping pick-up asuntovaunu per\u00e4vaunu kuorma-auto s\u00e4nky teltat"},"content":{"rendered":"<ul>\n<li><strong>Alue: <\/strong> 2,25 neli\u00f6metri\u00e4<\/li>\n<li><strong>Kangas: <\/strong> Polyesteri Oxford<\/li>\n<li><strong>Ulkoteltan vedenpit\u00e4vyysindeksi: <\/strong> 1500-2000 mm<\/li>\n<li><strong>Alin vedenpit\u00e4vyysindeksi: <\/strong> &gt; 3000 mm<\/li>\n<li><strong>Rakennustyyppi: <\/strong> Rakentaminen tarpeen mukaan<\/li>\n<li><strong>Teltan tyyli: <\/strong> Diagonaalinen j\u00e4ykistystyyppi<\/li>\n<li><strong>Kausi: <\/strong> Nelj\u00e4n vuodenajan teltta<\/li>\n<li><strong>Rakenne: <\/strong> Yksi makuuhuone<\/li>\n<li><strong>Tuotteen nimi : <\/strong> Polyesteri Oxford asuntovaunu teltta<\/li>\n<li><strong>Koko : <\/strong> 148*152*150cm<\/li>\n<li><strong>napa: <\/strong> Lasikuitu<\/li>\n<li><strong>Lattia : <\/strong> 2,25 neli\u00f6metri\u00e4<\/li>\n<li><strong>Materiaali: <\/strong> Polyesteri Oxford<\/li>\n<li><strong>Ominaisuus: <\/strong> UV-kest\u00e4v\u00e4<\/li>\n<li><strong>Toiminto: <\/strong> Leirint\u00e4alue ulkona<\/li>\n<li><strong>Tyyppi : <\/strong> 1-2 hengen teltta<\/li>\n<li><strong>Tyyli: <\/strong> Kannettava ulkoteltta<\/li>\n<li><strong>Sovellus: <\/strong> Outdoor Travel Vaellusleirint\u00e4alue<\/li>\n<\/ul>\n<div>\n<div data-magic-global=\"%7B%22bizId%22%3A2206962912116%2C%22pageId%22%3A21257988365%2C%22siteId%22%3A5005786273%7D\">\n<div>\n<div data-section=\"AliMagic-ea536q\" data-section-title=\"Product Description\">Tuotteen Kuvaus<\/div>\n<\/div>\n<div>\n<div><img decoding=\"async\" src=\"https:\/\/uoogear.com\/wp-content\/uploads\/2023\/11\/Hcca962780c0e43b8ad39b3c0255408eaU.webp\" data-src=\"https:\/\/uoogear.com\/wp-content\/uploads\/2023\/11\/Hcca962780c0e43b8ad39b3c0255408eaU.webp\" \/><\/div>\n<\/div>\n<div>\n<div><img decoding=\"async\" src=\"https:\/\/uoogear.com\/wp-content\/uploads\/2023\/11\/H99eb8b8c32bc42cdb414ea4013d5a549Y.webp\" data-src=\"https:\/\/uoogear.com\/wp-content\/uploads\/2023\/11\/H99eb8b8c32bc42cdb414ea4013d5a549Y.webp\" \/><\/div>\n<div><img decoding=\"async\" src=\"https:\/\/uoogear.com\/wp-content\/uploads\/2023\/11\/H54bd8571cc4a409499bfdf6f2048925fW.webp\" data-src=\"https:\/\/uoogear.com\/wp-content\/uploads\/2023\/11\/H54bd8571cc4a409499bfdf6f2048925fW.webp\" \/><\/div>\n<div><img decoding=\"async\" src=\"https:\/\/uoogear.com\/wp-content\/uploads\/2023\/11\/H4fa51f0d47f543138bd06fb33cd88167v.webp\" data-src=\"https:\/\/uoogear.com\/wp-content\/uploads\/2023\/11\/H4fa51f0d47f543138bd06fb33cd88167v.webp\" \/><\/div>\n<div><img decoding=\"async\" src=\"https:\/\/uoogear.com\/wp-content\/uploads\/2023\/11\/Hadabc1b7b495463ab551c309fe0a9213s.webp\" data-src=\"https:\/\/uoogear.com\/wp-content\/uploads\/2023\/11\/Hadabc1b7b495463ab551c309fe0a9213s.webp\" \/><\/div>\n<div><img decoding=\"async\" src=\"https:\/\/uoogear.com\/wp-content\/uploads\/2023\/11\/H7b539598d666467b877df856bc38249eY.webp\" data-src=\"https:\/\/uoogear.com\/wp-content\/uploads\/2023\/11\/H7b539598d666467b877df856bc38249eY.webp\" \/><\/div>\n<div><img decoding=\"async\" src=\"https:\/\/uoogear.com\/wp-content\/uploads\/2023\/11\/H5040086fa0744661adbbbe4afdd4bd6cj.webp\" data-src=\"https:\/\/uoogear.com\/wp-content\/uploads\/2023\/11\/H5040086fa0744661adbbbe4afdd4bd6cj.webp\" \/><\/div>\n<div><img decoding=\"async\" src=\"https:\/\/uoogear.com\/wp-content\/uploads\/2023\/11\/H62897e219f0f4f32abfc68bf21fa9f78J.webp\" data-src=\"https:\/\/uoogear.com\/wp-content\/uploads\/2023\/11\/H62897e219f0f4f32abfc68bf21fa9f78J.webp\" \/><\/div>\n<\/div>\n<div><\/div>\n<div>\n<div>\n<div>\n<div>\n<div><\/div>\n<\/div>\n<\/div>\n<\/div>\n<\/div>\n<\/div>\n<\/div>","protected":false},"excerpt":{"rendered":"<p>Pinta-ala : 2,25 neli\u00f6metri\u00e4 Kangas : Polyesteri Oxford Outside Teltta Vedenpit\u00e4v\u00e4 indeksi : 1500-2000 Mm Pohja Vedenpit\u00e4v\u00e4 Indeksi : &gt; 3000 mm Rakennustyyppi : Rakenne perustuu tarpeeseen Telttatyylinen : Diagonaalinen j\u00e4ykistystyyppi Kausi : Nelj\u00e4n vuodenajan tuotenimi : Yksi huone teltta : Polyesteri Oxford asuntovaunuteltta Koko: 148*152*150cm Tanko:<\/p>\n<div class=\"read-more\"><a class=\"btn btn-fill-out\" href=\"https:\/\/uoogear.com\/fi\/tuote\/outdoor-folding-off-road-camping-pickup-camper-trailer-truck-bed-tents\/\">Lue lis\u00e4\u00e4<\/a><\/div>","protected":false},"featured_media":4171,"template":"","meta":[],"product_brand":[],"product_cat":[15],"product_tag":[],"class_list":{"0":"post-4172","1":"product","2":"type-product","3":"status-publish","4":"has-post-thumbnail","6":"product_cat-uncategorized","7":"tm-no-options","9":"first","10":"instock","11":"shipping-taxable","12":"purchasable","13":"product-type-variable"},"_links":{"self":[{"href":"https:\/\/uoogear.com\/fi\/wp-json\/wp\/v2\/product\/4172","targetHints":{"allow":["GET"]}}],"collection":[{"href":"https:\/\/uoogear.com\/fi\/wp-json\/wp\/v2\/product"}],"about":[{"href":"https:\/\/uoogear.com\/fi\/wp-json\/wp\/v2\/types\/product"}],"wp:featuredmedia":[{"embeddable":true,"href":"https:\/\/uoogear.com\/fi\/wp-json\/wp\/v2\/media\/4171"}],"wp:attachment":[{"href":"https:\/\/uoogear.com\/fi\/wp-json\/wp\/v2\/media?parent=4172"}],"wp:term":[{"taxonomy":"product_brand","embeddable":true,"href":"https:\/\/uoogear.com\/fi\/wp-json\/wp\/v2\/product_brand?post=4172"},{"taxonomy":"product_cat","embeddable":true,"href":"https:\/\/uoogear.com\/fi\/wp-json\/wp\/v2\/product_cat?post=4172"},{"taxonomy":"product_tag","embeddable":true,"href":"https:\/\/uoogear.com\/fi\/wp-json\/wp\/v2\/product_tag?post=4172"}],"curies":[{"name":"wp","href":"https:\/\/api.w.org\/{rel}","templated":true}]}}