{"id":4212,"date":"2023-11-13T12:24:25","date_gmt":"2023-11-13T12:24:25","guid":{"rendered":"https:\/\/uoogear.com\/product\/rainproof-polyester-canvas-material-tent-for-outdoor-off-road-suv-soft-top-long-car-roof-tent\/"},"modified":"2025-09-14T16:40:13","modified_gmt":"2025-09-14T08:40:13","slug":"rainproof-polyester-canvas-material-tent-for-outdoor-off-road-suv-soft-top-long-car-roof-tent","status":"publish","type":"product","link":"https:\/\/uoogear.com\/fi\/tuote\/rainproof-polyester-canvas-material-tent-for-outdoor-off-road-suv-soft-top-long-car-roof-tent\/","title":{"rendered":"Sateenkest\u00e4v\u00e4 polyesterikangasmateriaali teltta ulkok\u00e4ytt\u00f6\u00f6n maastoautolle, pehme\u00e4 yl\u00e4osa pitk\u00e4 auton kattoteltta"},"content":{"rendered":"<ul>\n<li><strong>Alue: <\/strong> 310*160*126cm<\/li>\n<li><strong>Kangas: <\/strong> Polyesteri<\/li>\n<li><strong>Ulkoteltan vedenpit\u00e4vyysindeksi: <\/strong> 2000-3000 mm<\/li>\n<li><strong>Alin vedenpit\u00e4vyysindeksi: <\/strong> &gt; 3000 mm<\/li>\n<li><strong>Rakennustyyppi: <\/strong> Rakentaminen tarpeen mukaan<\/li>\n<li><strong>Teltan tyyli: <\/strong> Suora tukityyppi<\/li>\n<li><strong>Kausi: <\/strong> Nelj\u00e4n vuodenajan teltta<\/li>\n<li><strong>Rakenne: <\/strong> Yksi makuuhuone<\/li>\n<li><strong>Tuotteen nimi : <\/strong> Kattotelttatalo Auto Sateenkest\u00e4v\u00e4 Soft Top Autoteltta<\/li>\n<li><strong>Kankaan materiaali: <\/strong> 300 gsm polyesteripuuvillakangas<\/li>\n<li><strong>Ominaisuus: <\/strong> Vedenpit\u00e4v\u00e4 2000mm<\/li>\n<li><strong>Koko : <\/strong> Laajenna koko: 310*160*126cm<\/li>\n<li><strong>Patja: <\/strong> 60mm paksuus muotoutumaton sieni, jossa pest\u00e4v\u00e4 irrotettava kansi<\/li>\n<li><strong>Tikkaat: <\/strong> Teleskooppiset alumiinitikkaat, 230 cm<\/li>\n<li><strong>Logo: <\/strong> R\u00e4\u00e4t\u00e4l\u00f6ity logo<\/li>\n<li><strong>Lis\u00e4tarvikkeet : <\/strong> Ladder+ kenk\u00e4laukku<\/li>\n<li><strong>Valinnaiset osat: <\/strong> Liite, L\u00e4mmin eristysvuori, Erilaisia sadeperhomalleja<\/li>\n<\/ul>\n<div>\n<div data-magic-global=\"%7B%22bizId%22%3A2634101818%2C%22pageId%22%3A21330129207%2C%22siteId%22%3A5005227190%7D\">\n<div>\n<div>\n<div>\n<div>\n<div>\n<div><img decoding=\"async\" src=\"https:\/\/uoogear.com\/wp-content\/uploads\/2023\/11\/H4d2450ccd74648318c7ab759dace20f6i-wpp1701327585422.webp\" data-src=\"https:\/\/uoogear.com\/wp-content\/uploads\/2023\/11\/H4d2450ccd74648318c7ab759dace20f6i-wpp1701327585422.webp\" \/><\/div>\n<\/div>\n<\/div>\n<\/div>\n<\/div>\n<\/div>\n<div>\n<div data-section=\"AliMagic-0q1i93\" data-section-title=\"Product Paramenters\"><\/div>\n<\/div>\n<\/div>\n<\/div>","protected":false},"excerpt":{"rendered":"<p>Pinta-ala : 310 * 160 * 126 cm Kangas : Polyesteri ulkoteltan vedenpit\u00e4v\u00e4 indeksi : 2000-3000 mm pohja vedenpit\u00e4v\u00e4 indeksi : &gt; 3000 mm Rakennustyyppi : Rakentaminen tarpeen mukaan Telttatyyli : Suora j\u00e4ykistystyyppi Kausi : Nelj\u00e4n vuodenajan tuote : Yksihuoneinen teltta Nimi : Kattotelttatalo auton sateenkest\u00e4v\u00e4 Soft Top autoteltan kangas Materiaali:<\/p>\n<div class=\"read-more\"><a class=\"btn btn-fill-out\" href=\"https:\/\/uoogear.com\/fi\/tuote\/rainproof-polyester-canvas-material-tent-for-outdoor-off-road-suv-soft-top-long-car-roof-tent\/\">Lue lis\u00e4\u00e4<\/a><\/div>","protected":false},"featured_media":4211,"template":"","meta":[],"product_brand":[],"product_cat":[15],"product_tag":[],"class_list":{"0":"post-4212","1":"product","2":"type-product","3":"status-publish","4":"has-post-thumbnail","6":"product_cat-uncategorized","7":"tm-no-options","9":"first","10":"instock","11":"shipping-taxable","12":"purchasable","13":"product-type-variable"},"_links":{"self":[{"href":"https:\/\/uoogear.com\/fi\/wp-json\/wp\/v2\/product\/4212","targetHints":{"allow":["GET"]}}],"collection":[{"href":"https:\/\/uoogear.com\/fi\/wp-json\/wp\/v2\/product"}],"about":[{"href":"https:\/\/uoogear.com\/fi\/wp-json\/wp\/v2\/types\/product"}],"wp:featuredmedia":[{"embeddable":true,"href":"https:\/\/uoogear.com\/fi\/wp-json\/wp\/v2\/media\/4211"}],"wp:attachment":[{"href":"https:\/\/uoogear.com\/fi\/wp-json\/wp\/v2\/media?parent=4212"}],"wp:term":[{"taxonomy":"product_brand","embeddable":true,"href":"https:\/\/uoogear.com\/fi\/wp-json\/wp\/v2\/product_brand?post=4212"},{"taxonomy":"product_cat","embeddable":true,"href":"https:\/\/uoogear.com\/fi\/wp-json\/wp\/v2\/product_cat?post=4212"},{"taxonomy":"product_tag","embeddable":true,"href":"https:\/\/uoogear.com\/fi\/wp-json\/wp\/v2\/product_tag?post=4212"}],"curies":[{"name":"wp","href":"https:\/\/api.w.org\/{rel}","templated":true}]}}