{"id":4273,"date":"2023-11-13T12:30:29","date_gmt":"2023-11-13T12:30:29","guid":{"rendered":"https:\/\/uoogear.com\/product\/unistrengh-mini-4x4-offroad-outdoor-camping-car-soft-shell-roof-top-tents-for-sale\/"},"modified":"2023-11-30T06:16:50","modified_gmt":"2023-11-30T06:16:50","slug":"unistrengh-mini-4x4-offroad-outdoor-camping-car-soft-shell-roof-top-tents-for-sale","status":"publish","type":"product","link":"https:\/\/uoogear.com\/fi\/tuote\/unistrengh-mini-4x4-offroad-outdoor-camping-car-soft-shell-roof-top-tents-for-sale\/","title":{"rendered":"Myyd\u00e4\u00e4n Unistrengh Mini 4\u00d74 offroad retkeilyauton softshell kattoteltat"},"content":{"rendered":"<ul>\n<li><strong>Alue: <\/strong> 134*109cm<\/li>\n<li><strong>Kangas: <\/strong> Polyesteripuuvillakangas<\/li>\n<li><strong>Ulkoteltan vedenpit\u00e4vyysindeksi: <\/strong> 2000-3000 mm<\/li>\n<li><strong>Alin vedenpit\u00e4vyysindeksi: <\/strong> &gt; 3000 mm<\/li>\n<li><strong>Teltan tyyli: <\/strong> Suora tukityyppi<\/li>\n<li><strong>Kausi: <\/strong> Nelj\u00e4n vuodenajan teltta, 4 vuodenaikaa<\/li>\n<li><strong>Rakenne: <\/strong> Yksi makuuhuone<\/li>\n<li><strong>Tuotteen nimi : <\/strong> Pehme\u00e4 miniauton kattoteltan vedeneristys<\/li>\n<li><strong>Sovellus: <\/strong> Outdoor Camping Perheteltta<\/li>\n<li><strong>Avainsana : <\/strong> teltan vedeneristys<\/li>\n<li><strong>Koko : <\/strong> 2157*1330*1130mm<\/li>\n<li><strong>Materiaali: <\/strong> Polyesteripuuvillakangas<\/li>\n<li><strong>MOQ: <\/strong> 1 kpl<\/li>\n<li><strong>Logo: <\/strong> R\u00e4\u00e4t\u00e4l\u00f6ity logo<\/li>\n<li><strong>Paino: <\/strong> 41,5 kg<\/li>\n<li><strong>Takuu : <\/strong> 12 kuukautta<\/li>\n<\/ul>\n<div>\n<div data-magic-global=\"%7B%22bizId%22%3A2634101818%2C%22pageId%22%3A21250043969%2C%22siteId%22%3A5005227190%7D\">\n<div>\n<div data-section=\"AliMagic-ljemi3\" data-section-title=\"Product Description\">Tuotteen Kuvaus<\/div>\n<\/div>\n<div>\n<div>\n<div>\n<div>\n<div>\n<div><\/div>\n<\/div>\n<\/div>\n<\/div>\n<div>\n<div>Pieni kattoteltta<\/div>\n<div>Pieni kattoteltta valmistuu muutamassa minuutissa, joten voit rentoutua ja nauttia ulkoilusta. Valmistettu alkaen<br \/>\nkest\u00e4v\u00e4 korkealaatuinen poly\/puuvilla hengitt\u00e4v\u00e4 kangas, muotin- ja vedenpit\u00e4v\u00e4 kattoteltta sopii siististi 4x4-autosi katolle. Tukevat alumiiniset sis\u00e4\u00e4nvedett\u00e4v\u00e4t tikkaat mahdollistavat helpon p\u00e4\u00e4syn. Patjojen mukana tulee korkeatiheyksinen vaahtomuovipatja, jossa on irrotettava p\u00e4\u00e4llinen. T\u00e4ysin suojatut ikkunat ja ovet, p\u00f6lytiivis ja hy\u00f6nteistenkest\u00e4v\u00e4.<\/div>\n<\/div>\n<\/div>\n<\/div>\n<div>\n<div>\n<div>\n<h3>ominaisuudet<\/h3>\n<div>\n<div>\n<div>- Nelj\u00e4n vuodenajan teltta, joka on rakennettu kest\u00e4m\u00e4\u00e4n kaikki vuodenajat ja ilmasto -Voit majoittua jopa 2 henkil\u00f6\u00e4<br \/>\n- Telttakangas on sek\u00e4 UV- ett\u00e4 homeenkest\u00e4v\u00e4, joten se kest\u00e4\u00e4 kaikki vuodenajat<br \/>\n-Nelj\u00e4, isoa sis\u00e4taskua tarvikkeiden ja retkeilytarvikkeiden s\u00e4ilytt\u00e4miseen<br \/>\n- Sis\u00e4lt\u00e4\u00e4 eritt\u00e4in tihe\u00e4n vaahtomuovipatjan mukavuuden lis\u00e4\u00e4miseksi<br \/>\n-Vaihda katos helposti vuodenajan ja s\u00e4\u00e4olosuhteiden mukaan (lis\u00e4katokset myyd\u00e4\u00e4n erikseen)<\/div>\n<\/div>\n<\/div>\n<\/div>\n<\/div>\n<\/div>\n<div>\n<div>\n<table>\n<tbody>\n<tr>\n<td>\n<div>Avoin koko<\/div>\n<\/td>\n<td>\n<div>2157*1330*1130mm<\/div>\n<\/td>\n<td>\n<div><\/div>\n<\/td>\n<td>\n<div><\/div>\n<\/td>\n<td>\n<div><\/div>\n<\/td>\n<\/tr>\n<tr>\n<td>\n<div>Sulje koko<\/div>\n<\/td>\n<td>\n<div>1340*1090*220mm<\/div>\n<\/td>\n<td>\n<div><\/div>\n<\/td>\n<td>\n<div><\/div>\n<\/td>\n<td>\n<div><\/div>\n<\/td>\n<\/tr>\n<tr>\n<td>\n<div>NW<\/div>\n<\/td>\n<td>\n<div>41,5 kg<\/div>\n<\/td>\n<td>\n<div><\/div>\n<\/td>\n<td>\n<div><\/div>\n<\/td>\n<td>\n<div><\/div>\n<\/td>\n<\/tr>\n<tr>\n<td>\n<div>GW<\/div>\n<\/td>\n<td>\n<div>51,8 kg<\/div>\n<\/td>\n<td>\n<div><\/div>\n<\/td>\n<td>\n<div><\/div>\n<\/td>\n<td>\n<div><\/div>\n<\/td>\n<\/tr>\n<\/tbody>\n<\/table>\n<\/div>\n<\/div>\n<div>\n<div data-section=\"AliMagic-hdvu51\" data-section-title=\"Product details\">Tuotteen yksityiskohdat<\/div>\n<\/div>\n<div>\n<div>\n<div><\/div>\n<div><img decoding=\"async\" src=\"https:\/\/uoogear.com\/wp-content\/uploads\/2023\/11\/H1bf314a0e04e47408594be1fd416e0a6f.webp\" data-src=\"https:\/\/uoogear.com\/wp-content\/uploads\/2023\/11\/H1bf314a0e04e47408594be1fd416e0a6f.webp\" \/><\/div>\n<\/div>\n<\/div>\n<div>\n<div data-section=\"AliMagic-3qaa90\" data-section-title=\"Related products\">Liittyv\u00e4t tuotteet<\/div>\n<\/div>\n<div>\n<div>\n<div>\n<div>\n<div>\n<div><\/div>\n<\/div>\n<div>\n<div>\n<div><strong>Soft shell kattoteltta<\/strong><\/div>\n<\/div>\n<\/div>\n<\/div>\n<div>\n<div>\n<div><\/div>\n<\/div>\n<div>\n<div>\n<div><strong>Pitk\u00e4 osa liitteell\u00e4<\/strong><\/div>\n<\/div>\n<\/div>\n<\/div>\n<div>\n<div>\n<div><img loading=\"lazy\" decoding=\"async\" class=\"alignnone\" src=\"https:\/\/uoogear.com\/wp-content\/uploads\/2023\/11\/H437d0352f3994ed2b130dac4e75a83d4d.webp\" alt=\"\" width=\"800\" height=\"533\" data-src=\"https:\/\/uoogear.com\/wp-content\/uploads\/2023\/11\/H437d0352f3994ed2b130dac4e75a83d4d.webp\" \/><\/div>\n<\/div>\n<div>\n<div>\n<div><strong>Auton sivumarkiisi<\/strong><\/div>\n<\/div>\n<\/div>\n<\/div>\n<\/div>\n<\/div>\n<\/div>\n<div>\n<div>\n<div>\n<div><img loading=\"lazy\" decoding=\"async\" class=\"alignnone\" src=\"https:\/\/uoogear.com\/wp-content\/uploads\/2023\/11\/Hff9bd9063cef44a8ba9b43b61c0257d1W.webp\" alt=\"\" width=\"800\" height=\"600\" data-src=\"https:\/\/uoogear.com\/wp-content\/uploads\/2023\/11\/Hff9bd9063cef44a8ba9b43b61c0257d1W.webp\" \/><\/div>\n<\/div>\n<div><\/div>\n<\/div>\n<div>\n<div>\n<div><\/div>\n<\/div>\n<div>\n<div><\/div>\n<\/div>\n<\/div>\n<div>\n<div>\n<div>\n<div><\/div>\n<\/div>\n<\/div>\n<\/div>\n<\/div>\n<div>\n<div data-section=\"AliMagic-tf79ni\" data-section-title=\"Company Imformation\"><\/div>\n<\/div>\n<\/div>\n<\/div>","protected":false},"excerpt":{"rendered":"<p>Pinta-ala : 134 * 109 cm Kangas : Polyesteripuuvillakangas Ulkoteltan vedenpit\u00e4vyysindeksi : 2000-3000 Mm Pohja Vedenpit\u00e4v\u00e4 Indeksi : &gt;3000 mm Teltan tyyli : Suora j\u00e4ykistystyyppi Kausi : Nelj\u00e4n vuodenajan teltta, 4 vuodenajan teltta, 4 vuodenajan rakenne Tuotteen nimi: One Season Structure miniauton kattoteltan vedeneristys K\u00e4ytt\u00f6kohde: Ulkoteltta Perheteltta Avainsana: teltta<\/p>\n<div class=\"read-more\"><a class=\"btn btn-fill-out\" href=\"https:\/\/uoogear.com\/fi\/tuote\/unistrengh-mini-4x4-offroad-outdoor-camping-car-soft-shell-roof-top-tents-for-sale\/\">Lue lis\u00e4\u00e4<\/a><\/div>","protected":false},"featured_media":4272,"template":"","meta":[],"product_brand":[],"product_cat":[15],"product_tag":[],"class_list":{"0":"post-4273","1":"product","2":"type-product","3":"status-publish","4":"has-post-thumbnail","6":"product_cat-uncategorized","7":"tm-no-options","9":"first","10":"instock","11":"shipping-taxable","12":"purchasable","13":"product-type-variable"},"_links":{"self":[{"href":"https:\/\/uoogear.com\/fi\/wp-json\/wp\/v2\/product\/4273","targetHints":{"allow":["GET"]}}],"collection":[{"href":"https:\/\/uoogear.com\/fi\/wp-json\/wp\/v2\/product"}],"about":[{"href":"https:\/\/uoogear.com\/fi\/wp-json\/wp\/v2\/types\/product"}],"wp:featuredmedia":[{"embeddable":true,"href":"https:\/\/uoogear.com\/fi\/wp-json\/wp\/v2\/media\/4272"}],"wp:attachment":[{"href":"https:\/\/uoogear.com\/fi\/wp-json\/wp\/v2\/media?parent=4273"}],"wp:term":[{"taxonomy":"product_brand","embeddable":true,"href":"https:\/\/uoogear.com\/fi\/wp-json\/wp\/v2\/product_brand?post=4273"},{"taxonomy":"product_cat","embeddable":true,"href":"https:\/\/uoogear.com\/fi\/wp-json\/wp\/v2\/product_cat?post=4273"},{"taxonomy":"product_tag","embeddable":true,"href":"https:\/\/uoogear.com\/fi\/wp-json\/wp\/v2\/product_tag?post=4273"}],"curies":[{"name":"wp","href":"https:\/\/api.w.org\/{rel}","templated":true}]}}