{"id":4304,"date":"2023-11-13T12:33:04","date_gmt":"2023-11-13T12:33:04","guid":{"rendered":"https:\/\/uoogear.com\/product\/high-quality-3m-4m-5m-6m-7m-sahara-cotton-canvas-bell-tent-outdoor-tents-with-stove-hole\/"},"modified":"2023-11-30T02:28:38","modified_gmt":"2023-11-30T02:28:38","slug":"high-quality-3m-4m-5m-6m-7m-sahara-cotton-canvas-bell-tent-outdoor-tents-with-stove-hole","status":"publish","type":"product","link":"https:\/\/uoogear.com\/fi\/tuote\/high-quality-3m-4m-5m-6m-7m-sahara-cotton-canvas-bell-tent-outdoor-tents-with-stove-hole\/","title":{"rendered":"Laadukas 3m 4m 5m 6m 7m sahara puuvillakangas kelloteltta ulkoteltat takkarei\u00e4ll\u00e4"},"content":{"rendered":"<ul>\n<li><strong>Alue: <\/strong> 500*300*170\/60 cm<\/li>\n<li><strong>Kangas: <\/strong> Kangas<\/li>\n<li><strong>Ulkoteltan vedenpit\u00e4vyysindeksi: <\/strong> 1500-2000 mm<\/li>\n<li><strong>Alin vedenpit\u00e4vyysindeksi: <\/strong> &gt; 3000 mm<\/li>\n<li><strong>Rakennustyyppi: <\/strong> Rakentaminen tarpeen mukaan<\/li>\n<li><strong>Teltan tyyli: <\/strong> Suora tukityyppi<\/li>\n<li><strong>Kausi: <\/strong> Nelj\u00e4n vuodenajan teltta<\/li>\n<li><strong>Rakenne: <\/strong> Yksi makuuhuone<\/li>\n<li><strong>Tuotteen nimi : <\/strong> 3m 4m 5m sahara puuvillakangas kelloteltta ulkoteltat kiukaan rei\u00e4ll\u00e4<\/li>\n<li><strong>Avainsana : <\/strong> ulkotelttoja<\/li>\n<li><strong>Sovellus: <\/strong> Outdoor Camping Perheteltta<\/li>\n<li><strong>Ominaisuus: <\/strong> Vedenkest\u00e4v\u00e4<\/li>\n<li><strong>Koko : <\/strong> 5 m<\/li>\n<li><strong>Pakkaus: <\/strong> Kartonki<\/li>\n<li><strong>Logo: <\/strong> R\u00e4\u00e4t\u00e4l\u00f6ity logo<\/li>\n<li><strong>Takuu : <\/strong> 12 kuukautta<\/li>\n<li><strong>Paino: <\/strong> 36 kg<\/li>\n<li><strong>MOQ: <\/strong> 1 kpl<\/li>\n<\/ul>\n<div>\n<div data-magic-global=\"%7B%22bizId%22%3A2634101818%2C%22pageId%22%3A5051882350%2C%22siteId%22%3A5005227190%7D\">\n<div>\n<div data-section=\"AliMagic-ikh4e8\" data-section-title=\"Products Description\">Tuotteen kuvaus<\/div>\n<\/div>\n<div>\n<div>\n<div>\n<div>\n<div><img decoding=\"async\" src=\"\/\/sc01.alicdn.com\/kf\/H8da6e4d563af48c488f62e60b6a1f70ff\/225636084\/H8da6e4d563af48c488f62e60b6a1f70ff.jpg\" data-src=\"\/\/sc01.alicdn.com\/kf\/H8da6e4d563af48c488f62e60b6a1f70ff\/225636084\/H8da6e4d563af48c488f62e60b6a1f70ff.jpg\" \/><\/div>\n<\/div>\n<\/div>\n<\/div>\n<div><\/div>\n<\/div>\n<div><\/div>\n<\/div>\n<\/div>","protected":false},"excerpt":{"rendered":"<p>Pinta-ala: 500*300*170\/60 cm Kangas: Kangas Ulkoteltan vedenpit\u00e4vyysindeksi: 1500-2000 mm Pohjavedenpit\u00e4vyysindeksi: &gt;3000 mm Rakennustyyppi: Rakennustarpeen mukaan Telttatyyli: Suora j\u00e4ykistystyyppi Kausi: Nelj\u00e4n vuodenajan rakenne: Teltta Yhden makuuhuoneen tuotenimi: 3 m 4 m 5 m sahara puuvillakangaskelloteltta ulkoteltta<\/p>\n<div class=\"read-more\"><a class=\"btn btn-fill-out\" href=\"https:\/\/uoogear.com\/fi\/tuote\/high-quality-3m-4m-5m-6m-7m-sahara-cotton-canvas-bell-tent-outdoor-tents-with-stove-hole\/\">Lue lis\u00e4\u00e4<\/a><\/div>","protected":false},"featured_media":4303,"template":"","meta":[],"product_brand":[],"product_cat":[15],"product_tag":[],"class_list":{"0":"post-4304","1":"product","2":"type-product","3":"status-publish","4":"has-post-thumbnail","6":"product_cat-uncategorized","7":"tm-no-options","9":"first","10":"instock","11":"shipping-taxable","12":"purchasable","13":"product-type-variable"},"_links":{"self":[{"href":"https:\/\/uoogear.com\/fi\/wp-json\/wp\/v2\/product\/4304","targetHints":{"allow":["GET"]}}],"collection":[{"href":"https:\/\/uoogear.com\/fi\/wp-json\/wp\/v2\/product"}],"about":[{"href":"https:\/\/uoogear.com\/fi\/wp-json\/wp\/v2\/types\/product"}],"wp:featuredmedia":[{"embeddable":true,"href":"https:\/\/uoogear.com\/fi\/wp-json\/wp\/v2\/media\/4303"}],"wp:attachment":[{"href":"https:\/\/uoogear.com\/fi\/wp-json\/wp\/v2\/media?parent=4304"}],"wp:term":[{"taxonomy":"product_brand","embeddable":true,"href":"https:\/\/uoogear.com\/fi\/wp-json\/wp\/v2\/product_brand?post=4304"},{"taxonomy":"product_cat","embeddable":true,"href":"https:\/\/uoogear.com\/fi\/wp-json\/wp\/v2\/product_cat?post=4304"},{"taxonomy":"product_tag","embeddable":true,"href":"https:\/\/uoogear.com\/fi\/wp-json\/wp\/v2\/product_tag?post=4304"}],"curies":[{"name":"wp","href":"https:\/\/api.w.org\/{rel}","templated":true}]}}