{"id":4313,"date":"2023-11-13T12:34:03","date_gmt":"2023-11-13T12:34:03","guid":{"rendered":"https:\/\/uoogear.com\/product\/hot-sale-custom-outdoor-camping-car-soft-roof-top-tent-waterproofing\/"},"modified":"2023-11-30T07:47:48","modified_gmt":"2023-11-30T07:47:48","slug":"hot-sale-custom-outdoor-camping-car-soft-roof-top-tent-waterproofing","status":"publish","type":"product","link":"https:\/\/uoogear.com\/fi\/tuote\/hot-sale-custom-outdoor-camping-car-soft-roof-top-tent-waterproofing\/","title":{"rendered":"Kuuma myynti r\u00e4\u00e4t\u00e4l\u00f6ity ulkoiluauton pehme\u00e4 kattoteltan vedeneristys"},"content":{"rendered":"<ul>\n<li><strong>Alue: <\/strong> 310*140*120cm<\/li>\n<li><strong>Kangas: <\/strong> Kangas<\/li>\n<li><strong>Ulkoteltan vedenpit\u00e4vyysindeksi: <\/strong> 2000-3000 mm<\/li>\n<li><strong>Alin vedenpit\u00e4vyysindeksi: <\/strong> &gt; 3000 mm<\/li>\n<li><strong>Rakennustyyppi: <\/strong> Rakentaminen tarpeen mukaan<\/li>\n<li><strong>Teltan tyyli: <\/strong> Suora tukityyppi<\/li>\n<li><strong>Kausi: <\/strong> Nelj\u00e4n vuodenajan teltta<\/li>\n<li><strong>Rakenne: <\/strong> Yksi makuuhuone<\/li>\n<li><strong>Tuotteen nimi : <\/strong> Kuuma myynti r\u00e4\u00e4t\u00e4l\u00f6ity ulkoiluauton pehme\u00e4 kattoteltan vedeneristys<\/li>\n<li><strong>Sovellus: <\/strong> Outdoor Camping Perheteltta<\/li>\n<li><strong>Avainsana : <\/strong> teltan vedeneristys<\/li>\n<li><strong>Koko : <\/strong> 310x140x130 cm<\/li>\n<li><strong>Vartalon kangas: <\/strong> 280 g polyesteripuuvillaa<\/li>\n<li><strong>Ladataan : <\/strong> 300kg-350kg<\/li>\n<li><strong>Lattia : <\/strong> Alumiinilevy<\/li>\n<li><strong>Paino: <\/strong> 57 kg<\/li>\n<li><strong>MOQ: <\/strong> 1 kpl<\/li>\n<li><strong>Takuu : <\/strong> 12 kuukautta<\/li>\n<\/ul>\n<div>\n<div data-host=\"111518424\" data-magic-global=\"%7B%22bizId%22%3A2634101818%2C%22pageId%22%3A5054242772%2C%22siteId%22%3A5005227190%7D\" data-id=\"detail_decorate_root\">\n<div data-section=\"AliMagic-ucqhaz\" data-section-title=\"Products Description\">Tuotteen kuvaus<\/div>\n<div>\n<div>\n<div>\n<div>\n<div><\/div>\n<\/div>\n<\/div>\n<\/div>\n<div>\n<div data-id=\"below-title\">Kuuma myynti r\u00e4\u00e4t\u00e4l\u00f6ity ulkoiluauton pehme\u00e4 kattoteltan vedeneristys<\/div>\n<div data-id=\"below-content\">Soft Shell 4\u00d74 kattoteltta ja markiisit valmistuvat muutamassa minuutissa, joten voit rentoutua ja nauttia ulkoilmasta. Valmistettu kest\u00e4v\u00e4st\u00e4 korkealaatuisesta poly\/puuvillasta hengitt\u00e4v\u00e4st\u00e4 kankaasta, home- ja vedenpit\u00e4v\u00e4 kattoteltta sopii siististi 4\u00d74-autosi katolle. Tukevat alumiiniset sis\u00e4\u00e4nvedett\u00e4v\u00e4t tikkaat mahdollistavat helpon p\u00e4\u00e4syn. Patjojen mukana tulee 65 mm:n tihe\u00e4 vaahtomuovipatja, jossa on irrotettava p\u00e4\u00e4llinen. T\u00e4ysin suojatut ikkunat ja ovet. p\u00f6lytiivis ja hy\u00f6nteisi\u00e4 kest\u00e4v\u00e4.<\/div>\n<\/div>\n<\/div>\n<div>\n<div>\n<h3 data-id=\"title0\">ominaisuudet<\/h3>\n<div>\n<div>\n<div data-id=\"paragraph0\">\n<p>-Nelj\u00e4n vuodenajan teltta, joka on rakennettu kest\u00e4m\u00e4\u00e4n kaikki vuodenajat ja ilmasto<\/p>\n<div>- Mahtuu 2-3 henkil\u00f6\u00e4<br \/>\n- Telttakangas on sek\u00e4 UV- ett\u00e4 homeenkest\u00e4v\u00e4, joten se kest\u00e4\u00e4 kaikki vuodenajat<br \/>\n-Nelj\u00e4, isoa sis\u00e4taskua tarvikkeiden ja retkeilytarvikkeiden s\u00e4ilytt\u00e4miseen<br \/>\n- Sis\u00e4lt\u00e4\u00e4 eritt\u00e4in tihe\u00e4n vaahtomuovipatjan mukavuuden lis\u00e4\u00e4miseksi<\/div>\n<\/div>\n<\/div>\n<\/div>\n<\/div>\n<\/div>\n<div data-section=\"AliMagic-t25ve8\" data-section-title=\"Specification\">Erittely<\/div>\n<div>\n<table>\n<tbody>\n<tr>\n<td>\n<div>Vuodenajat<\/div>\n<\/td>\n<td>\n<div>4-kausi<\/div>\n<\/td>\n<td>\n<div><\/div>\n<\/td>\n<td>\n<div><\/div>\n<\/td>\n<td>\n<div><\/div>\n<\/td>\n<\/tr>\n<tr>\n<td>\n<div>Koko<\/div>\n<\/td>\n<td>\n<div>310\u00d7140\/160\/190\u00d7130 cm<\/div>\n<\/td>\n<td>\n<div><\/div>\n<\/td>\n<td>\n<div><\/div>\n<\/td>\n<td>\n<div><\/div>\n<\/td>\n<\/tr>\n<tr>\n<td>\n<div>Lattia<\/div>\n<\/td>\n<td>\n<div>Alumiinilevy<\/div>\n<\/td>\n<td>\n<div><\/div>\n<\/td>\n<td>\n<div><\/div>\n<\/td>\n<td>\n<div><\/div>\n<\/td>\n<\/tr>\n<tr>\n<td>\n<div>V\u00e4ri<\/div>\n<\/td>\n<td>\n<div>Vihre\u00e4, khaki, harmaa, oranssi<\/div>\n<\/td>\n<td>\n<div><\/div>\n<\/td>\n<td>\n<div><\/div>\n<\/td>\n<td>\n<div><\/div>\n<\/td>\n<\/tr>\n<tr>\n<td>\n<div>Katoksen kangas<\/div>\n<\/td>\n<td>\n<div>280 g polyesteripuuvillaa; 600D ripstop-kangas vedenpit\u00e4v\u00e4ll\u00e4 ventilate-pinnoitteella<\/div>\n<\/td>\n<td>\n<div><\/div>\n<\/td>\n<td>\n<div><\/div>\n<\/td>\n<td>\n<div><\/div>\n<\/td>\n<\/tr>\n<tr>\n<td>\n<div>Hyttysverkot<\/div>\n<\/td>\n<td>\n<div>ei-n\u00e4e-um verkko<\/div>\n<\/td>\n<td>\n<div><\/div>\n<\/td>\n<td>\n<div><\/div>\n<\/td>\n<td>\n<div><\/div>\n<\/td>\n<\/tr>\n<tr>\n<td>\n<div>Napamateriaali<\/div>\n<\/td>\n<td>\n<div>Ruostumaton ter\u00e4s<\/div>\n<\/td>\n<td>\n<div><\/div>\n<\/td>\n<td>\n<div><\/div>\n<\/td>\n<td>\n<div><\/div>\n<\/td>\n<\/tr>\n<tr>\n<td>\n<div>Rainfly kangas<\/div>\n<\/td>\n<td>\n<div>420D polyesteri Oxford; PU-pinnoitettu<\/div>\n<\/td>\n<td>\n<div><\/div>\n<\/td>\n<td>\n<div><\/div>\n<\/td>\n<td>\n<div><\/div>\n<\/td>\n<\/tr>\n<tr>\n<td>\n<div>Patja<\/div>\n<\/td>\n<td>\n<div>Muodontumaton sieni, tiheys 38, puuvillap\u00e4\u00e4llinen<\/div>\n<\/td>\n<td>\n<div><\/div>\n<\/td>\n<td>\n<div><\/div>\n<\/td>\n<td>\n<div><\/div>\n<\/td>\n<\/tr>\n<tr>\n<td>\n<div>Tikkaiden rakentaminen<\/div>\n<\/td>\n<td>\n<div>Liukuvat alumiinitikkaat<\/div>\n<\/td>\n<td>\n<div><\/div>\n<\/td>\n<td>\n<div><\/div>\n<\/td>\n<td>\n<div><\/div>\n<\/td>\n<\/tr>\n<tr>\n<td>\n<div>Vetoketju<\/div>\n<\/td>\n<td>\n<div>SBS<\/div>\n<\/td>\n<td>\n<div><\/div>\n<\/td>\n<td>\n<div><\/div>\n<\/td>\n<td>\n<div><\/div>\n<\/td>\n<\/tr>\n<tr>\n<td>\n<div>Liitteen materiaali<\/div>\n<\/td>\n<td>\n<div>420D polyesteri Oxford; PU-pinnoitettu<\/div>\n<\/td>\n<td>\n<div><\/div>\n<\/td>\n<td>\n<div><\/div>\n<\/td>\n<td>\n<div><\/div>\n<\/td>\n<\/tr>\n<tr>\n<td>\n<div>Kannen materiaali<\/div>\n<\/td>\n<td>\n<div>550g Heavy Duty PVC<\/div>\n<\/td>\n<td>\n<div><\/div>\n<\/td>\n<td>\n<div><\/div>\n<\/td>\n<td>\n<div><\/div>\n<\/td>\n<\/tr>\n<tr>\n<td>\n<div>Sis\u00e4inen kehys<\/div>\n<\/td>\n<td>\n<div>5\/8&quot; alumiiniputki<\/div>\n<\/td>\n<td>\n<div><\/div>\n<\/td>\n<td>\n<div><\/div>\n<\/td>\n<td>\n<div><\/div>\n<\/td>\n<\/tr>\n<tr>\n<td>\n<div>Pohjan rakentaminen<\/div>\n<\/td>\n<td>\n<div>Hitsattu alumiiniputki eristeell\u00e4 ja alumiinisuojuslevyll\u00e4<\/div>\n<\/td>\n<td>\n<div><\/div>\n<\/td>\n<td>\n<div><\/div>\n<\/td>\n<td>\n<div><\/div>\n<\/td>\n<\/tr>\n<\/tbody>\n<\/table>\n<\/div>\n<div data-section=\"AliMagic-sgqxja\" data-section-title=\"Detail Images\">Yksityiskohtaiset kuvat<\/div>\n<div>\n<div>\n<div>\n<div>\n<div><img decoding=\"async\" src=\"https:\/\/uoogear.com\/wp-content\/uploads\/2023\/11\/H05875097f393437d90c7cb5734d90bb4c-scaled-wpp1701330347852.webp\" data-src=\"https:\/\/uoogear.com\/wp-content\/uploads\/2023\/11\/H05875097f393437d90c7cb5734d90bb4c-scaled-wpp1701330347852.webp\" data-id=\"child-image-0\" \/><\/div>\n<div><img decoding=\"async\" src=\"https:\/\/uoogear.com\/wp-content\/uploads\/2023\/11\/H52ed2ae186a54bb9bcfebc49ad4647b4H-scaled-wpp1701330361453.webp\" data-src=\"https:\/\/uoogear.com\/wp-content\/uploads\/2023\/11\/H52ed2ae186a54bb9bcfebc49ad4647b4H-scaled-wpp1701330361453.webp\" data-id=\"child-image-1\" \/><\/div>\n<\/div>\n<\/div>\n<\/div>\n<\/div>\n<div>\n<div>\n<div>\n<div>\n<div><img decoding=\"async\" src=\"https:\/\/uoogear.com\/wp-content\/uploads\/2023\/11\/Hfd18a866aa95458f89d11a94b3c729f1t.webp\" data-src=\"https:\/\/uoogear.com\/wp-content\/uploads\/2023\/11\/Hfd18a866aa95458f89d11a94b3c729f1t.webp\" data-id=\"child-image-0\" \/><\/div>\n<div><img decoding=\"async\" src=\"https:\/\/uoogear.com\/wp-content\/uploads\/2023\/11\/Hde867b6b58d344c7ab6dc141829b26f9u-scaled-wpp1701330381780.webp\" data-src=\"https:\/\/uoogear.com\/wp-content\/uploads\/2023\/11\/Hde867b6b58d344c7ab6dc141829b26f9u-scaled-wpp1701330381780.webp\" data-id=\"child-image-1\" \/><\/div>\n<\/div>\n<\/div>\n<\/div>\n<\/div>\n<div>\n<div>\n<div>\n<div>\n<div><img decoding=\"async\" src=\"https:\/\/uoogear.com\/wp-content\/uploads\/2023\/11\/Hf917b443e011405fba88c86fed9f791fx.webp\" data-src=\"https:\/\/uoogear.com\/wp-content\/uploads\/2023\/11\/Hf917b443e011405fba88c86fed9f791fx.webp\" \/><\/div>\n<\/div>\n<\/div>\n<\/div>\n<\/div>\n<div>\n<div>\n<div>\n<div>\n<div><img decoding=\"async\" src=\"https:\/\/uoogear.com\/wp-content\/uploads\/2023\/11\/H45d5ab05161742ff9f2154c1200ae1d3H.webp\" data-src=\"https:\/\/uoogear.com\/wp-content\/uploads\/2023\/11\/H45d5ab05161742ff9f2154c1200ae1d3H.webp\" \/><\/div>\n<\/div>\n<\/div>\n<\/div>\n<\/div>\n<div data-section=\"AliMagic-jwz105\" data-section-title=\"Customer Photos\"><\/div>\n<\/div>\n<\/div>","protected":false},"excerpt":{"rendered":"<p>Pinta-ala: 310 * 140 * 120 cm Kangas: Kangas Ulkoteltan vedenpit\u00e4v\u00e4 indeksi: 2000-3000 Mm Pohja Vedenpit\u00e4v\u00e4 Indeksi: &gt; 3000 mm Rakennustyyppi: Rakentaminen tarpeen mukaan Telttatyylin mukaan: Suora j\u00e4ykistystyyppi Kausi: Nelj\u00e4n vuodenajan tuote: One Strduc -teltta nimi: Kuuma myynti mukautettu ulkoilu matkailuauto pehme\u00e4 kattoteltta vedeneristys Sovellus<\/p>\n<div class=\"read-more\"><a class=\"btn btn-fill-out\" href=\"https:\/\/uoogear.com\/fi\/tuote\/hot-sale-custom-outdoor-camping-car-soft-roof-top-tent-waterproofing\/\">Lue lis\u00e4\u00e4<\/a><\/div>","protected":false},"featured_media":4312,"template":"","meta":[],"product_brand":[],"product_cat":[15],"product_tag":[],"class_list":{"0":"post-4313","1":"product","2":"type-product","3":"status-publish","4":"has-post-thumbnail","6":"product_cat-uncategorized","7":"tm-no-options","9":"first","10":"instock","11":"shipping-taxable","12":"purchasable","13":"product-type-variable"},"_links":{"self":[{"href":"https:\/\/uoogear.com\/fi\/wp-json\/wp\/v2\/product\/4313","targetHints":{"allow":["GET"]}}],"collection":[{"href":"https:\/\/uoogear.com\/fi\/wp-json\/wp\/v2\/product"}],"about":[{"href":"https:\/\/uoogear.com\/fi\/wp-json\/wp\/v2\/types\/product"}],"wp:featuredmedia":[{"embeddable":true,"href":"https:\/\/uoogear.com\/fi\/wp-json\/wp\/v2\/media\/4312"}],"wp:attachment":[{"href":"https:\/\/uoogear.com\/fi\/wp-json\/wp\/v2\/media?parent=4313"}],"wp:term":[{"taxonomy":"product_brand","embeddable":true,"href":"https:\/\/uoogear.com\/fi\/wp-json\/wp\/v2\/product_brand?post=4313"},{"taxonomy":"product_cat","embeddable":true,"href":"https:\/\/uoogear.com\/fi\/wp-json\/wp\/v2\/product_cat?post=4313"},{"taxonomy":"product_tag","embeddable":true,"href":"https:\/\/uoogear.com\/fi\/wp-json\/wp\/v2\/product_tag?post=4313"}],"curies":[{"name":"wp","href":"https:\/\/api.w.org\/{rel}","templated":true}]}}