{"id":4322,"date":"2023-11-13T12:34:55","date_gmt":"2023-11-13T12:34:55","guid":{"rendered":"https:\/\/uoogear.com\/product\/wholesale-vehicle-automotive-tent-on-car-rooftop-with-high-quality-2\/"},"modified":"2023-11-30T08:42:57","modified_gmt":"2023-11-30T08:42:57","slug":"wholesale-vehicle-automotive-tent-on-car-rooftop-with-high-quality-2","status":"publish","type":"product","link":"https:\/\/uoogear.com\/fi\/tuote\/wholesale-vehicle-automotive-tent-on-car-rooftop-with-high-quality-2\/","title":{"rendered":"Korkealaatuinen tukku-ajoneuvoteltta auton katolla"},"content":{"rendered":"<ul>\n<li><strong>Alue: <\/strong> 240*160*126cm<\/li>\n<li><strong>Kangas: <\/strong> Polyesteri<\/li>\n<li><strong>Ulkoteltan vedenpit\u00e4vyysindeksi: <\/strong> 2000-3000 mm<\/li>\n<li><strong>Alin vedenpit\u00e4vyysindeksi: <\/strong> &gt; 3000 mm<\/li>\n<li><strong>Rakennustyyppi: <\/strong> Rakentaminen tarpeen mukaan<\/li>\n<li><strong>Teltan tyyli: <\/strong> Suora tukityyppi<\/li>\n<li><strong>Kausi: <\/strong> Nelj\u00e4n vuodenajan teltta<\/li>\n<li><strong>Rakenne: <\/strong> Yksi makuuhuone<\/li>\n<li><strong>Tuotteen nimi : <\/strong> 4 Season Autotarvikkeet Kattoteltta maastoautolle<\/li>\n<li><strong>Kankaan materiaali: <\/strong> 300 gsm polyesteripuuvillakangas<\/li>\n<li><strong>Ominaisuus: <\/strong> Vedenpit\u00e4v\u00e4 2000mm<\/li>\n<li><strong>Koko : <\/strong> Laajenna koko: 240*160*126cm<\/li>\n<li><strong>Patja: <\/strong> 60mm paksuus muotoutumaton sieni, jossa pest\u00e4v\u00e4 irrotettava kansi<\/li>\n<li><strong>Tikkaat: <\/strong> Teleskooppiset alumiinitikkaat, 230 cm<\/li>\n<li><strong>Logo: <\/strong> R\u00e4\u00e4t\u00e4l\u00f6ity logo<\/li>\n<li><strong>Lis\u00e4tarvikkeet : <\/strong> Tikkaat+kenk\u00e4laukku<\/li>\n<li><strong>Valinnaiset osat: <\/strong> Liite, L\u00e4mmin eristysvuori, Erilaisia sadeperhomalleja<\/li>\n<\/ul>\n<div>\n<div data-magic-global=\"%7B%22bizId%22%3A2634101818%2C%22pageId%22%3A21325620327%2C%22siteId%22%3A5005227190%7D\">\n<div>\n<div>\n<div>\n<div>\n<div>\n<div><img decoding=\"async\" src=\"https:\/\/uoogear.com\/wp-content\/uploads\/2023\/11\/H70d560164c4d45e89b338d59893c4708B-wpp1701325559142.webp\" data-src=\"https:\/\/uoogear.com\/wp-content\/uploads\/2023\/11\/H70d560164c4d45e89b338d59893c4708B-wpp1701325559142.webp\" \/><\/div>\n<\/div>\n<\/div>\n<\/div>\n<\/div>\n<\/div>\n<div>\n<div data-section=\"AliMagic-t9tmid\" data-section-title=\"Product Paramenters\"><\/div>\n<\/div>\n<\/div>\n<\/div>","protected":false},"excerpt":{"rendered":"<p>Pinta-ala: 240 * 160 * 126 cm Kangas: Polyesteri ulkoteltan vedenpit\u00e4vyysindeksi: 2000-3000 mm Pohjan vedenpit\u00e4v\u00e4 indeksi: &gt; 3000 mm Rakennustyyppi: Rakentaminen tarpeen mukaan Telttatyylin mukaan: Suora j\u00e4ykistystyyppi Kausi: Nelj\u00e4n vuodenajan tuote: Yksihuoneinen teltta Nimi: 4 Season Autotarvikkeet Kattoteltta SUV-kankaalle Materiaali:<\/p>\n<div class=\"read-more\"><a class=\"btn btn-fill-out\" href=\"https:\/\/uoogear.com\/fi\/tuote\/wholesale-vehicle-automotive-tent-on-car-rooftop-with-high-quality-2\/\">Lue lis\u00e4\u00e4<\/a><\/div>","protected":false},"featured_media":4321,"template":"","meta":[],"product_brand":[],"product_cat":[15],"product_tag":[],"class_list":{"0":"post-4322","1":"product","2":"type-product","3":"status-publish","4":"has-post-thumbnail","6":"product_cat-uncategorized","7":"tm-no-options","9":"first","10":"instock","11":"shipping-taxable","12":"purchasable","13":"product-type-variable"},"_links":{"self":[{"href":"https:\/\/uoogear.com\/fi\/wp-json\/wp\/v2\/product\/4322","targetHints":{"allow":["GET"]}}],"collection":[{"href":"https:\/\/uoogear.com\/fi\/wp-json\/wp\/v2\/product"}],"about":[{"href":"https:\/\/uoogear.com\/fi\/wp-json\/wp\/v2\/types\/product"}],"wp:featuredmedia":[{"embeddable":true,"href":"https:\/\/uoogear.com\/fi\/wp-json\/wp\/v2\/media\/4321"}],"wp:attachment":[{"href":"https:\/\/uoogear.com\/fi\/wp-json\/wp\/v2\/media?parent=4322"}],"wp:term":[{"taxonomy":"product_brand","embeddable":true,"href":"https:\/\/uoogear.com\/fi\/wp-json\/wp\/v2\/product_brand?post=4322"},{"taxonomy":"product_cat","embeddable":true,"href":"https:\/\/uoogear.com\/fi\/wp-json\/wp\/v2\/product_cat?post=4322"},{"taxonomy":"product_tag","embeddable":true,"href":"https:\/\/uoogear.com\/fi\/wp-json\/wp\/v2\/product_tag?post=4322"}],"curies":[{"name":"wp","href":"https:\/\/api.w.org\/{rel}","templated":true}]}}