{"id":4333,"date":"2023-11-13T12:35:56","date_gmt":"2023-11-13T12:35:56","guid":{"rendered":"https:\/\/uoogear.com\/product\/new-arrival-outdoor-camping-canvas-waterproof-tent-2\/"},"modified":"2023-11-30T02:39:35","modified_gmt":"2023-11-30T02:39:35","slug":"new-arrival-outdoor-camping-canvas-waterproof-tent-2","status":"publish","type":"product","link":"https:\/\/uoogear.com\/fi\/tuote\/new-arrival-outdoor-camping-canvas-waterproof-tent-2\/","title":{"rendered":"Uusi saapuva Outdoor Camping Canvas vedenpit\u00e4v\u00e4 teltta"},"content":{"rendered":"<ul>\n<li><strong>Alue: <\/strong> 360*380cm<\/li>\n<li><strong>Kangas: <\/strong> kangas, 150D Oxford polyesteri, vedenpit\u00e4v\u00e4 indeksi<\/li>\n<li><strong>Ulkoteltan vedenpit\u00e4vyysindeksi: <\/strong> 2000-3000 mm<\/li>\n<li><strong>Alin vedenpit\u00e4vyysindeksi: <\/strong> 2000-3000 mm<\/li>\n<li><strong>Rakennustyyppi: <\/strong> Rakentaminen tarpeen mukaan<\/li>\n<li><strong>Teltan tyyli: <\/strong> Suora tukityyppi<\/li>\n<li><strong>Kausi: <\/strong> Nelj\u00e4n vuodenajan teltta<\/li>\n<li><strong>Rakenne: <\/strong> Yksi makuuhuone<\/li>\n<li><strong>K\u00e4ytt\u00f6: <\/strong> Perheen teltta<\/li>\n<li><strong>Koko : <\/strong> 360*380cm<\/li>\n<li><strong>V\u00e4ri: <\/strong> Ruskea<\/li>\n<li><strong>Logo: <\/strong> R\u00e4\u00e4t\u00e4l\u00f6ity logo<\/li>\n<li><strong>Vetoketju: <\/strong> SBS merkkinen vetoketju<\/li>\n<li><strong>Kehys: <\/strong> Halkaisija 22mm galvanoitu ter\u00e4sputki<\/li>\n<li><strong>Paketin koko : <\/strong> 87cm x 42cm x 42cm<\/li>\n<li><strong>Kangas sis\u00e4puolella: <\/strong> Valkoinen Ventilate polyesteri-puuvillasilkki<\/li>\n<\/ul>\n<div>\n<div data-magic-global=\"%7B%22bizId%22%3A2634101818%2C%22pageId%22%3A21293015321%2C%22siteId%22%3A5005227190%7D\">\n<div>\n<div data-section=\"AliMagic-zm7oul\" data-section-title=\"Product Description\">Tuotteen Kuvaus<\/div>\n<\/div>\n<div>\n<div>\n<div>\n<div>\n<div>\n<div><img decoding=\"async\" src=\"\/\/sc04.alicdn.com\/kf\/H743a205d31714779a657eac073b64aebX\/225636084\/H743a205d31714779a657eac073b64aebX.jpg\" data-src=\"\/\/sc04.alicdn.com\/kf\/H743a205d31714779a657eac073b64aebX\/225636084\/H743a205d31714779a657eac073b64aebX.jpg\" \/><\/div>\n<\/div>\n<\/div>\n<\/div>\n<\/div>\n<\/div>\n<div>\n<div>\n<div>\n<div>\n<div>\n<div>\n<p><span style=\"color: #2196ed;\"><strong>Perheen ulkoteltta \u2655<\/strong><\/span><\/p>\n<p>Suuri Canvas-perheteltta. Voit my\u00f6s k\u00e4ytt\u00e4\u00e4 yht\u00e4 vaatteiden ja tarvikkeiden s\u00e4ilytt\u00e4miseen ja pukuhuoneeksi ja toista puolta nukkumiseen. Makuuhuoneisiin mahtuu 3-5 henkil\u00f6\u00e4.<\/p>\n<p><span style=\"color: #2196ed;\"><strong>Ominaisuudet\u2655<\/strong><\/span><\/p>\n<p>1. Upea muotoilu.<br \/>\n2. Pystyt seisomaan suorassa, etk\u00e4 joudu r\u00f6yhkeilem\u00e4\u00e4n liikkuaksesi sis\u00e4ll\u00e4 pukeutuessasi. Olohuone on riitt\u00e4v\u00e4n suuri kalusteille, kuten pienelle p\u00f6yd\u00e4lle, sohvalle jne. Voit suojautua kuistilla katselua varten.<br \/>\n3. Ilmava. Takana ja takana on suuret ikkunat ilmavirtausta varten. Ikkunat ovat valtavat hyttysverkolla.<br \/>\n4. Kannettava ja vedenpit\u00e4v\u00e4. kangas on vedenpit\u00e4v\u00e4. Kaikki tarvikkeet on pakattu kantolaukkuun, joten sinun ei tarvitse vaivatta heitt\u00e4\u00e4 ne autoon ja l\u00e4hte\u00e4 retkelle.<br \/>\n5. Sopii yhdelle perheelle pitk\u00e4lle telttaretkelle nauttia luonnosta<\/p>\n<\/div>\n<\/div>\n<\/div>\n<\/div>\n<\/div>\n<\/div>\n<div>\n<div>\n<div><img decoding=\"async\" src=\"\/\/sc04.alicdn.com\/kf\/H40a28c1533ae41a9a01c2d35e22dcef8n\/225636084\/H40a28c1533ae41a9a01c2d35e22dcef8n.jpg\" data-src=\"\/\/sc04.alicdn.com\/kf\/H40a28c1533ae41a9a01c2d35e22dcef8n\/225636084\/H40a28c1533ae41a9a01c2d35e22dcef8n.jpg\" \/><\/div>\n<div><img decoding=\"async\" src=\"\/\/sc04.alicdn.com\/kf\/H66abbf45e1d54e2e9935ca2105e81a6eO\/225636084\/H66abbf45e1d54e2e9935ca2105e81a6eO.jpg\" data-src=\"\/\/sc04.alicdn.com\/kf\/H66abbf45e1d54e2e9935ca2105e81a6eO\/225636084\/H66abbf45e1d54e2e9935ca2105e81a6eO.jpg\" \/><\/div>\n<div><img decoding=\"async\" src=\"\/\/sc04.alicdn.com\/kf\/H0bb6bb96da41496c838566a49d07355dN\/225636084\/H0bb6bb96da41496c838566a49d07355dN.jpg\" data-src=\"\/\/sc04.alicdn.com\/kf\/H0bb6bb96da41496c838566a49d07355dN\/225636084\/H0bb6bb96da41496c838566a49d07355dN.jpg\" \/><\/div>\n<div><img decoding=\"async\" src=\"\/\/sc04.alicdn.com\/kf\/H51caafe898ba493db993e965c5f9ff51i\/225636084\/H51caafe898ba493db993e965c5f9ff51i.jpg\" data-src=\"\/\/sc04.alicdn.com\/kf\/H51caafe898ba493db993e965c5f9ff51i\/225636084\/H51caafe898ba493db993e965c5f9ff51i.jpg\" \/><\/div>\n<\/div>\n<\/div>\n<div>\n<div data-section=\"AliMagic-eg2nyj\" data-section-title=\"Detailed Images\">Yksityiskohtaiset kuvat<\/div>\n<\/div>\n<div>\n<div>\n<div>\n<div>\n<div><img decoding=\"async\" src=\"\/\/sc04.alicdn.com\/kf\/Hc8954d7dca02497484fd46fecc6ea3e1R\/225636084\/Hc8954d7dca02497484fd46fecc6ea3e1R.jpg\" data-src=\"\/\/sc04.alicdn.com\/kf\/Hc8954d7dca02497484fd46fecc6ea3e1R\/225636084\/Hc8954d7dca02497484fd46fecc6ea3e1R.jpg\" \/><\/div>\n<div>\n<div><img loading=\"lazy\" decoding=\"async\" class=\"alignnone size-full wp-image-5175\" src=\"https:\/\/uoogear.com\/wp-content\/uploads\/2023\/11\/HTB19JGwzAyWBuNjy0Fpq6yssXXaG-1.jpg\" width=\"1000\" height=\"1000\" srcset=\"https:\/\/uoogear.com\/wp-content\/uploads\/2023\/11\/HTB19JGwzAyWBuNjy0Fpq6yssXXaG-1.jpg 1000w, https:\/\/uoogear.com\/wp-content\/uploads\/2023\/11\/HTB19JGwzAyWBuNjy0Fpq6yssXXaG-1-300x300.jpg 300w, https:\/\/uoogear.com\/wp-content\/uploads\/2023\/11\/HTB19JGwzAyWBuNjy0Fpq6yssXXaG-1-150x150.jpg 150w, https:\/\/uoogear.com\/wp-content\/uploads\/2023\/11\/HTB19JGwzAyWBuNjy0Fpq6yssXXaG-1-768x768.jpg 768w, https:\/\/uoogear.com\/wp-content\/uploads\/2023\/11\/HTB19JGwzAyWBuNjy0Fpq6yssXXaG-1-450x450.jpg 450w, https:\/\/uoogear.com\/wp-content\/uploads\/2023\/11\/HTB19JGwzAyWBuNjy0Fpq6yssXXaG-1-90x90.jpg 90w, https:\/\/uoogear.com\/wp-content\/uploads\/2023\/11\/HTB19JGwzAyWBuNjy0Fpq6yssXXaG-1-600x600.jpg 600w, https:\/\/uoogear.com\/wp-content\/uploads\/2023\/11\/HTB19JGwzAyWBuNjy0Fpq6yssXXaG-1-54x54.jpg 54w, https:\/\/uoogear.com\/wp-content\/uploads\/2023\/11\/HTB19JGwzAyWBuNjy0Fpq6yssXXaG-1-50x50.jpg 50w, https:\/\/uoogear.com\/wp-content\/uploads\/2023\/11\/HTB19JGwzAyWBuNjy0Fpq6yssXXaG-1-100x100.jpg 100w\" sizes=\"auto, (max-width: 1000px) 100vw, 1000px\" \/><\/div>\n<div><img loading=\"lazy\" decoding=\"async\" class=\"alignnone size-full wp-image-5176\" src=\"https:\/\/uoogear.com\/wp-content\/uploads\/2023\/11\/HTB1Nom3zuySBuNjy1zdq6xPxFXaj-1.jpg\" width=\"1000\" height=\"1000\" srcset=\"https:\/\/uoogear.com\/wp-content\/uploads\/2023\/11\/HTB1Nom3zuySBuNjy1zdq6xPxFXaj-1.jpg 1000w, https:\/\/uoogear.com\/wp-content\/uploads\/2023\/11\/HTB1Nom3zuySBuNjy1zdq6xPxFXaj-1-300x300.jpg 300w, https:\/\/uoogear.com\/wp-content\/uploads\/2023\/11\/HTB1Nom3zuySBuNjy1zdq6xPxFXaj-1-150x150.jpg 150w, https:\/\/uoogear.com\/wp-content\/uploads\/2023\/11\/HTB1Nom3zuySBuNjy1zdq6xPxFXaj-1-768x768.jpg 768w, https:\/\/uoogear.com\/wp-content\/uploads\/2023\/11\/HTB1Nom3zuySBuNjy1zdq6xPxFXaj-1-450x450.jpg 450w, https:\/\/uoogear.com\/wp-content\/uploads\/2023\/11\/HTB1Nom3zuySBuNjy1zdq6xPxFXaj-1-90x90.jpg 90w, https:\/\/uoogear.com\/wp-content\/uploads\/2023\/11\/HTB1Nom3zuySBuNjy1zdq6xPxFXaj-1-600x600.jpg 600w, https:\/\/uoogear.com\/wp-content\/uploads\/2023\/11\/HTB1Nom3zuySBuNjy1zdq6xPxFXaj-1-54x54.jpg 54w, https:\/\/uoogear.com\/wp-content\/uploads\/2023\/11\/HTB1Nom3zuySBuNjy1zdq6xPxFXaj-1-50x50.jpg 50w, https:\/\/uoogear.com\/wp-content\/uploads\/2023\/11\/HTB1Nom3zuySBuNjy1zdq6xPxFXaj-1-100x100.jpg 100w\" sizes=\"auto, (max-width: 1000px) 100vw, 1000px\" \/><\/div>\n<\/div>\n<\/div>\n<\/div>\n<\/div>\n<\/div>\n<div>\n<div data-section=\"AliMagic-r1kfdj\" data-section-title=\"More Models\"><\/div>\n<\/div>\n<div><\/div>\n<\/div>\n<\/div>","protected":false},"excerpt":{"rendered":"<p>Pinta-ala: 360 * 380 cm Kangas: kangas, 150D Oxford-polyesteri, vedenpit\u00e4v\u00e4 indeksi Ulkoteltan vedenpit\u00e4vyysindeksi: 2000-3000 mm Pohjan vedenpit\u00e4vyysindeksi: 2000-3000 mm Rakennustyyppi: Rakentaminen tarpeen mukaan Telttatyylin mukaan: Season Braight: Teltan rakenne : Yksi makuuhuone K\u00e4ytt\u00f6 : Perheteltan koko : 360*380 cm V\u00e4ri : Ruskea<\/p>\n<div class=\"read-more\"><a class=\"btn btn-fill-out\" href=\"https:\/\/uoogear.com\/fi\/tuote\/new-arrival-outdoor-camping-canvas-waterproof-tent-2\/\">Lue lis\u00e4\u00e4<\/a><\/div>","protected":false},"featured_media":4332,"template":"","meta":[],"product_brand":[],"product_cat":[15],"product_tag":[],"class_list":{"0":"post-4333","1":"product","2":"type-product","3":"status-publish","4":"has-post-thumbnail","6":"product_cat-uncategorized","7":"tm-no-options","9":"first","10":"instock","11":"shipping-taxable","12":"purchasable","13":"product-type-variable"},"_links":{"self":[{"href":"https:\/\/uoogear.com\/fi\/wp-json\/wp\/v2\/product\/4333","targetHints":{"allow":["GET"]}}],"collection":[{"href":"https:\/\/uoogear.com\/fi\/wp-json\/wp\/v2\/product"}],"about":[{"href":"https:\/\/uoogear.com\/fi\/wp-json\/wp\/v2\/types\/product"}],"wp:featuredmedia":[{"embeddable":true,"href":"https:\/\/uoogear.com\/fi\/wp-json\/wp\/v2\/media\/4332"}],"wp:attachment":[{"href":"https:\/\/uoogear.com\/fi\/wp-json\/wp\/v2\/media?parent=4333"}],"wp:term":[{"taxonomy":"product_brand","embeddable":true,"href":"https:\/\/uoogear.com\/fi\/wp-json\/wp\/v2\/product_brand?post=4333"},{"taxonomy":"product_cat","embeddable":true,"href":"https:\/\/uoogear.com\/fi\/wp-json\/wp\/v2\/product_cat?post=4333"},{"taxonomy":"product_tag","embeddable":true,"href":"https:\/\/uoogear.com\/fi\/wp-json\/wp\/v2\/product_tag?post=4333"}],"curies":[{"name":"wp","href":"https:\/\/api.w.org\/{rel}","templated":true}]}}