{"id":4351,"date":"2023-11-13T12:43:08","date_gmt":"2023-11-13T12:43:08","guid":{"rendered":"https:\/\/uoogear.com\/product\/4x4-offroad-faberglass-hard-shell-diy-car-roof-top-tent-for-sale\/"},"modified":"2023-11-30T08:38:35","modified_gmt":"2023-11-30T08:38:35","slug":"4x4-offroad-faberglass-hard-shell-diy-car-roof-top-tent-for-sale","status":"publish","type":"product","link":"https:\/\/uoogear.com\/fi\/tuote\/4x4-offroad-faberglass-hard-shell-diy-car-roof-top-tent-for-sale\/","title":{"rendered":"4\u00d74 offroad faberglass hard shell diy auton kattoteltta myynniss\u00e4"},"content":{"rendered":"<ul>\n<li><strong>Alue: <\/strong> 215*145*95cm<\/li>\n<li><strong>Kangas: <\/strong> 280 g polyesteri-puuvillakangas<\/li>\n<li><strong>Ulkoteltan vedenpit\u00e4vyysindeksi: <\/strong> 2000-3000 mm<\/li>\n<li><strong>Alin vedenpit\u00e4vyysindeksi: <\/strong> &gt; 3000 mm<\/li>\n<li><strong>Teltan tyyli: <\/strong> Suora tukityyppi<\/li>\n<li><strong>Kausi: <\/strong> Nelj\u00e4n vuodenajan teltta<\/li>\n<li><strong>Rakenne: <\/strong> Yksi makuuhuone<\/li>\n<li><strong>Tuotteen nimi : <\/strong> 4\u00d74 offroad faberglass hard shell diy auton kattoteltta myynniss\u00e4<\/li>\n<li><strong>Avainsana : <\/strong> tee itse auton kattoteltta<\/li>\n<li><strong>Avoin koko: <\/strong> 215*145*95cm<\/li>\n<li><strong>Paketin koko : <\/strong> 226*160*37cm<\/li>\n<li><strong>Kehyksen materiaali: <\/strong> Ruostumaton ter\u00e4s<\/li>\n<li><strong>Runko: <\/strong> 280G Vedenpit\u00e4v\u00e4 PU2000 mm<\/li>\n<li><strong>Tikkaat: <\/strong> Alumiini<\/li>\n<li><strong>Paino: <\/strong> 65 kg<\/li>\n<li><strong>Ladataan : <\/strong> 250-300 kg<\/li>\n<li><strong>MOQ: <\/strong> 1 kpl<\/li>\n<\/ul>\n<div>\n<div data-host=\"111234190\" data-magic-global=\"%7B%22bizId%22%3A2634101818%2C%22pageId%22%3A5053233173%2C%22siteId%22%3A5005227190%7D\" data-id=\"detail_decorate_root\">\n<div data-section=\"AliMagic-5xqu4z\" data-section-title=\"Products Description\">Tuotteen kuvaus<\/div>\n<div>\n<div>\n<div>\n<div>\n<div><img decoding=\"async\" src=\"https:\/\/uoogear.com\/wp-content\/uploads\/2023\/11\/H6401db70f462417b9631ded5b12306832-wpp1701333469364.webp\" data-src=\"https:\/\/uoogear.com\/wp-content\/uploads\/2023\/11\/H6401db70f462417b9631ded5b12306832-wpp1701333469364.webp\" data-id=\"child-image-0\" \/><\/div>\n<\/div>\n<\/div>\n<\/div>\n<div>\n<div data-id=\"below-title\">4\u00d74 offroad faberglass hard shell diy auton kattoteltta myynniss\u00e4<\/div>\n<div data-id=\"below-content\">Kovakuorinen kattoteltta tarjoaa uuden tavan katsoa retkeily- ja 4WD-seikkailulomaa. Suuremman sis\u00e4tilan ansiosta PLAYDO tarjoaa nukkumatilaa kahdelle aikuiselle ja lapselle. PLAYDO kovakuorisessa teltassa on kaksi ovea kahdella ikkunalla, mik\u00e4 luo erinomaisen ristikk\u00e4isen ilmanvaihdon, jolloin ilma p\u00e4\u00e4see kiert\u00e4m\u00e4\u00e4n teltassa. Avaa ja sulje sekunneissa ainutlaatuisen hydraulisen tukij\u00e4rjestelm\u00e4n ansiosta. Kaikki PLAYDO-kattoteltat sopivat useimpien ajoneuvojen katolle ja ne voidaan irrottaa ja s\u00e4ilytt\u00e4\u00e4.<\/div>\n<\/div>\n<\/div>\n<div data-section=\"AliMagic-mzm61b\" data-section-title=\"Product Paramenters\">Tuoteparametrit<\/div>\n<div>\n<table>\n<tbody>\n<tr>\n<td>\n<div>Vuodenajat<\/div>\n<\/td>\n<td>\n<div>4-kausi<\/div>\n<\/td>\n<td>\n<div><\/div>\n<\/td>\n<td>\n<div><\/div>\n<\/td>\n<td>\n<div><\/div>\n<\/td>\n<\/tr>\n<tr>\n<td>\n<div>Kapasiteetti<\/div>\n<\/td>\n<td>\n<div>Suositus 2-3 henkil\u00f6\u00e4, maksimikuormitus 250 kg<\/div>\n<\/td>\n<td>\n<div><\/div>\n<\/td>\n<td>\n<div><\/div>\n<\/td>\n<td>\n<div><\/div>\n<\/td>\n<\/tr>\n<tr>\n<td>\n<div>Vaihtoehto V\u00e4ri<\/div>\n<\/td>\n<td>\n<div>Kuori (musta\/valkoinen) ja kangas (harmaa\/vihre\u00e4\/khaki)<\/div>\n<\/td>\n<td>\n<div><\/div>\n<\/td>\n<td>\n<div><\/div>\n<\/td>\n<td>\n<div><\/div>\n<\/td>\n<\/tr>\n<tr>\n<td>\n<div>Kuoren materiaali<\/div>\n<\/td>\n<td>\n<div>Lasikuitukomposiittimateriaalit<\/div>\n<\/td>\n<td>\n<div><\/div>\n<\/td>\n<td>\n<div><\/div>\n<\/td>\n<td>\n<div><\/div>\n<\/td>\n<\/tr>\n<tr>\n<td>\n<div>Vartalon kangas<\/div>\n<\/td>\n<td>\n<div>280g polyesteri-puuvillakangas, PU-pinnoitettu, vedenpit\u00e4v\u00e4, UV-kest\u00e4v\u00e4<\/div>\n<\/td>\n<td>\n<div><\/div>\n<\/td>\n<td>\n<div><\/div>\n<\/td>\n<td>\n<div><\/div>\n<\/td>\n<\/tr>\n<tr>\n<td>\n<div>Hyttysverkot<\/div>\n<\/td>\n<td>\n<div>Ei n\u00e4enn\u00e4ist\u00e4 verkkoa<\/div>\n<\/td>\n<td>\n<div><\/div>\n<\/td>\n<td>\n<div><\/div>\n<\/td>\n<td>\n<div><\/div>\n<\/td>\n<\/tr>\n<tr>\n<td>\n<div>Tukeminen<\/div>\n<\/td>\n<td>\n<div>Ruostumaton ter\u00e4stanko vanhan hiiliter\u00e4stangon sijaan<\/div>\n<\/td>\n<td>\n<div><\/div>\n<\/td>\n<td>\n<div><\/div>\n<\/td>\n<td>\n<div><\/div>\n<\/td>\n<\/tr>\n<tr>\n<td>\n<div>Patja<\/div>\n<\/td>\n<td>\n<div>7 cm muotoutumaton sieni, tiheys 30 3D-verkkokankaalla<\/div>\n<\/td>\n<td>\n<div><\/div>\n<\/td>\n<td>\n<div><\/div>\n<\/td>\n<td>\n<div><\/div>\n<\/td>\n<\/tr>\n<tr>\n<td>\n<div>Tikapuut<\/div>\n<\/td>\n<td>\n<div>Alumiiniset teleskooppitikkaat (150 kg:n enimm\u00e4iskuorma), 70-260 cm<\/div>\n<\/td>\n<td>\n<div><\/div>\n<\/td>\n<td>\n<div><\/div>\n<\/td>\n<td>\n<div><\/div>\n<\/td>\n<\/tr>\n<tr>\n<td>\n<div>Ovi<\/div>\n<\/td>\n<td>\n<div>Kaksiovinen 90*74cm<\/div>\n<\/td>\n<td>\n<div><\/div>\n<\/td>\n<td>\n<div><\/div>\n<\/td>\n<td>\n<div><\/div>\n<\/td>\n<\/tr>\n<tr>\n<td>\n<div>Ikkuna<\/div>\n<\/td>\n<td>\n<div>Kaksi ikkunaa 60*55cm<\/div>\n<\/td>\n<td>\n<div><\/div>\n<\/td>\n<td>\n<div><\/div>\n<\/td>\n<td>\n<div><\/div>\n<\/td>\n<\/tr>\n<tr>\n<td>\n<div>Aurinkovarjo katos<\/div>\n<\/td>\n<td>\n<div>Mukana kaksi, toinen on 190x90cm, toinen on kolmiokatos<\/div>\n<\/td>\n<td>\n<div><\/div>\n<\/td>\n<td>\n<div><\/div>\n<\/td>\n<td>\n<div><\/div>\n<\/td>\n<\/tr>\n<tr>\n<td>\n<div>Keng\u00e4n laukku<\/div>\n<\/td>\n<td>\n<div>Mukana kaksi kenk\u00e4pussia<\/div>\n<\/td>\n<td>\n<div><\/div>\n<\/td>\n<td>\n<div><\/div>\n<\/td>\n<td>\n<div><\/div>\n<\/td>\n<\/tr>\n<tr>\n<td>\n<div>Kevyt<\/div>\n<\/td>\n<td>\n<div>Mukana kaksi valoa, yksi on kuoren takana, toinen on teltassa<\/div>\n<\/td>\n<td>\n<div><\/div>\n<\/td>\n<td>\n<div><\/div>\n<\/td>\n<td>\n<div><\/div>\n<\/td>\n<\/tr>\n<\/tbody>\n<\/table>\n<\/div>\n<div data-section=\"AliMagic-vebk0r\" data-section-title=\"Detail Images\">Yksityiskohtaiset kuvat<\/div>\n<div>\n<div>\n<div>\n<div>\n<div><img decoding=\"async\" src=\"https:\/\/uoogear.com\/wp-content\/uploads\/2023\/11\/Hcf1889e97e384349af70cc256aa309230-wpp1701333335925.webp\" data-src=\"https:\/\/uoogear.com\/wp-content\/uploads\/2023\/11\/Hcf1889e97e384349af70cc256aa309230-wpp1701333335925.webp\" \/><\/div>\n<\/div>\n<\/div>\n<\/div>\n<\/div>\n<div data-section=\"AliMagic-a8fbbj\" data-section-title=\"Why choose us\"><\/div>\n<\/div>\n<\/div>","protected":false},"excerpt":{"rendered":"<p>Pinta-ala: 215*145*95cm Kangas: 280g polyesteri-puuvillakangas Ulkoteltan vedenpit\u00e4vyysindeksi: 2000-3000 mm Pohjan vedenpit\u00e4v\u00e4 indeksi: &gt;3000 mm Teltan tyyli: Suora j\u00e4ykistystyyppi Kausi: Nelj\u00e4n vuodenajan tuotenimi: Yksi huone:4 \u00d74 offroad faberglass hard shell teese itse auton kattoteltta myyt\u00e4v\u00e4n\u00e4 Avainsana : tee itse auton katto<\/p>\n<div class=\"read-more\"><a class=\"btn btn-fill-out\" href=\"https:\/\/uoogear.com\/fi\/tuote\/4x4-offroad-faberglass-hard-shell-diy-car-roof-top-tent-for-sale\/\">Lue lis\u00e4\u00e4<\/a><\/div>","protected":false},"featured_media":4350,"template":"","meta":[],"product_brand":[],"product_cat":[15],"product_tag":[],"class_list":{"0":"post-4351","1":"product","2":"type-product","3":"status-publish","4":"has-post-thumbnail","6":"product_cat-uncategorized","7":"tm-no-options","9":"first","10":"instock","11":"shipping-taxable","12":"purchasable","13":"product-type-variable"},"_links":{"self":[{"href":"https:\/\/uoogear.com\/fi\/wp-json\/wp\/v2\/product\/4351","targetHints":{"allow":["GET"]}}],"collection":[{"href":"https:\/\/uoogear.com\/fi\/wp-json\/wp\/v2\/product"}],"about":[{"href":"https:\/\/uoogear.com\/fi\/wp-json\/wp\/v2\/types\/product"}],"wp:featuredmedia":[{"embeddable":true,"href":"https:\/\/uoogear.com\/fi\/wp-json\/wp\/v2\/media\/4350"}],"wp:attachment":[{"href":"https:\/\/uoogear.com\/fi\/wp-json\/wp\/v2\/media?parent=4351"}],"wp:term":[{"taxonomy":"product_brand","embeddable":true,"href":"https:\/\/uoogear.com\/fi\/wp-json\/wp\/v2\/product_brand?post=4351"},{"taxonomy":"product_cat","embeddable":true,"href":"https:\/\/uoogear.com\/fi\/wp-json\/wp\/v2\/product_cat?post=4351"},{"taxonomy":"product_tag","embeddable":true,"href":"https:\/\/uoogear.com\/fi\/wp-json\/wp\/v2\/product_tag?post=4351"}],"curies":[{"name":"wp","href":"https:\/\/api.w.org\/{rel}","templated":true}]}}