{"id":4361,"date":"2023-11-13T12:43:53","date_gmt":"2023-11-13T12:43:53","guid":{"rendered":"https:\/\/uoogear.com\/product\/luxury-winter-dome-yurts-for-sale-mongolian-yurt-tent-canvas-yurt\/"},"modified":"2023-11-30T02:31:58","modified_gmt":"2023-11-30T02:31:58","slug":"luxury-winter-dome-yurts-for-sale-mongolian-yurt-tent-canvas-yurt","status":"publish","type":"product","link":"https:\/\/uoogear.com\/fi\/tuote\/luxury-winter-dome-yurts-for-sale-mongolian-yurt-tent-canvas-yurt\/","title":{"rendered":"Ylellisi\u00e4 talvikupolijurtoja myyt\u00e4v\u00e4n\u00e4 mongolialainen jurtatelttakangasjurta"},"content":{"rendered":"<ul>\n<li><strong>Alue: <\/strong> 9 neli\u00f6metri\u00e4<\/li>\n<li><strong>Kangas: <\/strong> Kangas<\/li>\n<li><strong>Ulkoteltan vedenpit\u00e4vyysindeksi: <\/strong> 1500-2000 mm<\/li>\n<li><strong>Alin vedenpit\u00e4vyysindeksi: <\/strong> &gt; 3000 mm<\/li>\n<li><strong>Rakennustyyppi: <\/strong> Rakentaminen tarpeen mukaan<\/li>\n<li><strong>Teltan tyyli: <\/strong> Suora tukityyppi<\/li>\n<li><strong>Kausi: <\/strong> Nelj\u00e4n vuodenajan teltta, 4 vuodenaikaa<\/li>\n<li><strong>Rakenne: <\/strong> Yksi makuuhuone<\/li>\n<li><strong>Tuotteen nimi : <\/strong> Ylellisi\u00e4 talvikupolijurtoja myyt\u00e4v\u00e4n\u00e4 mongolialainen jurtatelttakangasjurta<\/li>\n<li><strong>Sovellus: <\/strong> Outdoor Travel Vaellusleirint\u00e4alue<\/li>\n<li><strong>Avainsana : <\/strong> Jurtan teltta<\/li>\n<li><strong>Ominaisuus: <\/strong> Vedenkest\u00e4v\u00e4<\/li>\n<li><strong>Vetoketju: <\/strong> SBS vetoketju<\/li>\n<li><strong>Kehystanko: <\/strong> 22mm, 2m*11kpl<\/li>\n<li><strong>MOQ: <\/strong> 1 kpl<\/li>\n<li><strong>Logo: <\/strong> R\u00e4\u00e4t\u00e4l\u00f6ity logo<\/li>\n<li><strong>Takuu : <\/strong> 12 kuukautta<\/li>\n<\/ul>\n<div>\n<div data-host=\"112190218\" data-magic-global=\"%7B%22bizId%22%3A2634101818%2C%22pageId%22%3A5046751166%2C%22siteId%22%3A5005227190%7D\" data-id=\"detail_decorate_root\">\n<div>\n<div data-section=\"AliMagic-j4t17u\" data-section-title=\"Product Description\">Tuotteen Kuvaus<\/div>\n<\/div>\n<div>\n<div>\n<div>\n<div>\n<div>\n<div><img decoding=\"async\" src=\"\/\/sc01.alicdn.com\/kf\/H56aa441716f44669837912c6acf8a941b\/225636084\/H56aa441716f44669837912c6acf8a941b.jpg\" data-src=\"\/\/sc01.alicdn.com\/kf\/H56aa441716f44669837912c6acf8a941b\/225636084\/H56aa441716f44669837912c6acf8a941b.jpg\" \/><\/div>\n<\/div>\n<\/div>\n<\/div>\n<\/div>\n<\/div>\n<div>\n<div>\n<div>\n<h3 data-id=\"title0\">Ylellinen 4 kauden raskaan k\u00e4yt\u00f6n jurtteltta<\/h3>\n<div>\n<div>\n<div data-id=\"paragraph0\">Jurttateltoilla on pitk\u00e4 historia ja ihmiset ovat k\u00e4ytt\u00e4neet niit\u00e4 pitk\u00e4\u00e4n. T\u00e4m\u00e4 teltta on yksinkertaistettu alkuper\u00e4isen jurtan perusteella. Asennus ja k\u00e4ytt\u00f6 on yksinkertaisempaa ja sis\u00e4tila leve\u00e4, mik\u00e4 vastaa perheen tarpeita. Sill\u00e4 on hyv\u00e4 veden- ja tuulenpit\u00e4v\u00e4 suorituskyky ulkok\u00e4ytt\u00f6\u00f6n ja hyv\u00e4 ilmanvaihto. Se on hyv\u00e4 valinta ulkoiluun.<\/div>\n<\/div>\n<\/div>\n<\/div>\n<\/div>\n<\/div>\n<div>\n<div>\n<div>\n<h3 data-id=\"title0\"><strong>ominaisuudet<\/strong><\/h3>\n<div>\n<div>\n<div data-id=\"paragraph0\">1. Paljon suurempi tila perheen retkeilyyn, suurempi kapasiteetti 6-10 hengelle.<br \/>\n2. Eritt\u00e4in kevyt morden-muotoilu, kannettava ja taitettava<br \/>\n3. Vedenpit\u00e4v\u00e4 puuvillakangas<br \/>\n4. Suuret verkkoikkunat tuovat n\u00e4kyvyytt\u00e4 hy\u00f6nteisten ehk\u00e4isemiseksi.<\/div>\n<\/div>\n<\/div>\n<\/div>\n<\/div>\n<\/div>\n<div><\/div>\n<div>\n<div><\/div>\n<\/div>\n<div>\n<div data-section=\"AliMagic-783agr\" data-section-title=\"Detail Images\">Yksityiskohtaiset kuvat<\/div>\n<\/div>\n<div>\n<div>\n<div>\n<div>\n<div>\n<div><\/div>\n<\/div>\n<\/div>\n<\/div>\n<\/div>\n<\/div>\n<div>\n<div>\n<div>\n<div>\n<div>\n<div><img decoding=\"async\" src=\"\/\/sc02.alicdn.com\/kf\/H403daa1716cd453f8176004be66d1cabZ\/225636084\/H403daa1716cd453f8176004be66d1cabZ.jpg\" data-src=\"\/\/sc02.alicdn.com\/kf\/H403daa1716cd453f8176004be66d1cabZ\/225636084\/H403daa1716cd453f8176004be66d1cabZ.jpg\" data-id=\"child-image-0\" \/><\/div>\n<div><img decoding=\"async\" src=\"\/\/sc01.alicdn.com\/kf\/H1b359a025f5c4d2a920071abfb30e71cK\/225636084\/H1b359a025f5c4d2a920071abfb30e71cK.jpg\" data-src=\"\/\/sc01.alicdn.com\/kf\/H1b359a025f5c4d2a920071abfb30e71cK\/225636084\/H1b359a025f5c4d2a920071abfb30e71cK.jpg\" data-id=\"child-image-1\" \/><\/div>\n<\/div>\n<\/div>\n<\/div>\n<\/div>\n<\/div>\n<div>\n<div>\n<div>\n<div>\n<div>\n<div><img decoding=\"async\" src=\"\/\/sc02.alicdn.com\/kf\/H89d139573765466a9a468cfa9925ea34o\/225636084\/H89d139573765466a9a468cfa9925ea34o.jpg\" data-src=\"\/\/sc02.alicdn.com\/kf\/H89d139573765466a9a468cfa9925ea34o\/225636084\/H89d139573765466a9a468cfa9925ea34o.jpg\" data-id=\"child-image-0\" \/><\/div>\n<div><img decoding=\"async\" src=\"\/\/sc02.alicdn.com\/kf\/H0fd1652041b3450cb22c142cd3460c4c3\/225636084\/H0fd1652041b3450cb22c142cd3460c4c3.jpg\" data-src=\"\/\/sc02.alicdn.com\/kf\/H0fd1652041b3450cb22c142cd3460c4c3\/225636084\/H0fd1652041b3450cb22c142cd3460c4c3.jpg\" data-id=\"child-image-1\" \/><\/div>\n<\/div>\n<\/div>\n<\/div>\n<\/div>\n<\/div>\n<div>\n<div>\n<div>\n<div>\n<div>\n<div><img decoding=\"async\" src=\"\/\/sc01.alicdn.com\/kf\/H1b6521d09772495ead74eccc19dcb548I\/225636084\/H1b6521d09772495ead74eccc19dcb548I.jpg\" data-src=\"\/\/sc01.alicdn.com\/kf\/H1b6521d09772495ead74eccc19dcb548I\/225636084\/H1b6521d09772495ead74eccc19dcb548I.jpg\" data-id=\"child-image-0\" \/><\/div>\n<div><img decoding=\"async\" src=\"\/\/sc01.alicdn.com\/kf\/Hf2692e1b39f8487aa4381c111ba52025V\/225636084\/Hf2692e1b39f8487aa4381c111ba52025V.jpg\" data-src=\"\/\/sc01.alicdn.com\/kf\/Hf2692e1b39f8487aa4381c111ba52025V\/225636084\/Hf2692e1b39f8487aa4381c111ba52025V.jpg\" data-id=\"child-image-1\" \/><\/div>\n<\/div>\n<\/div>\n<\/div>\n<\/div>\n<\/div>\n<div>\n<div data-section=\"AliMagic-0z5n3b\" data-section-title=\"Why Choose us\"><\/div>\n<\/div>\n<\/div>\n<\/div>","protected":false},"excerpt":{"rendered":"<p>Pinta-ala: 9 neli\u00f6metri\u00e4 Kangas: Kangas Ulkoteltan vedenpit\u00e4vyysindeksi: 1500-2000 mm Pohjavedenpit\u00e4vyysindeksi: &gt;3000 mm Rakennustyyppi: Rakennustarpeen mukaan Telttatyyli: Suorakiinnitystyyppi Kausi: Nelj\u00e4n vuodenajan teltta, 4 vuodenajan teltta, yksihuone Tuotteen nimi: Ylelliset talvikupolijurttit myyt\u00e4v\u00e4n\u00e4 mongolialainen jurtatelttakangas<\/p>\n<div class=\"read-more\"><a class=\"btn btn-fill-out\" href=\"https:\/\/uoogear.com\/fi\/tuote\/luxury-winter-dome-yurts-for-sale-mongolian-yurt-tent-canvas-yurt\/\">Lue lis\u00e4\u00e4<\/a><\/div>","protected":false},"featured_media":4360,"template":"","meta":[],"product_brand":[],"product_cat":[15],"product_tag":[],"class_list":{"0":"post-4361","1":"product","2":"type-product","3":"status-publish","4":"has-post-thumbnail","6":"product_cat-uncategorized","7":"tm-no-options","9":"first","10":"instock","11":"shipping-taxable","12":"purchasable","13":"product-type-variable"},"_links":{"self":[{"href":"https:\/\/uoogear.com\/fi\/wp-json\/wp\/v2\/product\/4361","targetHints":{"allow":["GET"]}}],"collection":[{"href":"https:\/\/uoogear.com\/fi\/wp-json\/wp\/v2\/product"}],"about":[{"href":"https:\/\/uoogear.com\/fi\/wp-json\/wp\/v2\/types\/product"}],"wp:featuredmedia":[{"embeddable":true,"href":"https:\/\/uoogear.com\/fi\/wp-json\/wp\/v2\/media\/4360"}],"wp:attachment":[{"href":"https:\/\/uoogear.com\/fi\/wp-json\/wp\/v2\/media?parent=4361"}],"wp:term":[{"taxonomy":"product_brand","embeddable":true,"href":"https:\/\/uoogear.com\/fi\/wp-json\/wp\/v2\/product_brand?post=4361"},{"taxonomy":"product_cat","embeddable":true,"href":"https:\/\/uoogear.com\/fi\/wp-json\/wp\/v2\/product_cat?post=4361"},{"taxonomy":"product_tag","embeddable":true,"href":"https:\/\/uoogear.com\/fi\/wp-json\/wp\/v2\/product_tag?post=4361"}],"curies":[{"name":"wp","href":"https:\/\/api.w.org\/{rel}","templated":true}]}}