{"id":4382,"date":"2023-11-13T12:46:18","date_gmt":"2023-11-13T12:46:18","guid":{"rendered":"https:\/\/uoogear.com\/product\/waterproof-glamping-camping-outdoor-3m-4m-5m-6m-cotton-canvas-bell-tent-with-awning\/"},"modified":"2023-11-30T02:30:03","modified_gmt":"2023-11-30T02:30:03","slug":"waterproof-glamping-camping-outdoor-3m-4m-5m-6m-cotton-canvas-bell-tent-with-awning","status":"publish","type":"product","link":"https:\/\/uoogear.com\/fi\/tuote\/waterproof-glamping-camping-outdoor-3m-4m-5m-6m-cotton-canvas-bell-tent-with-awning\/","title":{"rendered":"Vedenpit\u00e4v\u00e4 glamping camping ulkona 3m 4m 5m 6m puuvillakangas kelloteltta markiisilla"},"content":{"rendered":"<ul>\n<li><strong>Alue: <\/strong> 500*300 cm<\/li>\n<li><strong>Kangas: <\/strong> Kangas<\/li>\n<li><strong>Ulkoteltan vedenpit\u00e4vyysindeksi: <\/strong> 1500-2000 mm<\/li>\n<li><strong>Alin vedenpit\u00e4vyysindeksi: <\/strong> &gt; 3000 mm<\/li>\n<li><strong>Rakennustyyppi: <\/strong> Rakentaminen tarpeen mukaan<\/li>\n<li><strong>Teltan tyyli: <\/strong> Suora tukityyppi<\/li>\n<li><strong>Kausi: <\/strong> Nelj\u00e4n vuodenajan teltta<\/li>\n<li><strong>Rakenne: <\/strong> Yksi makuuhuone<\/li>\n<li><strong>Tuotteen nimi : <\/strong> 3m 4m 5m 6m puuvillakangas kelloteltta markiisilla<\/li>\n<li><strong>V\u00e4ri: <\/strong> Beige<\/li>\n<li><strong>Sovellus: <\/strong> Outdoor Travel Vaellusleirint\u00e4alue<\/li>\n<li><strong>Avainsana : <\/strong> kello teltta<\/li>\n<li><strong>Ominaisuus: <\/strong> Vedenkest\u00e4v\u00e4<\/li>\n<li><strong>Materiaali: <\/strong> 300 gsm puuvillakangas<\/li>\n<li><strong>Koko : <\/strong> 500*300*170\/60 cm<\/li>\n<li><strong>MOQ: <\/strong> 1 kpl<\/li>\n<\/ul>\n<div>\n<div data-host=\"111218246\" data-id=\"detail_decorate_root\">\n<div data-reactroot=\"\">\n<div data-section=\"AliMagic-2h68ue\" data-section-title=\"Products Description\">Tuotteen kuvaus<\/div>\n<div>\n<div>\n<div>\n<div>\n<div><img decoding=\"async\" src=\"\/\/sc01.alicdn.com\/kf\/Hf36d73868dd540b595b5d4574c7a2a13M\/225636084\/Hf36d73868dd540b595b5d4574c7a2a13M.jpg\" data-src=\"\/\/sc01.alicdn.com\/kf\/Hf36d73868dd540b595b5d4574c7a2a13M\/225636084\/Hf36d73868dd540b595b5d4574c7a2a13M.jpg\" data-id=\"child-image-0\" \/><\/div>\n<\/div>\n<\/div>\n<\/div>\n<div>\n<div data-id=\"below-title\">3m 4m 5m 6m puuvillakangas kelloteltta markiisilla<\/div>\n<div data-id=\"below-content\">Klassinen, tilava kelloteltta, joka on p\u00e4ivitetty raskaaseen k\u00e4ytt\u00f6\u00f6n integroidulla pohjalevyll\u00e4, joka antaa vesitiiviin tiivistyksen pohjan ymp\u00e4rille ylim\u00e4\u00e4r\u00e4isen m\u00e4r\u00e4n s\u00e4\u00e4n takaamiseksi. 5 metrin kelloteltassa on runsaasti tilaa suuren perheen telttaretkelle nelj\u00e4lle paripatjalle. Vain yhdell\u00e4 s\u00e4ngyll\u00e4 se on todella tilava, ja siin\u00e4 on runsaasti tilaa kaikelle retkeilyylellisyydelle \u2013 ja paljon ylim\u00e4\u00e4r\u00e4ist\u00e4!<\/div>\n<\/div>\n<\/div>\n<div>\n<div>\n<h3 data-id=\"title0\">\u00a0 \u00a0 ominaisuudet<\/h3>\n<div>\n<div>\n<div data-id=\"paragraph0\">\n<p>\u00a0 \u00a0 1. Kanvaskelloteltta on varustettu vahvalla pohjalevyll\u00e4, joka on kiinnitetty telttaan vetoketjulla.<\/p>\n<div>\u00a0 \u00a0 2. Pohjalevy on valmistettu PVC:st\u00e4 ja painaa 540 g\/m\u00b2<\/div>\n<div>\u00a0 \u00a0 3. Sivut rullaavat helposti, jotta tuuli p\u00e4\u00e4see kulkemaan alta kuumina kes\u00e4p\u00e4ivin\u00e4<\/div>\n<div>\u00a0 \u00a0 4. Kauniisti tehty laatu rakennettu. Kaksinkertaiset ompeleet ymp\u00e4ri ja vahvistetut avainkohdat<\/div>\n<div>\u00a0 \u00a0 5. Materiaali on k\u00e4sitelty entist\u00e4 veden- ja homeenkest\u00e4v\u00e4mm\u00e4ksi.<\/div>\n<div>\u00a0 \u00a0 6. Kest\u00e4\u00e4 yhdelt\u00e4 henkil\u00f6lt\u00e4 vain 5\u20138 minuuttia pit\u00e4m\u00e4\u00e4n<\/div>\n<\/div>\n<\/div>\n<\/div>\n<\/div>\n<\/div>\n<div data-section=\"AliMagic-j30k9w\" data-section-title=\"Specification\">Erittely<\/div>\n<div>\n<table>\n<tbody>\n<tr>\n<td>\n<div>Tuotteen koko<\/div>\n<\/td>\n<td>\n<div>300*250*160\/60 cm<\/div>\n<\/td>\n<td>\n<div><\/div>\n<\/td>\n<td>\n<div><\/div>\n<\/td>\n<td>\n<div><\/div>\n<\/td>\n<\/tr>\n<tr>\n<td>\n<div>paketin koko<\/div>\n<\/td>\n<td>\n<div>110*27*32 cm<\/div>\n<\/td>\n<td>\n<div><\/div>\n<\/td>\n<td>\n<div><\/div>\n<\/td>\n<td>\n<div><\/div>\n<\/td>\n<\/tr>\n<tr>\n<td>\n<div>Kangas<\/div>\n<\/td>\n<td>\n<div>300 gsm 100% puuvillakangas<\/div>\n<\/td>\n<td>\n<div><\/div>\n<\/td>\n<td>\n<div><\/div>\n<\/td>\n<td>\n<div><\/div>\n<\/td>\n<\/tr>\n<tr>\n<td>\n<div>Lattia<\/div>\n<\/td>\n<td>\n<div>540 gsm rip-stop PVC<\/div>\n<\/td>\n<td>\n<div><\/div>\n<\/td>\n<td>\n<div><\/div>\n<\/td>\n<td>\n<div><\/div>\n<\/td>\n<\/tr>\n<tr>\n<td>\n<div>Keskinapa<\/div>\n<\/td>\n<td>\n<div>Halkaisija 32mm, galvanoitu ter\u00e4sputki, kupari-sinkitty<\/div>\n<\/td>\n<td>\n<div><\/div>\n<\/td>\n<td>\n<div><\/div>\n<\/td>\n<td>\n<div><\/div>\n<\/td>\n<\/tr>\n<tr>\n<td>\n<div>Sis\u00e4\u00e4nk\u00e4ynnin tyyppi<\/div>\n<\/td>\n<td>\n<div>Oven runkotanko, halkaisija 19mm<\/div>\n<\/td>\n<td>\n<div><\/div>\n<\/td>\n<td>\n<div><\/div>\n<\/td>\n<td>\n<div><\/div>\n<\/td>\n<\/tr>\n<tr>\n<td>\n<div>Vetoketjut<\/div>\n<\/td>\n<td>\n<div>SBS-vetoketju, kaksikahvaiset vetoketjut<\/div>\n<\/td>\n<td>\n<div><\/div>\n<\/td>\n<td>\n<div><\/div>\n<\/td>\n<td>\n<div><\/div>\n<\/td>\n<\/tr>\n<tr>\n<td>\n<div>Windows<\/div>\n<\/td>\n<td>\n<div>4* vetoketjulliset ikkunat verkkolla<\/div>\n<\/td>\n<td>\n<div><\/div>\n<\/td>\n<td>\n<div><\/div>\n<\/td>\n<td>\n<div><\/div>\n<\/td>\n<\/tr>\n<tr>\n<td>\n<div>Tuuletusaukot<\/div>\n<\/td>\n<td>\n<div>4* kolmion tuuletusaukot verkolla<\/div>\n<\/td>\n<td>\n<div><\/div>\n<\/td>\n<td>\n<div><\/div>\n<\/td>\n<td>\n<div><\/div>\n<\/td>\n<\/tr>\n<tr>\n<td>\n<div>Ovi<\/div>\n<\/td>\n<td>\n<div>1 vetoketjullinen verkkoovi<\/div>\n<\/td>\n<td>\n<div><\/div>\n<\/td>\n<td>\n<div><\/div>\n<\/td>\n<td>\n<div><\/div>\n<\/td>\n<\/tr>\n<tr>\n<td>\n<div>Tapit<\/div>\n<\/td>\n<td>\n<div>\u0278 6mm 5mmx20mm 24kpl<\/div>\n<\/td>\n<td>\n<div><\/div>\n<\/td>\n<td>\n<div><\/div>\n<\/td>\n<td>\n<div><\/div>\n<\/td>\n<\/tr>\n<tr>\n<td>\n<div>Pakkaus<\/div>\n<\/td>\n<td>\n<div>kantolaukussa ja sitten laatikkopakkauksessa<\/div>\n<\/td>\n<td>\n<div><\/div>\n<\/td>\n<td>\n<div><\/div>\n<\/td>\n<td>\n<div><\/div>\n<\/td>\n<\/tr>\n<\/tbody>\n<\/table>\n<\/div>\n<div data-section=\"AliMagic-d12cfx\" data-section-title=\"Details\">Yksityiskohdat<\/div>\n<div>\n<div>\n<div>\n<div>\n<div><img decoding=\"async\" src=\"\/\/sc02.alicdn.com\/kf\/H7b5e068f5bbc40089647cddc36ee6a66e\/225636084\/H7b5e068f5bbc40089647cddc36ee6a66e.jpg\" data-src=\"\/\/sc02.alicdn.com\/kf\/H7b5e068f5bbc40089647cddc36ee6a66e\/225636084\/H7b5e068f5bbc40089647cddc36ee6a66e.jpg\" \/><\/div>\n<\/div>\n<\/div>\n<\/div>\n<\/div>\n<div>\n<div>\n<div>\n<div>\n<div><img decoding=\"async\" src=\"\/\/sc01.alicdn.com\/kf\/H0d2acdfd09a0449c81414d4c4087b535i\/225636084\/H0d2acdfd09a0449c81414d4c4087b535i.jpg\" data-src=\"\/\/sc01.alicdn.com\/kf\/H0d2acdfd09a0449c81414d4c4087b535i\/225636084\/H0d2acdfd09a0449c81414d4c4087b535i.jpg\" \/><\/div>\n<\/div>\n<\/div>\n<\/div>\n<\/div>\n<div data-section=\"AliMagic-e8f4mh\" data-section-title=\"Application\">Sovellus<\/div>\n<div>\n<div>\n<div>\n<div>\n<div><img decoding=\"async\" src=\"\/\/sc02.alicdn.com\/kf\/H2c99e2db1880498da08767acaa3c1fce6\/225636084\/H2c99e2db1880498da08767acaa3c1fce6.png\" data-src=\"\/\/sc02.alicdn.com\/kf\/H2c99e2db1880498da08767acaa3c1fce6\/225636084\/H2c99e2db1880498da08767acaa3c1fce6.png\" \/><\/div>\n<\/div>\n<\/div>\n<\/div>\n<\/div>\n<div>\n<div>\n<div>\n<div>\n<div><img decoding=\"async\" src=\"\/\/sc01.alicdn.com\/kf\/H9aa939c18c40425abdf172a611ffe8a9Q\/225636084\/H9aa939c18c40425abdf172a611ffe8a9Q.png\" data-src=\"\/\/sc01.alicdn.com\/kf\/H9aa939c18c40425abdf172a611ffe8a9Q\/225636084\/H9aa939c18c40425abdf172a611ffe8a9Q.png\" \/><\/div>\n<\/div>\n<\/div>\n<\/div>\n<\/div>\n<div data-section=\"AliMagic-b6xmjm\" data-section-title=\"Packing &amp; Delivery\"><\/div>\n<\/div>\n<\/div>\n<\/div>","protected":false},"excerpt":{"rendered":"<p>Pinta-ala : 500 * 300 cm Kangas : Kangas Ulkoteltan vedenpit\u00e4vyysindeksi : 1500-2000 Mm Pohja Vedenpit\u00e4v\u00e4 Indeksi : &gt;3000 mm Rakennustyyppi : Rakentaminen tarpeen mukaan Teltan tyyli : Suora j\u00e4ykistystyyppi Kausi : Nelj\u00e4n vuodenajan telttahuoneen rakenne Tuotenimi : Yksi : 3m 4m 5m 6m puuvillakangas kelloteltta markiisilla V\u00e4ri<\/p>\n<div class=\"read-more\"><a class=\"btn btn-fill-out\" href=\"https:\/\/uoogear.com\/fi\/tuote\/waterproof-glamping-camping-outdoor-3m-4m-5m-6m-cotton-canvas-bell-tent-with-awning\/\">Lue lis\u00e4\u00e4<\/a><\/div>","protected":false},"featured_media":4381,"template":"","meta":[],"product_brand":[],"product_cat":[15],"product_tag":[],"class_list":{"0":"post-4382","1":"product","2":"type-product","3":"status-publish","4":"has-post-thumbnail","6":"product_cat-uncategorized","7":"tm-no-options","9":"first","10":"instock","11":"shipping-taxable","12":"purchasable","13":"product-type-variable"},"_links":{"self":[{"href":"https:\/\/uoogear.com\/fi\/wp-json\/wp\/v2\/product\/4382","targetHints":{"allow":["GET"]}}],"collection":[{"href":"https:\/\/uoogear.com\/fi\/wp-json\/wp\/v2\/product"}],"about":[{"href":"https:\/\/uoogear.com\/fi\/wp-json\/wp\/v2\/types\/product"}],"wp:featuredmedia":[{"embeddable":true,"href":"https:\/\/uoogear.com\/fi\/wp-json\/wp\/v2\/media\/4381"}],"wp:attachment":[{"href":"https:\/\/uoogear.com\/fi\/wp-json\/wp\/v2\/media?parent=4382"}],"wp:term":[{"taxonomy":"product_brand","embeddable":true,"href":"https:\/\/uoogear.com\/fi\/wp-json\/wp\/v2\/product_brand?post=4382"},{"taxonomy":"product_cat","embeddable":true,"href":"https:\/\/uoogear.com\/fi\/wp-json\/wp\/v2\/product_cat?post=4382"},{"taxonomy":"product_tag","embeddable":true,"href":"https:\/\/uoogear.com\/fi\/wp-json\/wp\/v2\/product_tag?post=4382"}],"curies":[{"name":"wp","href":"https:\/\/api.w.org\/{rel}","templated":true}]}}