{"id":4409,"date":"2023-11-13T12:50:43","date_gmt":"2023-11-13T12:50:43","guid":{"rendered":"https:\/\/uoogear.com\/product\/waterproof-camping-accessories-tents-camping-outdoor-glamping-tent-outdoor-glamping-inflatable-tent\/"},"modified":"2023-11-30T02:31:22","modified_gmt":"2023-11-30T02:31:22","slug":"waterproof-camping-accessories-tents-camping-outdoor-glamping-tent-outdoor-glamping-inflatable-tent","status":"publish","type":"product","link":"https:\/\/uoogear.com\/fi\/tuote\/waterproof-camping-accessories-tents-camping-outdoor-glamping-tent-outdoor-glamping-inflatable-tent\/","title":{"rendered":"Vedenpit\u00e4v\u00e4t retkeilytarvikkeet teltat retkeily ulkoilu glamping teltta ulkoilma teltta Ilmat\u00e4ytteinen teltta"},"content":{"rendered":"<ul>\n<li><strong>Kangas: <\/strong> Polyesteri<\/li>\n<li><strong>Ulkoteltan vedenpit\u00e4vyysindeksi: <\/strong> &gt; 3000 mm<\/li>\n<li><strong>Alin vedenpit\u00e4vyysindeksi: <\/strong> &gt; 3000 mm<\/li>\n<li><strong>Rakennustyyppi: <\/strong> Nopea automaattinen avaus<\/li>\n<li><strong>Teltan tyyli: <\/strong> Laajennettu tyyppi, putkityyppinen teltan panos<\/li>\n<li><strong>Kausi: <\/strong> Nelj\u00e4n vuodenajan teltta<\/li>\n<li><strong>Rakenne: <\/strong> Yksi makuuhuone<\/li>\n<li><strong>Tuotteen nimi : <\/strong> Ilmat\u00e4ytteinen ulkoteltta<\/li>\n<li><strong>V\u00e4ri: <\/strong> Valkoinen<\/li>\n<li><strong>K\u00e4ytt\u00f6: <\/strong> Leirint\u00e4alue Patikointi Matkustaminen<\/li>\n<li><strong>Koko : <\/strong> 210*210*170cm<\/li>\n<li><strong>Paino: <\/strong> 12 kg<\/li>\n<li><strong>Paketin koko : <\/strong> 67*30*26cm<\/li>\n<li><strong>Lattia : <\/strong> 200D Oxford<\/li>\n<li><strong>Kapasiteetti: <\/strong> 3-4 henkil\u00f6\u00e4<\/li>\n<li><strong>Toimitusaika : <\/strong> 20 p\u00e4iv\u00e4\u00e4<\/li>\n<\/ul>\n<div>\n<div data-section=\"AliPostDhMb-k8t1e\" data-section-title=\"Product Description\">\n<div>\n<p>Yksityiskohtainen valokuva<\/p>\n<p>&nbsp;<\/p>\n<p><img loading=\"lazy\" decoding=\"async\" src=\"\/\/sc04.alicdn.com\/kf\/H5cea2c7426ac4dd995ca705cbfb55bc2g\/274217001\/H5cea2c7426ac4dd995ca705cbfb55bc2g.jpg\" alt=\"Vedenpit\u00e4v\u00e4t retkeilytarvikkeet teltat retkeily ulkoilu glamping teltta ulkoilma teltta Ilmat\u00e4ytteinen teltta\" width=\"750\" height=\"750\" data-src=\"\/\/sc04.alicdn.com\/kf\/H5cea2c7426ac4dd995ca705cbfb55bc2g\/274217001\/H5cea2c7426ac4dd995ca705cbfb55bc2g.jpg\" data-alt=\"Waterproof camping accessories tents camping outdoor glamping tent outdoor glamping Inflatable tent\" \/><img loading=\"lazy\" decoding=\"async\" src=\"\/\/sc04.alicdn.com\/kf\/Hbb3afb90eb0049f28a07a8e89fac5bf7J\/274217001\/Hbb3afb90eb0049f28a07a8e89fac5bf7J.jpg\" alt=\"Vedenpit\u00e4v\u00e4t retkeilytarvikkeet teltat retkeily ulkoilu glamping teltta ulkoilma teltta Ilmat\u00e4ytteinen teltta\" width=\"750\" height=\"750\" data-src=\"\/\/sc04.alicdn.com\/kf\/Hbb3afb90eb0049f28a07a8e89fac5bf7J\/274217001\/Hbb3afb90eb0049f28a07a8e89fac5bf7J.jpg\" data-alt=\"Waterproof camping accessories tents camping outdoor glamping tent outdoor glamping Inflatable tent\" \/><img loading=\"lazy\" decoding=\"async\" src=\"\/\/sc04.alicdn.com\/kf\/H089e635b38ee41a9b58cd381cfe6d302b\/274217001\/H089e635b38ee41a9b58cd381cfe6d302b.jpg\" alt=\"Vedenpit\u00e4v\u00e4t retkeilytarvikkeet teltat retkeily ulkoilu glamping teltta ulkoilma teltta Ilmat\u00e4ytteinen teltta\" width=\"750\" height=\"750\" data-src=\"\/\/sc04.alicdn.com\/kf\/H089e635b38ee41a9b58cd381cfe6d302b\/274217001\/H089e635b38ee41a9b58cd381cfe6d302b.jpg\" data-alt=\"Waterproof camping accessories tents camping outdoor glamping tent outdoor glamping Inflatable tent\" \/><img loading=\"lazy\" decoding=\"async\" src=\"\/\/sc04.alicdn.com\/kf\/Ha94c4400b73b4596978f065573cb87cee\/274217001\/Ha94c4400b73b4596978f065573cb87cee.jpg\" alt=\"Vedenpit\u00e4v\u00e4t retkeilytarvikkeet teltat retkeily ulkoilu glamping teltta ulkoilma teltta Ilmat\u00e4ytteinen teltta\" width=\"750\" height=\"750\" data-src=\"\/\/sc04.alicdn.com\/kf\/Ha94c4400b73b4596978f065573cb87cee\/274217001\/Ha94c4400b73b4596978f065573cb87cee.jpg\" data-alt=\"Waterproof camping accessories tents camping outdoor glamping tent outdoor glamping Inflatable tent\" \/><img loading=\"lazy\" decoding=\"async\" src=\"\/\/sc04.alicdn.com\/kf\/Hded5cbfed989488a8de5e4d80cf48e097\/274217001\/Hded5cbfed989488a8de5e4d80cf48e097.jpg\" alt=\"Vedenpit\u00e4v\u00e4t retkeilytarvikkeet teltat retkeily ulkoilu glamping teltta ulkoilma teltta Ilmat\u00e4ytteinen teltta\" width=\"750\" height=\"750\" data-src=\"\/\/sc04.alicdn.com\/kf\/Hded5cbfed989488a8de5e4d80cf48e097\/274217001\/Hded5cbfed989488a8de5e4d80cf48e097.jpg\" data-alt=\"Waterproof camping accessories tents camping outdoor glamping tent outdoor glamping Inflatable tent\" \/><img loading=\"lazy\" decoding=\"async\" src=\"\/\/sc04.alicdn.com\/kf\/Haf76e7a49e694dbf8c276fb59456b6b08\/274217001\/Haf76e7a49e694dbf8c276fb59456b6b08.jpg\" alt=\"Vedenpit\u00e4v\u00e4t retkeilytarvikkeet teltat retkeily ulkoilu glamping teltta ulkoilma teltta Ilmat\u00e4ytteinen teltta\" width=\"750\" height=\"750\" data-src=\"\/\/sc04.alicdn.com\/kf\/Haf76e7a49e694dbf8c276fb59456b6b08\/274217001\/Haf76e7a49e694dbf8c276fb59456b6b08.jpg\" data-alt=\"Waterproof camping accessories tents camping outdoor glamping tent outdoor glamping Inflatable tent\" \/><\/p>\n<\/div>\n<\/div>\n<div data-section=\"AliPostDhMb-h1rt6\" data-section-title=\"FAQ\">\n<div><\/div>\n<\/div>\n<\/div>","protected":false},"excerpt":{"rendered":"<p>Kangas: Polyesteri Ulkoteltan vedenpit\u00e4v\u00e4 indeksi: &gt;3000 mm Vedenpit\u00e4v\u00e4 pohja: &gt;3000 mm Rakennustyyppi: Nopeasti avautuva teltta Tyyli: Laajennettu tyyppi, Putkityyppi Telttapylv\u00e4s Kausi: Nelj\u00e4n vuodenajan telttarakenne: Yksi makuuhuone Tuotteen nimi: Ulkoteltta ilmassa teltta V\u00e4ri : Valkoinen K\u00e4ytt\u00f6 : Camping Vaellus Matkakoko<\/p>\n<div class=\"read-more\"><a class=\"btn btn-fill-out\" href=\"https:\/\/uoogear.com\/fi\/tuote\/waterproof-camping-accessories-tents-camping-outdoor-glamping-tent-outdoor-glamping-inflatable-tent\/\">Lue lis\u00e4\u00e4<\/a><\/div>","protected":false},"featured_media":4408,"template":"","meta":[],"product_brand":[],"product_cat":[15],"product_tag":[],"class_list":{"0":"post-4409","1":"product","2":"type-product","3":"status-publish","4":"has-post-thumbnail","6":"product_cat-uncategorized","7":"tm-no-options","9":"first","10":"instock","11":"shipping-taxable","12":"purchasable","13":"product-type-variable"},"_links":{"self":[{"href":"https:\/\/uoogear.com\/fi\/wp-json\/wp\/v2\/product\/4409","targetHints":{"allow":["GET"]}}],"collection":[{"href":"https:\/\/uoogear.com\/fi\/wp-json\/wp\/v2\/product"}],"about":[{"href":"https:\/\/uoogear.com\/fi\/wp-json\/wp\/v2\/types\/product"}],"wp:featuredmedia":[{"embeddable":true,"href":"https:\/\/uoogear.com\/fi\/wp-json\/wp\/v2\/media\/4408"}],"wp:attachment":[{"href":"https:\/\/uoogear.com\/fi\/wp-json\/wp\/v2\/media?parent=4409"}],"wp:term":[{"taxonomy":"product_brand","embeddable":true,"href":"https:\/\/uoogear.com\/fi\/wp-json\/wp\/v2\/product_brand?post=4409"},{"taxonomy":"product_cat","embeddable":true,"href":"https:\/\/uoogear.com\/fi\/wp-json\/wp\/v2\/product_cat?post=4409"},{"taxonomy":"product_tag","embeddable":true,"href":"https:\/\/uoogear.com\/fi\/wp-json\/wp\/v2\/product_tag?post=4409"}],"curies":[{"name":"wp","href":"https:\/\/api.w.org\/{rel}","templated":true}]}}