{"id":4447,"date":"2023-11-13T12:56:44","date_gmt":"2023-11-13T12:56:44","guid":{"rendered":"https:\/\/uoogear.com\/product\/advanced-big-inflatable-camping-equipment-outdoor-waterproof-camping-outdoor-glamping-tent-camping-equipment-inflatable-tent\/"},"modified":"2023-11-30T02:19:36","modified_gmt":"2023-11-30T02:19:36","slug":"advanced-big-inflatable-camping-equipment-outdoor-waterproof-camping-outdoor-glamping-tent-camping-equipment-inflatable-tent","status":"publish","type":"product","link":"https:\/\/uoogear.com\/fi\/tuote\/advanced-big-inflatable-camping-equipment-outdoor-waterproof-camping-outdoor-glamping-tent-camping-equipment-inflatable-tent\/","title":{"rendered":"Edistyksellinen iso puhallettava retkeilyvarusteet vesitiivis retkeily ulkotiloihin glamping teltta retkeilyvarusteet Ilmat\u00e4ytteinen teltta"},"content":{"rendered":"<ul>\n<li><strong>Kangas: <\/strong> Puuvilla<\/li>\n<li><strong>Ulkoteltan vedenpit\u00e4vyysindeksi: <\/strong> 2000-3000 mm<\/li>\n<li><strong>Alin vedenpit\u00e4vyysindeksi: <\/strong> 2000-3000 mm<\/li>\n<li><strong>Teltan tyyli: <\/strong> Laajennettu tyyppi, putkityyppinen teltan panos<\/li>\n<li><strong>Kausi: <\/strong> Nelj\u00e4n vuodenajan teltta<\/li>\n<li><strong>Rakenne: <\/strong> Yksi makuuhuone<\/li>\n<li><strong>Tuotteen nimi : <\/strong> Ilmat\u00e4ytteinen ulkoteltta<\/li>\n<li><strong>V\u00e4ri: <\/strong> Valkoinen<\/li>\n<li><strong>K\u00e4ytt\u00f6: <\/strong> Leirint\u00e4alue Patikointi Matkustaminen<\/li>\n<li><strong>Koko : <\/strong> 385*335*215cm<\/li>\n<li><strong>Paino: <\/strong> 14 kg<\/li>\n<li><strong>Lattia : <\/strong> Oxford<\/li>\n<li><strong>Kapasiteetti: <\/strong> 3-4 henkil\u00f6\u00e4<\/li>\n<li><strong>Toimitusaika : <\/strong> 20 p\u00e4iv\u00e4\u00e4<\/li>\n<\/ul>\n<div>\n<div data-section=\"AliPostDhMb-k8t1e\" data-section-title=\"Product Description\">\n<div>Tuotteen Kuvaus<\/div>\n<div>\n<p>Edistyksellinen iso puhallettava retkeilyvarusteet vesitiivis retkeily ulkotiloihin glamping teltta retkeilyvarusteet Ilmat\u00e4ytteinen teltta<\/p>\n<p>Yksityiskohtainen valokuva<\/p>\n<p><img loading=\"lazy\" decoding=\"async\" class=\"alignnone size-full wp-image-5136\" src=\"https:\/\/uoogear.com\/wp-content\/uploads\/2023\/11\/H63608db4db8a455a842461b944da215bA-4.jpg\" width=\"800\" height=\"538\" alt=\"Edistyksellinen iso puhallettava retkeilyvarusteet vesitiivis retkeily ulkotiloihin glamping teltta retkeilyvarusteet Ilmat\u00e4ytteinen teltta\" srcset=\"https:\/\/uoogear.com\/wp-content\/uploads\/2023\/11\/H63608db4db8a455a842461b944da215bA-4.jpg 800w, https:\/\/uoogear.com\/wp-content\/uploads\/2023\/11\/H63608db4db8a455a842461b944da215bA-4-300x202.jpg 300w, https:\/\/uoogear.com\/wp-content\/uploads\/2023\/11\/H63608db4db8a455a842461b944da215bA-4-768x516.jpg 768w, https:\/\/uoogear.com\/wp-content\/uploads\/2023\/11\/H63608db4db8a455a842461b944da215bA-4-600x404.jpg 600w, https:\/\/uoogear.com\/wp-content\/uploads\/2023\/11\/H63608db4db8a455a842461b944da215bA-4-80x54.jpg 80w\" sizes=\"auto, (max-width: 800px) 100vw, 800px\" \/><img loading=\"lazy\" decoding=\"async\" src=\"\/\/sc04.alicdn.com\/kf\/H428d7b67a52d406aa6d221b2af2a6d3bq\/274217001\/H428d7b67a52d406aa6d221b2af2a6d3bq.jpg\" alt=\"Edistyksellinen iso puhallettava retkeilyvarusteet vesitiivis retkeily ulkotiloihin glamping teltta retkeilyvarusteet Ilmat\u00e4ytteinen teltta\" width=\"750\" height=\"750\" data-src=\"\/\/sc04.alicdn.com\/kf\/H428d7b67a52d406aa6d221b2af2a6d3bq\/274217001\/H428d7b67a52d406aa6d221b2af2a6d3bq.jpg\" data-alt=\"Advanced big inflatable camping equipment outdoor waterproof camping outdoor glamping tent camping equipment Inflatable tent\" \/><img loading=\"lazy\" decoding=\"async\" src=\"\/\/sc04.alicdn.com\/kf\/Hf3afab94f52847a7bcdc3f9afad8bbd1r\/274217001\/Hf3afab94f52847a7bcdc3f9afad8bbd1r.jpg\" alt=\"Edistyksellinen iso puhallettava retkeilyvarusteet vesitiivis retkeily ulkotiloihin glamping teltta retkeilyvarusteet Ilmat\u00e4ytteinen teltta\" width=\"750\" height=\"750\" data-src=\"\/\/sc04.alicdn.com\/kf\/Hf3afab94f52847a7bcdc3f9afad8bbd1r\/274217001\/Hf3afab94f52847a7bcdc3f9afad8bbd1r.jpg\" data-alt=\"Advanced big inflatable camping equipment outdoor waterproof camping outdoor glamping tent camping equipment Inflatable tent\" \/><img loading=\"lazy\" decoding=\"async\" src=\"\/\/sc04.alicdn.com\/kf\/H41a3938fadc041ca998505f664c5f5b0v\/274217001\/H41a3938fadc041ca998505f664c5f5b0v.jpg\" alt=\"Edistyksellinen iso puhallettava retkeilyvarusteet vesitiivis retkeily ulkotiloihin glamping teltta retkeilyvarusteet Ilmat\u00e4ytteinen teltta\" width=\"750\" height=\"750\" data-src=\"\/\/sc04.alicdn.com\/kf\/H41a3938fadc041ca998505f664c5f5b0v\/274217001\/H41a3938fadc041ca998505f664c5f5b0v.jpg\" data-alt=\"Advanced big inflatable camping equipment outdoor waterproof camping outdoor glamping tent camping equipment Inflatable tent\" \/><img loading=\"lazy\" decoding=\"async\" src=\"\/\/sc04.alicdn.com\/kf\/H60a31a8d3cf0469dbdfcfb463907ed07V\/274217001\/H60a31a8d3cf0469dbdfcfb463907ed07V.jpg\" alt=\"Edistyksellinen iso puhallettava retkeilyvarusteet vesitiivis retkeily ulkotiloihin glamping teltta retkeilyvarusteet Ilmat\u00e4ytteinen teltta\" width=\"750\" height=\"750\" data-src=\"\/\/sc04.alicdn.com\/kf\/H60a31a8d3cf0469dbdfcfb463907ed07V\/274217001\/H60a31a8d3cf0469dbdfcfb463907ed07V.jpg\" data-alt=\"Advanced big inflatable camping equipment outdoor waterproof camping outdoor glamping tent camping equipment Inflatable tent\" \/><img loading=\"lazy\" decoding=\"async\" src=\"\/\/sc04.alicdn.com\/kf\/H9f779d7e56d343b0a04ed1845c5648eaB\/274217001\/H9f779d7e56d343b0a04ed1845c5648eaB.jpg\" alt=\"Edistyksellinen iso puhallettava retkeilyvarusteet vesitiivis retkeily ulkotiloihin glamping teltta retkeilyvarusteet Ilmat\u00e4ytteinen teltta\" width=\"750\" height=\"750\" data-src=\"\/\/sc04.alicdn.com\/kf\/H9f779d7e56d343b0a04ed1845c5648eaB\/274217001\/H9f779d7e56d343b0a04ed1845c5648eaB.jpg\" data-alt=\"Advanced big inflatable camping equipment outdoor waterproof camping outdoor glamping tent camping equipment Inflatable tent\" \/><img loading=\"lazy\" decoding=\"async\" src=\"\/\/sc04.alicdn.com\/kf\/Ha936d1b140354d78bcab0df48e660350i\/274217001\/Ha936d1b140354d78bcab0df48e660350i.jpg\" alt=\"Edistyksellinen iso puhallettava retkeilyvarusteet vesitiivis retkeily ulkotiloihin glamping teltta retkeilyvarusteet Ilmat\u00e4ytteinen teltta\" width=\"750\" height=\"750\" data-src=\"\/\/sc04.alicdn.com\/kf\/Ha936d1b140354d78bcab0df48e660350i\/274217001\/Ha936d1b140354d78bcab0df48e660350i.jpg\" data-alt=\"Advanced big inflatable camping equipment outdoor waterproof camping outdoor glamping tent camping equipment Inflatable tent\" \/><\/p>\n<\/div>\n<\/div>\n<div data-section=\"AliPostDhMb-h1rt6\" data-section-title=\"FAQ\">\n<div><\/div>\n<\/div>\n<\/div>","protected":false},"excerpt":{"rendered":"<p>Kangas: Puuvillainen ulkoteltan vedenpit\u00e4v\u00e4 indeksi: 2000-3000 mm pohjan vedenpit\u00e4v\u00e4 indeksi: 2000-3000 mm. Teltan tyyli: pidennetty tyyppi, putkityyppi teltan pylv\u00e4skausi: nelj\u00e4n vuodenajan telttarakenne: yhden makuuhuoneen telttav\u00e4ri: valkoinen telttav\u00e4ri: valkoinen K\u00e4ytt\u00f6: Retkeily Retkeily Matkustuskoko: 385*335*215cm Paino: 14kg Lattia<\/p>\n<div class=\"read-more\"><a class=\"btn btn-fill-out\" href=\"https:\/\/uoogear.com\/fi\/tuote\/advanced-big-inflatable-camping-equipment-outdoor-waterproof-camping-outdoor-glamping-tent-camping-equipment-inflatable-tent\/\">Lue lis\u00e4\u00e4<\/a><\/div>","protected":false},"featured_media":4446,"template":"","meta":[],"product_brand":[],"product_cat":[15],"product_tag":[],"class_list":{"0":"post-4447","1":"product","2":"type-product","3":"status-publish","4":"has-post-thumbnail","6":"product_cat-uncategorized","7":"tm-no-options","9":"first","10":"instock","11":"shipping-taxable","12":"purchasable","13":"product-type-variable"},"_links":{"self":[{"href":"https:\/\/uoogear.com\/fi\/wp-json\/wp\/v2\/product\/4447","targetHints":{"allow":["GET"]}}],"collection":[{"href":"https:\/\/uoogear.com\/fi\/wp-json\/wp\/v2\/product"}],"about":[{"href":"https:\/\/uoogear.com\/fi\/wp-json\/wp\/v2\/types\/product"}],"wp:featuredmedia":[{"embeddable":true,"href":"https:\/\/uoogear.com\/fi\/wp-json\/wp\/v2\/media\/4446"}],"wp:attachment":[{"href":"https:\/\/uoogear.com\/fi\/wp-json\/wp\/v2\/media?parent=4447"}],"wp:term":[{"taxonomy":"product_brand","embeddable":true,"href":"https:\/\/uoogear.com\/fi\/wp-json\/wp\/v2\/product_brand?post=4447"},{"taxonomy":"product_cat","embeddable":true,"href":"https:\/\/uoogear.com\/fi\/wp-json\/wp\/v2\/product_cat?post=4447"},{"taxonomy":"product_tag","embeddable":true,"href":"https:\/\/uoogear.com\/fi\/wp-json\/wp\/v2\/product_tag?post=4447"}],"curies":[{"name":"wp","href":"https:\/\/api.w.org\/{rel}","templated":true}]}}