{"id":4463,"date":"2023-11-13T12:58:19","date_gmt":"2023-11-13T12:58:19","guid":{"rendered":"https:\/\/uoogear.com\/product\/2023-custom-multi-persons-camping-tent-waterproof-inflatable-house-air-big-tent-outdoor-inflatable-camping-house-tent\/"},"modified":"2023-11-30T02:24:45","modified_gmt":"2023-11-30T02:24:45","slug":"2023-custom-multi-persons-camping-tent-waterproof-inflatable-house-air-big-tent-outdoor-inflatable-camping-house-tent","status":"publish","type":"product","link":"https:\/\/uoogear.com\/fi\/tuote\/2023-custom-multi-persons-camping-tent-waterproof-inflatable-house-air-big-tent-outdoor-inflatable-camping-house-tent\/","title":{"rendered":"2023 r\u00e4\u00e4t\u00e4l\u00f6ity monen hengen leirint\u00e4teltta vedenpit\u00e4v\u00e4 puhallettava talo ilma iso teltta ulkona puhallettava leirint\u00e4maja teltta"},"content":{"rendered":"<ul>\n<li><strong>Kangas: <\/strong> Puuvilla<\/li>\n<li><strong>Ulkoteltan vedenpit\u00e4vyysindeksi: <\/strong> 1500-2000 mm<\/li>\n<li><strong>Alin vedenpit\u00e4vyysindeksi: <\/strong> 1000-1500 mm<\/li>\n<li><strong>Rakennustyyppi: <\/strong> Rakentaminen tarpeen mukaan<\/li>\n<li><strong>Teltan tyyli: <\/strong> Trigone\/V-tyyppinen hiottu naula<\/li>\n<li><strong>Kausi: <\/strong> Nelj\u00e4n vuodenajan teltta, kolmen vuodenajan teltta<\/li>\n<li><strong>Rakenne: <\/strong> Kaksi makuuhuonetta ja yksi olohuone<\/li>\n<li><strong>Tuotteen nimi : <\/strong> Ulkoreitin teltta<\/li>\n<li><strong>V\u00e4ri: <\/strong> Khaki<\/li>\n<li><strong>K\u00e4ytt\u00f6: <\/strong> Leirint\u00e4alue Patikointi Matkustaminen<\/li>\n<li><strong>Koko : <\/strong> 300*400*200cm<\/li>\n<li><strong>Pakkauskoko : <\/strong> 82*49*49cm<\/li>\n<li><strong>Paino: <\/strong> 22-28kg<\/li>\n<li><strong>Lattia : <\/strong> Oxford<\/li>\n<li><strong>Kapasiteetti: <\/strong> 5-8 henkil\u00f6\u00e4<\/li>\n<li><strong>Toimitusaika : <\/strong> 20 p\u00e4iv\u00e4\u00e4<\/li>\n<\/ul>\n<div>\n<div data-section=\"AliPostDhMb-uunfl\" data-section-title=\"Product Description\">\n<div>Tuotteen Kuvaus<\/div>\n<div>\n<p>Yumuq Glamping Canvas puhallettava ulkoteltta, r\u00e4\u00e4t\u00e4l\u00f6ity ylellinen polyesteriilmateltta<\/p>\n<\/div>\n<\/div>\n<p><strong><em>V\u00e4ri\u00e4 ja kokoa voidaan mukauttaa tarpeidesi mukaan!<\/em><\/strong><\/p>\n<div><\/div>\n<div>Yksityiskohtainen valokuva<\/div>\n<div><\/div>\n<p><img decoding=\"async\" src=\"\/\/sc04.alicdn.com\/kf\/H63608db4db8a455a842461b944da215bA\/274217001\/H63608db4db8a455a842461b944da215bA.jpg\" alt=\"2023 r\u00e4\u00e4t\u00e4l\u00f6ity monen hengen leirint\u00e4teltta vedenpit\u00e4v\u00e4 puhallettava talo ilma iso teltta ulkona puhallettava leirint\u00e4maja teltta\" width=\"750\" height=\"504.37500000000006\" data-src=\"\/\/sc04.alicdn.com\/kf\/H63608db4db8a455a842461b944da215bA\/274217001\/H63608db4db8a455a842461b944da215bA.jpg\" data-alt=\"2023 custom Multi Persons camping Tent Waterproof Inflatable House Air Big Tent Outdoor Inflatable Camping house Tent\" \/><\/p>\n<p><img loading=\"lazy\" decoding=\"async\" src=\"\/\/sc04.alicdn.com\/kf\/H5dcbbff427a5469d925586926dd4912bW\/274217001\/H5dcbbff427a5469d925586926dd4912bW.jpeg\" alt=\"2023 r\u00e4\u00e4t\u00e4l\u00f6ity monen hengen leirint\u00e4teltta vedenpit\u00e4v\u00e4 puhallettava talo ilma iso teltta ulkona puhallettava leirint\u00e4maja teltta\" width=\"750\" height=\"750\" data-src=\"\/\/sc04.alicdn.com\/kf\/H5dcbbff427a5469d925586926dd4912bW\/274217001\/H5dcbbff427a5469d925586926dd4912bW.jpeg\" data-alt=\"2023 custom Multi Persons camping Tent Waterproof Inflatable House Air Big Tent Outdoor Inflatable Camping house Tent\" \/><img loading=\"lazy\" decoding=\"async\" src=\"\/\/sc04.alicdn.com\/kf\/Hed8105f88d484031ae976d70c8b812f71\/274217001\/Hed8105f88d484031ae976d70c8b812f71.jpg\" alt=\"2023 r\u00e4\u00e4t\u00e4l\u00f6ity monen hengen leirint\u00e4teltta vedenpit\u00e4v\u00e4 puhallettava talo ilma iso teltta ulkona puhallettava leirint\u00e4maja teltta\" width=\"750\" height=\"750\" data-src=\"\/\/sc04.alicdn.com\/kf\/Hed8105f88d484031ae976d70c8b812f71\/274217001\/Hed8105f88d484031ae976d70c8b812f71.jpg\" data-alt=\"2023 custom Multi Persons camping Tent Waterproof Inflatable House Air Big Tent Outdoor Inflatable Camping house Tent\" \/><img loading=\"lazy\" decoding=\"async\" src=\"\/\/sc04.alicdn.com\/kf\/Had4cea96d17d42958641889201d33021D\/274217001\/Had4cea96d17d42958641889201d33021D.jpg\" alt=\"2023 r\u00e4\u00e4t\u00e4l\u00f6ity monen hengen leirint\u00e4teltta vedenpit\u00e4v\u00e4 puhallettava talo ilma iso teltta ulkona puhallettava leirint\u00e4maja teltta\" width=\"750\" height=\"750\" data-src=\"\/\/sc04.alicdn.com\/kf\/Had4cea96d17d42958641889201d33021D\/274217001\/Had4cea96d17d42958641889201d33021D.jpg\" data-alt=\"2023 custom Multi Persons camping Tent Waterproof Inflatable House Air Big Tent Outdoor Inflatable Camping house Tent\" \/><img loading=\"lazy\" decoding=\"async\" src=\"\/\/sc04.alicdn.com\/kf\/H8afdede805034cfbb06b5324a772071aW\/274217001\/H8afdede805034cfbb06b5324a772071aW.jpeg\" alt=\"2023 r\u00e4\u00e4t\u00e4l\u00f6ity monen hengen leirint\u00e4teltta vedenpit\u00e4v\u00e4 puhallettava talo ilma iso teltta ulkona puhallettava leirint\u00e4maja teltta\" width=\"750\" height=\"750\" data-src=\"\/\/sc04.alicdn.com\/kf\/H8afdede805034cfbb06b5324a772071aW\/274217001\/H8afdede805034cfbb06b5324a772071aW.jpeg\" data-alt=\"2023 custom Multi Persons camping Tent Waterproof Inflatable House Air Big Tent Outdoor Inflatable Camping house Tent\" \/><img loading=\"lazy\" decoding=\"async\" src=\"\/\/sc04.alicdn.com\/kf\/Hdadcd0df211d4a8e9358691e729c94649\/274217001\/Hdadcd0df211d4a8e9358691e729c94649.jpeg\" alt=\"2023 r\u00e4\u00e4t\u00e4l\u00f6ity monen hengen leirint\u00e4teltta vedenpit\u00e4v\u00e4 puhallettava talo ilma iso teltta ulkona puhallettava leirint\u00e4maja teltta\" width=\"750\" height=\"750\" data-src=\"\/\/sc04.alicdn.com\/kf\/Hdadcd0df211d4a8e9358691e729c94649\/274217001\/Hdadcd0df211d4a8e9358691e729c94649.jpeg\" data-alt=\"2023 custom Multi Persons camping Tent Waterproof Inflatable House Air Big Tent Outdoor Inflatable Camping house Tent\" \/><img loading=\"lazy\" decoding=\"async\" src=\"\/\/sc04.alicdn.com\/kf\/H8800695004764415bf5c88da8af9fcb8O\/274217001\/H8800695004764415bf5c88da8af9fcb8O.jpg\" alt=\"2023 r\u00e4\u00e4t\u00e4l\u00f6ity monen hengen leirint\u00e4teltta vedenpit\u00e4v\u00e4 puhallettava talo ilma iso teltta ulkona puhallettava leirint\u00e4maja teltta\" width=\"750\" height=\"750\" data-src=\"\/\/sc04.alicdn.com\/kf\/H8800695004764415bf5c88da8af9fcb8O\/274217001\/H8800695004764415bf5c88da8af9fcb8O.jpg\" data-alt=\"2023 custom Multi Persons camping Tent Waterproof Inflatable House Air Big Tent Outdoor Inflatable Camping house Tent\" \/><\/p>\n<p>&nbsp;<\/p>\n<div data-section=\"AliPostDhMb-gmyk2\" data-section-title=\"FAQ\">\n<div><\/div>\n<\/div>\n<\/div>","protected":false},"excerpt":{"rendered":"<p>Kangas: Puuvilla Ulkoteltan vedenpit\u00e4vyysindeksi: 1500-2000 Mm Pohja Vedenpit\u00e4v\u00e4 Indeksi: 1000-1500 Mm Rakennustyyppi: Rakenne perustuu tarpeeseen Telttatyyli: Trigone\/V-tyyppinen pohjanaula Kausi: Nelj\u00e4n vuodenajan teltta, Kolmen vuodenajan teltta Kaksi makuuhuonetta ja yksi olohuone Tuotteen nimi : Ulkoteltta V\u00e4ri : Khaki K\u00e4ytt\u00f6 : Telttailu<\/p>\n<div class=\"read-more\"><a class=\"btn btn-fill-out\" href=\"https:\/\/uoogear.com\/fi\/tuote\/2023-custom-multi-persons-camping-tent-waterproof-inflatable-house-air-big-tent-outdoor-inflatable-camping-house-tent\/\">Lue lis\u00e4\u00e4<\/a><\/div>","protected":false},"featured_media":4462,"template":"","meta":[],"product_brand":[],"product_cat":[15],"product_tag":[],"class_list":{"0":"post-4463","1":"product","2":"type-product","3":"status-publish","4":"has-post-thumbnail","6":"product_cat-uncategorized","7":"tm-no-options","9":"first","10":"instock","11":"shipping-taxable","12":"purchasable","13":"product-type-variable"},"_links":{"self":[{"href":"https:\/\/uoogear.com\/fi\/wp-json\/wp\/v2\/product\/4463","targetHints":{"allow":["GET"]}}],"collection":[{"href":"https:\/\/uoogear.com\/fi\/wp-json\/wp\/v2\/product"}],"about":[{"href":"https:\/\/uoogear.com\/fi\/wp-json\/wp\/v2\/types\/product"}],"wp:featuredmedia":[{"embeddable":true,"href":"https:\/\/uoogear.com\/fi\/wp-json\/wp\/v2\/media\/4462"}],"wp:attachment":[{"href":"https:\/\/uoogear.com\/fi\/wp-json\/wp\/v2\/media?parent=4463"}],"wp:term":[{"taxonomy":"product_brand","embeddable":true,"href":"https:\/\/uoogear.com\/fi\/wp-json\/wp\/v2\/product_brand?post=4463"},{"taxonomy":"product_cat","embeddable":true,"href":"https:\/\/uoogear.com\/fi\/wp-json\/wp\/v2\/product_cat?post=4463"},{"taxonomy":"product_tag","embeddable":true,"href":"https:\/\/uoogear.com\/fi\/wp-json\/wp\/v2\/product_tag?post=4463"}],"curies":[{"name":"wp","href":"https:\/\/api.w.org\/{rel}","templated":true}]}}