{"id":4480,"date":"2023-11-13T13:00:23","date_gmt":"2023-11-13T13:00:23","guid":{"rendered":"https:\/\/uoogear.com\/product\/waterproof-outdoor-camping-indian-tent\/"},"modified":"2023-11-30T02:22:11","modified_gmt":"2023-11-30T02:22:11","slug":"waterproof-outdoor-camping-indian-tent","status":"publish","type":"product","link":"https:\/\/uoogear.com\/fi\/tuote\/waterproof-outdoor-camping-indian-tent\/","title":{"rendered":"Vedenpit\u00e4v\u00e4 Outdoor Camping Intiaaniteltta"},"content":{"rendered":"<ul>\n<li><strong>Kangas: <\/strong> Oxford<\/li>\n<li><strong>Ulkoteltan vedenpit\u00e4vyysindeksi: <\/strong> 2000-3000 mm<\/li>\n<li><strong>Alin vedenpit\u00e4vyysindeksi: <\/strong> 2000-3000 mm<\/li>\n<li><strong>Rakennustyyppi: <\/strong> Nopea automaattinen avaus<\/li>\n<li><strong>Teltan tyyli: <\/strong> Laajennettu tyyppi, putkityyppinen teltan panos<\/li>\n<li><strong>Kausi: <\/strong> Nelj\u00e4n vuodenajan teltta<\/li>\n<li><strong>Rakenne: <\/strong> Yksi makuuhuone<\/li>\n<li><strong>Tuotteen nimi : <\/strong> Ilmat\u00e4ytteinen ulkoteltta<\/li>\n<li><strong>V\u00e4ri: <\/strong> Riisi Valkoinen<\/li>\n<li><strong>K\u00e4ytt\u00f6: <\/strong> Leirint\u00e4alue Patikointi Matkustaminen<\/li>\n<li><strong>Koko : <\/strong> 220*220*200cm<\/li>\n<li><strong>Paino: <\/strong> 7 kg<\/li>\n<li><strong>Tyyli: <\/strong> intialainen<\/li>\n<li><strong>Lattia : <\/strong> 210D tai 300D Oxford<\/li>\n<li><strong>Kapasiteetti: <\/strong> 2-3 henkil\u00f6\u00e4<\/li>\n<li><strong>Toimitusaika : <\/strong> 20 p\u00e4iv\u00e4\u00e4<\/li>\n<\/ul>\n<div>\n<div data-section=\"AliPostDhMb-k8t1e\" data-section-title=\"Product Description\">\n<div>Tuotteen Kuvaus<\/div>\n<div data-spm-anchor-id=\"a2700.details.0.i81.4bd15228ohSD8t\">\n<p><img loading=\"lazy\" decoding=\"async\" src=\"\/\/sc04.alicdn.com\/kf\/Hc527bc8d712a4840854044400c213ff4Z\/274217001\/Hc527bc8d712a4840854044400c213ff4Z.jpg\" alt=\"Vedenpit\u00e4v\u00e4 Outdoor Camping Intiaaniteltta\" width=\"750\" height=\"750\" data-src=\"\/\/sc04.alicdn.com\/kf\/Hc527bc8d712a4840854044400c213ff4Z\/274217001\/Hc527bc8d712a4840854044400c213ff4Z.jpg\" data-alt=\"Waterproof Outdoor Camping Indian Tent\" \/><img loading=\"lazy\" decoding=\"async\" src=\"\/\/sc04.alicdn.com\/kf\/Hb9694f348f524ebb9ab07fe374f94b6fl\/274217001\/Hb9694f348f524ebb9ab07fe374f94b6fl.jpg\" alt=\"Vedenpit\u00e4v\u00e4 Outdoor Camping Intiaaniteltta\" width=\"750\" height=\"750\" data-src=\"\/\/sc04.alicdn.com\/kf\/Hb9694f348f524ebb9ab07fe374f94b6fl\/274217001\/Hb9694f348f524ebb9ab07fe374f94b6fl.jpg\" data-alt=\"Waterproof Outdoor Camping Indian Tent\" \/><img loading=\"lazy\" decoding=\"async\" src=\"\/\/sc04.alicdn.com\/kf\/H9e92dc4f16be405ebd3a2132fb68a4517\/274217001\/H9e92dc4f16be405ebd3a2132fb68a4517.jpg\" alt=\"Vedenpit\u00e4v\u00e4 Outdoor Camping Intiaaniteltta\" width=\"750\" height=\"750\" data-src=\"\/\/sc04.alicdn.com\/kf\/H9e92dc4f16be405ebd3a2132fb68a4517\/274217001\/H9e92dc4f16be405ebd3a2132fb68a4517.jpg\" data-alt=\"Waterproof Outdoor Camping Indian Tent\" \/><img loading=\"lazy\" decoding=\"async\" src=\"\/\/sc04.alicdn.com\/kf\/Hd28bafc6bd0a423c89345658813cfce85\/274217001\/Hd28bafc6bd0a423c89345658813cfce85.jpg\" alt=\"Vedenpit\u00e4v\u00e4 Outdoor Camping Intiaaniteltta\" width=\"750\" height=\"750\" data-src=\"\/\/sc04.alicdn.com\/kf\/Hd28bafc6bd0a423c89345658813cfce85\/274217001\/Hd28bafc6bd0a423c89345658813cfce85.jpg\" data-alt=\"Waterproof Outdoor Camping Indian Tent\" \/><\/p>\n<p>&nbsp;<\/p>\n<p>&nbsp;<\/p>\n<p>&nbsp;<\/p>\n<\/div>\n<\/div>\n<div data-section=\"AliPostDhMb-h1rt6\" data-section-title=\"FAQ\">\n<div><\/div>\n<\/div>\n<\/div>","protected":false},"excerpt":{"rendered":"<p>Kangas : Oxford Outside Tent Vedenpit\u00e4v\u00e4 indeksi : 2000-3000 Mm Pohja Vedenpit\u00e4v\u00e4 Indeksi : 2000-3000 Mm Rakennustyyppi : Nopeasti avautuva teltta Tyyli : Jatkettu tyyppi, Putkityyppi Teltta kausi : Nelj\u00e4n vuodenajan teltta Ulkotilojen rakenne : Yksi : Ulkoteltta camping puhallettava teltta V\u00e4ri : Riisi Valkoinen K\u00e4ytt\u00f6 : Camping Patikointi Matkustaminen<\/p>\n<div class=\"read-more\"><a class=\"btn btn-fill-out\" href=\"https:\/\/uoogear.com\/fi\/tuote\/waterproof-outdoor-camping-indian-tent\/\">Lue lis\u00e4\u00e4<\/a><\/div>","protected":false},"featured_media":4479,"template":"","meta":[],"product_brand":[],"product_cat":[15],"product_tag":[],"class_list":{"0":"post-4480","1":"product","2":"type-product","3":"status-publish","4":"has-post-thumbnail","6":"product_cat-uncategorized","7":"tm-no-options","9":"first","10":"instock","11":"shipping-taxable","12":"purchasable","13":"product-type-variable"},"_links":{"self":[{"href":"https:\/\/uoogear.com\/fi\/wp-json\/wp\/v2\/product\/4480","targetHints":{"allow":["GET"]}}],"collection":[{"href":"https:\/\/uoogear.com\/fi\/wp-json\/wp\/v2\/product"}],"about":[{"href":"https:\/\/uoogear.com\/fi\/wp-json\/wp\/v2\/types\/product"}],"wp:featuredmedia":[{"embeddable":true,"href":"https:\/\/uoogear.com\/fi\/wp-json\/wp\/v2\/media\/4479"}],"wp:attachment":[{"href":"https:\/\/uoogear.com\/fi\/wp-json\/wp\/v2\/media?parent=4480"}],"wp:term":[{"taxonomy":"product_brand","embeddable":true,"href":"https:\/\/uoogear.com\/fi\/wp-json\/wp\/v2\/product_brand?post=4480"},{"taxonomy":"product_cat","embeddable":true,"href":"https:\/\/uoogear.com\/fi\/wp-json\/wp\/v2\/product_cat?post=4480"},{"taxonomy":"product_tag","embeddable":true,"href":"https:\/\/uoogear.com\/fi\/wp-json\/wp\/v2\/product_tag?post=4480"}],"curies":[{"name":"wp","href":"https:\/\/api.w.org\/{rel}","templated":true}]}}