{"id":4489,"date":"2023-11-14T01:54:49","date_gmt":"2023-11-14T01:54:49","guid":{"rendered":"https:\/\/uoogear.com\/product\/waterproof-inflatable-outdoor-air-tent-inflatable-camping-tent\/"},"modified":"2023-11-30T02:22:55","modified_gmt":"2023-11-30T02:22:55","slug":"waterproof-inflatable-outdoor-air-tent-inflatable-camping-tent","status":"publish","type":"product","link":"https:\/\/uoogear.com\/fi\/tuote\/waterproof-inflatable-outdoor-air-tent-inflatable-camping-tent\/","title":{"rendered":"vedenpit\u00e4v\u00e4 puhallettava ulkoilmateltta puhallettava retkeilyteltta"},"content":{"rendered":"<ul>\n<li><strong>Alue: <\/strong> 300*210<\/li>\n<li><strong>Kangas: <\/strong> PVC + puuvillakangas + polyesteriverkko<\/li>\n<li><strong>Ulkoteltan vedenpit\u00e4vyysindeksi: <\/strong> &lt;1000 mm<\/li>\n<li><strong>Alin vedenpit\u00e4vyysindeksi: <\/strong> &gt; 3000 mm<\/li>\n<li><strong>Rakennustyyppi: <\/strong> Rakentaminen tarpeen mukaan<\/li>\n<li><strong>Teltan tyyli: <\/strong> Putkityyppi Teltan panos<\/li>\n<li><strong>Kausi: <\/strong> Nelj\u00e4n vuodenajan teltta<\/li>\n<li><strong>Rakenne: <\/strong> Kaksi makuuhuonetta ja yksi olohuone<\/li>\n<li><strong>Tuotteen nimi : <\/strong> ilma teltta puhallettava camping<\/li>\n<li><strong>K\u00e4ytt\u00f6: <\/strong> Outdoor Entertainment<\/li>\n<li><strong>Tyyli: <\/strong> Moderni<\/li>\n<li><strong>V\u00e4ri: <\/strong> Mukautettu v\u00e4ri<\/li>\n<li><strong>Sovellus: <\/strong> Outdoor Travel Camping<\/li>\n<li><strong>Koko : <\/strong> Mukautettu koko<\/li>\n<li><strong>MOQ: <\/strong> 1 kpl<\/li>\n<li><strong>Materiaali: <\/strong> PVC<\/li>\n<li><strong>Lis\u00e4tarvikkeet : <\/strong> Pumppu + kantolaukku + paalut + k\u00f6ydet<\/li>\n<li><strong>Ominaisuus: <\/strong> Vedenkest\u00e4v\u00e4<\/li>\n<\/ul>\n<div>\n<div data-magic-global=\"%7B%22bizId%22%3A2212793521237%2C%22pageId%22%3A21189012037%2C%22siteId%22%3A10003212050%7D\">\n<div>\n<div data-section=\"AliMagic-db1sq7\" data-section-title=\"Products Description\">Tuotteen kuvaus<\/div>\n<\/div>\n<div>\n<div>\n<div><img decoding=\"async\" src=\"\/\/sc04.alicdn.com\/kf\/H43725afd3bec4530b9a0eefa40fd24c1h\/255148517\/H43725afd3bec4530b9a0eefa40fd24c1h.jpg\" data-src=\"\/\/sc04.alicdn.com\/kf\/H43725afd3bec4530b9a0eefa40fd24c1h\/255148517\/H43725afd3bec4530b9a0eefa40fd24c1h.jpg\" \/><\/div>\n<div><img decoding=\"async\" src=\"\/\/sc04.alicdn.com\/kf\/H0a8bb24f51674da1b39a98e1b20f54d4U\/255148517\/H0a8bb24f51674da1b39a98e1b20f54d4U.png\" data-src=\"\/\/sc04.alicdn.com\/kf\/H0a8bb24f51674da1b39a98e1b20f54d4U\/255148517\/H0a8bb24f51674da1b39a98e1b20f54d4U.png\" \/><\/div>\n<div><img decoding=\"async\" src=\"\/\/sc04.alicdn.com\/kf\/Hce4ac1a48012484b9242af5cdb11ab57o\/255148517\/Hce4ac1a48012484b9242af5cdb11ab57o.png\" data-src=\"\/\/sc04.alicdn.com\/kf\/Hce4ac1a48012484b9242af5cdb11ab57o\/255148517\/Hce4ac1a48012484b9242af5cdb11ab57o.png\" \/><\/div>\n<div><img decoding=\"async\" src=\"\/\/sc04.alicdn.com\/kf\/H78f6e94460b64fc18a1668d323a652cbM\/255148517\/H78f6e94460b64fc18a1668d323a652cbM.jpg\" data-src=\"\/\/sc04.alicdn.com\/kf\/H78f6e94460b64fc18a1668d323a652cbM\/255148517\/H78f6e94460b64fc18a1668d323a652cbM.jpg\" \/><\/div>\n<div><img decoding=\"async\" src=\"\/\/sc04.alicdn.com\/kf\/H6483226daf0141e9a1df7a4c0b1eb5262\/255148517\/H6483226daf0141e9a1df7a4c0b1eb5262.jpg\" data-src=\"\/\/sc04.alicdn.com\/kf\/H6483226daf0141e9a1df7a4c0b1eb5262\/255148517\/H6483226daf0141e9a1df7a4c0b1eb5262.jpg\" \/><\/div>\n<div><img decoding=\"async\" src=\"\/\/sc04.alicdn.com\/kf\/H2c7b3387715a439cb11fc7d53fc3c2d3E\/255148517\/H2c7b3387715a439cb11fc7d53fc3c2d3E.jpg\" data-src=\"\/\/sc04.alicdn.com\/kf\/H2c7b3387715a439cb11fc7d53fc3c2d3E\/255148517\/H2c7b3387715a439cb11fc7d53fc3c2d3E.jpg\" \/><\/div>\n<\/div>\n<\/div>\n<div><\/div>\n<div>\n<div>\n<div>\n<div>\n<div><\/div>\n<\/div>\n<\/div>\n<\/div>\n<\/div>\n<\/div>\n<\/div>","protected":false},"excerpt":{"rendered":"<p>Pinta-ala: 300*210 Kangas: PVC+puuvillakangas+ polyesteriverkko Ulkoteltan vedenpit\u00e4v\u00e4 indeksi: &lt;1000 mm Pohjavedenpit\u00e4v\u00e4 indeksi: &gt;3000 mm Rakennustyyppi: Rakennustarpeen mukaan Telttatyyli: Putkityyppi Teltan pylv\u00e4skausi: Nelj\u00e4n vuodenajan rakenne: Teltta Kaksi makuuhuonetta ja yksi olohuone Tuotteen nimi: ilmateltta puhallettava camping<\/p>\n<div class=\"read-more\"><a class=\"btn btn-fill-out\" href=\"https:\/\/uoogear.com\/fi\/tuote\/waterproof-inflatable-outdoor-air-tent-inflatable-camping-tent\/\">Lue lis\u00e4\u00e4<\/a><\/div>","protected":false},"featured_media":4488,"template":"","meta":[],"product_brand":[],"product_cat":[15],"product_tag":[],"class_list":{"0":"post-4489","1":"product","2":"type-product","3":"status-publish","4":"has-post-thumbnail","6":"product_cat-uncategorized","7":"tm-no-options","9":"first","10":"instock","11":"shipping-taxable","12":"purchasable","13":"product-type-variable"},"_links":{"self":[{"href":"https:\/\/uoogear.com\/fi\/wp-json\/wp\/v2\/product\/4489","targetHints":{"allow":["GET"]}}],"collection":[{"href":"https:\/\/uoogear.com\/fi\/wp-json\/wp\/v2\/product"}],"about":[{"href":"https:\/\/uoogear.com\/fi\/wp-json\/wp\/v2\/types\/product"}],"wp:featuredmedia":[{"embeddable":true,"href":"https:\/\/uoogear.com\/fi\/wp-json\/wp\/v2\/media\/4488"}],"wp:attachment":[{"href":"https:\/\/uoogear.com\/fi\/wp-json\/wp\/v2\/media?parent=4489"}],"wp:term":[{"taxonomy":"product_brand","embeddable":true,"href":"https:\/\/uoogear.com\/fi\/wp-json\/wp\/v2\/product_brand?post=4489"},{"taxonomy":"product_cat","embeddable":true,"href":"https:\/\/uoogear.com\/fi\/wp-json\/wp\/v2\/product_cat?post=4489"},{"taxonomy":"product_tag","embeddable":true,"href":"https:\/\/uoogear.com\/fi\/wp-json\/wp\/v2\/product_tag?post=4489"}],"curies":[{"name":"wp","href":"https:\/\/api.w.org\/{rel}","templated":true}]}}