{"id":4498,"date":"2023-11-14T01:57:26","date_gmt":"2023-11-14T01:57:26","guid":{"rendered":"https:\/\/uoogear.com\/product\/high-quality-customized-logo-outdoor-camp-family-air-camping-tent-large-inflatable-tent\/"},"modified":"2023-11-30T02:23:24","modified_gmt":"2023-11-30T02:23:24","slug":"high-quality-customized-logo-outdoor-camp-family-air-camping-tent-large-inflatable-tent","status":"publish","type":"product","link":"https:\/\/uoogear.com\/fi\/tuote\/high-quality-customized-logo-outdoor-camp-family-air-camping-tent-large-inflatable-tent\/","title":{"rendered":"Korkealaatuinen r\u00e4\u00e4t\u00e4l\u00f6ity logo Outdoor Camp Family Air Camping Teltta Suuri puhallettava teltta"},"content":{"rendered":"<ul>\n<li><strong>Kangas: <\/strong> Polyesteri<\/li>\n<li><strong>Ulkoteltan vedenpit\u00e4vyysindeksi: <\/strong> 1000-1500 mm<\/li>\n<li><strong>Alin vedenpit\u00e4vyysindeksi: <\/strong> 1000-1500 mm<\/li>\n<li><strong>Rakennustyyppi: <\/strong> Nopea automaattinen avaus<\/li>\n<li><strong>Teltan tyyli: <\/strong> Putkityyppi Teltan panos<\/li>\n<li><strong>Kausi: <\/strong> Nelj\u00e4n vuodenajan teltta<\/li>\n<li><strong>Rakenne: <\/strong> Yksi makuuhuone ja yksi olohuone<\/li>\n<li><strong>Tuotteen nimi : <\/strong> Puhallettava leirint\u00e4teltta<\/li>\n<li><strong>K\u00e4ytt\u00f6: <\/strong> Outdoor Entertainment<\/li>\n<li><strong>Tyyli: <\/strong> Moderni<\/li>\n<li><strong>V\u00e4ri: <\/strong> Golden Sand V\u00e4ri<\/li>\n<li><strong>Sovellus: <\/strong> Outdoor Travel Camping<\/li>\n<li><strong>Koko : <\/strong> 520&#215;400<\/li>\n<li><strong>MOQ: <\/strong> 1 kpl<\/li>\n<li><strong>Materiaali: <\/strong> PVC<\/li>\n<li><strong>Lis\u00e4tarvikkeet : <\/strong> Pumppu + kantolaukku + paalut + k\u00f6ydet<\/li>\n<li><strong>Ominaisuus: <\/strong> Vedenkest\u00e4v\u00e4<\/li>\n<\/ul>\n<div>\n<div data-magic-global=\"%7B%22bizId%22%3A2212793521237%2C%22pageId%22%3A21196441129%2C%22siteId%22%3A10003212050%7D\">\n<div>\n<div data-section=\"AliMagic-lt2ehm\" data-section-title=\"Products Description\">Tuotteen kuvaus<\/div>\n<\/div>\n<div>\n<div>\n<table>\n<tbody>\n<tr>\n<td>\n<div><span style=\"color: #000000; font-family: Arial;\"><span data-spm-anchor-id=\"a2700.custom-template.0.i133.65b03333DKbf22\"><strong>tuotteen nimi<\/strong><\/span><\/span><\/div>\n<\/td>\n<td>\n<div>Suuri leirint\u00e4teltta<\/div>\n<\/td>\n<\/tr>\n<tr>\n<td>\n<div><span style=\"color: #000000; font-family: Arial;\"><strong>OEM MOQ<\/strong><\/span><\/div>\n<\/td>\n<td>\n<div><span style=\"font-family: Arial;\"><span data-spm-anchor-id=\"a2700.custom-template.0.i131.65b03333DKbf22\">Hyv\u00e4ksy mukautettu \/1 sarjan\u00e4yte<\/span><\/span><\/div>\n<\/td>\n<\/tr>\n<tr>\n<td>\n<div><span style=\"color: #000000; font-family: Arial;\"><strong>V\u00e4ri v\u00e4ri<\/strong><\/span><\/div>\n<\/td>\n<td>\n<div><span style=\"font-family: Arial;\"><span data-spm-anchor-id=\"a2700.custom-template.0.i132.65b03333DKbf22\">Kuten kuvassa, hyv\u00e4ksy r\u00e4\u00e4t\u00e4l\u00f6ity<\/span><\/span><\/div>\n<\/td>\n<\/tr>\n<tr>\n<td>\n<div><span style=\"color: #000000; font-family: Arial;\"><span data-spm-anchor-id=\"a2700.custom-template.0.i158.65b03333DKbf22\"><strong>Kapasiteetti<\/strong><\/span><\/span><\/div>\n<\/td>\n<td>\n<div><span style=\"font-family: Arial;\">2\/3\/4\/5\/6\/7\/8 henkil\u00f6\u00e4 (mukautettu kapasiteetti)<\/span><\/div>\n<\/td>\n<\/tr>\n<tr>\n<td>\n<div><strong>Koko<\/strong><\/div>\n<\/td>\n<td>\n<div>Voi valita valmiiden tuotteiden koon, hyv\u00e4ksy r\u00e4\u00e4t\u00e4l\u00f6ity koko<\/div>\n<\/td>\n<\/tr>\n<tr>\n<td>\n<div>\n<div><strong>Ominaisuus<\/strong><\/div>\n<\/div>\n<\/td>\n<td>\n<div><span style=\"font-family: Arial;\">UV- ja sateenkest\u00e4v\u00e4, hengitt\u00e4v\u00e4, est\u00e4\u00e4 loistavat, suuri tila, vakaa rakenne, hyv\u00e4 ilmanvaihto, laaja k\u00e4ytt\u00f6, pieni koko, helppo kuljettaa, asennus, helppo ponnahdusikkuna, automaattinen, mukava<\/span><\/div>\n<\/td>\n<\/tr>\n<\/tbody>\n<\/table>\n<\/div>\n<\/div>\n<div>\n<div data-section=\"AliMagic-3dgtn4\" data-section-title=\"Details Images\">Yksityiskohdat Kuvat<\/div>\n<\/div>\n<div>\n<div>\n<div><img decoding=\"async\" src=\"\/\/sc04.alicdn.com\/kf\/Hbe21446ef4374ec2b8e3aff588088202z\/255148517\/Hbe21446ef4374ec2b8e3aff588088202z.jpg\" data-src=\"\/\/sc04.alicdn.com\/kf\/Hbe21446ef4374ec2b8e3aff588088202z\/255148517\/Hbe21446ef4374ec2b8e3aff588088202z.jpg\" \/><\/div>\n<div><img decoding=\"async\" src=\"\/\/sc04.alicdn.com\/kf\/Hbabff50c70374a838c8e37339136b3cfi\/255148517\/Hbabff50c70374a838c8e37339136b3cfi.jpg\" data-src=\"\/\/sc04.alicdn.com\/kf\/Hbabff50c70374a838c8e37339136b3cfi\/255148517\/Hbabff50c70374a838c8e37339136b3cfi.jpg\" \/><\/div>\n<div><img decoding=\"async\" src=\"\/\/sc04.alicdn.com\/kf\/H703b92f9b0594bff9aa3d8acbaa8718ep\/255148517\/H703b92f9b0594bff9aa3d8acbaa8718ep.jpg\" data-src=\"\/\/sc04.alicdn.com\/kf\/H703b92f9b0594bff9aa3d8acbaa8718ep\/255148517\/H703b92f9b0594bff9aa3d8acbaa8718ep.jpg\" \/><\/div>\n<div><img decoding=\"async\" src=\"\/\/sc04.alicdn.com\/kf\/H6f8fc31559574b67ac153ffb9619273dS\/255148517\/H6f8fc31559574b67ac153ffb9619273dS.jpg\" data-src=\"\/\/sc04.alicdn.com\/kf\/H6f8fc31559574b67ac153ffb9619273dS\/255148517\/H6f8fc31559574b67ac153ffb9619273dS.jpg\" \/><\/div>\n<\/div>\n<\/div>\n<div><\/div>\n<div>\n<div>\n<div>\n<div>\n<div><\/div>\n<\/div>\n<\/div>\n<\/div>\n<\/div>\n<\/div>\n<\/div>","protected":false},"excerpt":{"rendered":"<p>Kangas: Polyesteri ulkoteltan vedenpit\u00e4vyysindeksi: 1000-1500 mm pohjan vedenpit\u00e4vyysindeksi: 1000-1500 mm Rakennustyyppi: Nopeasti avautuva teltta Tyyli: Putkityyppi Teltan panos Kausi: Nelj\u00e4n vuodenajan telttarakenne: Yksi makuuhuone: Yksi huone: Yksi makuuhuone Puhallettava leirint\u00e4teltta K\u00e4ytt\u00f6: Ulkoilmaviihde Tyyli: Moderni v\u00e4ri<\/p>\n<div class=\"read-more\"><a class=\"btn btn-fill-out\" href=\"https:\/\/uoogear.com\/fi\/tuote\/high-quality-customized-logo-outdoor-camp-family-air-camping-tent-large-inflatable-tent\/\">Lue lis\u00e4\u00e4<\/a><\/div>","protected":false},"featured_media":4497,"template":"","meta":[],"product_brand":[],"product_cat":[15],"product_tag":[],"class_list":{"0":"post-4498","1":"product","2":"type-product","3":"status-publish","4":"has-post-thumbnail","6":"product_cat-uncategorized","7":"tm-no-options","9":"first","10":"instock","11":"shipping-taxable","12":"purchasable","13":"product-type-variable"},"_links":{"self":[{"href":"https:\/\/uoogear.com\/fi\/wp-json\/wp\/v2\/product\/4498","targetHints":{"allow":["GET"]}}],"collection":[{"href":"https:\/\/uoogear.com\/fi\/wp-json\/wp\/v2\/product"}],"about":[{"href":"https:\/\/uoogear.com\/fi\/wp-json\/wp\/v2\/types\/product"}],"wp:featuredmedia":[{"embeddable":true,"href":"https:\/\/uoogear.com\/fi\/wp-json\/wp\/v2\/media\/4497"}],"wp:attachment":[{"href":"https:\/\/uoogear.com\/fi\/wp-json\/wp\/v2\/media?parent=4498"}],"wp:term":[{"taxonomy":"product_brand","embeddable":true,"href":"https:\/\/uoogear.com\/fi\/wp-json\/wp\/v2\/product_brand?post=4498"},{"taxonomy":"product_cat","embeddable":true,"href":"https:\/\/uoogear.com\/fi\/wp-json\/wp\/v2\/product_cat?post=4498"},{"taxonomy":"product_tag","embeddable":true,"href":"https:\/\/uoogear.com\/fi\/wp-json\/wp\/v2\/product_tag?post=4498"}],"curies":[{"name":"wp","href":"https:\/\/api.w.org\/{rel}","templated":true}]}}