{"id":4535,"date":"2023-11-14T02:03:07","date_gmt":"2023-11-14T02:03:07","guid":{"rendered":"https:\/\/uoogear.com\/product\/wholesale-double-door-portable-waterproof-air-tent-camping-outdoor-large-family-camping-tents\/"},"modified":"2023-11-30T02:39:44","modified_gmt":"2023-11-30T02:39:44","slug":"wholesale-double-door-portable-waterproof-air-tent-camping-outdoor-large-family-camping-tents","status":"publish","type":"product","link":"https:\/\/uoogear.com\/fi\/tuote\/wholesale-double-door-portable-waterproof-air-tent-camping-outdoor-large-family-camping-tents\/","title":{"rendered":"Tukkukaupan kaksiovinen kannettava vedenpit\u00e4v\u00e4 ilmateltta, ulkoilmateltta, suuren perheen leirint\u00e4teltat"},"content":{"rendered":"<ul>\n<li><strong>Kangas: <\/strong> PVC, 100% polyesteri<\/li>\n<li><strong>Ulkoteltan vedenpit\u00e4vyysindeksi: <\/strong> 1000-1500 mm, 1500-2000 mm<\/li>\n<li><strong>Alin vedenpit\u00e4vyysindeksi: <\/strong> 1000-1500 mm<\/li>\n<li><strong>Rakennustyyppi: <\/strong> Nopea automaattinen avaus<\/li>\n<li><strong>Teltan tyyli: <\/strong> Naamiointi\/kentt\u00e4peli<\/li>\n<li><strong>Kausi: <\/strong> Nelj\u00e4n vuodenajan teltta, kes\u00e4teltta, nelj\u00e4n vuodenajan teltta<\/li>\n<li><strong>Rakenne: <\/strong> Yksi makuuhuone<\/li>\n<li><strong>Tuotteen nimi : <\/strong> pop up teltat retkeily ulkona<\/li>\n<li><strong>Hakija: <\/strong> Ulkoilu<\/li>\n<li><strong>Logo: <\/strong> Hyv\u00e4ksy mukautettu logo<\/li>\n<li><strong>MOQ: <\/strong> 1 kpl<\/li>\n<li><strong>Materiaali: <\/strong> 100% polyesterikangas<\/li>\n<li><strong>Pakkaus: <\/strong> Vahva laatikko<\/li>\n<li><strong>Koko : <\/strong> Mukautettu koko<\/li>\n<li><strong>Avainsana : <\/strong> retkeily puhallettava teltta<\/li>\n<\/ul>\n<div>\n<div data-magic-global=\"%7B%22bizId%22%3A2212793521237%2C%22pageId%22%3A21201983243%2C%22siteId%22%3A10003212050%7D\">\n<div>\n<div data-section=\"AliMagic-mbbain\" data-section-title=\"Products Description\"><\/div>\n<\/div>\n<div>\n<div>\n<table>\n<tbody>\n<tr>\n<td>\n<div><span style=\"color: #000000; font-family: Arial;\"><span data-spm-anchor-id=\"a2700.custom-template.0.i133.65b03333DKbf22\"><strong>tuotteen nimi<\/strong><\/span><\/span><\/div>\n<\/td>\n<td>\n<div>Teltta<\/div>\n<\/td>\n<\/tr>\n<tr>\n<td>\n<div><span style=\"color: #000000; font-family: Arial;\"><strong>OEM MOQ<\/strong><\/span><\/div>\n<\/td>\n<td>\n<div><span style=\"font-family: Arial;\"><span data-spm-anchor-id=\"a2700.custom-template.0.i131.65b03333DKbf22\">Hyv\u00e4ksy mukautettu \/1 sarjan\u00e4yte<\/span><\/span><\/div>\n<\/td>\n<\/tr>\n<tr>\n<td>\n<div><span style=\"color: #000000; font-family: Arial;\"><strong>V\u00e4ri v\u00e4ri<\/strong><\/span><\/div>\n<\/td>\n<td>\n<div><span style=\"font-family: Arial;\"><span data-spm-anchor-id=\"a2700.custom-template.0.i132.65b03333DKbf22\">Kuten kuvassa, hyv\u00e4ksy r\u00e4\u00e4t\u00e4l\u00f6ity<\/span><\/span><\/div>\n<\/td>\n<\/tr>\n<tr>\n<td>\n<div><span style=\"color: #000000; font-family: Arial;\"><span data-spm-anchor-id=\"a2700.custom-template.0.i158.65b03333DKbf22\"><strong>Kapasiteetti<\/strong><\/span><\/span><\/div>\n<\/td>\n<td>\n<div><span style=\"font-family: Arial;\">2\/3\/4\/5\/6\/7\/8 henkil\u00f6\u00e4 (mukautettu kapasiteetti)<\/span><\/div>\n<\/td>\n<\/tr>\n<tr>\n<td>\n<div><strong>Koko<\/strong><\/div>\n<\/td>\n<td>\n<div>Voi valita valmiiden tuotteiden koon, hyv\u00e4ksy r\u00e4\u00e4t\u00e4l\u00f6ity koko<\/div>\n<\/td>\n<\/tr>\n<tr>\n<td>\n<div>\n<div><strong>Ominaisuus<\/strong><\/div>\n<\/div>\n<\/td>\n<td>\n<div><span style=\"font-family: Arial;\">UV- ja sateenkest\u00e4v\u00e4, hengitt\u00e4v\u00e4, est\u00e4\u00e4 loistavat, suuri tila, vakaa rakenne, hyv\u00e4 ilmanvaihto, laaja k\u00e4ytt\u00f6, pieni koko, helppo kuljettaa, asennus, helppo ponnahdusikkuna, automaattinen, mukava<\/span><\/div>\n<\/td>\n<\/tr>\n<\/tbody>\n<\/table>\n<\/div>\n<\/div>\n<div>\n<div data-section=\"AliMagic-paf127\" data-section-title=\"Details Images\">Yksityiskohdat Kuvat<\/div>\n<\/div>\n<div>\n<div>\n<div><img decoding=\"async\" src=\"\/\/sc04.alicdn.com\/kf\/Hd5c6334e6f81415d9fa15daae38b6c59D\/255148517\/Hd5c6334e6f81415d9fa15daae38b6c59D.jpg\" data-src=\"\/\/sc04.alicdn.com\/kf\/Hd5c6334e6f81415d9fa15daae38b6c59D\/255148517\/Hd5c6334e6f81415d9fa15daae38b6c59D.jpg\" \/><\/div>\n<div><img decoding=\"async\" src=\"\/\/sc04.alicdn.com\/kf\/H0d93849815d64a58844b919b5ba91fa0D\/255148517\/H0d93849815d64a58844b919b5ba91fa0D.jpg\" data-src=\"\/\/sc04.alicdn.com\/kf\/H0d93849815d64a58844b919b5ba91fa0D\/255148517\/H0d93849815d64a58844b919b5ba91fa0D.jpg\" \/><\/div>\n<div><img decoding=\"async\" src=\"\/\/sc04.alicdn.com\/kf\/Haad59990b4f34f76a9c982218abf33bee\/255148517\/Haad59990b4f34f76a9c982218abf33bee.jpg\" data-src=\"\/\/sc04.alicdn.com\/kf\/Haad59990b4f34f76a9c982218abf33bee\/255148517\/Haad59990b4f34f76a9c982218abf33bee.jpg\" \/><\/div>\n<div><img decoding=\"async\" src=\"\/\/sc04.alicdn.com\/kf\/H5fe04342932b4e4ea06d63267894a696I\/255148517\/H5fe04342932b4e4ea06d63267894a696I.jpg\" data-src=\"\/\/sc04.alicdn.com\/kf\/H5fe04342932b4e4ea06d63267894a696I\/255148517\/H5fe04342932b4e4ea06d63267894a696I.jpg\" \/><\/div>\n<div><img decoding=\"async\" src=\"\/\/sc04.alicdn.com\/kf\/H63fad25e7c4147e195846d49d2d24864e\/255148517\/H63fad25e7c4147e195846d49d2d24864e.jpg\" data-src=\"\/\/sc04.alicdn.com\/kf\/H63fad25e7c4147e195846d49d2d24864e\/255148517\/H63fad25e7c4147e195846d49d2d24864e.jpg\" \/><\/div>\n<\/div>\n<\/div>\n<div>\n<div>\n<div>\n<div>\n<div>\n<div><img decoding=\"async\" src=\"\/\/sc04.alicdn.com\/kf\/He9c856cc41994feb9bbd9f3d9db22c3fs\/255148517\/He9c856cc41994feb9bbd9f3d9db22c3fs.jpg\" data-src=\"\/\/sc04.alicdn.com\/kf\/He9c856cc41994feb9bbd9f3d9db22c3fs\/255148517\/He9c856cc41994feb9bbd9f3d9db22c3fs.jpg\" \/><\/div>\n<\/div>\n<\/div>\n<\/div>\n<\/div>\n<\/div>\n<div>\n<div>\n<div>\n<div>\n<div>\n<div><\/div>\n<\/div>\n<\/div>\n<\/div>\n<\/div>\n<\/div>\n<\/div>\n<\/div>","protected":false},"excerpt":{"rendered":"<p>Kangas: PVC, 100% polyesteri, ulkoteltan vedenpit\u00e4vyysindeksi: 1000-1500 mm, 1500-2000 mm pohjan vedenpit\u00e4vyysindeksi: 1000-1500 mm Rakennustyyppi: Nopeasti avautuva teltta Tyyli: Camouflage-tenseasont ,Nelj\u00e4n vuodenajan teltta Rakenne : Yksi makuuhuone Tuotenimi : pop up -teltat retkeily ulkona Hakija : Ulkoilu Logo<\/p>\n<div class=\"read-more\"><a class=\"btn btn-fill-out\" href=\"https:\/\/uoogear.com\/fi\/tuote\/wholesale-double-door-portable-waterproof-air-tent-camping-outdoor-large-family-camping-tents\/\">Lue lis\u00e4\u00e4<\/a><\/div>","protected":false},"featured_media":4534,"template":"","meta":[],"product_brand":[],"product_cat":[15],"product_tag":[],"class_list":{"0":"post-4535","1":"product","2":"type-product","3":"status-publish","4":"has-post-thumbnail","6":"product_cat-uncategorized","7":"tm-no-options","9":"first","10":"instock","11":"shipping-taxable","12":"purchasable","13":"product-type-variable"},"_links":{"self":[{"href":"https:\/\/uoogear.com\/fi\/wp-json\/wp\/v2\/product\/4535","targetHints":{"allow":["GET"]}}],"collection":[{"href":"https:\/\/uoogear.com\/fi\/wp-json\/wp\/v2\/product"}],"about":[{"href":"https:\/\/uoogear.com\/fi\/wp-json\/wp\/v2\/types\/product"}],"wp:featuredmedia":[{"embeddable":true,"href":"https:\/\/uoogear.com\/fi\/wp-json\/wp\/v2\/media\/4534"}],"wp:attachment":[{"href":"https:\/\/uoogear.com\/fi\/wp-json\/wp\/v2\/media?parent=4535"}],"wp:term":[{"taxonomy":"product_brand","embeddable":true,"href":"https:\/\/uoogear.com\/fi\/wp-json\/wp\/v2\/product_brand?post=4535"},{"taxonomy":"product_cat","embeddable":true,"href":"https:\/\/uoogear.com\/fi\/wp-json\/wp\/v2\/product_cat?post=4535"},{"taxonomy":"product_tag","embeddable":true,"href":"https:\/\/uoogear.com\/fi\/wp-json\/wp\/v2\/product_tag?post=4535"}],"curies":[{"name":"wp","href":"https:\/\/api.w.org\/{rel}","templated":true}]}}