{"id":4544,"date":"2023-11-14T02:04:30","date_gmt":"2023-11-14T02:04:30","guid":{"rendered":"https:\/\/uoogear.com\/product\/oem-inflatable-house-tent-camping-oxford-fabric-inflatable-camping-tent\/"},"modified":"2023-11-30T02:51:31","modified_gmt":"2023-11-30T02:51:31","slug":"oem-inflatable-house-tent-camping-oxford-fabric-inflatable-camping-tent","status":"publish","type":"product","link":"https:\/\/uoogear.com\/fi\/tuote\/oem-inflatable-house-tent-camping-oxford-fabric-inflatable-camping-tent\/","title":{"rendered":"OEM-puhallettava taloteltta Camping Oxford Fabric puhallettava leirint\u00e4teltta"},"content":{"rendered":"<ul>\n<li><strong>Kangas: <\/strong> Oxford<\/li>\n<li><strong>Ulkoteltan vedenpit\u00e4vyysindeksi: <\/strong> &gt; 3000 mm<\/li>\n<li><strong>Alin vedenpit\u00e4vyysindeksi: <\/strong> &gt; 3000 mm<\/li>\n<li><strong>Teltan tyyli: <\/strong> Putkityyppi Teltan panos<\/li>\n<li><strong>Kausi: <\/strong> Nelj\u00e4n vuodenajan teltta<\/li>\n<li><strong>Rakenne: <\/strong> Yksi makuuhuone ja yksi olohuone<\/li>\n<li><strong>Avainsana : <\/strong> Puhallettava leirint\u00e4teltta<\/li>\n<li><strong>MOQ: <\/strong> 1 sarja<\/li>\n<li><strong>V\u00e4ri: <\/strong> Valkoinen (muokattava v\u00e4ri)<\/li>\n<li><strong>Lis\u00e4tarvikkeet : <\/strong> k\u00e4sipumppu, tapit, tuulik\u00f6ydet<\/li>\n<li><strong>Logo: <\/strong> r\u00e4\u00e4t\u00e4l\u00f6ityj\u00e4<\/li>\n<li><strong>Koko : <\/strong> 300x210x200cm<\/li>\n<li><strong>Materiaali: <\/strong> 210G polyesteri puuvilla+pvc<\/li>\n<li><strong>OEM\/ODM: <\/strong> Hyv\u00e4ksytt\u00e4v\u00e4 mukautettu<\/li>\n<li><strong>Kapasiteetti: <\/strong> 3-5 henkil\u00f6\u00e4<\/li>\n<li><strong>Tuotteen nimi : <\/strong> Puhallettava teltta<\/li>\n<\/ul>\n<div>\n<div data-magic-global=\"%7B%22bizId%22%3A2212793521237%2C%22pageId%22%3A21230934555%2C%22siteId%22%3A10003212050%7D\">\n<div>\n<div>\n<div>\n<div>\n<div>\n<div>\n<div><\/div>\n<\/div>\n<\/div>\n<\/div>\n<\/div>\n<\/div>\n<\/div>\n<div>\n<div data-section=\"AliMagic-x960x9\" data-section-title=\"Products Description\">Tuotteen kuvaus<\/div>\n<\/div>\n<div>\n<div>\n<div><img decoding=\"async\" src=\"\/\/sc04.alicdn.com\/kf\/H43725afd3bec4530b9a0eefa40fd24c1h\/255148517\/H43725afd3bec4530b9a0eefa40fd24c1h.jpg\" data-src=\"\/\/sc04.alicdn.com\/kf\/H43725afd3bec4530b9a0eefa40fd24c1h\/255148517\/H43725afd3bec4530b9a0eefa40fd24c1h.jpg\" \/><\/div>\n<div><img decoding=\"async\" src=\"\/\/sc04.alicdn.com\/kf\/H0a8bb24f51674da1b39a98e1b20f54d4U\/255148517\/H0a8bb24f51674da1b39a98e1b20f54d4U.png\" data-src=\"\/\/sc04.alicdn.com\/kf\/H0a8bb24f51674da1b39a98e1b20f54d4U\/255148517\/H0a8bb24f51674da1b39a98e1b20f54d4U.png\" \/><\/div>\n<div><img decoding=\"async\" src=\"\/\/sc04.alicdn.com\/kf\/H0d93849815d64a58844b919b5ba91fa0D\/255148517\/H0d93849815d64a58844b919b5ba91fa0D.jpg\" data-src=\"\/\/sc04.alicdn.com\/kf\/H0d93849815d64a58844b919b5ba91fa0D\/255148517\/H0d93849815d64a58844b919b5ba91fa0D.jpg\" \/><\/div>\n<div><img decoding=\"async\" src=\"\/\/sc04.alicdn.com\/kf\/H6483226daf0141e9a1df7a4c0b1eb5262\/255148517\/H6483226daf0141e9a1df7a4c0b1eb5262.jpg\" data-src=\"\/\/sc04.alicdn.com\/kf\/H6483226daf0141e9a1df7a4c0b1eb5262\/255148517\/H6483226daf0141e9a1df7a4c0b1eb5262.jpg\" \/><\/div>\n<\/div>\n<\/div>\n<div><\/div>\n<div>\n<div>\n<div>\n<div>\n<div><\/div>\n<\/div>\n<\/div>\n<\/div>\n<\/div>\n<\/div>\n<\/div>","protected":false},"excerpt":{"rendered":"<p>Kangas : Oxford Outside Tent Vedenpit\u00e4v\u00e4 indeksi : &gt;3000 mm Pohja Vedenpit\u00e4v\u00e4 Indeksi : &gt;3000 mm Teltan tyyli : Putkityyppi Teltta Kausi : Nelj\u00e4n vuodenajan telttarakenne : Yksi makuuhuone ja yksi olohuone Avainsana : Puhallettava leirint\u00e4teltta MOQ : 1 sarja Valkoinen (muokattava v\u00e4ri) Tarvikkeet: k\u00e4sipumppu, tapit, tuulik\u00f6ydet Logo<\/p>\n<div class=\"read-more\"><a class=\"btn btn-fill-out\" href=\"https:\/\/uoogear.com\/fi\/tuote\/oem-inflatable-house-tent-camping-oxford-fabric-inflatable-camping-tent\/\">Lue lis\u00e4\u00e4<\/a><\/div>","protected":false},"featured_media":4543,"template":"","meta":[],"product_brand":[],"product_cat":[15],"product_tag":[],"class_list":{"0":"post-4544","1":"product","2":"type-product","3":"status-publish","4":"has-post-thumbnail","6":"product_cat-uncategorized","7":"tm-no-options","9":"first","10":"instock","11":"shipping-taxable","12":"purchasable","13":"product-type-variable"},"_links":{"self":[{"href":"https:\/\/uoogear.com\/fi\/wp-json\/wp\/v2\/product\/4544","targetHints":{"allow":["GET"]}}],"collection":[{"href":"https:\/\/uoogear.com\/fi\/wp-json\/wp\/v2\/product"}],"about":[{"href":"https:\/\/uoogear.com\/fi\/wp-json\/wp\/v2\/types\/product"}],"wp:featuredmedia":[{"embeddable":true,"href":"https:\/\/uoogear.com\/fi\/wp-json\/wp\/v2\/media\/4543"}],"wp:attachment":[{"href":"https:\/\/uoogear.com\/fi\/wp-json\/wp\/v2\/media?parent=4544"}],"wp:term":[{"taxonomy":"product_brand","embeddable":true,"href":"https:\/\/uoogear.com\/fi\/wp-json\/wp\/v2\/product_brand?post=4544"},{"taxonomy":"product_cat","embeddable":true,"href":"https:\/\/uoogear.com\/fi\/wp-json\/wp\/v2\/product_cat?post=4544"},{"taxonomy":"product_tag","embeddable":true,"href":"https:\/\/uoogear.com\/fi\/wp-json\/wp\/v2\/product_tag?post=4544"}],"curies":[{"name":"wp","href":"https:\/\/api.w.org\/{rel}","templated":true}]}}