{"id":4561,"date":"2023-11-14T02:06:24","date_gmt":"2023-11-14T02:06:24","guid":{"rendered":"https:\/\/uoogear.com\/product\/outdoor-inflatable-tent-camping-equipment-camping-air-tent\/"},"modified":"2023-11-30T02:40:06","modified_gmt":"2023-11-30T02:40:06","slug":"outdoor-inflatable-tent-camping-equipment-camping-air-tent","status":"publish","type":"product","link":"https:\/\/uoogear.com\/fi\/tuote\/outdoor-inflatable-tent-camping-equipment-camping-air-tent\/","title":{"rendered":"ulkoilma Puhallettava teltta retkeilyvarusteet retkeilyilmateltta"},"content":{"rendered":"<ul>\n<li><strong>Kangas: <\/strong> oxford kangasta<\/li>\n<li><strong>Ulkoteltan vedenpit\u00e4vyysindeksi: <\/strong> &gt; 3000 mm<\/li>\n<li><strong>Alin vedenpit\u00e4vyysindeksi: <\/strong> &gt; 3000 mm<\/li>\n<li><strong>Rakennustyyppi: <\/strong> Nopea automaattinen avaus<\/li>\n<li><strong>Teltan tyyli: <\/strong> Putkityyppi Teltan panos<\/li>\n<li><strong>Kausi: <\/strong> Nelj\u00e4n vuodenajan teltta<\/li>\n<li><strong>Rakenne: <\/strong> Yksi makuuhuone ja yksi olohuone<\/li>\n<li><strong>Tuotteen nimi : <\/strong> CaInflatable Camping Teltta<\/li>\n<li><strong>K\u00e4ytt\u00f6: <\/strong> Ulkoreitin varusteet<\/li>\n<li><strong>Tyyli: <\/strong> Moderni<\/li>\n<li><strong>Sovellus: <\/strong> Outdoor Travel Camping<\/li>\n<li><strong>MOQ: <\/strong> 1 kpl<\/li>\n<li><strong>Materiaali: <\/strong> oxford kangasta<\/li>\n<li><strong>Lis\u00e4tarvikkeet : <\/strong> Pumppu + kantolaukku + paalut + k\u00f6ydet<\/li>\n<li><strong>Ominaisuus: <\/strong> Vedenkest\u00e4v\u00e4<\/li>\n<li><strong>Logo: <\/strong> R\u00e4\u00e4t\u00e4l\u00f6ity logo Hyv\u00e4ksy<\/li>\n<li><strong>Toiminto: <\/strong> Leirint\u00e4alue ulkona<\/li>\n<\/ul>\n<div>\n<div data-magic-global=\"%7B%22bizId%22%3A2212793521237%2C%22pageId%22%3A21225850461%2C%22siteId%22%3A10003212050%7D\">\n<div>\n<div data-section=\"AliMagic-4f64uj\" data-section-title=\"Products Description\">Tuotteen kuvaus<\/div>\n<\/div>\n<div>\n<div>\n<div><img decoding=\"async\" src=\"\/\/sc04.alicdn.com\/kf\/H799077670435478eb23f08d788014965z\/255148517\/H799077670435478eb23f08d788014965z.jpg\" data-src=\"\/\/sc04.alicdn.com\/kf\/H799077670435478eb23f08d788014965z\/255148517\/H799077670435478eb23f08d788014965z.jpg\" \/><\/div>\n<div><img decoding=\"async\" src=\"\/\/sc04.alicdn.com\/kf\/Hf09abb52a59a4729a58a29670b79b7b2z\/255148517\/Hf09abb52a59a4729a58a29670b79b7b2z.jpg\" data-src=\"\/\/sc04.alicdn.com\/kf\/Hf09abb52a59a4729a58a29670b79b7b2z\/255148517\/Hf09abb52a59a4729a58a29670b79b7b2z.jpg\" \/><\/div>\n<div><img decoding=\"async\" src=\"\/\/sc04.alicdn.com\/kf\/H97bc948f25a740e8a403b5d2fe80eb18J\/255148517\/H97bc948f25a740e8a403b5d2fe80eb18J.jpg\" data-src=\"\/\/sc04.alicdn.com\/kf\/H97bc948f25a740e8a403b5d2fe80eb18J\/255148517\/H97bc948f25a740e8a403b5d2fe80eb18J.jpg\" \/><\/div>\n<div><img decoding=\"async\" src=\"\/\/sc04.alicdn.com\/kf\/He88ac01cf47d4383be067b2606d84194W\/255148517\/He88ac01cf47d4383be067b2606d84194W.jpg\" data-src=\"\/\/sc04.alicdn.com\/kf\/He88ac01cf47d4383be067b2606d84194W\/255148517\/He88ac01cf47d4383be067b2606d84194W.jpg\" \/><\/div>\n<div><img decoding=\"async\" src=\"\/\/sc04.alicdn.com\/kf\/H85716bcaadfc4f5d80ca9913eacb115aF\/255148517\/H85716bcaadfc4f5d80ca9913eacb115aF.jpg\" data-src=\"\/\/sc04.alicdn.com\/kf\/H85716bcaadfc4f5d80ca9913eacb115aF\/255148517\/H85716bcaadfc4f5d80ca9913eacb115aF.jpg\" \/><\/div>\n<div><img decoding=\"async\" src=\"\/\/sc04.alicdn.com\/kf\/H704d73aedddf4986bd70e2a8010af0c0A\/255148517\/H704d73aedddf4986bd70e2a8010af0c0A.jpg\" data-src=\"\/\/sc04.alicdn.com\/kf\/H704d73aedddf4986bd70e2a8010af0c0A\/255148517\/H704d73aedddf4986bd70e2a8010af0c0A.jpg\" \/><\/div>\n<div><img decoding=\"async\" src=\"\/\/sc04.alicdn.com\/kf\/Hc89fb65da1a6420287f697c1d4ceb922c\/255148517\/Hc89fb65da1a6420287f697c1d4ceb922c.jpg\" data-src=\"\/\/sc04.alicdn.com\/kf\/Hc89fb65da1a6420287f697c1d4ceb922c\/255148517\/Hc89fb65da1a6420287f697c1d4ceb922c.jpg\" \/><\/div>\n<div><img decoding=\"async\" src=\"\/\/sc04.alicdn.com\/kf\/Hc71f68609660482b8a2f873d0a9526afD\/255148517\/Hc71f68609660482b8a2f873d0a9526afD.jpg\" data-src=\"\/\/sc04.alicdn.com\/kf\/Hc71f68609660482b8a2f873d0a9526afD\/255148517\/Hc71f68609660482b8a2f873d0a9526afD.jpg\" \/><\/div>\n<div><img decoding=\"async\" src=\"\/\/sc04.alicdn.com\/kf\/H718f349d8a454bc3b124eaa88ab3a365F\/255148517\/H718f349d8a454bc3b124eaa88ab3a365F.jpg\" data-src=\"\/\/sc04.alicdn.com\/kf\/H718f349d8a454bc3b124eaa88ab3a365F\/255148517\/H718f349d8a454bc3b124eaa88ab3a365F.jpg\" \/><\/div>\n<\/div>\n<\/div>\n<div><\/div>\n<div>\n<div>\n<div>\n<div>\n<div><\/div>\n<\/div>\n<\/div>\n<\/div>\n<\/div>\n<\/div>\n<\/div>","protected":false},"excerpt":{"rendered":"<p>Kangas: oxford-kangas Ulkoteltan vedenpit\u00e4v\u00e4 indeksi: &gt;3000 mm pohjavesitiivis indeksi: &gt;3000 mm Rakennustyyppi: Nopeasti avautuva teltta Tyyli: Putkityyppi Teltan panos Kausi: Nelj\u00e4n vuodenajan telttarakenne: Yksi makuuhuone ja yksi olohuone Tuotenimi: CaInflatable Leirint\u00e4teltan k\u00e4ytt\u00f6: Ulkotelttavarusteet Tyyli:<\/p>\n<div class=\"read-more\"><a class=\"btn btn-fill-out\" href=\"https:\/\/uoogear.com\/fi\/tuote\/outdoor-inflatable-tent-camping-equipment-camping-air-tent\/\">Lue lis\u00e4\u00e4<\/a><\/div>","protected":false},"featured_media":4559,"template":"","meta":[],"product_brand":[],"product_cat":[15],"product_tag":[],"class_list":{"0":"post-4561","1":"product","2":"type-product","3":"status-publish","4":"has-post-thumbnail","6":"product_cat-uncategorized","7":"tm-no-options","9":"first","10":"instock","11":"shipping-taxable","12":"purchasable","13":"product-type-variable"},"_links":{"self":[{"href":"https:\/\/uoogear.com\/fi\/wp-json\/wp\/v2\/product\/4561","targetHints":{"allow":["GET"]}}],"collection":[{"href":"https:\/\/uoogear.com\/fi\/wp-json\/wp\/v2\/product"}],"about":[{"href":"https:\/\/uoogear.com\/fi\/wp-json\/wp\/v2\/types\/product"}],"wp:featuredmedia":[{"embeddable":true,"href":"https:\/\/uoogear.com\/fi\/wp-json\/wp\/v2\/media\/4559"}],"wp:attachment":[{"href":"https:\/\/uoogear.com\/fi\/wp-json\/wp\/v2\/media?parent=4561"}],"wp:term":[{"taxonomy":"product_brand","embeddable":true,"href":"https:\/\/uoogear.com\/fi\/wp-json\/wp\/v2\/product_brand?post=4561"},{"taxonomy":"product_cat","embeddable":true,"href":"https:\/\/uoogear.com\/fi\/wp-json\/wp\/v2\/product_cat?post=4561"},{"taxonomy":"product_tag","embeddable":true,"href":"https:\/\/uoogear.com\/fi\/wp-json\/wp\/v2\/product_tag?post=4561"}],"curies":[{"name":"wp","href":"https:\/\/api.w.org\/{rel}","templated":true}]}}