{"id":4570,"date":"2023-11-14T02:07:03","date_gmt":"2023-11-14T02:07:03","guid":{"rendered":"https:\/\/uoogear.com\/product\/middle-east-arab-inflatable-camping-tent-outdoor-waterproof-air-pole-tent-inflatable-tent\/"},"modified":"2023-11-30T02:40:16","modified_gmt":"2023-11-30T02:40:16","slug":"middle-east-arab-inflatable-camping-tent-outdoor-waterproof-air-pole-tent-inflatable-tent","status":"publish","type":"product","link":"https:\/\/uoogear.com\/fi\/tuote\/middle-east-arab-inflatable-camping-tent-outdoor-waterproof-air-pole-tent-inflatable-tent\/","title":{"rendered":"L\u00e4hi-id\u00e4n arabien puhallettava retkeilyteltta ulkona Vedenpit\u00e4v\u00e4 ilmapylv\u00e4s teltta puhallettava teltta"},"content":{"rendered":"<ul>\n<li><strong>Alue: <\/strong> 3\u33a1-36m\u00b2<\/li>\n<li><strong>Kangas: <\/strong> Polyesteri<\/li>\n<li><strong>Ulkoteltan vedenpit\u00e4vyysindeksi: <\/strong> &gt; 3000 mm<\/li>\n<li><strong>Alin vedenpit\u00e4vyysindeksi: <\/strong> &gt; 3000 mm<\/li>\n<li><strong>Teltan tyyli: <\/strong> Laajennettu tyyppi<\/li>\n<li><strong>Kausi: <\/strong> Nelj\u00e4n vuodenajan teltta<\/li>\n<li><strong>Rakenne: <\/strong> Yksi makuuhuone ja yksi olohuone<\/li>\n<li><strong>Avainsana : <\/strong> Puhallettava leirint\u00e4teltta<\/li>\n<li><strong>MOQ: <\/strong> 1 sarja<\/li>\n<li><strong>Lis\u00e4tarvikkeet : <\/strong> k\u00e4sipumppu, tapit, tuulik\u00f6ydet<\/li>\n<li><strong>Logo: <\/strong> r\u00e4\u00e4t\u00e4l\u00f6ityj\u00e4<\/li>\n<li><strong>Koko : <\/strong> 3\u33a1-36m\u00b2<\/li>\n<li><strong>Materiaali: <\/strong> polyesteri puuvilla + pvc<\/li>\n<li><strong>OEM\/ODM: <\/strong> Hyv\u00e4ksytt\u00e4v\u00e4 mukautettu<\/li>\n<li><strong>Kapasiteetti: <\/strong> 8+ henkil\u00f6\u00e4<\/li>\n<li><strong>Tuotteen nimi : <\/strong> Puhallettava leirint\u00e4teltta<\/li>\n<li><strong>Toiminto: <\/strong> Auringon sadesuoja<\/li>\n<\/ul>\n<div>\n<div data-magic-global=\"%7B%22bizId%22%3A2212793521237%2C%22pageId%22%3A21264717523%2C%22siteId%22%3A10003212050%7D\">\n<div>\n<div data-section=\"AliMagic-ieuaxk\" data-section-title=\"Products Description\">Tuotteen kuvaus<\/div>\n<\/div>\n<div>\n<div>\n<div><img decoding=\"async\" src=\"\/\/sc04.alicdn.com\/kf\/He4c3298ed6eb4e39bb6b5339319bad064\/255148517\/He4c3298ed6eb4e39bb6b5339319bad064.jpg\" data-src=\"\/\/sc04.alicdn.com\/kf\/He4c3298ed6eb4e39bb6b5339319bad064\/255148517\/He4c3298ed6eb4e39bb6b5339319bad064.jpg\" \/><\/div>\n<div><img decoding=\"async\" src=\"\/\/sc04.alicdn.com\/kf\/Hb9f73be253b34358b75bcfd954e38b10I\/255148517\/Hb9f73be253b34358b75bcfd954e38b10I.jpg\" data-src=\"\/\/sc04.alicdn.com\/kf\/Hb9f73be253b34358b75bcfd954e38b10I\/255148517\/Hb9f73be253b34358b75bcfd954e38b10I.jpg\" \/><\/div>\n<div><img decoding=\"async\" src=\"\/\/sc04.alicdn.com\/kf\/H2468e5ce4cd24427bdc3e866d21d03088\/255148517\/H2468e5ce4cd24427bdc3e866d21d03088.jpg\" data-src=\"\/\/sc04.alicdn.com\/kf\/H2468e5ce4cd24427bdc3e866d21d03088\/255148517\/H2468e5ce4cd24427bdc3e866d21d03088.jpg\" \/><\/div>\n<div><img decoding=\"async\" src=\"\/\/sc04.alicdn.com\/kf\/Haa267fa913844c3fa1eed088e7d3f307T\/255148517\/Haa267fa913844c3fa1eed088e7d3f307T.jpg\" data-src=\"\/\/sc04.alicdn.com\/kf\/Haa267fa913844c3fa1eed088e7d3f307T\/255148517\/Haa267fa913844c3fa1eed088e7d3f307T.jpg\" \/><\/div>\n<div><img decoding=\"async\" src=\"\/\/sc04.alicdn.com\/kf\/H32545585c7004bd6808990c88d472837F\/255148517\/H32545585c7004bd6808990c88d472837F.jpg\" data-src=\"\/\/sc04.alicdn.com\/kf\/H32545585c7004bd6808990c88d472837F\/255148517\/H32545585c7004bd6808990c88d472837F.jpg\" \/><\/div>\n<div><img decoding=\"async\" src=\"\/\/sc04.alicdn.com\/kf\/H16381039228b46eeaf9c0add0cd75658v\/255148517\/H16381039228b46eeaf9c0add0cd75658v.jpg\" data-src=\"\/\/sc04.alicdn.com\/kf\/H16381039228b46eeaf9c0add0cd75658v\/255148517\/H16381039228b46eeaf9c0add0cd75658v.jpg\" \/><\/div>\n<\/div>\n<\/div>\n<div><\/div>\n<div>\n<div>\n<div>\n<div>\n<div><\/div>\n<\/div>\n<\/div>\n<\/div>\n<\/div>\n<\/div>\n<\/div>","protected":false},"excerpt":{"rendered":"<p>Pinta-ala: 3\u33a1-36m\u00b2 Kangas: Polyesteri Ulkoteltan vedenpit\u00e4v\u00e4 indeksi: &gt;3000 mm Vedenpit\u00e4v\u00e4 pohja: &gt;3000 mm Teltan tyyli: Laajennettu tyyppi Kausi: Nelj\u00e4n vuodenajan telttarakenne: Yksi makuuhuone ja yksi olohuone Avainsana: Teltta Teltta: Teltta 1 sarja lis\u00e4varusteita: k\u00e4sipumppu, tapit, tuulik\u00f6ydet Logo: r\u00e4\u00e4t\u00e4l\u00f6ity koko:<\/p>\n<div class=\"read-more\"><a class=\"btn btn-fill-out\" href=\"https:\/\/uoogear.com\/fi\/tuote\/middle-east-arab-inflatable-camping-tent-outdoor-waterproof-air-pole-tent-inflatable-tent\/\">Lue lis\u00e4\u00e4<\/a><\/div>","protected":false},"featured_media":4569,"template":"","meta":[],"product_brand":[],"product_cat":[15],"product_tag":[],"class_list":{"0":"post-4570","1":"product","2":"type-product","3":"status-publish","4":"has-post-thumbnail","6":"product_cat-uncategorized","7":"tm-no-options","9":"first","10":"instock","11":"shipping-taxable","12":"purchasable","13":"product-type-variable"},"_links":{"self":[{"href":"https:\/\/uoogear.com\/fi\/wp-json\/wp\/v2\/product\/4570","targetHints":{"allow":["GET"]}}],"collection":[{"href":"https:\/\/uoogear.com\/fi\/wp-json\/wp\/v2\/product"}],"about":[{"href":"https:\/\/uoogear.com\/fi\/wp-json\/wp\/v2\/types\/product"}],"wp:featuredmedia":[{"embeddable":true,"href":"https:\/\/uoogear.com\/fi\/wp-json\/wp\/v2\/media\/4569"}],"wp:attachment":[{"href":"https:\/\/uoogear.com\/fi\/wp-json\/wp\/v2\/media?parent=4570"}],"wp:term":[{"taxonomy":"product_brand","embeddable":true,"href":"https:\/\/uoogear.com\/fi\/wp-json\/wp\/v2\/product_brand?post=4570"},{"taxonomy":"product_cat","embeddable":true,"href":"https:\/\/uoogear.com\/fi\/wp-json\/wp\/v2\/product_cat?post=4570"},{"taxonomy":"product_tag","embeddable":true,"href":"https:\/\/uoogear.com\/fi\/wp-json\/wp\/v2\/product_tag?post=4570"}],"curies":[{"name":"wp","href":"https:\/\/api.w.org\/{rel}","templated":true}]}}