{"id":4632,"date":"2023-11-14T02:11:06","date_gmt":"2023-11-14T02:11:06","guid":{"rendered":"https:\/\/uoogear.com\/product\/family-tent-inflatable-camping-8-12-person-inflatable-tent-outdoor-camping\/"},"modified":"2023-11-30T02:27:55","modified_gmt":"2023-11-30T02:27:55","slug":"family-tent-inflatable-camping-8-12-person-inflatable-tent-outdoor-camping","status":"publish","type":"product","link":"https:\/\/uoogear.com\/fi\/tuote\/family-tent-inflatable-camping-8-12-person-inflatable-tent-outdoor-camping\/","title":{"rendered":"Perheteltta puhallettava camping 8-12 hengen puhallettava teltta ulkoteltta"},"content":{"rendered":"<ul>\n<li><strong>Kangas: <\/strong> Oxford + PVC-putki<\/li>\n<li><strong>Ulkoteltan vedenpit\u00e4vyysindeksi: <\/strong> &gt; 3000 mm<\/li>\n<li><strong>Alin vedenpit\u00e4vyysindeksi: <\/strong> &gt; 3000 mm<\/li>\n<li><strong>Rakennustyyppi: <\/strong> Rakentaminen tarpeen mukaan<\/li>\n<li><strong>Teltan tyyli: <\/strong> Putkityyppi Teltan panos<\/li>\n<li><strong>Kausi: <\/strong> Nelj\u00e4n vuodenajan teltta<\/li>\n<li><strong>Rakenne: <\/strong> Kaksi makuuhuonetta ja yksi olohuone<\/li>\n<li><strong>Tuotteen nimi : <\/strong> ilma teltta puhallettava retkeily ulkona<\/li>\n<li><strong>K\u00e4ytt\u00f6: <\/strong> Outdoor Entertainment<\/li>\n<li><strong>Sovellus: <\/strong> Outdoor Travel Camping<\/li>\n<li><strong>MOQ: <\/strong> 1 kpl<\/li>\n<li><strong>Materiaali: <\/strong> Oxford + PVC-putki<\/li>\n<li><strong>Lis\u00e4tarvikkeet : <\/strong> Pumppu + kantolaukku + paalut + k\u00f6ydet<\/li>\n<li><strong>Ominaisuus: <\/strong> Vedenkest\u00e4v\u00e4<\/li>\n<li><strong>Logo: <\/strong> R\u00e4\u00e4t\u00e4l\u00f6ity logo Hyv\u00e4ksy<\/li>\n<li><strong>napa: <\/strong> Ilmatanko<\/li>\n<li><strong>Koko : <\/strong> 12 neli\u00f6metri\u00e4<\/li>\n<\/ul>\n<div>\n<div data-magic-global=\"%7B%22bizId%22%3A2212793521237%2C%22pageId%22%3A21251627521%2C%22siteId%22%3A10003212050%7D\">\n<div>\n<div data-section=\"AliMagic-z1j9c4\" data-section-title=\"Products Description\">Tuotteen kuvaus<\/div>\n<\/div>\n<div>\n<div>\n<div><img decoding=\"async\" src=\"\/\/sc04.alicdn.com\/kf\/H9f93652591c8433bb72ee261d108b931h\/255148517\/H9f93652591c8433bb72ee261d108b931h.jpg\" data-src=\"\/\/sc04.alicdn.com\/kf\/H9f93652591c8433bb72ee261d108b931h\/255148517\/H9f93652591c8433bb72ee261d108b931h.jpg\" \/><\/div>\n<div><img decoding=\"async\" src=\"\/\/sc04.alicdn.com\/kf\/Hb755bbe945624176b347171e3ff87d7a0\/255148517\/Hb755bbe945624176b347171e3ff87d7a0.jpg\" data-src=\"\/\/sc04.alicdn.com\/kf\/Hb755bbe945624176b347171e3ff87d7a0\/255148517\/Hb755bbe945624176b347171e3ff87d7a0.jpg\" \/><\/div>\n<div><img decoding=\"async\" src=\"\/\/sc04.alicdn.com\/kf\/Hecfeb93c2d794f24b85275b4ab6a63805\/255148517\/Hecfeb93c2d794f24b85275b4ab6a63805.jpg\" data-src=\"\/\/sc04.alicdn.com\/kf\/Hecfeb93c2d794f24b85275b4ab6a63805\/255148517\/Hecfeb93c2d794f24b85275b4ab6a63805.jpg\" \/><\/div>\n<div><img decoding=\"async\" src=\"\/\/sc04.alicdn.com\/kf\/Hcbf44cef5c70412a9c22cbfbfbae4865P\/255148517\/Hcbf44cef5c70412a9c22cbfbfbae4865P.jpg\" data-src=\"\/\/sc04.alicdn.com\/kf\/Hcbf44cef5c70412a9c22cbfbfbae4865P\/255148517\/Hcbf44cef5c70412a9c22cbfbfbae4865P.jpg\" \/><\/div>\n<div><img decoding=\"async\" src=\"\/\/sc04.alicdn.com\/kf\/H3c248d01d6d544da89db2bbf223dd6f9W\/255148517\/H3c248d01d6d544da89db2bbf223dd6f9W.jpg\" data-src=\"\/\/sc04.alicdn.com\/kf\/H3c248d01d6d544da89db2bbf223dd6f9W\/255148517\/H3c248d01d6d544da89db2bbf223dd6f9W.jpg\" \/><\/div>\n<div><img decoding=\"async\" src=\"\/\/sc04.alicdn.com\/kf\/H33fe840adc304d7fb5758db1a09527628\/255148517\/H33fe840adc304d7fb5758db1a09527628.jpg\" data-src=\"\/\/sc04.alicdn.com\/kf\/H33fe840adc304d7fb5758db1a09527628\/255148517\/H33fe840adc304d7fb5758db1a09527628.jpg\" \/><\/div>\n<\/div>\n<\/div>\n<div><\/div>\n<div>\n<div>\n<div>\n<div>\n<div><\/div>\n<\/div>\n<\/div>\n<\/div>\n<\/div>\n<\/div>\n<\/div>","protected":false},"excerpt":{"rendered":"<p>Kangas: Oxford + PVC-putki ulkoteltan vedenpit\u00e4vyysindeksi: &gt;3000 mm pohjan vedenpit\u00e4v\u00e4 indeksi: &gt;3000 mm Rakennustyyppi: Rakennustarpeen mukaan Teltan tyyli: Putkityyppi Teltan panos Kausi: Nelj\u00e4n vuodenajan telttarakenne: Kaksi makuuhuonetta ja yksi olohuone tuote nimi : ilmateltta puhallettava retkeily ulkona K\u00e4ytt\u00f6 : Ulkona<\/p>\n<div class=\"read-more\"><a class=\"btn btn-fill-out\" href=\"https:\/\/uoogear.com\/fi\/tuote\/family-tent-inflatable-camping-8-12-person-inflatable-tent-outdoor-camping\/\">Lue lis\u00e4\u00e4<\/a><\/div>","protected":false},"featured_media":4630,"template":"","meta":[],"product_brand":[],"product_cat":[15],"product_tag":[],"class_list":{"0":"post-4632","1":"product","2":"type-product","3":"status-publish","4":"has-post-thumbnail","6":"product_cat-uncategorized","7":"tm-no-options","9":"first","10":"instock","11":"shipping-taxable","12":"purchasable","13":"product-type-variable"},"_links":{"self":[{"href":"https:\/\/uoogear.com\/fi\/wp-json\/wp\/v2\/product\/4632","targetHints":{"allow":["GET"]}}],"collection":[{"href":"https:\/\/uoogear.com\/fi\/wp-json\/wp\/v2\/product"}],"about":[{"href":"https:\/\/uoogear.com\/fi\/wp-json\/wp\/v2\/types\/product"}],"wp:featuredmedia":[{"embeddable":true,"href":"https:\/\/uoogear.com\/fi\/wp-json\/wp\/v2\/media\/4630"}],"wp:attachment":[{"href":"https:\/\/uoogear.com\/fi\/wp-json\/wp\/v2\/media?parent=4632"}],"wp:term":[{"taxonomy":"product_brand","embeddable":true,"href":"https:\/\/uoogear.com\/fi\/wp-json\/wp\/v2\/product_brand?post=4632"},{"taxonomy":"product_cat","embeddable":true,"href":"https:\/\/uoogear.com\/fi\/wp-json\/wp\/v2\/product_cat?post=4632"},{"taxonomy":"product_tag","embeddable":true,"href":"https:\/\/uoogear.com\/fi\/wp-json\/wp\/v2\/product_tag?post=4632"}],"curies":[{"name":"wp","href":"https:\/\/api.w.org\/{rel}","templated":true}]}}