{"id":4667,"date":"2023-11-14T02:13:45","date_gmt":"2023-11-14T02:13:45","guid":{"rendered":"https:\/\/uoogear.com\/product\/inflatable-camping-tent-outdoor-oxford-canvas-luxury-camping-inflatable-tent\/"},"modified":"2023-11-30T02:53:36","modified_gmt":"2023-11-30T02:53:36","slug":"inflatable-camping-tent-outdoor-oxford-canvas-luxury-camping-inflatable-tent","status":"publish","type":"product","link":"https:\/\/uoogear.com\/fi\/tuote\/inflatable-camping-tent-outdoor-oxford-canvas-luxury-camping-inflatable-tent\/","title":{"rendered":"Puhallettava retkeilyteltta ulkona Oxford Canvas luksusleirint\u00e4 Puhallettava teltta"},"content":{"rendered":"<ul>\n<li><strong>Kangas: <\/strong> Oxford<\/li>\n<li><strong>Ulkoteltan vedenpit\u00e4vyysindeksi: <\/strong> &gt; 3000 mm<\/li>\n<li><strong>Alin vedenpit\u00e4vyysindeksi: <\/strong> &gt; 3000 mm<\/li>\n<li><strong>Rakennustyyppi: <\/strong> Nopea automaattinen avaus<\/li>\n<li><strong>Teltan tyyli: <\/strong> Putkityyppi Teltan panos<\/li>\n<li><strong>Kausi: <\/strong> Nelj\u00e4n vuodenajan teltta<\/li>\n<li><strong>Rakenne: <\/strong> Yksi makuuhuone<\/li>\n<li><strong>Tuotteen nimi : <\/strong> Puhallettava teltta<\/li>\n<li><strong>K\u00e4ytt\u00f6: <\/strong> Outdoor Entertainment<\/li>\n<li><strong>Tyyli: <\/strong> Moderni<\/li>\n<li><strong>V\u00e4ri: <\/strong> Mukautettu v\u00e4ri<\/li>\n<li><strong>Sovellus: <\/strong> Outdoor Travel Camping<\/li>\n<li><strong>Koko : <\/strong> Mukautettu koko<\/li>\n<li><strong>MOQ: <\/strong> 1 kpl<\/li>\n<li><strong>Materiaali: <\/strong> Oxford<\/li>\n<li><strong>Lis\u00e4tarvikkeet : <\/strong> Pumppu + kantolaukku + paalut + k\u00f6ydet<\/li>\n<li><strong>Ominaisuus: <\/strong> Vedenkest\u00e4v\u00e4<\/li>\n<\/ul>\n<div>\n<div data-magic-global=\"%7B%22bizId%22%3A2212793521237%2C%22pageId%22%3A21240895187%2C%22siteId%22%3A10003212050%7D\">\n<div>\n<div data-section=\"AliMagic-qd0zn6\" data-section-title=\"Products Description\">Tuotteen kuvaus<\/div>\n<\/div>\n<div>\n<div>\n<div><img decoding=\"async\" src=\"\/\/sc04.alicdn.com\/kf\/Hd0182a21f2544fce95341c2b3cedc8765\/255148517\/Hd0182a21f2544fce95341c2b3cedc8765.jpg\" data-src=\"\/\/sc04.alicdn.com\/kf\/Hd0182a21f2544fce95341c2b3cedc8765\/255148517\/Hd0182a21f2544fce95341c2b3cedc8765.jpg\" \/><\/div>\n<div><img decoding=\"async\" src=\"\/\/sc04.alicdn.com\/kf\/H1ba21d29de364d938b8dc5dae37c0c8bw\/255148517\/H1ba21d29de364d938b8dc5dae37c0c8bw.jpg\" data-src=\"\/\/sc04.alicdn.com\/kf\/H1ba21d29de364d938b8dc5dae37c0c8bw\/255148517\/H1ba21d29de364d938b8dc5dae37c0c8bw.jpg\" \/><\/div>\n<div><img decoding=\"async\" src=\"\/\/sc04.alicdn.com\/kf\/H08a92a9ee2fa4f479723c93542adc538p\/255148517\/H08a92a9ee2fa4f479723c93542adc538p.jpg\" data-src=\"\/\/sc04.alicdn.com\/kf\/H08a92a9ee2fa4f479723c93542adc538p\/255148517\/H08a92a9ee2fa4f479723c93542adc538p.jpg\" \/><\/div>\n<div><img decoding=\"async\" src=\"\/\/sc04.alicdn.com\/kf\/Hc3ea084092b645cd8155758355b0c997I\/255148517\/Hc3ea084092b645cd8155758355b0c997I.jpg\" data-src=\"\/\/sc04.alicdn.com\/kf\/Hc3ea084092b645cd8155758355b0c997I\/255148517\/Hc3ea084092b645cd8155758355b0c997I.jpg\" \/><\/div>\n<div><img decoding=\"async\" src=\"\/\/sc04.alicdn.com\/kf\/H4373f64b70ab4dc19b9fcea19c0f13fba\/255148517\/H4373f64b70ab4dc19b9fcea19c0f13fba.jpg\" data-src=\"\/\/sc04.alicdn.com\/kf\/H4373f64b70ab4dc19b9fcea19c0f13fba\/255148517\/H4373f64b70ab4dc19b9fcea19c0f13fba.jpg\" \/><\/div>\n<div><img decoding=\"async\" src=\"\/\/sc04.alicdn.com\/kf\/Hfb8f51e41c6b44fd9a04d40c30757e14E\/255148517\/Hfb8f51e41c6b44fd9a04d40c30757e14E.jpg\" data-src=\"\/\/sc04.alicdn.com\/kf\/Hfb8f51e41c6b44fd9a04d40c30757e14E\/255148517\/Hfb8f51e41c6b44fd9a04d40c30757e14E.jpg\" \/><\/div>\n<\/div>\n<\/div>\n<div><\/div>\n<div>\n<div>\n<div>\n<div>\n<div><\/div>\n<\/div>\n<\/div>\n<\/div>\n<\/div>\n<\/div>\n<\/div>","protected":false},"excerpt":{"rendered":"<p>Kangas : Oxford Outside Tent Vedenpit\u00e4v\u00e4 Indeksi : &gt;3000 mm Pohja Vedenpit\u00e4v\u00e4 Indeksi : &gt;3000 mm Rakennustyyppi : Nopeasti avautuva teltta Tyyli : Putkityyppi Teltan panos Kausi : Nelj\u00e4n vuodenajan telttarakenne : Yksi makuuhuone Tuotteen nimi : Puhallettava ulkoteltta K\u00e4ytt\u00f6 : Tyyli: Moderni v\u00e4ri: R\u00e4\u00e4t\u00e4l\u00f6ity v\u00e4risovellus:<\/p>\n<div class=\"read-more\"><a class=\"btn btn-fill-out\" href=\"https:\/\/uoogear.com\/fi\/tuote\/inflatable-camping-tent-outdoor-oxford-canvas-luxury-camping-inflatable-tent\/\">Lue lis\u00e4\u00e4<\/a><\/div>","protected":false},"featured_media":4666,"template":"","meta":[],"product_brand":[],"product_cat":[15],"product_tag":[],"class_list":{"0":"post-4667","1":"product","2":"type-product","3":"status-publish","4":"has-post-thumbnail","6":"product_cat-uncategorized","7":"tm-no-options","9":"first","10":"instock","11":"shipping-taxable","12":"purchasable","13":"product-type-variable"},"_links":{"self":[{"href":"https:\/\/uoogear.com\/fi\/wp-json\/wp\/v2\/product\/4667","targetHints":{"allow":["GET"]}}],"collection":[{"href":"https:\/\/uoogear.com\/fi\/wp-json\/wp\/v2\/product"}],"about":[{"href":"https:\/\/uoogear.com\/fi\/wp-json\/wp\/v2\/types\/product"}],"wp:featuredmedia":[{"embeddable":true,"href":"https:\/\/uoogear.com\/fi\/wp-json\/wp\/v2\/media\/4666"}],"wp:attachment":[{"href":"https:\/\/uoogear.com\/fi\/wp-json\/wp\/v2\/media?parent=4667"}],"wp:term":[{"taxonomy":"product_brand","embeddable":true,"href":"https:\/\/uoogear.com\/fi\/wp-json\/wp\/v2\/product_brand?post=4667"},{"taxonomy":"product_cat","embeddable":true,"href":"https:\/\/uoogear.com\/fi\/wp-json\/wp\/v2\/product_cat?post=4667"},{"taxonomy":"product_tag","embeddable":true,"href":"https:\/\/uoogear.com\/fi\/wp-json\/wp\/v2\/product_tag?post=4667"}],"curies":[{"name":"wp","href":"https:\/\/api.w.org\/{rel}","templated":true}]}}