{"id":4676,"date":"2023-11-14T02:14:26","date_gmt":"2023-11-14T02:14:26","guid":{"rendered":"https:\/\/uoogear.com\/product\/waterproof-inflatable-house-air-tent-outdoor-inflatable-camping-tent\/"},"modified":"2023-11-30T02:53:16","modified_gmt":"2023-11-30T02:53:16","slug":"waterproof-inflatable-house-air-tent-outdoor-inflatable-camping-tent","status":"publish","type":"product","link":"https:\/\/uoogear.com\/fi\/tuote\/waterproof-inflatable-house-air-tent-outdoor-inflatable-camping-tent\/","title":{"rendered":"Vedenpit\u00e4v\u00e4 puhallettava talon ilmateltta Ulkoilmat\u00e4ytteinen leirint\u00e4teltta"},"content":{"rendered":"<ul>\n<li><strong>Mallinumero : <\/strong> B12<\/li>\n<li><strong>Kangas: <\/strong> PVC, 100%Ppolyesteri<\/li>\n<li><strong>Ulkoteltan vedenpit\u00e4vyysindeksi: <\/strong> &gt; 3000 mm<\/li>\n<li><strong>Alin vedenpit\u00e4vyysindeksi: <\/strong> &gt; 3000 mm<\/li>\n<li><strong>Rakennustyyppi: <\/strong> Nopea automaattinen avaus, nopea avaus<\/li>\n<li><strong>Teltan tyyli: <\/strong> Suora tukityyppi<\/li>\n<li><strong>Kausi: <\/strong> Nelj\u00e4n vuodenajan teltta, kes\u00e4teltta, nelj\u00e4n vuodenajan teltta<\/li>\n<li><strong>Rakenne: <\/strong> Yksi makuuhuone<\/li>\n<li><strong>Tuotteen nimi : <\/strong> Ilmat\u00e4ytteiset leirint\u00e4teltat<\/li>\n<li><strong>Hakija: <\/strong> Ulkoilu<\/li>\n<li><strong>Logo: <\/strong> Hyv\u00e4ksy mukautettu logo<\/li>\n<li><strong>MOQ: <\/strong> 1 kpl<\/li>\n<li><strong>Materiaali: <\/strong> 100% polyesterikangas<\/li>\n<li><strong>Pakkaus: <\/strong> Vahva laatikko<\/li>\n<li><strong>Lis\u00e4tarvikkeet : <\/strong> Tapit + k\u00f6ysi<\/li>\n<\/ul>\n<div>\n<div data-magic-global=\"%7B%22bizId%22%3A2212793521237%2C%22pageId%22%3A21239893411%2C%22siteId%22%3A10003212050%7D\">\n<div>\n<div data-section=\"AliMagic-1pfbhp\" data-section-title=\"Products Description\">Tuotteen kuvaus<\/div>\n<\/div>\n<div>\n<div><img decoding=\"async\" src=\"\/\/sc04.alicdn.com\/kf\/H39acda60763541bb882c0675a549caa5d\/255148517\/H39acda60763541bb882c0675a549caa5d.jpg\" data-src=\"\/\/sc04.alicdn.com\/kf\/H39acda60763541bb882c0675a549caa5d\/255148517\/H39acda60763541bb882c0675a549caa5d.jpg\" \/><\/div>\n<div><img decoding=\"async\" src=\"\/\/sc04.alicdn.com\/kf\/Hda248840036e434fa64310eda118d15f8\/255148517\/Hda248840036e434fa64310eda118d15f8.jpg\" data-src=\"\/\/sc04.alicdn.com\/kf\/Hda248840036e434fa64310eda118d15f8\/255148517\/Hda248840036e434fa64310eda118d15f8.jpg\" \/><\/div>\n<div><img decoding=\"async\" src=\"\/\/sc04.alicdn.com\/kf\/H88ba3936ae6c49d4891449f196e780ffi\/255148517\/H88ba3936ae6c49d4891449f196e780ffi.jpg\" data-src=\"\/\/sc04.alicdn.com\/kf\/H88ba3936ae6c49d4891449f196e780ffi\/255148517\/H88ba3936ae6c49d4891449f196e780ffi.jpg\" \/><\/div>\n<div><img decoding=\"async\" src=\"\/\/sc04.alicdn.com\/kf\/Hc0e6bf39ce6d402691b9663c8f892d58N\/255148517\/Hc0e6bf39ce6d402691b9663c8f892d58N.jpg\" data-src=\"\/\/sc04.alicdn.com\/kf\/Hc0e6bf39ce6d402691b9663c8f892d58N\/255148517\/Hc0e6bf39ce6d402691b9663c8f892d58N.jpg\" \/><\/div>\n<\/div>\n<div>\n<div>\n<div>\n<div>\n<div><\/div>\n<\/div>\n<\/div>\n<\/div>\n<\/div>\n<\/div>\n<\/div>","protected":false},"excerpt":{"rendered":"<p>Mallinumero : B12 Kangas : PVC, 100%polyesteri Ulkoteltta Vedenpit\u00e4v\u00e4 indeksi: &gt;3000 mm Vedenpit\u00e4v\u00e4 pohja: &gt;3000 mm Rakennustyyppi: Nopeasti avautuva, nopeasti avautuva Telttatyyli: Suora j\u00e4ykistystyyppi Kausi : Nelj\u00e4n vuodenajan teltta, Four, kes\u00e4teltta -season tant Rakenne : Yksi makuuhuone Tuotteen nimi : Ilmat\u00e4ytteiset Camping Teltat Hakija : Ulkona<\/p>\n<div class=\"read-more\"><a class=\"btn btn-fill-out\" href=\"https:\/\/uoogear.com\/fi\/tuote\/waterproof-inflatable-house-air-tent-outdoor-inflatable-camping-tent\/\">Lue lis\u00e4\u00e4<\/a><\/div>","protected":false},"featured_media":4675,"template":"","meta":[],"product_brand":[],"product_cat":[15],"product_tag":[],"class_list":{"0":"post-4676","1":"product","2":"type-product","3":"status-publish","4":"has-post-thumbnail","6":"product_cat-uncategorized","7":"tm-no-options","9":"first","10":"instock","11":"shipping-taxable","12":"purchasable","13":"product-type-variable"},"_links":{"self":[{"href":"https:\/\/uoogear.com\/fi\/wp-json\/wp\/v2\/product\/4676","targetHints":{"allow":["GET"]}}],"collection":[{"href":"https:\/\/uoogear.com\/fi\/wp-json\/wp\/v2\/product"}],"about":[{"href":"https:\/\/uoogear.com\/fi\/wp-json\/wp\/v2\/types\/product"}],"wp:featuredmedia":[{"embeddable":true,"href":"https:\/\/uoogear.com\/fi\/wp-json\/wp\/v2\/media\/4675"}],"wp:attachment":[{"href":"https:\/\/uoogear.com\/fi\/wp-json\/wp\/v2\/media?parent=4676"}],"wp:term":[{"taxonomy":"product_brand","embeddable":true,"href":"https:\/\/uoogear.com\/fi\/wp-json\/wp\/v2\/product_brand?post=4676"},{"taxonomy":"product_cat","embeddable":true,"href":"https:\/\/uoogear.com\/fi\/wp-json\/wp\/v2\/product_cat?post=4676"},{"taxonomy":"product_tag","embeddable":true,"href":"https:\/\/uoogear.com\/fi\/wp-json\/wp\/v2\/product_tag?post=4676"}],"curies":[{"name":"wp","href":"https:\/\/api.w.org\/{rel}","templated":true}]}}