{"id":4713,"date":"2023-11-14T02:18:36","date_gmt":"2023-11-14T02:18:36","guid":{"rendered":"https:\/\/uoogear.com\/product\/4-person-waterproof-high-quality-automatic-tent-large-glamping-family-camping-outdoor-tents\/"},"modified":"2023-11-30T02:41:21","modified_gmt":"2023-11-30T02:41:21","slug":"4-person-waterproof-high-quality-automatic-tent-large-glamping-family-camping-outdoor-tents","status":"publish","type":"product","link":"https:\/\/uoogear.com\/fi\/tuote\/4-person-waterproof-high-quality-automatic-tent-large-glamping-family-camping-outdoor-tents\/","title":{"rendered":"4 hengen vedenpit\u00e4v\u00e4 korkealaatuinen automaattinen teltta Suuri Glamping Family Camping -ulkoteltat"},"content":{"rendered":"<ul>\n<li><strong>Kangas: <\/strong> Polyesteri<\/li>\n<li><strong>Ulkoteltan vedenpit\u00e4vyysindeksi: <\/strong> 2000-3000 mm<\/li>\n<li><strong>Alin vedenpit\u00e4vyysindeksi: <\/strong> 2000-3000 mm<\/li>\n<li><strong>Rakennustyyppi: <\/strong> Nopea automaattinen avaus<\/li>\n<li><strong>Teltan tyyli: <\/strong> Putkityyppi Teltan panos<\/li>\n<li><strong>Kausi: <\/strong> Nelj\u00e4n vuodenajan teltta<\/li>\n<li><strong>Rakenne: <\/strong> Yksi makuuhuone<\/li>\n<li><strong>Laituripaikka: <\/strong> 3-4<\/li>\n<li><strong>Korkeus (cm): <\/strong> 125<\/li>\n<li><strong>Pituus (cm): <\/strong> 240<\/li>\n<li><strong>Leveys (cm): <\/strong> 210<\/li>\n<li><strong>Vedenkest\u00e4v\u00e4 : <\/strong> 2000mm<\/li>\n<li><strong>Kankaan materiaali: <\/strong> 190T polyesteri<\/li>\n<li><strong>napa: <\/strong> Lasikuitu<\/li>\n<li><strong>Tyyppi : <\/strong> Automaattinen<\/li>\n<\/ul>\n<div>\n<div data-magic-global=\"%7B%22bizId%22%3A2348173885%2C%22pageId%22%3A21029157641%2C%22siteId%22%3A5005127539%7D\">\n<div>\n<div>\n<div>\n<div>\n<div>\n<div><\/div>\n<\/div>\n<\/div>\n<\/div>\n<\/div>\n<\/div>\n<div><\/div>\n<div>\n<div data-section=\"AliMagic-h5ytvg\" data-section-title=\"Product Display\">Tuoten\u00e4ytt\u00f6<\/div>\n<\/div>\n<div>\n<div>\n<div><img decoding=\"async\" src=\"\/\/sc04.alicdn.com\/kf\/H313aea8ae1a34f83981145fd50fbc7154\/222400006\/H313aea8ae1a34f83981145fd50fbc7154.jpg\" data-src=\"\/\/sc04.alicdn.com\/kf\/H313aea8ae1a34f83981145fd50fbc7154\/222400006\/H313aea8ae1a34f83981145fd50fbc7154.jpg\" \/><\/div>\n<div><img decoding=\"async\" src=\"\/\/sc04.alicdn.com\/kf\/H78089127b6d44307900b716104212c5eq\/222400006\/H78089127b6d44307900b716104212c5eq.jpg\" data-src=\"\/\/sc04.alicdn.com\/kf\/H78089127b6d44307900b716104212c5eq\/222400006\/H78089127b6d44307900b716104212c5eq.jpg\" \/><\/div>\n<div><img decoding=\"async\" src=\"\/\/sc04.alicdn.com\/kf\/H06b527045b17459d96177194485926d3J\/222400006\/H06b527045b17459d96177194485926d3J.jpg\" data-src=\"\/\/sc04.alicdn.com\/kf\/H06b527045b17459d96177194485926d3J\/222400006\/H06b527045b17459d96177194485926d3J.jpg\" \/><\/div>\n<div><img decoding=\"async\" src=\"\/\/sc04.alicdn.com\/kf\/Hbea7d80ec8984c53aa885f42baac625fq\/222400006\/Hbea7d80ec8984c53aa885f42baac625fq.jpg\" data-src=\"\/\/sc04.alicdn.com\/kf\/Hbea7d80ec8984c53aa885f42baac625fq\/222400006\/Hbea7d80ec8984c53aa885f42baac625fq.jpg\" \/><\/div>\n<div><img decoding=\"async\" src=\"\/\/sc04.alicdn.com\/kf\/H24ecfc2ecb0f453cb9f4aba3c7762bbao\/222400006\/H24ecfc2ecb0f453cb9f4aba3c7762bbao.jpg\" data-src=\"\/\/sc04.alicdn.com\/kf\/H24ecfc2ecb0f453cb9f4aba3c7762bbao\/222400006\/H24ecfc2ecb0f453cb9f4aba3c7762bbao.jpg\" \/><\/div>\n<div><img decoding=\"async\" src=\"\/\/sc04.alicdn.com\/kf\/H6f14be57d62b4368a9ea013da585dd95J\/222400006\/H6f14be57d62b4368a9ea013da585dd95J.jpg\" data-src=\"\/\/sc04.alicdn.com\/kf\/H6f14be57d62b4368a9ea013da585dd95J\/222400006\/H6f14be57d62b4368a9ea013da585dd95J.jpg\" \/><\/div>\n<\/div>\n<\/div>\n<div>\n<div data-magic=\" \" data-magic-status=\"done\">\n<div data-reactroot=\"\"><\/div>\n<\/div>\n<\/div>\n<\/div>\n<\/div>","protected":false},"excerpt":{"rendered":"<p>Kangas: Polyesteri Ulkoteltan vedenpit\u00e4vyysindeksi: 2000-3000 mm Pohjan vedenpit\u00e4v\u00e4 indeksi: 2000-3000 mm Rakennustyyppi: Nopeasti avautuva teltta Tyyli: Putkityyppi Teltan panos Kausi: Nelj\u00e4n vuodenajan telttarakenne: Yksi makuuhuone 3-4 makuupaikka cm): 125 Pituus (cm) : 240 Leveys (cm) : 210 Vedenpit\u00e4v\u00e4: 2000mm<\/p>\n<div class=\"read-more\"><a class=\"btn btn-fill-out\" href=\"https:\/\/uoogear.com\/fi\/tuote\/4-person-waterproof-high-quality-automatic-tent-large-glamping-family-camping-outdoor-tents\/\">Lue lis\u00e4\u00e4<\/a><\/div>","protected":false},"featured_media":4712,"template":"","meta":[],"product_brand":[],"product_cat":[15],"product_tag":[],"class_list":{"0":"post-4713","1":"product","2":"type-product","3":"status-publish","4":"has-post-thumbnail","6":"product_cat-uncategorized","7":"tm-no-options","9":"first","10":"instock","11":"shipping-taxable","12":"purchasable","13":"product-type-variable"},"_links":{"self":[{"href":"https:\/\/uoogear.com\/fi\/wp-json\/wp\/v2\/product\/4713","targetHints":{"allow":["GET"]}}],"collection":[{"href":"https:\/\/uoogear.com\/fi\/wp-json\/wp\/v2\/product"}],"about":[{"href":"https:\/\/uoogear.com\/fi\/wp-json\/wp\/v2\/types\/product"}],"wp:featuredmedia":[{"embeddable":true,"href":"https:\/\/uoogear.com\/fi\/wp-json\/wp\/v2\/media\/4712"}],"wp:attachment":[{"href":"https:\/\/uoogear.com\/fi\/wp-json\/wp\/v2\/media?parent=4713"}],"wp:term":[{"taxonomy":"product_brand","embeddable":true,"href":"https:\/\/uoogear.com\/fi\/wp-json\/wp\/v2\/product_brand?post=4713"},{"taxonomy":"product_cat","embeddable":true,"href":"https:\/\/uoogear.com\/fi\/wp-json\/wp\/v2\/product_cat?post=4713"},{"taxonomy":"product_tag","embeddable":true,"href":"https:\/\/uoogear.com\/fi\/wp-json\/wp\/v2\/product_tag?post=4713"}],"curies":[{"name":"wp","href":"https:\/\/api.w.org\/{rel}","templated":true}]}}