{"id":4776,"date":"2023-11-14T02:26:57","date_gmt":"2023-11-14T02:26:57","guid":{"rendered":"https:\/\/uoogear.com\/product\/waterproof-glamping-travelling-tent-for-outdoor-camping-2-person-automatic-beach-tent\/"},"modified":"2023-11-30T02:34:15","modified_gmt":"2023-11-30T02:34:15","slug":"waterproof-glamping-travelling-tent-for-outdoor-camping-2-person-automatic-beach-tent","status":"publish","type":"product","link":"https:\/\/uoogear.com\/fi\/tuote\/waterproof-glamping-travelling-tent-for-outdoor-camping-2-person-automatic-beach-tent\/","title":{"rendered":"Vedenpit\u00e4v\u00e4 Glamping-matkateltta ulkotelttailulle 2 hengelle automaattinen rantateltta"},"content":{"rendered":"<ul>\n<li><strong>Kangas: <\/strong> Oxford, 150D oxford<\/li>\n<li><strong>Ulkoteltan vedenpit\u00e4vyysindeksi: <\/strong> 1500-2000 mm<\/li>\n<li><strong>Alin vedenpit\u00e4vyysindeksi: <\/strong> 1500-2000 mm<\/li>\n<li><strong>Rakennustyyppi: <\/strong> Nopea automaattinen avaus<\/li>\n<li><strong>Teltan tyyli: <\/strong> Putkityyppi Teltan panos<\/li>\n<li><strong>Kausi: <\/strong> Nelj\u00e4n vuodenajan teltta<\/li>\n<li><strong>Rakenne: <\/strong> Yksi makuuhuone<\/li>\n<li><strong>panos: <\/strong> 8 kpl<\/li>\n<li><strong>k\u00f6ysi: <\/strong> 4 kpl<\/li>\n<li><strong>tangon materiaali: <\/strong> Lasikuitu<\/li>\n<li><strong>vedenkest\u00e4v\u00e4 : <\/strong> PU2000mm<\/li>\n<li><strong>nettopaino : <\/strong> 3kg<\/li>\n<li><strong>koko : <\/strong> 225*145*120cm<\/li>\n<li><strong>pakkauskoko : <\/strong> 81*16*16<\/li>\n<\/ul>\n<div>\n<div data-magic-global=\"%7B%22bizId%22%3A2348173885%2C%22pageId%22%3A21026621679%2C%22siteId%22%3A5005127539%7D\">\n<div>\n<div>\n<div>\n<div>\n<div>\n<div><\/div>\n<\/div>\n<\/div>\n<\/div>\n<\/div>\n<\/div>\n<div>\n<div>\n<table>\n<tbody>\n<tr>\n<td>\n<div>\n<div data-spm-anchor-id=\"0.0.0.i16.3eaf4f05ECnIkX\">Lentolehtinen<\/div>\n<\/div>\n<\/td>\n<td>\n<div>\n<div data-spm-anchor-id=\"0.0.0.i33.3eaf4f05ECnIkX\">190T Ployesteri<\/div>\n<\/div>\n<\/td>\n<td>\n<div>\n<div>Sis\u00e4inen<\/div>\n<\/div>\n<\/td>\n<td>\n<div>\n<div data-spm-anchor-id=\"0.0.0.i34.3eaf4f05ECnIkX\">B3 Verkko<\/div>\n<\/div>\n<\/td>\n<\/tr>\n<tr>\n<td>\n<div>\n<div>Kerrokset<\/div>\n<\/div>\n<\/td>\n<td>\n<div>\n<div data-spm-anchor-id=\"0.0.0.i39.3eaf4f05ECnIkX\">1<\/div>\n<\/div>\n<\/td>\n<td>\n<div>\n<div>Vedenkest\u00e4v\u00e4<\/div>\n<\/div>\n<\/td>\n<td>\n<div>\n<div data-spm-anchor-id=\"0.0.0.i4.3eaf4f05uSBrU9\">2000mm<\/div>\n<\/div>\n<\/td>\n<\/tr>\n<tr>\n<td>\n<div>\n<div data-spm-anchor-id=\"a2700.siteadmin.0.i1.70a633332xVGCP\">galleriamainen<\/div>\n<\/div>\n<\/td>\n<td>\n<div>\n<div data-spm-anchor-id=\"0.0.0.i13.3eaf4f05ECnIkX\">2<\/div>\n<\/div>\n<\/td>\n<td>\n<div>\n<div data-spm-anchor-id=\"a2700.pc-decorate.0.i37.6bb33333rkQfT1\">MOQ<\/div>\n<\/div>\n<\/td>\n<td>\n<div>\n<div data-spm-anchor-id=\"0.0.0.i42.3eaf4f05ECnIkX\">300<\/div>\n<\/div>\n<\/td>\n<\/tr>\n<tr>\n<td>\n<div>\n<div>napa<\/div>\n<\/div>\n<\/td>\n<td>\n<div>\n<div>lasikuitu<\/div>\n<\/div>\n<\/td>\n<td>\n<div>\n<div data-spm-anchor-id=\"a2700.pc-decorate.0.i0.6bb33333mf4yOX\">lattia<\/div>\n<\/div>\n<\/td>\n<td>\n<div>\n<div data-spm-anchor-id=\"0.0.0.i5.3eaf4f05uSBrU9\">Oxford<\/div>\n<\/div>\n<\/td>\n<\/tr>\n<tr>\n<td>\n<div>\n<div>Koko<\/div>\n<\/div>\n<\/td>\n<td>\n<div>\n<div data-spm-anchor-id=\"0.0.0.i41.3eaf4f05ECnIkX\">225 * 145 * 120 cm (L x S x K)<\/div>\n<\/div>\n<\/td>\n<td>\n<div>\n<div data-spm-anchor-id=\"a2700.pc-decorate.0.i35.6bb33333rkQfT1\">panos<\/div>\n<\/div>\n<\/td>\n<td>\n<div>\n<div data-spm-anchor-id=\"0.0.0.i45.3eaf4f05ECnIkX\">8 kpl<\/div>\n<\/div>\n<\/td>\n<\/tr>\n<tr>\n<td>\n<div>\n<div>Pakkaus<\/div>\n<\/div>\n<\/td>\n<td>\n<div>\n<div data-spm-anchor-id=\"0.0.0.i46.3eaf4f05ECnIkX\">81*16*16cm<\/div>\n<\/div>\n<\/td>\n<td>\n<div>\n<div data-spm-anchor-id=\"a2700.siteadmin.0.i2.65e43333ALmggU\">k\u00f6ysi<\/div>\n<\/div>\n<\/td>\n<td>\n<div>\n<div data-spm-anchor-id=\"0.0.0.i48.3eaf4f05ECnIkX\">4 kpl<\/div>\n<\/div>\n<\/td>\n<\/tr>\n<\/tbody>\n<\/table>\n<\/div>\n<\/div>\n<div>\n<div data-section=\"AliMagic-nrcn3x\" data-section-title=\"Product Display\">Tuoten\u00e4ytt\u00f6<\/div>\n<\/div>\n<div>\n<div>\n<div><img decoding=\"async\" src=\"\/\/sc04.alicdn.com\/kf\/H66d44bfa529c4deca5bb320db0d955cdF\/222400006\/H66d44bfa529c4deca5bb320db0d955cdF.jpg\" data-src=\"\/\/sc04.alicdn.com\/kf\/H66d44bfa529c4deca5bb320db0d955cdF\/222400006\/H66d44bfa529c4deca5bb320db0d955cdF.jpg\" \/><\/div>\n<div><img decoding=\"async\" src=\"\/\/sc04.alicdn.com\/kf\/Hf31f6b479e6e4cdb980bf13a70437e30j\/222400006\/Hf31f6b479e6e4cdb980bf13a70437e30j.jpg\" data-src=\"\/\/sc04.alicdn.com\/kf\/Hf31f6b479e6e4cdb980bf13a70437e30j\/222400006\/Hf31f6b479e6e4cdb980bf13a70437e30j.jpg\" \/><\/div>\n<div><\/div>\n<div><img decoding=\"async\" src=\"\/\/sc04.alicdn.com\/kf\/Hc174bf694a784cd4866058cf56d44d28T\/222400006\/Hc174bf694a784cd4866058cf56d44d28T.jpg\" data-src=\"\/\/sc04.alicdn.com\/kf\/Hc174bf694a784cd4866058cf56d44d28T\/222400006\/Hc174bf694a784cd4866058cf56d44d28T.jpg\" \/><\/div>\n<div><img decoding=\"async\" src=\"\/\/sc04.alicdn.com\/kf\/H273345d97c344d6bbe2aff82a13330d6b\/222400006\/H273345d97c344d6bbe2aff82a13330d6b.jpg\" data-src=\"\/\/sc04.alicdn.com\/kf\/H273345d97c344d6bbe2aff82a13330d6b\/222400006\/H273345d97c344d6bbe2aff82a13330d6b.jpg\" \/><\/div>\n<div><img decoding=\"async\" src=\"\/\/sc04.alicdn.com\/kf\/Heff7fafd7461428c85fc1f8bfbb8e095s\/222400006\/Heff7fafd7461428c85fc1f8bfbb8e095s.jpg\" data-src=\"\/\/sc04.alicdn.com\/kf\/Heff7fafd7461428c85fc1f8bfbb8e095s\/222400006\/Heff7fafd7461428c85fc1f8bfbb8e095s.jpg\" \/><\/div>\n<\/div>\n<\/div>\n<div>\n<div data-magic=\" \" data-magic-status=\"done\">\n<div data-reactroot=\"\"><\/div>\n<\/div>\n<\/div>\n<\/div>\n<\/div>","protected":false},"excerpt":{"rendered":"<p>Kangas : Oxford, 150D oxford Outside Teltta Vedenpit\u00e4v\u00e4 Indeksi: 1500-2000 Mm Pohja Vedenpit\u00e4v\u00e4 Indeksi: 1500-2000 Mm Rakennustyyppi: Nopeasti avautuva Teltta Tyyli: Putkityyppi Teltta Kausi : Nelj\u00e4n vuodenajan teltta Teltta :8pc : 4kpl napamateriaali : Lasikuitu vedenpit\u00e4v\u00e4 : PU2000mm nettopaino<\/p>\n<div class=\"read-more\"><a class=\"btn btn-fill-out\" href=\"https:\/\/uoogear.com\/fi\/tuote\/waterproof-glamping-travelling-tent-for-outdoor-camping-2-person-automatic-beach-tent\/\">Lue lis\u00e4\u00e4<\/a><\/div>","protected":false},"featured_media":4775,"template":"","meta":[],"product_brand":[],"product_cat":[15],"product_tag":[],"class_list":{"0":"post-4776","1":"product","2":"type-product","3":"status-publish","4":"has-post-thumbnail","6":"product_cat-uncategorized","7":"tm-no-options","9":"first","10":"instock","11":"shipping-taxable","12":"purchasable","13":"product-type-variable"},"_links":{"self":[{"href":"https:\/\/uoogear.com\/fi\/wp-json\/wp\/v2\/product\/4776","targetHints":{"allow":["GET"]}}],"collection":[{"href":"https:\/\/uoogear.com\/fi\/wp-json\/wp\/v2\/product"}],"about":[{"href":"https:\/\/uoogear.com\/fi\/wp-json\/wp\/v2\/types\/product"}],"wp:featuredmedia":[{"embeddable":true,"href":"https:\/\/uoogear.com\/fi\/wp-json\/wp\/v2\/media\/4775"}],"wp:attachment":[{"href":"https:\/\/uoogear.com\/fi\/wp-json\/wp\/v2\/media?parent=4776"}],"wp:term":[{"taxonomy":"product_brand","embeddable":true,"href":"https:\/\/uoogear.com\/fi\/wp-json\/wp\/v2\/product_brand?post=4776"},{"taxonomy":"product_cat","embeddable":true,"href":"https:\/\/uoogear.com\/fi\/wp-json\/wp\/v2\/product_cat?post=4776"},{"taxonomy":"product_tag","embeddable":true,"href":"https:\/\/uoogear.com\/fi\/wp-json\/wp\/v2\/product_tag?post=4776"}],"curies":[{"name":"wp","href":"https:\/\/api.w.org\/{rel}","templated":true}]}}