{"id":4794,"date":"2023-11-14T02:28:46","date_gmt":"2023-11-14T02:28:46","guid":{"rendered":"https:\/\/uoogear.com\/product\/4-person-family-camping-tents-portable-outdoor-automatic-tents-waterproof-windproof-for-hiking\/"},"modified":"2023-11-30T02:35:02","modified_gmt":"2023-11-30T02:35:02","slug":"4-person-family-camping-tents-portable-outdoor-automatic-tents-waterproof-windproof-for-hiking","status":"publish","type":"product","link":"https:\/\/uoogear.com\/fi\/tuote\/4-person-family-camping-tents-portable-outdoor-automatic-tents-waterproof-windproof-for-hiking\/","title":{"rendered":"4 hengen perheteltat Kannettavat ulkok\u00e4ytt\u00f6iset automaattiset teltat vedenpit\u00e4v\u00e4t tuulenpit\u00e4v\u00e4t retkeilyyn"},"content":{"rendered":"<ul>\n<li><strong>Alue: <\/strong> 21 neli\u00f6metri\u00e4<\/li>\n<li><strong>Kangas: <\/strong> 150D Oxford<\/li>\n<li><strong>Ulkoteltan vedenpit\u00e4vyysindeksi: <\/strong> &gt;3000 mm, 2000 mm<\/li>\n<li><strong>Alin vedenpit\u00e4vyysindeksi: <\/strong> 2000-3000 mm, 3000 mm<\/li>\n<li><strong>Rakennustyyppi: <\/strong> Rakentaminen tarpeen mukaan<\/li>\n<li><strong>Teltan tyyli: <\/strong> Straight Bracing Type, Snowfield Nail<\/li>\n<li><strong>Kausi: <\/strong> Nelj\u00e4n vuodenajan teltta<\/li>\n<li><strong>Rakenne: <\/strong> Yksi makuuhuone ja yksi olohuone, suuret makuuhuoneet\/olohuone<\/li>\n<li><strong>V\u00e4ri: <\/strong> Mukautettu<\/li>\n<li><strong>Napan materiaali: <\/strong> Rauta<\/li>\n<li><strong>Kapasiteetti: <\/strong> 4-5 henkil\u00f6\u00e4<\/li>\n<li><strong>avainsanat: <\/strong> Reppu teltat<\/li>\n<li><strong>tyyli: <\/strong> instant teltta<\/li>\n<li><strong>Paketin paino : <\/strong> 11kg<\/li>\n<\/ul>\n<div>\n<div data-magic-global=\"%7B%22bizId%22%3A2348173885%2C%22pageId%22%3A21017910575%2C%22siteId%22%3A5005127539%7D\">\n<div><\/div>\n<div>\n<div data-section=\"AliMagic-clh7zb\" data-section-title=\"Product Display\">Tuoten\u00e4ytt\u00f6<\/div>\n<\/div>\n<div>\n<div>\n<div><img decoding=\"async\" src=\"\/\/sc04.alicdn.com\/kf\/Hd90aba5405b24718ba9b23b9cd1aa8c3a\/222400006\/Hd90aba5405b24718ba9b23b9cd1aa8c3a.jpg\" data-src=\"\/\/sc04.alicdn.com\/kf\/Hd90aba5405b24718ba9b23b9cd1aa8c3a\/222400006\/Hd90aba5405b24718ba9b23b9cd1aa8c3a.jpg\" \/><\/div>\n<div><img decoding=\"async\" src=\"\/\/sc04.alicdn.com\/kf\/H87fec1b7d3424395bfe6efadd8191ea7K\/222400006\/H87fec1b7d3424395bfe6efadd8191ea7K.jpg\" data-src=\"\/\/sc04.alicdn.com\/kf\/H87fec1b7d3424395bfe6efadd8191ea7K\/222400006\/H87fec1b7d3424395bfe6efadd8191ea7K.jpg\" \/><\/div>\n<div><img decoding=\"async\" src=\"\/\/sc04.alicdn.com\/kf\/He90a42f4ffc242c687661f0090e601e2n\/222400006\/He90a42f4ffc242c687661f0090e601e2n.jpg\" data-src=\"\/\/sc04.alicdn.com\/kf\/He90a42f4ffc242c687661f0090e601e2n\/222400006\/He90a42f4ffc242c687661f0090e601e2n.jpg\" \/><\/div>\n<div><img decoding=\"async\" src=\"\/\/sc04.alicdn.com\/kf\/H448a68d22dd94dee96751e6f3b6ae588r\/222400006\/H448a68d22dd94dee96751e6f3b6ae588r.jpg\" data-src=\"\/\/sc04.alicdn.com\/kf\/H448a68d22dd94dee96751e6f3b6ae588r\/222400006\/H448a68d22dd94dee96751e6f3b6ae588r.jpg\" \/><\/div>\n<div><img decoding=\"async\" src=\"\/\/sc04.alicdn.com\/kf\/H0637ce2a75714d968c5cf18cf0699702G\/222400006\/H0637ce2a75714d968c5cf18cf0699702G.jpg\" data-src=\"\/\/sc04.alicdn.com\/kf\/H0637ce2a75714d968c5cf18cf0699702G\/222400006\/H0637ce2a75714d968c5cf18cf0699702G.jpg\" \/><\/div>\n<div><img decoding=\"async\" src=\"\/\/sc04.alicdn.com\/kf\/H31a25c93d55b4782baee17bfd3a986c73\/222400006\/H31a25c93d55b4782baee17bfd3a986c73.jpg\" data-src=\"\/\/sc04.alicdn.com\/kf\/H31a25c93d55b4782baee17bfd3a986c73\/222400006\/H31a25c93d55b4782baee17bfd3a986c73.jpg\" \/><\/div>\n<div><img decoding=\"async\" src=\"\/\/sc04.alicdn.com\/kf\/H9bf447abb59942de928bc8eab5140428d\/222400006\/H9bf447abb59942de928bc8eab5140428d.jpg\" data-src=\"\/\/sc04.alicdn.com\/kf\/H9bf447abb59942de928bc8eab5140428d\/222400006\/H9bf447abb59942de928bc8eab5140428d.jpg\" \/><\/div>\n<\/div>\n<\/div>\n<div>\n<div>\n<div>\n<div>\n<div>\n<div><\/div>\n<\/div>\n<\/div>\n<\/div>\n<\/div>\n<\/div>\n<\/div>\n<\/div>","protected":false},"excerpt":{"rendered":"<p>Pinta-ala : 21 neli\u00f6metri\u00e4 Kangas : 150D Oxford Outside Teltta Vedenpit\u00e4v\u00e4 indeksi : &gt;3000 mm, 2000 mm Pohjavedenpit\u00e4vyysindeksi : 2000-3000 mm, 3000 mm Rakennustyyppi : Rakennustarpeen mukaan Telttatyylinen : Suora naulakkomeren tyyppi, F lumi - kauden telttarakenne: yksi makuuhuone ja yksi olohuone, suuret makuuhuoneet\/olohuone<\/p>\n<div class=\"read-more\"><a class=\"btn btn-fill-out\" href=\"https:\/\/uoogear.com\/fi\/tuote\/4-person-family-camping-tents-portable-outdoor-automatic-tents-waterproof-windproof-for-hiking\/\">Lue lis\u00e4\u00e4<\/a><\/div>","protected":false},"featured_media":4793,"template":"","meta":[],"product_brand":[],"product_cat":[15],"product_tag":[],"class_list":{"0":"post-4794","1":"product","2":"type-product","3":"status-publish","4":"has-post-thumbnail","6":"product_cat-uncategorized","7":"tm-no-options","9":"first","10":"instock","11":"shipping-taxable","12":"purchasable","13":"product-type-variable"},"_links":{"self":[{"href":"https:\/\/uoogear.com\/fi\/wp-json\/wp\/v2\/product\/4794","targetHints":{"allow":["GET"]}}],"collection":[{"href":"https:\/\/uoogear.com\/fi\/wp-json\/wp\/v2\/product"}],"about":[{"href":"https:\/\/uoogear.com\/fi\/wp-json\/wp\/v2\/types\/product"}],"wp:featuredmedia":[{"embeddable":true,"href":"https:\/\/uoogear.com\/fi\/wp-json\/wp\/v2\/media\/4793"}],"wp:attachment":[{"href":"https:\/\/uoogear.com\/fi\/wp-json\/wp\/v2\/media?parent=4794"}],"wp:term":[{"taxonomy":"product_brand","embeddable":true,"href":"https:\/\/uoogear.com\/fi\/wp-json\/wp\/v2\/product_brand?post=4794"},{"taxonomy":"product_cat","embeddable":true,"href":"https:\/\/uoogear.com\/fi\/wp-json\/wp\/v2\/product_cat?post=4794"},{"taxonomy":"product_tag","embeddable":true,"href":"https:\/\/uoogear.com\/fi\/wp-json\/wp\/v2\/product_tag?post=4794"}],"curies":[{"name":"wp","href":"https:\/\/api.w.org\/{rel}","templated":true}]}}