{"id":4802,"date":"2023-11-14T02:29:37","date_gmt":"2023-11-14T02:29:37","guid":{"rendered":"https:\/\/uoogear.com\/product\/star-home-throw-tent-outdoor-automatic-throwing-pop-up-waterproof-camping-hiking-tent-waterproof-large-family-tents\/"},"modified":"2023-11-30T02:35:27","modified_gmt":"2023-11-30T02:35:27","slug":"star-home-throw-tent-outdoor-automatic-throwing-pop-up-waterproof-camping-hiking-tent-waterproof-large-family-tents","status":"publish","type":"product","link":"https:\/\/uoogear.com\/fi\/tuote\/star-home-throw-tent-outdoor-automatic-throwing-pop-up-waterproof-camping-hiking-tent-waterproof-large-family-tents\/","title":{"rendered":"STAR HOME -heittoteltta ulkona, automaattinen heittoteltta, vesitiivis retkeilyteltta, vedenpit\u00e4v\u00e4 suuri perheteltta"},"content":{"rendered":"<ul>\n<li><strong>Kangas: <\/strong> Oxford kangas<\/li>\n<li><strong>Ulkoteltan vedenpit\u00e4vyysindeksi: <\/strong> 2000-3000 mm<\/li>\n<li><strong>Alin vedenpit\u00e4vyysindeksi: <\/strong> 2000-3000 mm<\/li>\n<li><strong>Rakennustyyppi: <\/strong> Nopea automaattinen avaus<\/li>\n<li><strong>Teltan tyyli: <\/strong> Suora tukityyppi<\/li>\n<li><strong>Kausi: <\/strong> Nelj\u00e4n vuodenajan teltta<\/li>\n<li><strong>Rakenne: <\/strong> Yksi makuuhuone<\/li>\n<li><strong>Tyyli: <\/strong> Ponnahtaa auki<\/li>\n<\/ul>\n<div>\n<p>STAR HOME -heittoteltta ulkok\u00e4ytt\u00f6\u00f6n automaattiset teltat heitt\u00e4v\u00e4t pop-up vedenpit\u00e4v\u00e4t retkeilyteltta vedenpit\u00e4v\u00e4t suuret perheteltat<\/p>\n<p>&nbsp;<\/p>\n<p>Star Home Family Camping Tents on pop-up design, avautuu 5 sekunnissa; taitettava, helppo kuljettaa, vain 3,7 kg.<\/p>\n<p>Verkkoovet ja ikkunat, nelj\u00e4 ilmanvaihtoa, hyttys- ja hy\u00f6nteissuoja; voidaan k\u00e4ytt\u00e4\u00e4 3 vuodenaikana.<\/p>\n<p>Kaksiovinen muotoilu, helppo menn\u00e4 sis\u00e4\u00e4n ja ulos; Perhetelttateltat Ovet ja ikkunat voidaan sulkea kokonaan yksityisyyden suojaamiseksi.<\/p>\n<p>Family Camping Teltat suuri tila, sopii 3-4 hengen perheen yst\u00e4ville ulkok\u00e4ytt\u00f6\u00f6n.<\/p>\n<p>Laadukkaat ja kest\u00e4v\u00e4t Star Home Family Camping Teltat toimivat hyvin lyhyill\u00e4 retkeilymatkoilla pienen perheen, parin tai yksil\u00f6n kanssa. Star Home Family Camping Teltat antavat sinun nauttia hyvist\u00e4 ajoista.<\/p>\n<p>&nbsp;<\/p>\n<p>Star Home Family Camping Tents on pop-up design, avautuu 5 sekunnissa; taitettava, helppo kuljettaa, vain 3,7 kg.<\/p>\n<p>Verkkoovet ja ikkunat, nelj\u00e4 ilmanvaihtoa, hyttys- ja hy\u00f6nteissuoja; voidaan k\u00e4ytt\u00e4\u00e4 3 vuodenaikana.<\/p>\n<p>Kaksiovinen muotoilu, helppo menn\u00e4 sis\u00e4\u00e4n ja ulos; Perhetelttateltat Ovet ja ikkunat voidaan sulkea kokonaan yksityisyyden suojaamiseksi.<\/p>\n<p>Family Camping Teltat suuri tila, sopii 3-4 hengen perheen yst\u00e4ville ulkok\u00e4ytt\u00f6\u00f6n.<\/p>\n<p>Laadukkaat ja kest\u00e4v\u00e4t Star Home Family Camping Teltat toimivat hyvin lyhyill\u00e4 retkeilymatkoilla pienen perheen, parin tai yksil\u00f6n kanssa. Star Home Family Camping Teltat antavat sinun nauttia hyvist\u00e4 ajoista.<\/p>\n<p>&nbsp;<\/p>\n<p><img decoding=\"async\" src=\"\/\/sc01.alicdn.com\/kf\/HTB18X7za4D1gK0jSZFyq6AiOVXaU\/222400006\/HTB18X7za4D1gK0jSZFyq6AiOVXaU.jpg\" alt=\"STAR HOME -heittoteltta ulkona, automaattinen heittoteltta, vesitiivis retkeilyteltta, vedenpit\u00e4v\u00e4 suuri perheteltta\" width=\"750\" height=\"671.25\" data-src=\"\/\/sc01.alicdn.com\/kf\/HTB18X7za4D1gK0jSZFyq6AiOVXaU\/222400006\/HTB18X7za4D1gK0jSZFyq6AiOVXaU.jpg\" data-alt=\"STAR HOME Throw Tent Outdoor Automatic Throwing Pop Up Waterproof Camping Hiking Tent Waterproof Large Family Tents\" \/><img decoding=\"async\" src=\"\/\/sc02.alicdn.com\/kf\/HTB10bIya1H2gK0jSZJnq6yT1FXa5\/222400006\/HTB10bIya1H2gK0jSZJnq6yT1FXa5.jpg\" alt=\"STAR HOME -heittoteltta ulkona, automaattinen heittoteltta, vesitiivis retkeilyteltta, vedenpit\u00e4v\u00e4 suuri perheteltta\" width=\"750\" height=\"648.75\" data-src=\"\/\/sc02.alicdn.com\/kf\/HTB10bIya1H2gK0jSZJnq6yT1FXa5\/222400006\/HTB10bIya1H2gK0jSZJnq6yT1FXa5.jpg\" data-alt=\"STAR HOME Throw Tent Outdoor Automatic Throwing Pop Up Waterproof Camping Hiking Tent Waterproof Large Family Tents\" \/><img decoding=\"async\" src=\"\/\/sc02.alicdn.com\/kf\/HTB17T.wa.z1gK0jSZLeq6z9kVXa1\/222400006\/HTB17T.wa.z1gK0jSZLeq6z9kVXa1.jpg\" alt=\"STAR HOME -heittoteltta ulkona, automaattinen heittoteltta, vesitiivis retkeilyteltta, vedenpit\u00e4v\u00e4 suuri perheteltta\" width=\"750\" height=\"534.375\" data-src=\"\/\/sc02.alicdn.com\/kf\/HTB17T.wa.z1gK0jSZLeq6z9kVXa1\/222400006\/HTB17T.wa.z1gK0jSZLeq6z9kVXa1.jpg\" data-alt=\"STAR HOME Throw Tent Outdoor Automatic Throwing Pop Up Waterproof Camping Hiking Tent Waterproof Large Family Tents\" \/><img loading=\"lazy\" decoding=\"async\" src=\"\/\/sc01.alicdn.com\/kf\/HTB11RIwa4D1gK0jSZFsq6zldVXaH\/222400006\/HTB11RIwa4D1gK0jSZFsq6zldVXaH.jpg\" alt=\"STAR HOME -heittoteltta ulkona, automaattinen heittoteltta, vesitiivis retkeilyteltta, vedenpit\u00e4v\u00e4 suuri perheteltta\" width=\"750\" height=\"600\" data-src=\"\/\/sc01.alicdn.com\/kf\/HTB11RIwa4D1gK0jSZFsq6zldVXaH\/222400006\/HTB11RIwa4D1gK0jSZFsq6zldVXaH.jpg\" data-alt=\"STAR HOME Throw Tent Outdoor Automatic Throwing Pop Up Waterproof Camping Hiking Tent Waterproof Large Family Tents\" \/><img decoding=\"async\" src=\"\/\/sc01.alicdn.com\/kf\/HTB1ypUza4D1gK0jSZFyq6AiOVXaP\/222400006\/HTB1ypUza4D1gK0jSZFyq6AiOVXaP.jpg\" alt=\"STAR HOME -heittoteltta ulkona, automaattinen heittoteltta, vesitiivis retkeilyteltta, vedenpit\u00e4v\u00e4 suuri perheteltta\" width=\"750\" height=\"678.75\" data-src=\"\/\/sc01.alicdn.com\/kf\/HTB1ypUza4D1gK0jSZFyq6AiOVXaP\/222400006\/HTB1ypUza4D1gK0jSZFyq6AiOVXaP.jpg\" data-alt=\"STAR HOME Throw Tent Outdoor Automatic Throwing Pop Up Waterproof Camping Hiking Tent Waterproof Large Family Tents\" \/><img decoding=\"async\" src=\"\/\/sc01.alicdn.com\/kf\/HTB1Nj3wa1T2gK0jSZFvq6xnFXXao\/222400006\/HTB1Nj3wa1T2gK0jSZFvq6xnFXXao.jpg\" alt=\"STAR HOME -heittoteltta ulkona, automaattinen heittoteltta, vesitiivis retkeilyteltta, vedenpit\u00e4v\u00e4 suuri perheteltta\" width=\"750\" height=\"736.875\" data-src=\"\/\/sc01.alicdn.com\/kf\/HTB1Nj3wa1T2gK0jSZFvq6xnFXXao\/222400006\/HTB1Nj3wa1T2gK0jSZFvq6xnFXXao.jpg\" data-alt=\"STAR HOME Throw Tent Outdoor Automatic Throwing Pop Up Waterproof Camping Hiking Tent Waterproof Large Family Tents\" \/><img decoding=\"async\" src=\"\/\/sc01.alicdn.com\/kf\/HTB1dAQwa1T2gK0jSZFvq6xnFXXaL\/222400006\/HTB1dAQwa1T2gK0jSZFvq6xnFXXaL.jpg\" alt=\"STAR HOME -heittoteltta ulkona, automaattinen heittoteltta, vesitiivis retkeilyteltta, vedenpit\u00e4v\u00e4 suuri perheteltta\" width=\"750\" height=\"786.5625\" data-src=\"\/\/sc01.alicdn.com\/kf\/HTB1dAQwa1T2gK0jSZFvq6xnFXXaL\/222400006\/HTB1dAQwa1T2gK0jSZFvq6xnFXXaL.jpg\" data-alt=\"STAR HOME Throw Tent Outdoor Automatic Throwing Pop Up Waterproof Camping Hiking Tent Waterproof Large Family Tents\" \/><img decoding=\"async\" src=\"\/\/sc01.alicdn.com\/kf\/HTB1p8swa9f2gK0jSZFPq6xsopXaJ\/222400006\/HTB1p8swa9f2gK0jSZFPq6xsopXaJ.jpg\" alt=\"STAR HOME -heittoteltta ulkona, automaattinen heittoteltta, vesitiivis retkeilyteltta, vedenpit\u00e4v\u00e4 suuri perheteltta\" width=\"750\" height=\"676.875\" data-src=\"\/\/sc01.alicdn.com\/kf\/HTB1p8swa9f2gK0jSZFPq6xsopXaJ\/222400006\/HTB1p8swa9f2gK0jSZFPq6xsopXaJ.jpg\" data-alt=\"STAR HOME Throw Tent Outdoor Automatic Throwing Pop Up Waterproof Camping Hiking Tent Waterproof Large Family Tents\" \/><img decoding=\"async\" src=\"\/\/sc01.alicdn.com\/kf\/HTB1f1wtaWL7gK0jSZFBq6xZZpXai\/222400006\/HTB1f1wtaWL7gK0jSZFBq6xZZpXai.jpg\" alt=\"STAR HOME -heittoteltta ulkona, automaattinen heittoteltta, vesitiivis retkeilyteltta, vedenpit\u00e4v\u00e4 suuri perheteltta\" width=\"750\" height=\"725.6250000000001\" data-src=\"\/\/sc01.alicdn.com\/kf\/HTB1f1wtaWL7gK0jSZFBq6xZZpXai\/222400006\/HTB1f1wtaWL7gK0jSZFBq6xZZpXai.jpg\" data-alt=\"STAR HOME Throw Tent Outdoor Automatic Throwing Pop Up Waterproof Camping Hiking Tent Waterproof Large Family Tents\" \/><img decoding=\"async\" src=\"\/\/sc01.alicdn.com\/kf\/HTB1oGoya7T2gK0jSZFkq6AIQFXa0\/222400006\/HTB1oGoya7T2gK0jSZFkq6AIQFXa0.jpg\" alt=\"STAR HOME -heittoteltta ulkona, automaattinen heittoteltta, vesitiivis retkeilyteltta, vedenpit\u00e4v\u00e4 suuri perheteltta\" width=\"750\" height=\"684.375\" data-src=\"\/\/sc01.alicdn.com\/kf\/HTB1oGoya7T2gK0jSZFkq6AIQFXa0\/222400006\/HTB1oGoya7T2gK0jSZFkq6AIQFXa0.jpg\" data-alt=\"STAR HOME Throw Tent Outdoor Automatic Throwing Pop Up Waterproof Camping Hiking Tent Waterproof Large Family Tents\" \/><img decoding=\"async\" src=\"\/\/sc02.alicdn.com\/kf\/HTB1W9cwa7P2gK0jSZPxq6ycQpXad\/222400006\/HTB1W9cwa7P2gK0jSZPxq6ycQpXad.jpg\" alt=\"STAR HOME -heittoteltta ulkona, automaattinen heittoteltta, vesitiivis retkeilyteltta, vedenpit\u00e4v\u00e4 suuri perheteltta\" width=\"750\" height=\"530.625\" data-src=\"\/\/sc02.alicdn.com\/kf\/HTB1W9cwa7P2gK0jSZPxq6ycQpXad\/222400006\/HTB1W9cwa7P2gK0jSZPxq6ycQpXad.jpg\" data-alt=\"STAR HOME Throw Tent Outdoor Automatic Throwing Pop Up Waterproof Camping Hiking Tent Waterproof Large Family Tents\" \/><img decoding=\"async\" src=\"\/\/sc02.alicdn.com\/kf\/HTB1nDsxa7T2gK0jSZPcq6AKkpXaU\/222400006\/HTB1nDsxa7T2gK0jSZPcq6AKkpXaU.jpg\" alt=\"STAR HOME -heittoteltta ulkona, automaattinen heittoteltta, vesitiivis retkeilyteltta, vedenpit\u00e4v\u00e4 suuri perheteltta\" width=\"750\" height=\"511.87500000000006\" data-src=\"\/\/sc02.alicdn.com\/kf\/HTB1nDsxa7T2gK0jSZPcq6AKkpXaU\/222400006\/HTB1nDsxa7T2gK0jSZPcq6AKkpXaU.jpg\" data-alt=\"STAR HOME Throw Tent Outdoor Automatic Throwing Pop Up Waterproof Camping Hiking Tent Waterproof Large Family Tents\" \/><img decoding=\"async\" src=\"\/\/sc01.alicdn.com\/kf\/HTB1xcsya1H2gK0jSZJnq6yT1FXaO\/222400006\/HTB1xcsya1H2gK0jSZJnq6yT1FXaO.jpg\" alt=\"STAR HOME -heittoteltta ulkona, automaattinen heittoteltta, vesitiivis retkeilyteltta, vedenpit\u00e4v\u00e4 suuri perheteltta\" width=\"750\" height=\"416.25\" data-src=\"\/\/sc01.alicdn.com\/kf\/HTB1xcsya1H2gK0jSZJnq6yT1FXaO\/222400006\/HTB1xcsya1H2gK0jSZJnq6yT1FXaO.jpg\" data-alt=\"STAR HOME Throw Tent Outdoor Automatic Throwing Pop Up Waterproof Camping Hiking Tent Waterproof Large Family Tents\" \/><img decoding=\"async\" src=\"\/\/sc01.alicdn.com\/kf\/HTB1KsAxa.T1gK0jSZFrq6ANCXXad\/222400006\/HTB1KsAxa.T1gK0jSZFrq6ANCXXad.jpg\" alt=\"STAR HOME -heittoteltta ulkona, automaattinen heittoteltta, vesitiivis retkeilyteltta, vedenpit\u00e4v\u00e4 suuri perheteltta\" width=\"750\" height=\"738.75\" data-src=\"\/\/sc01.alicdn.com\/kf\/HTB1KsAxa.T1gK0jSZFrq6ANCXXad\/222400006\/HTB1KsAxa.T1gK0jSZFrq6ANCXXad.jpg\" data-alt=\"STAR HOME Throw Tent Outdoor Automatic Throwing Pop Up Waterproof Camping Hiking Tent Waterproof Large Family Tents\" \/><\/p>\n<\/div>","protected":false},"excerpt":{"rendered":"<p>Kangas: Oxford-kangas Ulkoteltan Vedenpit\u00e4v\u00e4 Indeksi: 2000-3000 Mm Pohja Vedenpit\u00e4v\u00e4 Indeksi: 2000-3000 Mm Rakennustyyppi: Nopeasti avautuva teltta Tyyli: Suora j\u00e4ykistystyyppi Kausi: Nelj\u00e4n vuodenajan telttarakenne: Yksi makuuhuone: Poproom HOME-penkki Heittoteltta Outdoor Automaattiset teltat Ponnahdusikkunat Vedenpit\u00e4v\u00e4 Retkeilyteltta Vedenpit\u00e4v\u00e4<\/p>\n<div class=\"read-more\"><a class=\"btn btn-fill-out\" href=\"https:\/\/uoogear.com\/fi\/tuote\/star-home-throw-tent-outdoor-automatic-throwing-pop-up-waterproof-camping-hiking-tent-waterproof-large-family-tents\/\">Lue lis\u00e4\u00e4<\/a><\/div>","protected":false},"featured_media":4801,"template":"","meta":[],"product_brand":[],"product_cat":[15],"product_tag":[],"class_list":{"0":"post-4802","1":"product","2":"type-product","3":"status-publish","4":"has-post-thumbnail","6":"product_cat-uncategorized","7":"tm-no-options","9":"first","10":"instock","11":"shipping-taxable","12":"purchasable","13":"product-type-variable"},"_links":{"self":[{"href":"https:\/\/uoogear.com\/fi\/wp-json\/wp\/v2\/product\/4802","targetHints":{"allow":["GET"]}}],"collection":[{"href":"https:\/\/uoogear.com\/fi\/wp-json\/wp\/v2\/product"}],"about":[{"href":"https:\/\/uoogear.com\/fi\/wp-json\/wp\/v2\/types\/product"}],"wp:featuredmedia":[{"embeddable":true,"href":"https:\/\/uoogear.com\/fi\/wp-json\/wp\/v2\/media\/4801"}],"wp:attachment":[{"href":"https:\/\/uoogear.com\/fi\/wp-json\/wp\/v2\/media?parent=4802"}],"wp:term":[{"taxonomy":"product_brand","embeddable":true,"href":"https:\/\/uoogear.com\/fi\/wp-json\/wp\/v2\/product_brand?post=4802"},{"taxonomy":"product_cat","embeddable":true,"href":"https:\/\/uoogear.com\/fi\/wp-json\/wp\/v2\/product_cat?post=4802"},{"taxonomy":"product_tag","embeddable":true,"href":"https:\/\/uoogear.com\/fi\/wp-json\/wp\/v2\/product_tag?post=4802"}],"curies":[{"name":"wp","href":"https:\/\/api.w.org\/{rel}","templated":true}]}}